{"id":906,"date":"2023-12-05T21:40:00","date_gmt":"2023-12-05T21:40:00","guid":{"rendered":"https:\/\/bertolinidirect.com\/?page_id=906"},"modified":"2024-05-14T17:12:02","modified_gmt":"2024-05-14T17:12:02","slug":"new-coo-cfo","status":"publish","type":"page","link":"https:\/\/bertolinidirect.com\/es\/press\/new-coo-cfo","title":{"rendered":"MITY Inc anuncia un nuevo director de operaciones y director financiero"},"content":{"rendered":"<p><strong>OREM, Utah, 5 de diciembre de 2023<\/strong><\/p>\n\n\n\n<p>Ben Harris ha sido nombrado director de operaciones (COO) de MITY Inc, un fabricante con sede en EE. UU. de muebles y equipos duraderos para centros de eventos, hoteles, restaurantes, residencias para personas mayores y otros mercados B2B. Antes de su nombramiento, Harris era director financiero. Al mismo tiempo, MITY Inc anunci\u00f3 que Brian Keding ha sido ascendido de vicepresidente de finanzas a director financiero (CFO).<\/p>\n\n\n\n<p>Ben Harris coment\u00f3: \u201cCrec\u00ed en esta organizaci\u00f3n y estoy emocionado de tomar lo que aprend\u00ed como director financiero de Mity Inc y aplicarlo a otras \u00e1reas de la organizaci\u00f3n. El futuro es brillante y estoy entusiasmado por la oportunidad como Director de Operaciones de trabajar de manera transversal con los dem\u00e1s l\u00edderes de la empresa para aprovechar el \u00e9xito de los \u00faltimos 35 a\u00f1os\u201d.<\/p>\n\n\n\n<p>Harris tiene m\u00e1s de 10 a\u00f1os de experiencia de liderazgo en auditor\u00eda y finanzas corporativas, incluido el cargo de director financiero y vicepresidente de finanzas en MITY Inc. Tiene una gran dedicaci\u00f3n a la empresa y su visi\u00f3n, misi\u00f3n y valores.<\/p>\n\n\n\n<p>Brian Keding ha sido ascendido al antiguo puesto de Harris como director financiero. Keding ha trabajado en MITY Inc durante varios a\u00f1os, tiempo durante el cual ha trabajado en diversos puestos, incluido el de vicepresidente de finanzas y controlador de fabricaci\u00f3n. \u201cAqu\u00ed tenemos gente estupenda y una cultura estupenda\u201d, afirm\u00f3 Keding. \u201cEn mis siete a\u00f1os en MITY Inc, he sido parte de un crecimiento incre\u00edble. La empresa est\u00e1 avanzando vertiginosamente y las proyecciones de crecimiento del mercado son espectaculares. Espero ayudar a MITY Inc a tener \u00e9xito\u201d.<\/p>\n\n\n\n<p>En puestos anteriores en otras empresas, Keding trabaj\u00f3 en varios puestos de liderazgo, incluidos Contralor Corporativo y Director Financiero. A Keding le apasiona crear una empresa pr\u00f3spera y segura para empleados e inversores.<\/p>\n\n\n\n<p>&quot;Estamos encantados de contar con la fuerza combinada de Ben y Brian en el equipo de MITY Inc&quot;, coment\u00f3 el director ejecutivo de MITY Inc, Kevin McCoy. &quot;Sus ascensos son bien merecidos y beneficiar\u00e1n enormemente al equipo de Mity&quot;.<\/p>\n\n\n\n<p><strong>Acerca de MITY Inc.<\/strong><\/p>\n\n\n\n<p>La familia de productos MITY incluye MityLite, Holsag, Bertolini y Broda. MityLite fabrica muebles galardonados para el mercado comercial. Holsag fabrica sillas de madera para los mercados de residencias para personas mayores, atenci\u00f3n m\u00e9dica, educaci\u00f3n, gobierno y hoteler\u00eda. Bertolini fabrica asientos c\u00f3modos y duraderos para el mercado de culto. Broda ofrece una l\u00ednea \u00fanica de sillas de ruedas con posicionamiento inclinable en el espacio para personas mayores y atenci\u00f3n m\u00e9dica. MITY Inc tiene su sede en Orem, Utah y centros de fabricaci\u00f3n y ventas en Lindsay, Ontario; Cocina, Ontario; y San Luis, Misuri. Visita mityinc.com para obtener m\u00e1s informaci\u00f3n.<\/p>","protected":false},"excerpt":{"rendered":"<p>OREM, Utah, December 5, 2023 Ben Harris\u202fhas been appointed Chief Operating Officer (COO) of MITY Inc, a USA-based manufacturer of durable furniture and equipment for event centers, hotels, restaurants, senior living, and other B2B markets. Prior to his appointment, Harris was the CFO. Concurrently, MITY Inc announced that Brian Keding has been promoted from VP [&hellip;]<\/p>\n","protected":false},"author":1,"featured_media":0,"parent":762,"menu_order":0,"comment_status":"closed","ping_status":"closed","template":"content-page.php","meta":{"_acf_changed":false,"footnotes":""},"class_list":["post-906","page","type-page","status-publish","hentry"],"acf":[],"yoast_head":"<!-- This site is optimized with the Yoast SEO Premium plugin v24.2 (Yoast SEO v27.4) - https:\/\/yoast.com\/product\/yoast-seo-premium-wordpress\/ -->\n<title>MITY Inc Announces a New COO &amp; CFO | Bertolini Direct<\/title>\n<meta name=\"description\" content=\"OREM, Utah, December 5, 2023 Ben Harris\u202fhas been appointed Chief Operating Officer (COO) of MITY Inc, a USA-based manufacturer of durable furniture and\" \/>\n<meta name=\"robots\" content=\"index, follow, max-snippet:-1, max-image-preview:large, max-video-preview:-1\" \/>\n<link rel=\"canonical\" href=\"https:\/\/bertolinidirect.com\/es\/press\/new-coo-cfo\/\" \/>\n<meta property=\"og:locale\" content=\"es_MX\" \/>\n<meta property=\"og:type\" content=\"article\" \/>\n<meta property=\"og:title\" content=\"MITY Inc Announces a New COO &amp; CFO\" \/>\n<meta property=\"og:description\" content=\"OREM, Utah, December 5, 2023 Ben Harris\u202fhas been appointed Chief Operating Officer (COO) of MITY Inc, a USA-based manufacturer of durable furniture and\" \/>\n<meta property=\"og:url\" content=\"https:\/\/bertolinidirect.com\/es\/press\/new-coo-cfo\/\" \/>\n<meta property=\"og:site_name\" content=\"Bertolini Direct\" \/>\n<meta property=\"article:modified_time\" content=\"2024-05-14T17:12:02+00:00\" \/>\n<meta name=\"twitter:card\" content=\"summary_large_image\" \/>\n<script type=\"application\/ld+json\" class=\"yoast-schema-graph\">{\"@context\":\"https:\\\/\\\/schema.org\",\"@graph\":[{\"@type\":\"WebPage\",\"@id\":\"https:\\\/\\\/bertolinidirect.com\\\/es\\\/press\\\/new-coo-cfo\",\"url\":\"https:\\\/\\\/bertolinidirect.com\\\/es\\\/press\\\/new-coo-cfo\",\"name\":\"MITY Inc Announces a New COO &amp; CFO | Bertolini Direct\",\"isPartOf\":{\"@id\":\"https:\\\/\\\/bertolinidirect.com\\\/es\\\/#website\"},\"datePublished\":\"2023-12-05T21:40:00+00:00\",\"dateModified\":\"2024-05-14T17:12:02+00:00\",\"description\":\"OREM, Utah, December 5, 2023 Ben Harris\u202fhas been appointed Chief Operating Officer (COO) of MITY Inc, a USA-based manufacturer of durable furniture and\",\"breadcrumb\":{\"@id\":\"https:\\\/\\\/bertolinidirect.com\\\/es\\\/press\\\/new-coo-cfo#breadcrumb\"},\"inLanguage\":\"es\",\"potentialAction\":[{\"@type\":\"ReadAction\",\"target\":[\"https:\\\/\\\/bertolinidirect.com\\\/es\\\/press\\\/new-coo-cfo\"]}]},{\"@type\":\"BreadcrumbList\",\"@id\":\"https:\\\/\\\/bertolinidirect.com\\\/es\\\/press\\\/new-coo-cfo#breadcrumb\",\"itemListElement\":[{\"@type\":\"ListItem\",\"position\":1,\"name\":\"Home\",\"item\":\"https:\\\/\\\/bertolinidirect.com\\\/\"},{\"@type\":\"ListItem\",\"position\":2,\"name\":\"Press &amp; News\",\"item\":\"https:\\\/\\\/bertolinidirect.com\\\/press\"},{\"@type\":\"ListItem\",\"position\":3,\"name\":\"MITY Inc Announces a New COO &amp; CFO\"}]},{\"@type\":\"WebSite\",\"@id\":\"https:\\\/\\\/bertolinidirect.com\\\/es\\\/#website\",\"url\":\"https:\\\/\\\/bertolinidirect.com\\\/es\\\/\",\"name\":\"Bertolini\",\"description\":\"\",\"potentialAction\":[{\"@type\":\"SearchAction\",\"target\":{\"@type\":\"EntryPoint\",\"urlTemplate\":\"https:\\\/\\\/bertolinidirect.com\\\/es\\\/?s={search_term_string}\"},\"query-input\":{\"@type\":\"PropertyValueSpecification\",\"valueRequired\":true,\"valueName\":\"search_term_string\"}}],\"inLanguage\":\"es\"}]}<\/script>\n<!-- \/ Yoast SEO Premium plugin. -->","yoast_head_json":{"title":"MITY Inc anuncia un nuevo director de operaciones y director financiero | Bertolini Directo","description":"OREM, Utah, 5 de diciembre de 2023 Ben Harris ha sido nombrado director de operaciones (COO) de MITY Inc, un fabricante de muebles duraderos y con sede en EE. UU.","robots":{"index":"index","follow":"follow","max-snippet":"max-snippet:-1","max-image-preview":"max-image-preview:large","max-video-preview":"max-video-preview:-1"},"canonical":"https:\/\/bertolinidirect.com\/es\/press\/new-coo-cfo\/","og_locale":"es_MX","og_type":"article","og_title":"MITY Inc Announces a New COO &amp; CFO","og_description":"OREM, Utah, December 5, 2023 Ben Harris\u202fhas been appointed Chief Operating Officer (COO) of MITY Inc, a USA-based manufacturer of durable furniture and","og_url":"https:\/\/bertolinidirect.com\/es\/press\/new-coo-cfo\/","og_site_name":"Bertolini Direct","article_modified_time":"2024-05-14T17:12:02+00:00","twitter_card":"summary_large_image","schema":{"@context":"https:\/\/schema.org","@graph":[{"@type":"WebPage","@id":"https:\/\/bertolinidirect.com\/es\/press\/new-coo-cfo","url":"https:\/\/bertolinidirect.com\/es\/press\/new-coo-cfo","name":"MITY Inc anuncia un nuevo director de operaciones y director financiero | Bertolini Directo","isPartOf":{"@id":"https:\/\/bertolinidirect.com\/es\/#website"},"datePublished":"2023-12-05T21:40:00+00:00","dateModified":"2024-05-14T17:12:02+00:00","description":"OREM, Utah, 5 de diciembre de 2023 Ben Harris ha sido nombrado director de operaciones (COO) de MITY Inc, un fabricante de muebles duraderos y con sede en EE. UU.","breadcrumb":{"@id":"https:\/\/bertolinidirect.com\/es\/press\/new-coo-cfo#breadcrumb"},"inLanguage":"es","potentialAction":[{"@type":"ReadAction","target":["https:\/\/bertolinidirect.com\/es\/press\/new-coo-cfo"]}]},{"@type":"BreadcrumbList","@id":"https:\/\/bertolinidirect.com\/es\/press\/new-coo-cfo#breadcrumb","itemListElement":[{"@type":"ListItem","position":1,"name":"Home","item":"https:\/\/bertolinidirect.com\/"},{"@type":"ListItem","position":2,"name":"Press &amp; News","item":"https:\/\/bertolinidirect.com\/press"},{"@type":"ListItem","position":3,"name":"MITY Inc Announces a New COO &amp; CFO"}]},{"@type":"WebSite","@id":"https:\/\/bertolinidirect.com\/es\/#website","url":"https:\/\/bertolinidirect.com\/es\/","name":"Bertolini","description":"","potentialAction":[{"@type":"SearchAction","target":{"@type":"EntryPoint","urlTemplate":"https:\/\/bertolinidirect.com\/es\/?s={search_term_string}"},"query-input":{"@type":"PropertyValueSpecification","valueRequired":true,"valueName":"search_term_string"}}],"inLanguage":"es"}]}},"_links":{"self":[{"href":"https:\/\/bertolinidirect.com\/es\/wp-json\/wp\/v2\/pages\/906","targetHints":{"allow":["GET"]}}],"collection":[{"href":"https:\/\/bertolinidirect.com\/es\/wp-json\/wp\/v2\/pages"}],"about":[{"href":"https:\/\/bertolinidirect.com\/es\/wp-json\/wp\/v2\/types\/page"}],"author":[{"embeddable":true,"href":"https:\/\/bertolinidirect.com\/es\/wp-json\/wp\/v2\/users\/1"}],"replies":[{"embeddable":true,"href":"https:\/\/bertolinidirect.com\/es\/wp-json\/wp\/v2\/comments?post=906"}],"version-history":[{"count":1,"href":"https:\/\/bertolinidirect.com\/es\/wp-json\/wp\/v2\/pages\/906\/revisions"}],"predecessor-version":[{"id":908,"href":"https:\/\/bertolinidirect.com\/es\/wp-json\/wp\/v2\/pages\/906\/revisions\/908"}],"up":[{"embeddable":true,"href":"https:\/\/bertolinidirect.com\/es\/wp-json\/wp\/v2\/pages\/762"}],"wp:attachment":[{"href":"https:\/\/bertolinidirect.com\/es\/wp-json\/wp\/v2\/media?parent=906"}],"curies":[{"name":"gracias","href":"https:\/\/api.w.org\/{rel}","templated":true}]}}