{"id":903,"date":"2023-11-16T21:38:00","date_gmt":"2023-11-16T21:38:00","guid":{"rendered":"https:\/\/bertolinidirect.com\/?page_id=903"},"modified":"2024-05-14T17:12:02","modified_gmt":"2024-05-14T17:12:02","slug":"new-ceo","status":"publish","type":"page","link":"https:\/\/bertolinidirect.com\/es\/press\/new-ceo","title":{"rendered":"MITY Inc da la bienvenida a un nuevo director ejecutivo"},"content":{"rendered":"<p><strong>OREM, Utah, 16 de noviembre de 2023<\/strong><\/p>\n\n\n\n<p>Kevin McCoy ha sido nombrado director ejecutivo (CEO) de MITY Inc, l\u00edder del mercado mundial de mobiliario y equipos excepcionalmente duraderos para centros de eventos, hoteles y restaurantes, centros de residencia para personas mayores, iglesias y otros mercados B2B.<\/p>\n\n\n\n<p>&quot;Estoy agradecido por la oportunidad de liderar una organizaci\u00f3n con una historia y un historial de \u00e9xito tan largos&quot;, dijo McCoy. \u201cDurante los \u00faltimos 36 a\u00f1os, MITY se ha ganado una reputaci\u00f3n mundial por sus muebles duraderos para espacios comerciales. A medida que avanzamos, nuestro enfoque sigue siendo brindar soluciones innovadoras y elegantes que eleven la funcionalidad y la est\u00e9tica\u201d.<\/p>\n\n\n\n<p>&quot;Creo firmemente que una empresa es un grupo de personas que trabajan para lograr un objetivo com\u00fan y estoy emocionado de agregar mi experiencia y conocimientos para ayudar a construir sobre las bases que ha sentado el equipo de MITY Inc.&quot;.<\/p>\n\n\n\n<p>Con m\u00e1s de 25 a\u00f1os de experiencia, McCoy ha trabajado con marcas hist\u00f3ricas en la industria del mueble por contrato y tiene una amplia experiencia en el desarrollo e implementaci\u00f3n de estrategias y t\u00e1cticas para organizaciones multinacionales. Le gusta desarrollar personas, cultura y organizaciones ganadoras.<\/p>\n\n\n\n<p>McCoy trabaj\u00f3 en Kimball International durante m\u00e1s de 21 a\u00f1os, incluidos 16 a\u00f1os en su marca National Office Furniture, y ascendi\u00f3 desde representante de ventas en Nueva York hasta presidente de la empresa. Como presidente de National Office Furniture, McCoy jug\u00f3 un papel decisivo en impulsar la eficiencia operativa en toda la empresa en la fabricaci\u00f3n, la cadena de suministro global y la distribuci\u00f3n multicanal. Lider\u00f3 las estrategias globales de la compa\u00f1\u00eda para elevar el dise\u00f1o, implementar la sustentabilidad y mejorar la tecnolog\u00eda para posicionar a National como un pensador avanzado dentro de la industria mientras lograba ventas r\u00e9cord a\u00f1o tras a\u00f1o y lograba un desempe\u00f1o financiero de referencia.<\/p>\n\n\n\n<p>M\u00e1s recientemente, McCoy se desempe\u00f1\u00f3 como director ejecutivo de Polyvision, un proveedor l\u00edder de CeramicSteel para productos de arquitectura, infraestructura y oficinas comerciales. Como nuevo director ejecutivo de Mity Inc, McCoy se mudar\u00e1 a Lehi, Utah y trabajar\u00e1 desde la ubicaci\u00f3n de Orem a tiempo completo.<\/p>\n\n\n\n<p><strong>Acerca de MITY Inc.<\/strong><\/p>\n\n\n\n<p>La familia de productos MITY incluye&nbsp;<a href=\"https:\/\/mitylite.com\/\">MityLite<\/a>,&nbsp;<a href=\"https:\/\/holsag.com\/\">Holsag<\/a>,&nbsp;<a href=\"https:\/\/bertolinidirect.com\/es\/\">Bertolini<\/a>, y&nbsp;<a href=\"https:\/\/brodaseating.com\/\">Broda<\/a>. MityLite fabrica muebles galardonados para el mercado comercial. Holsag fabrica sillas de madera para los mercados de residencias para personas mayores, atenci\u00f3n m\u00e9dica, educaci\u00f3n, gobierno y hoteler\u00eda. Bertolini fabrica asientos c\u00f3modos y duraderos para el mercado de culto. Broda ofrece una l\u00ednea \u00fanica de sillas de ruedas con posicionamiento inclinable en el espacio para personas mayores y atenci\u00f3n m\u00e9dica. MITY Inc tiene su sede en Orem, Utah y centros de fabricaci\u00f3n y ventas en Lindsay, Ontario; Cocina, Ontario; y San Luis, Misuri. Visita mityinc.com para obtener m\u00e1s informaci\u00f3n.<\/p>","protected":false},"excerpt":{"rendered":"<p>OREM, Utah,\u202fNovember 16, 2023 Kevin McCoy\u202fhas been appointed chief executive officer (CEO) of MITY Inc, the global market leader of exceptionally durable furnishings and equipment for event centers, hotels and restaurants, senior living centers, churches, and other B2B markets. \u201cI am grateful for the opportunity to lead an organization with such a long history and [&hellip;]<\/p>\n","protected":false},"author":1,"featured_media":0,"parent":762,"menu_order":0,"comment_status":"closed","ping_status":"closed","template":"content-page.php","meta":{"_acf_changed":false,"footnotes":""},"class_list":["post-903","page","type-page","status-publish","hentry"],"acf":[],"yoast_head":"<!-- This site is optimized with the Yoast SEO Premium plugin v24.2 (Yoast SEO v27.1.1) - https:\/\/yoast.com\/product\/yoast-seo-premium-wordpress\/ -->\n<title>MITY Inc Welcomes a New CEO | Bertolini Direct<\/title>\n<meta name=\"description\" content=\"OREM, Utah,\u202fNovember 16, 2023 Kevin McCoy\u202fhas been appointed chief executive officer (CEO) of MITY Inc, the global market leader of exceptionally durable\" \/>\n<meta name=\"robots\" content=\"index, follow, max-snippet:-1, max-image-preview:large, max-video-preview:-1\" \/>\n<link rel=\"canonical\" href=\"https:\/\/bertolinidirect.com\/es\/press\/new-ceo\/\" \/>\n<meta property=\"og:locale\" content=\"es_MX\" \/>\n<meta property=\"og:type\" content=\"article\" \/>\n<meta property=\"og:title\" content=\"MITY Inc Welcomes a New CEO\" \/>\n<meta property=\"og:description\" content=\"OREM, Utah,\u202fNovember 16, 2023 Kevin McCoy\u202fhas been appointed chief executive officer (CEO) of MITY Inc, the global market leader of exceptionally durable\" \/>\n<meta property=\"og:url\" content=\"https:\/\/bertolinidirect.com\/es\/press\/new-ceo\/\" \/>\n<meta property=\"og:site_name\" content=\"Bertolini Direct\" \/>\n<meta property=\"article:modified_time\" content=\"2024-05-14T17:12:02+00:00\" \/>\n<meta name=\"twitter:card\" content=\"summary_large_image\" \/>\n<script type=\"application\/ld+json\" class=\"yoast-schema-graph\">{\"@context\":\"https:\/\/schema.org\",\"@graph\":[{\"@type\":\"WebPage\",\"@id\":\"https:\/\/bertolinidirect.com\/es\/press\/new-ceo\",\"url\":\"https:\/\/bertolinidirect.com\/es\/press\/new-ceo\",\"name\":\"MITY Inc Welcomes a New CEO | Bertolini Direct\",\"isPartOf\":{\"@id\":\"https:\/\/bertolinidirect.com\/es\/#website\"},\"datePublished\":\"2023-11-16T21:38:00+00:00\",\"dateModified\":\"2024-05-14T17:12:02+00:00\",\"description\":\"OREM, Utah,\u202fNovember 16, 2023 Kevin McCoy\u202fhas been appointed chief executive officer (CEO) of MITY Inc, the global market leader of exceptionally durable\",\"breadcrumb\":{\"@id\":\"https:\/\/bertolinidirect.com\/es\/press\/new-ceo#breadcrumb\"},\"inLanguage\":\"es\",\"potentialAction\":[{\"@type\":\"ReadAction\",\"target\":[\"https:\/\/bertolinidirect.com\/es\/press\/new-ceo\"]}]},{\"@type\":\"BreadcrumbList\",\"@id\":\"https:\/\/bertolinidirect.com\/es\/press\/new-ceo#breadcrumb\",\"itemListElement\":[{\"@type\":\"ListItem\",\"position\":1,\"name\":\"Home\",\"item\":\"https:\/\/bertolinidirect.com\/\"},{\"@type\":\"ListItem\",\"position\":2,\"name\":\"Press &amp; News\",\"item\":\"https:\/\/bertolinidirect.com\/press\"},{\"@type\":\"ListItem\",\"position\":3,\"name\":\"MITY Inc Welcomes a New CEO\"}]},{\"@type\":\"WebSite\",\"@id\":\"https:\/\/bertolinidirect.com\/es\/#website\",\"url\":\"https:\/\/bertolinidirect.com\/es\/\",\"name\":\"Bertolini\",\"description\":\"\",\"potentialAction\":[{\"@type\":\"SearchAction\",\"target\":{\"@type\":\"EntryPoint\",\"urlTemplate\":\"https:\/\/bertolinidirect.com\/es\/?s={search_term_string}\"},\"query-input\":{\"@type\":\"PropertyValueSpecification\",\"valueRequired\":true,\"valueName\":\"search_term_string\"}}],\"inLanguage\":\"es\"}]}<\/script>\n<!-- \/ Yoast SEO Premium plugin. -->","yoast_head_json":{"title":"MITY Inc da la bienvenida a un nuevo director ejecutivo | Bertolini Directo","description":"OREM, Utah, 16 de noviembre de 2023 Kevin McCoy ha sido nombrado director ejecutivo (CEO) de MITY Inc, l\u00edder del mercado mundial de productos excepcionalmente duraderos.","robots":{"index":"index","follow":"follow","max-snippet":"max-snippet:-1","max-image-preview":"max-image-preview:large","max-video-preview":"max-video-preview:-1"},"canonical":"https:\/\/bertolinidirect.com\/es\/press\/new-ceo\/","og_locale":"es_MX","og_type":"article","og_title":"MITY Inc Welcomes a New CEO","og_description":"OREM, Utah,\u202fNovember 16, 2023 Kevin McCoy\u202fhas been appointed chief executive officer (CEO) of MITY Inc, the global market leader of exceptionally durable","og_url":"https:\/\/bertolinidirect.com\/es\/press\/new-ceo\/","og_site_name":"Bertolini Direct","article_modified_time":"2024-05-14T17:12:02+00:00","twitter_card":"summary_large_image","schema":{"@context":"https:\/\/schema.org","@graph":[{"@type":"WebPage","@id":"https:\/\/bertolinidirect.com\/es\/press\/new-ceo","url":"https:\/\/bertolinidirect.com\/es\/press\/new-ceo","name":"MITY Inc da la bienvenida a un nuevo director ejecutivo | Bertolini Directo","isPartOf":{"@id":"https:\/\/bertolinidirect.com\/es\/#website"},"datePublished":"2023-11-16T21:38:00+00:00","dateModified":"2024-05-14T17:12:02+00:00","description":"OREM, Utah, 16 de noviembre de 2023 Kevin McCoy ha sido nombrado director ejecutivo (CEO) de MITY Inc, l\u00edder del mercado mundial de productos excepcionalmente duraderos.","breadcrumb":{"@id":"https:\/\/bertolinidirect.com\/es\/press\/new-ceo#breadcrumb"},"inLanguage":"es","potentialAction":[{"@type":"ReadAction","target":["https:\/\/bertolinidirect.com\/es\/press\/new-ceo"]}]},{"@type":"BreadcrumbList","@id":"https:\/\/bertolinidirect.com\/es\/press\/new-ceo#breadcrumb","itemListElement":[{"@type":"ListItem","position":1,"name":"Home","item":"https:\/\/bertolinidirect.com\/"},{"@type":"ListItem","position":2,"name":"Press &amp; News","item":"https:\/\/bertolinidirect.com\/press"},{"@type":"ListItem","position":3,"name":"MITY Inc Welcomes a New CEO"}]},{"@type":"WebSite","@id":"https:\/\/bertolinidirect.com\/es\/#website","url":"https:\/\/bertolinidirect.com\/es\/","name":"Bertolini","description":"","potentialAction":[{"@type":"SearchAction","target":{"@type":"EntryPoint","urlTemplate":"https:\/\/bertolinidirect.com\/es\/?s={search_term_string}"},"query-input":{"@type":"PropertyValueSpecification","valueRequired":true,"valueName":"search_term_string"}}],"inLanguage":"es"}]}},"_links":{"self":[{"href":"https:\/\/bertolinidirect.com\/es\/wp-json\/wp\/v2\/pages\/903","targetHints":{"allow":["GET"]}}],"collection":[{"href":"https:\/\/bertolinidirect.com\/es\/wp-json\/wp\/v2\/pages"}],"about":[{"href":"https:\/\/bertolinidirect.com\/es\/wp-json\/wp\/v2\/types\/page"}],"author":[{"embeddable":true,"href":"https:\/\/bertolinidirect.com\/es\/wp-json\/wp\/v2\/users\/1"}],"replies":[{"embeddable":true,"href":"https:\/\/bertolinidirect.com\/es\/wp-json\/wp\/v2\/comments?post=903"}],"version-history":[{"count":2,"href":"https:\/\/bertolinidirect.com\/es\/wp-json\/wp\/v2\/pages\/903\/revisions"}],"predecessor-version":[{"id":910,"href":"https:\/\/bertolinidirect.com\/es\/wp-json\/wp\/v2\/pages\/903\/revisions\/910"}],"up":[{"embeddable":true,"href":"https:\/\/bertolinidirect.com\/es\/wp-json\/wp\/v2\/pages\/762"}],"wp:attachment":[{"href":"https:\/\/bertolinidirect.com\/es\/wp-json\/wp\/v2\/media?parent=903"}],"curies":[{"name":"gracias","href":"https:\/\/api.w.org\/{rel}","templated":true}]}}