{"id":900,"date":"2019-08-28T21:37:00","date_gmt":"2019-08-28T21:37:00","guid":{"rendered":"https:\/\/bertolinidirect.com\/?page_id=900"},"modified":"2025-11-21T23:28:28","modified_gmt":"2025-11-21T23:28:28","slug":"launches-new-website","status":"publish","type":"page","link":"https:\/\/bertolinidirect.com\/es\/press\/launches-new-website","title":{"rendered":"Bertolini lanza un nuevo sitio web y actualiza las sillas de la iglesia"},"content":{"rendered":"<p><strong>Orem, Utah\u201428 de agosto de 2019<\/strong><\/p>\n\n\n\n<p>Bertolini, un fabricante l\u00edder de sillas de iglesia apilables, ha lanzado un nuevo sitio web con una l\u00ednea de productos y recursos actualizados, bertolinidirect.com. Bertolini ha trabajado en el mercado del culto durante m\u00e1s de 60 a\u00f1os y se enorgullece de contar con artesan\u00eda estadounidense y un compromiso con la innovaci\u00f3n. La empresa se convirti\u00f3 en una marca de productos de MITY Inc. en diciembre de 2017.<\/p>\n\n\n\n<p>&quot;Este nuevo sitio web es un siguiente paso importante para mantener nuestro deseo de brindar los mejores productos y servicios a nuestros clientes&quot;, dice Tony R. Smith, director ejecutivo de MITY Inc. &quot;El sitio es f\u00e1cil de navegar y est\u00e1 lleno de herramientas y recursos para miembros de la comunidad de adoraci\u00f3n\u201d.<\/p>\n\n\n\n<p>El sitio web incluye informaci\u00f3n sobre actualizaciones de las tres sillas de iglesia Bertolini m\u00e1s populares: Impressions Series, Millennia Series y Essentials Series. Los clientes tambi\u00e9n encontrar\u00e1n herramientas para personalizar sillas y seleccionar telas virtualmente. Adem\u00e1s, los usuarios pueden descargar recursos que les ayudar\u00e1n a aprender c\u00f3mo comercializar con \u00e9xito en la comunidad, recaudar fondos, crear decoraciones navide\u00f1as econ\u00f3micas y m\u00e1s.<\/p>\n\n\n\n<p>&quot;Queremos facilitar a nuestros clientes el servicio a sus congregaciones y crear comunidades eclesiales saludables&quot;, dijo Jeff Jones, director nacional de ventas de iglesias de MITY Inc. &quot;Para lograrlo, debemos fabricar las mejores sillas para iglesias sin dejar de estar comprometidos&quot;. a nuestros propios valores. Esto incluye construir nuestros productos en los EE. UU. para enriquecer a las comunidades locales, brindar empleo a los trabajadores estadounidenses y ofrecer un excelente servicio al cliente\u201d.<\/p>\n\n\n\n<p>Obtenga m\u00e1s informaci\u00f3n en bertolinidirect.com.<\/p>\n\n\n\n<p><strong>Acerca de Bertolini<\/strong><\/p>\n\n\n\n<p>Bertolini se compromete a ofrecer sillas duraderas fabricadas en Lawrenceburg, Tennessee. La empresa utiliza s\u00f3lo los mejores materiales de proveedores estadounidenses para construir sillas duraderas y c\u00f3modas para el mercado de adoraci\u00f3n. Bertolini se esfuerza por ofrecer a los clientes los mejores productos y programas de garant\u00eda mientras se apega a un importante conjunto de valores fundamentales: crear empleos para los trabajadores estadounidenses, apoyar las econom\u00edas locales y seguir pr\u00e1cticas laborales justas. Esto facilita que Bertolini respalde cada silla que ha construido durante los \u00faltimos 60 a\u00f1os. La propiedad de Bertolini se transfiri\u00f3 a su empresa matriz, MITY Inc., el 30 de diciembre de 2017.<\/p>\n\n\n\n<p><strong>Acerca de la empresa matriz de Bertolini, MITY Inc.<\/strong><\/p>\n\n\n\n<p>MITY Inc. gestiona marcas de muebles duraderos para atender al mercado global. Las marcas de productos MITY incluyen MityLite, Holsag, Bertolini y BRODA\u00ae Seating. MityLite fabrica productos de mobiliario galardonados y dise\u00f1ados profesionalmente para el mercado comercial, incluidas industrias como la hoteler\u00eda, el gobierno y la educaci\u00f3n. Holsag fabrica muebles para los mercados de residencias para personas mayores, atenci\u00f3n m\u00e9dica, educaci\u00f3n y hoteler\u00eda. Bertolini fabrica asientos c\u00f3modos y duraderos para el mercado de culto. Broda ofrece una l\u00ednea \u00fanica de sillas de ruedas con posicionamiento inclinable en el espacio para personas mayores y atenci\u00f3n m\u00e9dica. La empresa tiene su sede en Orem, Utah y operaciones de fabricaci\u00f3n en Lindsay, Ontario; Cocina, Ontario; y Lawrenceburg, Tennessee. Visita mityinc.com para obtener m\u00e1s informaci\u00f3n.<\/p>","protected":false},"excerpt":{"rendered":"<p>Orem, Utah\u2014August 28, 2019 Bertolini, a leading manufacturer of stackable church chairs, has launched a new website with an updated product line and resources, bertolinidirect.com. Bertolini has been serving the worship market for more than 60 years, and they take great pride in having American craftsmanship and a commitment to innovation. The company became a [&hellip;]<\/p>\n","protected":false},"author":1,"featured_media":0,"parent":762,"menu_order":0,"comment_status":"closed","ping_status":"closed","template":"content-page.php","meta":{"_acf_changed":false,"footnotes":""},"class_list":["post-900","page","type-page","status-publish","hentry"],"acf":[],"yoast_head":"<!-- This site is optimized with the Yoast SEO Premium plugin v24.2 (Yoast SEO v27.1.1) - https:\/\/yoast.com\/product\/yoast-seo-premium-wordpress\/ -->\n<title>Bertolini Launches New Website and Updates Church Chairs<\/title>\n<meta name=\"description\" content=\"Orem, Utah\u2014August 28, 2019 Bertolini, a leading manufacturer of stackable church chairs, has launched a new website with an updated product line and\" \/>\n<meta name=\"robots\" content=\"index, follow, max-snippet:-1, max-image-preview:large, max-video-preview:-1\" \/>\n<link rel=\"canonical\" href=\"https:\/\/bertolinidirect.com\/es\/press\/launches-new-website\/\" \/>\n<meta property=\"og:locale\" content=\"es_MX\" \/>\n<meta property=\"og:type\" content=\"article\" \/>\n<meta property=\"og:title\" content=\"Bertolini Launches New Website and Updates Church Chairs\" \/>\n<meta property=\"og:description\" content=\"Orem, Utah\u2014August 28, 2019 Bertolini, a leading manufacturer of stackable church chairs, has launched a new website with an updated product line and\" \/>\n<meta property=\"og:url\" content=\"https:\/\/bertolinidirect.com\/es\/press\/launches-new-website\/\" \/>\n<meta property=\"og:site_name\" content=\"Bertolini Direct\" \/>\n<meta property=\"article:modified_time\" content=\"2025-11-21T23:28:28+00:00\" \/>\n<meta name=\"twitter:card\" content=\"summary_large_image\" \/>\n<script type=\"application\/ld+json\" class=\"yoast-schema-graph\">{\"@context\":\"https:\/\/schema.org\",\"@graph\":[{\"@type\":\"WebPage\",\"@id\":\"https:\/\/bertolinidirect.com\/es\/press\/launches-new-website\",\"url\":\"https:\/\/bertolinidirect.com\/es\/press\/launches-new-website\",\"name\":\"Bertolini Launches New Website and Updates Church Chairs\",\"isPartOf\":{\"@id\":\"https:\/\/bertolinidirect.com\/es\/#website\"},\"datePublished\":\"2019-08-28T21:37:00+00:00\",\"dateModified\":\"2025-11-21T23:28:28+00:00\",\"description\":\"Orem, Utah\u2014August 28, 2019 Bertolini, a leading manufacturer of stackable church chairs, has launched a new website with an updated product line and\",\"breadcrumb\":{\"@id\":\"https:\/\/bertolinidirect.com\/es\/press\/launches-new-website#breadcrumb\"},\"inLanguage\":\"es\",\"potentialAction\":[{\"@type\":\"ReadAction\",\"target\":[\"https:\/\/bertolinidirect.com\/es\/press\/launches-new-website\"]}]},{\"@type\":\"BreadcrumbList\",\"@id\":\"https:\/\/bertolinidirect.com\/es\/press\/launches-new-website#breadcrumb\",\"itemListElement\":[{\"@type\":\"ListItem\",\"position\":1,\"name\":\"Home\",\"item\":\"https:\/\/bertolinidirect.com\/\"},{\"@type\":\"ListItem\",\"position\":2,\"name\":\"Press &amp; News\",\"item\":\"https:\/\/bertolinidirect.com\/press\"},{\"@type\":\"ListItem\",\"position\":3,\"name\":\"Bertolini Launches New Website and Updates Church Chairs\"}]},{\"@type\":\"WebSite\",\"@id\":\"https:\/\/bertolinidirect.com\/es\/#website\",\"url\":\"https:\/\/bertolinidirect.com\/es\/\",\"name\":\"Bertolini\",\"description\":\"\",\"potentialAction\":[{\"@type\":\"SearchAction\",\"target\":{\"@type\":\"EntryPoint\",\"urlTemplate\":\"https:\/\/bertolinidirect.com\/es\/?s={search_term_string}\"},\"query-input\":{\"@type\":\"PropertyValueSpecification\",\"valueRequired\":true,\"valueName\":\"search_term_string\"}}],\"inLanguage\":\"es\"}]}<\/script>\n<!-- \/ Yoast SEO Premium plugin. -->","yoast_head_json":{"title":"Bertolini lanza un nuevo sitio web y actualiza las sillas de la iglesia","description":"Orem, Utah\u201428 de agosto de 2019 Bertolini, un fabricante l\u00edder de sillas de iglesia apilables, lanz\u00f3 un nuevo sitio web con una l\u00ednea de productos actualizada y","robots":{"index":"index","follow":"follow","max-snippet":"max-snippet:-1","max-image-preview":"max-image-preview:large","max-video-preview":"max-video-preview:-1"},"canonical":"https:\/\/bertolinidirect.com\/es\/press\/launches-new-website\/","og_locale":"es_MX","og_type":"article","og_title":"Bertolini Launches New Website and Updates Church Chairs","og_description":"Orem, Utah\u2014August 28, 2019 Bertolini, a leading manufacturer of stackable church chairs, has launched a new website with an updated product line and","og_url":"https:\/\/bertolinidirect.com\/es\/press\/launches-new-website\/","og_site_name":"Bertolini Direct","article_modified_time":"2025-11-21T23:28:28+00:00","twitter_card":"summary_large_image","schema":{"@context":"https:\/\/schema.org","@graph":[{"@type":"WebPage","@id":"https:\/\/bertolinidirect.com\/es\/press\/launches-new-website","url":"https:\/\/bertolinidirect.com\/es\/press\/launches-new-website","name":"Bertolini lanza un nuevo sitio web y actualiza las sillas de la iglesia","isPartOf":{"@id":"https:\/\/bertolinidirect.com\/es\/#website"},"datePublished":"2019-08-28T21:37:00+00:00","dateModified":"2025-11-21T23:28:28+00:00","description":"Orem, Utah\u201428 de agosto de 2019 Bertolini, un fabricante l\u00edder de sillas de iglesia apilables, lanz\u00f3 un nuevo sitio web con una l\u00ednea de productos actualizada y","breadcrumb":{"@id":"https:\/\/bertolinidirect.com\/es\/press\/launches-new-website#breadcrumb"},"inLanguage":"es","potentialAction":[{"@type":"ReadAction","target":["https:\/\/bertolinidirect.com\/es\/press\/launches-new-website"]}]},{"@type":"BreadcrumbList","@id":"https:\/\/bertolinidirect.com\/es\/press\/launches-new-website#breadcrumb","itemListElement":[{"@type":"ListItem","position":1,"name":"Home","item":"https:\/\/bertolinidirect.com\/"},{"@type":"ListItem","position":2,"name":"Press &amp; News","item":"https:\/\/bertolinidirect.com\/press"},{"@type":"ListItem","position":3,"name":"Bertolini Launches New Website and Updates Church Chairs"}]},{"@type":"WebSite","@id":"https:\/\/bertolinidirect.com\/es\/#website","url":"https:\/\/bertolinidirect.com\/es\/","name":"Bertolini","description":"","potentialAction":[{"@type":"SearchAction","target":{"@type":"EntryPoint","urlTemplate":"https:\/\/bertolinidirect.com\/es\/?s={search_term_string}"},"query-input":{"@type":"PropertyValueSpecification","valueRequired":true,"valueName":"search_term_string"}}],"inLanguage":"es"}]}},"_links":{"self":[{"href":"https:\/\/bertolinidirect.com\/es\/wp-json\/wp\/v2\/pages\/900","targetHints":{"allow":["GET"]}}],"collection":[{"href":"https:\/\/bertolinidirect.com\/es\/wp-json\/wp\/v2\/pages"}],"about":[{"href":"https:\/\/bertolinidirect.com\/es\/wp-json\/wp\/v2\/types\/page"}],"author":[{"embeddable":true,"href":"https:\/\/bertolinidirect.com\/es\/wp-json\/wp\/v2\/users\/1"}],"replies":[{"embeddable":true,"href":"https:\/\/bertolinidirect.com\/es\/wp-json\/wp\/v2\/comments?post=900"}],"version-history":[{"count":1,"href":"https:\/\/bertolinidirect.com\/es\/wp-json\/wp\/v2\/pages\/900\/revisions"}],"predecessor-version":[{"id":901,"href":"https:\/\/bertolinidirect.com\/es\/wp-json\/wp\/v2\/pages\/900\/revisions\/901"}],"up":[{"embeddable":true,"href":"https:\/\/bertolinidirect.com\/es\/wp-json\/wp\/v2\/pages\/762"}],"wp:attachment":[{"href":"https:\/\/bertolinidirect.com\/es\/wp-json\/wp\/v2\/media?parent=900"}],"curies":[{"name":"gracias","href":"https:\/\/api.w.org\/{rel}","templated":true}]}}