{"id":897,"date":"2019-03-18T21:35:00","date_gmt":"2019-03-18T21:35:00","guid":{"rendered":"https:\/\/bertolinidirect.com\/?page_id=897"},"modified":"2024-05-16T20:46:56","modified_gmt":"2024-05-16T20:46:56","slug":"donates-chairs-to-inmate-programs","status":"publish","type":"page","link":"https:\/\/bertolinidirect.com\/es\/press\/donates-chairs-to-inmate-programs","title":{"rendered":"Bertolini dona sillas a programas para reclusos en instalaciones correccionales de Tennessee"},"content":{"rendered":"<p><strong>Lawrenceburg, Tennessee\u201418 de marzo de 2019<\/strong><\/p>\n\n\n\n<p>MITY Inc., un fabricante de muebles comerciales galardonado, don\u00f3 sillas de la Colecci\u00f3n Bertolini a las instalaciones correccionales del condado de Lawrence en Lawrenceburg, Tennessee. Las sillas se utilizar\u00e1n en un \u00e1rea com\u00fan para reclusos masculinos y femeninos donde podr\u00e1n participar en diversos programas de servicio, incluidos cursos de GED y servicios religiosos.<\/p>\n\n\n\n<p>&quot;MITY se compromete a ser un ciudadano honrado en todas las comunidades donde fabricamos productos y albergamos empleados&quot;, dijo Christopher Galbraith, presidente de MITY. &quot;Me alegra mucho que nuestros empleados en la oficina de Tennessee vieran una necesidad en la comunidad y intervinieran para ayudar&quot;.<\/p>\n\n\n\n<p>Anna Welsh, empleada de MITY, descubri\u00f3 la necesidad de donar una silla mientras trabajaba como voluntaria como miembro de la Junta Directiva de la C\u00e1mara de Comercio del Condado de Lawrence. Mera Lerner, miembro de la junta directiva y que asiste a la Iglesia Unida en Lawrenceburg, anunci\u00f3 la necesidad durante una reuni\u00f3n. La Iglesia Unida visita instalaciones correccionales para ense\u00f1ar una serie llamada Living Free, una serie consciente basada en las Escrituras para ayudar a las personas que luchan con diversos desaf\u00edos de la vida.<\/p>\n\n\n\n<p>\u201cMe di cuenta de que el mal estado de las sillas la estaba agobiando y supe que pod\u00edamos intervenir y ayudar\u201d, dijo Welsh. \u201cNuestra donaci\u00f3n fue recibida con abrazos y apretones de manos por parte de las mujeres que trabajan con los reclusos cada semana. Estaban muy agradecidos de tener la oportunidad de brindar una mejor experiencia\u201d.<\/p>\n\n\n\n<p>La familia de productos MITY incluye las marcas de muebles duraderos MityLite, Holsag, Bertolini y BRODA\u00ae Seating. MityLite fabrica productos de mobiliario galardonados y dise\u00f1ados profesionalmente para el mercado comercial global. Holsag fabrica muebles para los mercados de residencias para personas mayores, atenci\u00f3n m\u00e9dica, educaci\u00f3n y hoteler\u00eda. Bertolini fabrica asientos c\u00f3modos y duraderos para el mercado de culto. Broda ofrece una l\u00ednea \u00fanica de sillas de ruedas con posicionamiento inclinable en el espacio para personas mayores y atenci\u00f3n m\u00e9dica. La empresa tiene su sede en Orem, Utah y operaciones de fabricaci\u00f3n en Lindsay, Ontario; Cocina, Ontario; y Lawrenceburg, Tennessee.<\/p>","protected":false},"excerpt":{"rendered":"<p>Lawrenceburg, TN\u2014March 18, 2019 MITY Inc., a manufacturer of award-winning commercial furniture, donated chairs from the Bertolini Collection to Lawrence County Correctional Facilities in Lawrenceburg, Tennessee. The chairs will be used in a common area for both male and female inmates where they can participate in various service programs including GED courses and religious services. [&hellip;]<\/p>\n","protected":false},"author":1,"featured_media":0,"parent":762,"menu_order":0,"comment_status":"closed","ping_status":"closed","template":"content-page.php","meta":{"_acf_changed":false,"footnotes":""},"class_list":["post-897","page","type-page","status-publish","hentry"],"acf":[],"yoast_head":"<!-- This site is optimized with the Yoast SEO Premium plugin v24.2 (Yoast SEO v27.1.1) - https:\/\/yoast.com\/product\/yoast-seo-premium-wordpress\/ -->\n<title>Bertolini Donates Chairs To Inmate Correctional Facilities<\/title>\n<meta name=\"description\" content=\"Lawrenceburg, TN\u2014March 18, 2019 MITY Inc., a manufacturer of award-winning commercial furniture, donated chairs from the Bertolini Collection to Lawrence\" \/>\n<meta name=\"robots\" content=\"index, follow, max-snippet:-1, max-image-preview:large, max-video-preview:-1\" \/>\n<link rel=\"canonical\" href=\"https:\/\/bertolinidirect.com\/es\/press\/donates-chairs-to-inmate-programs\/\" \/>\n<meta property=\"og:locale\" content=\"es_MX\" \/>\n<meta property=\"og:type\" content=\"article\" \/>\n<meta property=\"og:title\" content=\"Bertolini Donates Chairs To Inmate Programs In Tennessee Correctional Facilities\" \/>\n<meta property=\"og:description\" content=\"Lawrenceburg, TN\u2014March 18, 2019 MITY Inc., a manufacturer of award-winning commercial furniture, donated chairs from the Bertolini Collection to Lawrence\" \/>\n<meta property=\"og:url\" content=\"https:\/\/bertolinidirect.com\/es\/press\/donates-chairs-to-inmate-programs\/\" \/>\n<meta property=\"og:site_name\" content=\"Bertolini Direct\" \/>\n<meta property=\"article:modified_time\" content=\"2024-05-16T20:46:56+00:00\" \/>\n<meta name=\"twitter:card\" content=\"summary_large_image\" \/>\n<script type=\"application\/ld+json\" class=\"yoast-schema-graph\">{\"@context\":\"https:\/\/schema.org\",\"@graph\":[{\"@type\":\"WebPage\",\"@id\":\"https:\/\/bertolinidirect.com\/es\/press\/donates-chairs-to-inmate-programs\",\"url\":\"https:\/\/bertolinidirect.com\/es\/press\/donates-chairs-to-inmate-programs\",\"name\":\"Bertolini Donates Chairs To Inmate Correctional Facilities\",\"isPartOf\":{\"@id\":\"https:\/\/bertolinidirect.com\/es\/#website\"},\"datePublished\":\"2019-03-18T21:35:00+00:00\",\"dateModified\":\"2024-05-16T20:46:56+00:00\",\"description\":\"Lawrenceburg, TN\u2014March 18, 2019 MITY Inc., a manufacturer of award-winning commercial furniture, donated chairs from the Bertolini Collection to Lawrence\",\"breadcrumb\":{\"@id\":\"https:\/\/bertolinidirect.com\/es\/press\/donates-chairs-to-inmate-programs#breadcrumb\"},\"inLanguage\":\"es\",\"potentialAction\":[{\"@type\":\"ReadAction\",\"target\":[\"https:\/\/bertolinidirect.com\/es\/press\/donates-chairs-to-inmate-programs\"]}]},{\"@type\":\"BreadcrumbList\",\"@id\":\"https:\/\/bertolinidirect.com\/es\/press\/donates-chairs-to-inmate-programs#breadcrumb\",\"itemListElement\":[{\"@type\":\"ListItem\",\"position\":1,\"name\":\"Home\",\"item\":\"https:\/\/bertolinidirect.com\/\"},{\"@type\":\"ListItem\",\"position\":2,\"name\":\"Press &amp; News\",\"item\":\"https:\/\/bertolinidirect.com\/press\"},{\"@type\":\"ListItem\",\"position\":3,\"name\":\"Bertolini Donates Chairs To Inmate Programs In Tennessee Correctional Facilities\"}]},{\"@type\":\"WebSite\",\"@id\":\"https:\/\/bertolinidirect.com\/es\/#website\",\"url\":\"https:\/\/bertolinidirect.com\/es\/\",\"name\":\"Bertolini\",\"description\":\"\",\"potentialAction\":[{\"@type\":\"SearchAction\",\"target\":{\"@type\":\"EntryPoint\",\"urlTemplate\":\"https:\/\/bertolinidirect.com\/es\/?s={search_term_string}\"},\"query-input\":{\"@type\":\"PropertyValueSpecification\",\"valueRequired\":true,\"valueName\":\"search_term_string\"}}],\"inLanguage\":\"es\"}]}<\/script>\n<!-- \/ Yoast SEO Premium plugin. -->","yoast_head_json":{"title":"Bertolini dona sillas a centros correccionales de reclusos","description":"Lawrenceburg, TN\u201418 de marzo de 2019 MITY Inc., un fabricante de muebles comerciales galardonado, don\u00f3 sillas de la Colecci\u00f3n Bertolini a Lawrence","robots":{"index":"index","follow":"follow","max-snippet":"max-snippet:-1","max-image-preview":"max-image-preview:large","max-video-preview":"max-video-preview:-1"},"canonical":"https:\/\/bertolinidirect.com\/es\/press\/donates-chairs-to-inmate-programs\/","og_locale":"es_MX","og_type":"article","og_title":"Bertolini Donates Chairs To Inmate Programs In Tennessee Correctional Facilities","og_description":"Lawrenceburg, TN\u2014March 18, 2019 MITY Inc., a manufacturer of award-winning commercial furniture, donated chairs from the Bertolini Collection to Lawrence","og_url":"https:\/\/bertolinidirect.com\/es\/press\/donates-chairs-to-inmate-programs\/","og_site_name":"Bertolini Direct","article_modified_time":"2024-05-16T20:46:56+00:00","twitter_card":"summary_large_image","schema":{"@context":"https:\/\/schema.org","@graph":[{"@type":"WebPage","@id":"https:\/\/bertolinidirect.com\/es\/press\/donates-chairs-to-inmate-programs","url":"https:\/\/bertolinidirect.com\/es\/press\/donates-chairs-to-inmate-programs","name":"Bertolini dona sillas a centros correccionales de reclusos","isPartOf":{"@id":"https:\/\/bertolinidirect.com\/es\/#website"},"datePublished":"2019-03-18T21:35:00+00:00","dateModified":"2024-05-16T20:46:56+00:00","description":"Lawrenceburg, TN\u201418 de marzo de 2019 MITY Inc., un fabricante de muebles comerciales galardonado, don\u00f3 sillas de la Colecci\u00f3n Bertolini a Lawrence","breadcrumb":{"@id":"https:\/\/bertolinidirect.com\/es\/press\/donates-chairs-to-inmate-programs#breadcrumb"},"inLanguage":"es","potentialAction":[{"@type":"ReadAction","target":["https:\/\/bertolinidirect.com\/es\/press\/donates-chairs-to-inmate-programs"]}]},{"@type":"BreadcrumbList","@id":"https:\/\/bertolinidirect.com\/es\/press\/donates-chairs-to-inmate-programs#breadcrumb","itemListElement":[{"@type":"ListItem","position":1,"name":"Home","item":"https:\/\/bertolinidirect.com\/"},{"@type":"ListItem","position":2,"name":"Press &amp; News","item":"https:\/\/bertolinidirect.com\/press"},{"@type":"ListItem","position":3,"name":"Bertolini Donates Chairs To Inmate Programs In Tennessee Correctional Facilities"}]},{"@type":"WebSite","@id":"https:\/\/bertolinidirect.com\/es\/#website","url":"https:\/\/bertolinidirect.com\/es\/","name":"Bertolini","description":"","potentialAction":[{"@type":"SearchAction","target":{"@type":"EntryPoint","urlTemplate":"https:\/\/bertolinidirect.com\/es\/?s={search_term_string}"},"query-input":{"@type":"PropertyValueSpecification","valueRequired":true,"valueName":"search_term_string"}}],"inLanguage":"es"}]}},"_links":{"self":[{"href":"https:\/\/bertolinidirect.com\/es\/wp-json\/wp\/v2\/pages\/897","targetHints":{"allow":["GET"]}}],"collection":[{"href":"https:\/\/bertolinidirect.com\/es\/wp-json\/wp\/v2\/pages"}],"about":[{"href":"https:\/\/bertolinidirect.com\/es\/wp-json\/wp\/v2\/types\/page"}],"author":[{"embeddable":true,"href":"https:\/\/bertolinidirect.com\/es\/wp-json\/wp\/v2\/users\/1"}],"replies":[{"embeddable":true,"href":"https:\/\/bertolinidirect.com\/es\/wp-json\/wp\/v2\/comments?post=897"}],"version-history":[{"count":1,"href":"https:\/\/bertolinidirect.com\/es\/wp-json\/wp\/v2\/pages\/897\/revisions"}],"predecessor-version":[{"id":898,"href":"https:\/\/bertolinidirect.com\/es\/wp-json\/wp\/v2\/pages\/897\/revisions\/898"}],"up":[{"embeddable":true,"href":"https:\/\/bertolinidirect.com\/es\/wp-json\/wp\/v2\/pages\/762"}],"wp:attachment":[{"href":"https:\/\/bertolinidirect.com\/es\/wp-json\/wp\/v2\/media?parent=897"}],"curies":[{"name":"gracias","href":"https:\/\/api.w.org\/{rel}","templated":true}]}}