{"id":892,"date":"2018-01-02T21:33:00","date_gmt":"2018-01-02T21:33:00","guid":{"rendered":"https:\/\/bertolinidirect.com\/?page_id=892"},"modified":"2024-05-14T17:12:02","modified_gmt":"2024-05-14T17:12:02","slug":"mity-inc-aquires-bertolini","status":"publish","type":"page","link":"https:\/\/bertolinidirect.com\/es\/press\/mity-inc-aquires-bertolini","title":{"rendered":"MITY Inc. adquiere Bertolini"},"content":{"rendered":"<p><strong>OREM, Utah - 2 de enero de 2018<\/strong><\/p>\n\n\n\n<p>MITY Inc., la empresa matriz de marcas de muebles de alta durabilidad, incluidas MityLite\u00ae y Holsag\u2122, adquiri\u00f3 Bertolini Inc., un fabricante privado de productos de asientos centrado en los mercados de hosteler\u00eda, reuniones p\u00fablicas y culto. Esta adquisici\u00f3n se basa en el legado de durabilidad e innovaci\u00f3n de MITY Inc. y posiciona a la organizaci\u00f3n para ofrecer una oferta de productos m\u00e1s amplia en mercados clave. La transferencia de propiedad fue efectiva el 30 de diciembre de 2017.<\/p>\n\n\n\n<p>&quot;Bertolini era una persona natural para unirse a la familia MITY&quot;, dijo el presidente y director ejecutivo de MITY Inc., John Dudash. &quot;La adquisici\u00f3n de Bertolini proporciona expansi\u00f3n de productos y sinergias operativas dentro de industrias clave, al tiempo que comparte nuestros valores fundamentales de calidad, durabilidad y compromiso con los clientes&quot;.<\/p>\n\n\n\n<p>Bertolini fabrica en EE. UU. desde hace casi 60 a\u00f1os y es una s\u00f3lida incorporaci\u00f3n a la familia de productos MITY. Se enorgullecen de la artesan\u00eda estadounidense con un compromiso con la innovaci\u00f3n, un servicio inigualable y un valor de primera clase.<\/p>\n\n\n\n<p>Jim Bertolini, propietario y director ejecutivo de Bertolini, dijo: &quot;Esperamos ser parte de la familia de marcas de alta calidad l\u00edder en la industria de MITY Inc. en una medida que nos permita impulsar eficiencias operativas y acceso a recursos adicionales que impulsar\u00e1 nuestro crecimiento a largo plazo\u201d.<\/p>\n\n\n\n<p>Con sede en Orem, Utah, MITY Inc. es la empresa matriz de&nbsp;<a href=\"https:\/\/mitylite.com\/\">MityLite<\/a>,&nbsp;<a href=\"https:\/\/holsag.com\/\">Holsag<\/a>,&nbsp;<a href=\"https:\/\/brodaseating.com\/\">Asientos BRODA\u00ae<\/a>y la reci\u00e9n adquirida Bertolini Inc. MityLite es un fabricante de muebles galardonados y dise\u00f1ados profesionalmente para el mercado comercial global. Holsag fabrica sillas y muebles enfocados a los mercados de residencias para personas mayores, atenci\u00f3n m\u00e9dica, educaci\u00f3n y hoteler\u00eda. BRODA ofrece una l\u00ednea \u00fanica de sillas de ruedas con posicionamiento inclinable en el espacio que han mejorado la vida de las personas durante m\u00e1s de 35 a\u00f1os. XpressPort es l\u00edder en productos de almacenamiento y transporte para los mercados de reuniones p\u00fablicas y hoteler\u00eda. Bertolini es un fabricante de asientos apilables elegantes, c\u00f3modos y duraderos.<\/p>","protected":false},"excerpt":{"rendered":"<p>OREM, Utah \u2014 January 2, 2018 MITY Inc., the parent company of highly durable furniture brands including MityLite\u00ae and Holsag\u2122, acquired Bertolini Inc., a privately owned manufacturer of seating products focused on hospitality, public assembly and worship markets. This acquisition builds on the MITY Inc. legacy of durability and innovation and positions the organization to [&hellip;]<\/p>\n","protected":false},"author":1,"featured_media":0,"parent":762,"menu_order":0,"comment_status":"closed","ping_status":"closed","template":"content-page.php","meta":{"_acf_changed":false,"footnotes":""},"class_list":["post-892","page","type-page","status-publish","hentry"],"acf":[],"yoast_head":"<!-- This site is optimized with the Yoast SEO Premium plugin v24.2 (Yoast SEO v27.4) - https:\/\/yoast.com\/product\/yoast-seo-premium-wordpress\/ -->\n<title>MITY Inc. Acquires Bertolini | Bertolini Direct<\/title>\n<meta name=\"description\" content=\"OREM, Utah \u2014 January 2, 2018 MITY Inc., the parent company of highly durable furniture brands including MityLite\u00ae and Holsag\u2122, acquired Bertolini Inc., a\" \/>\n<meta name=\"robots\" content=\"index, follow, max-snippet:-1, max-image-preview:large, max-video-preview:-1\" \/>\n<link rel=\"canonical\" href=\"https:\/\/bertolinidirect.com\/es\/press\/mity-inc-aquires-bertolini\/\" \/>\n<meta property=\"og:locale\" content=\"es_MX\" \/>\n<meta property=\"og:type\" content=\"article\" \/>\n<meta property=\"og:title\" content=\"MITY Inc. Acquires Bertolini\" \/>\n<meta property=\"og:description\" content=\"OREM, Utah \u2014 January 2, 2018 MITY Inc., the parent company of highly durable furniture brands including MityLite\u00ae and Holsag\u2122, acquired Bertolini Inc., a\" \/>\n<meta property=\"og:url\" content=\"https:\/\/bertolinidirect.com\/es\/press\/mity-inc-aquires-bertolini\/\" \/>\n<meta property=\"og:site_name\" content=\"Bertolini Direct\" \/>\n<meta property=\"article:modified_time\" content=\"2024-05-14T17:12:02+00:00\" \/>\n<meta name=\"twitter:card\" content=\"summary_large_image\" \/>\n<script type=\"application\/ld+json\" class=\"yoast-schema-graph\">{\"@context\":\"https:\\\/\\\/schema.org\",\"@graph\":[{\"@type\":\"WebPage\",\"@id\":\"https:\\\/\\\/bertolinidirect.com\\\/es\\\/press\\\/mity-inc-aquires-bertolini\",\"url\":\"https:\\\/\\\/bertolinidirect.com\\\/es\\\/press\\\/mity-inc-aquires-bertolini\",\"name\":\"MITY Inc. Acquires Bertolini | Bertolini Direct\",\"isPartOf\":{\"@id\":\"https:\\\/\\\/bertolinidirect.com\\\/es\\\/#website\"},\"datePublished\":\"2018-01-02T21:33:00+00:00\",\"dateModified\":\"2024-05-14T17:12:02+00:00\",\"description\":\"OREM, Utah \u2014 January 2, 2018 MITY Inc., the parent company of highly durable furniture brands including MityLite\u00ae and Holsag\u2122, acquired Bertolini Inc., a\",\"breadcrumb\":{\"@id\":\"https:\\\/\\\/bertolinidirect.com\\\/es\\\/press\\\/mity-inc-aquires-bertolini#breadcrumb\"},\"inLanguage\":\"es\",\"potentialAction\":[{\"@type\":\"ReadAction\",\"target\":[\"https:\\\/\\\/bertolinidirect.com\\\/es\\\/press\\\/mity-inc-aquires-bertolini\"]}]},{\"@type\":\"BreadcrumbList\",\"@id\":\"https:\\\/\\\/bertolinidirect.com\\\/es\\\/press\\\/mity-inc-aquires-bertolini#breadcrumb\",\"itemListElement\":[{\"@type\":\"ListItem\",\"position\":1,\"name\":\"Home\",\"item\":\"https:\\\/\\\/bertolinidirect.com\\\/\"},{\"@type\":\"ListItem\",\"position\":2,\"name\":\"Press &amp; News\",\"item\":\"https:\\\/\\\/bertolinidirect.com\\\/press\"},{\"@type\":\"ListItem\",\"position\":3,\"name\":\"MITY Inc. Acquires Bertolini\"}]},{\"@type\":\"WebSite\",\"@id\":\"https:\\\/\\\/bertolinidirect.com\\\/es\\\/#website\",\"url\":\"https:\\\/\\\/bertolinidirect.com\\\/es\\\/\",\"name\":\"Bertolini\",\"description\":\"\",\"potentialAction\":[{\"@type\":\"SearchAction\",\"target\":{\"@type\":\"EntryPoint\",\"urlTemplate\":\"https:\\\/\\\/bertolinidirect.com\\\/es\\\/?s={search_term_string}\"},\"query-input\":{\"@type\":\"PropertyValueSpecification\",\"valueRequired\":true,\"valueName\":\"search_term_string\"}}],\"inLanguage\":\"es\"}]}<\/script>\n<!-- \/ Yoast SEO Premium plugin. -->","yoast_head_json":{"title":"MITY Inc. adquiere Bertolini | Bertolini Directo","description":"OREM, Utah \u2014 2 de enero de 2018 MITY Inc., la empresa matriz de marcas de muebles de alta durabilidad, incluidas MityLite\u00ae y Holsag\u2122, adquiri\u00f3 Bertolini Inc., una","robots":{"index":"index","follow":"follow","max-snippet":"max-snippet:-1","max-image-preview":"max-image-preview:large","max-video-preview":"max-video-preview:-1"},"canonical":"https:\/\/bertolinidirect.com\/es\/press\/mity-inc-aquires-bertolini\/","og_locale":"es_MX","og_type":"article","og_title":"MITY Inc. Acquires Bertolini","og_description":"OREM, Utah \u2014 January 2, 2018 MITY Inc., the parent company of highly durable furniture brands including MityLite\u00ae and Holsag\u2122, acquired Bertolini Inc., a","og_url":"https:\/\/bertolinidirect.com\/es\/press\/mity-inc-aquires-bertolini\/","og_site_name":"Bertolini Direct","article_modified_time":"2024-05-14T17:12:02+00:00","twitter_card":"summary_large_image","schema":{"@context":"https:\/\/schema.org","@graph":[{"@type":"WebPage","@id":"https:\/\/bertolinidirect.com\/es\/press\/mity-inc-aquires-bertolini","url":"https:\/\/bertolinidirect.com\/es\/press\/mity-inc-aquires-bertolini","name":"MITY Inc. adquiere Bertolini | Bertolini Directo","isPartOf":{"@id":"https:\/\/bertolinidirect.com\/es\/#website"},"datePublished":"2018-01-02T21:33:00+00:00","dateModified":"2024-05-14T17:12:02+00:00","description":"OREM, Utah \u2014 2 de enero de 2018 MITY Inc., la empresa matriz de marcas de muebles de alta durabilidad, incluidas MityLite\u00ae y Holsag\u2122, adquiri\u00f3 Bertolini Inc., una","breadcrumb":{"@id":"https:\/\/bertolinidirect.com\/es\/press\/mity-inc-aquires-bertolini#breadcrumb"},"inLanguage":"es","potentialAction":[{"@type":"ReadAction","target":["https:\/\/bertolinidirect.com\/es\/press\/mity-inc-aquires-bertolini"]}]},{"@type":"BreadcrumbList","@id":"https:\/\/bertolinidirect.com\/es\/press\/mity-inc-aquires-bertolini#breadcrumb","itemListElement":[{"@type":"ListItem","position":1,"name":"Home","item":"https:\/\/bertolinidirect.com\/"},{"@type":"ListItem","position":2,"name":"Press &amp; News","item":"https:\/\/bertolinidirect.com\/press"},{"@type":"ListItem","position":3,"name":"MITY Inc. Acquires Bertolini"}]},{"@type":"WebSite","@id":"https:\/\/bertolinidirect.com\/es\/#website","url":"https:\/\/bertolinidirect.com\/es\/","name":"Bertolini","description":"","potentialAction":[{"@type":"SearchAction","target":{"@type":"EntryPoint","urlTemplate":"https:\/\/bertolinidirect.com\/es\/?s={search_term_string}"},"query-input":{"@type":"PropertyValueSpecification","valueRequired":true,"valueName":"search_term_string"}}],"inLanguage":"es"}]}},"_links":{"self":[{"href":"https:\/\/bertolinidirect.com\/es\/wp-json\/wp\/v2\/pages\/892","targetHints":{"allow":["GET"]}}],"collection":[{"href":"https:\/\/bertolinidirect.com\/es\/wp-json\/wp\/v2\/pages"}],"about":[{"href":"https:\/\/bertolinidirect.com\/es\/wp-json\/wp\/v2\/types\/page"}],"author":[{"embeddable":true,"href":"https:\/\/bertolinidirect.com\/es\/wp-json\/wp\/v2\/users\/1"}],"replies":[{"embeddable":true,"href":"https:\/\/bertolinidirect.com\/es\/wp-json\/wp\/v2\/comments?post=892"}],"version-history":[{"count":1,"href":"https:\/\/bertolinidirect.com\/es\/wp-json\/wp\/v2\/pages\/892\/revisions"}],"predecessor-version":[{"id":895,"href":"https:\/\/bertolinidirect.com\/es\/wp-json\/wp\/v2\/pages\/892\/revisions\/895"}],"up":[{"embeddable":true,"href":"https:\/\/bertolinidirect.com\/es\/wp-json\/wp\/v2\/pages\/762"}],"wp:attachment":[{"href":"https:\/\/bertolinidirect.com\/es\/wp-json\/wp\/v2\/media?parent=892"}],"curies":[{"name":"gracias","href":"https:\/\/api.w.org\/{rel}","templated":true}]}}