{"id":885,"date":"2015-06-05T21:26:00","date_gmt":"2015-06-05T21:26:00","guid":{"rendered":"https:\/\/bertolinidirect.com\/?page_id=885"},"modified":"2025-11-21T23:29:02","modified_gmt":"2025-11-21T23:29:02","slug":"customer-centric-delivery","status":"publish","type":"page","link":"https:\/\/bertolinidirect.com\/es\/press\/customer-centric-delivery","title":{"rendered":"Bertolini Incorporated presenta el programa de entrega centrado en el cliente"},"content":{"rendered":"<p><strong>Chino, California\u201405 de junio de 2015<\/strong><\/p>\n\n\n\n<p>Bertolini Incorporated present\u00f3 un cuarto cami\u00f3n de la empresa con un remolque de 53 pies cubierto con una manta. Para celebrar su compromiso con la satisfacci\u00f3n del cliente 100%, los gr\u00e1ficos del remolque dise\u00f1ados visualmente del cami\u00f3n dicen claramente: &quot;Estamos detr\u00e1s de cada silla que construimos&quot; y utilizan fotograf\u00edas de la vida real de sus propios empleados dedicados que trabajan en las instalaciones de fabricaci\u00f3n de Lawrenceburg, Tennessee. .<\/p>\n\n\n\n<p>PROGRAMA DE ENTREGA \u201cESTAMOS DETR\u00c1S DE CADA SILLA QUE CONSTRUIMOS\u201d DE BERTOLINI<\/p>\n\n\n\n<p>El programa de entrega centrado en el cliente de Bertolini ofrece a los clientes la ventaja de no tener que preocuparse por descargar las sillas del remolque como normalmente se requerir\u00eda con las que se env\u00edan a trav\u00e9s de empresas de transporte comunes. Adem\u00e1s, este programa de entrega centrado en el cliente respalda el programa de sostenibilidad de Bertolini; Los clientes no tienen que preocuparse por llenar su contenedor de basura con cart\u00f3n, ya que el conductor puede retirar el embalaje corrugado protector para devolverlo a la f\u00e1brica y reutilizarlo en futuros env\u00edos.<\/p>\n\n\n\n<p>El remolque inicial se utilizar\u00e1 principalmente para entregas en rutas planificadas cada dos semanas a la gran base de clientes en los estados de Georgia, Florida y Texas. En lugar del proceso de entrega est\u00e1ndar utilizado por los transportistas comunes, el programa de entrega especial de Bertolini ofrece a sus clientes la ventaja de permitir que el conductor lleve las pilas de sillas empaquetadas por la rampa del remolque hasta su puerta.<\/p>\n\n\n\n<p>Adem\u00e1s de este nuevo semirremolque, Bertolini, Inc. ya tiene dos camiones rectos\/caja en uso para entregas dentro de 250 millas de la planta en Lawrenceburg. &quot;Bertolini planea continuar expandiendo su programa de entrega centrado en el cliente y ofrecerlo a m\u00e1s clientes en el futuro con remolques de 53 pies revestidos con mantas adicionales y rutas de entrega que permitir\u00e1n env\u00edos a m\u00e1s estados&quot;, dice Gary Daniels, gerente de planta en Lawrenceburg. TENNESSE.<\/p>","protected":false},"excerpt":{"rendered":"<p>Chino, CA\u2014June 05, 2015 Bertolini Incorporated introduced a fourth company truck with a blanket-lined 53 ft. trailer. In celebration of their commitment to 100% customer satisfaction, the truck\u2019s visually designed trailer graphics clearly state, \u201cWe Stand Behind Every Chair We Build\u201d and utilize the real-life photographs of their very own dedicated employees that work in [&hellip;]<\/p>\n","protected":false},"author":1,"featured_media":0,"parent":762,"menu_order":0,"comment_status":"closed","ping_status":"closed","template":"content-page.php","meta":{"_acf_changed":false,"footnotes":""},"class_list":["post-885","page","type-page","status-publish","hentry"],"acf":[],"yoast_head":"<!-- This site is optimized with the Yoast SEO Premium plugin v24.2 (Yoast SEO v27.4) - https:\/\/yoast.com\/product\/yoast-seo-premium-wordpress\/ -->\n<title>Bertolini Inc. Introduces Customer Centric Delivery Program<\/title>\n<meta name=\"description\" content=\"Chino, CA\u2014June 05, 2015 Bertolini Incorporated introduced a fourth company truck with a blanket-lined 53 ft. trailer. In celebration of their commitment\" \/>\n<meta name=\"robots\" content=\"index, follow, max-snippet:-1, max-image-preview:large, max-video-preview:-1\" \/>\n<link rel=\"canonical\" href=\"https:\/\/bertolinidirect.com\/es\/press\/customer-centric-delivery\/\" \/>\n<meta property=\"og:locale\" content=\"es_MX\" \/>\n<meta property=\"og:type\" content=\"article\" \/>\n<meta property=\"og:title\" content=\"Bertolini Incorporated Introduces Customer Centric Delivery Program\" \/>\n<meta property=\"og:description\" content=\"Chino, CA\u2014June 05, 2015 Bertolini Incorporated introduced a fourth company truck with a blanket-lined 53 ft. trailer. In celebration of their commitment\" \/>\n<meta property=\"og:url\" content=\"https:\/\/bertolinidirect.com\/es\/press\/customer-centric-delivery\/\" \/>\n<meta property=\"og:site_name\" content=\"Bertolini Direct\" \/>\n<meta property=\"article:modified_time\" content=\"2025-11-21T23:29:02+00:00\" \/>\n<meta name=\"twitter:card\" content=\"summary_large_image\" \/>\n<script type=\"application\/ld+json\" class=\"yoast-schema-graph\">{\"@context\":\"https:\\\/\\\/schema.org\",\"@graph\":[{\"@type\":\"WebPage\",\"@id\":\"https:\\\/\\\/bertolinidirect.com\\\/es\\\/press\\\/customer-centric-delivery\",\"url\":\"https:\\\/\\\/bertolinidirect.com\\\/es\\\/press\\\/customer-centric-delivery\",\"name\":\"Bertolini Inc. Introduces Customer Centric Delivery Program\",\"isPartOf\":{\"@id\":\"https:\\\/\\\/bertolinidirect.com\\\/es\\\/#website\"},\"datePublished\":\"2015-06-05T21:26:00+00:00\",\"dateModified\":\"2025-11-21T23:29:02+00:00\",\"description\":\"Chino, CA\u2014June 05, 2015 Bertolini Incorporated introduced a fourth company truck with a blanket-lined 53 ft. trailer. In celebration of their commitment\",\"breadcrumb\":{\"@id\":\"https:\\\/\\\/bertolinidirect.com\\\/es\\\/press\\\/customer-centric-delivery#breadcrumb\"},\"inLanguage\":\"es\",\"potentialAction\":[{\"@type\":\"ReadAction\",\"target\":[\"https:\\\/\\\/bertolinidirect.com\\\/es\\\/press\\\/customer-centric-delivery\"]}]},{\"@type\":\"BreadcrumbList\",\"@id\":\"https:\\\/\\\/bertolinidirect.com\\\/es\\\/press\\\/customer-centric-delivery#breadcrumb\",\"itemListElement\":[{\"@type\":\"ListItem\",\"position\":1,\"name\":\"Home\",\"item\":\"https:\\\/\\\/bertolinidirect.com\\\/\"},{\"@type\":\"ListItem\",\"position\":2,\"name\":\"Press &amp; News\",\"item\":\"https:\\\/\\\/bertolinidirect.com\\\/press\"},{\"@type\":\"ListItem\",\"position\":3,\"name\":\"Bertolini Incorporated Introduces Customer Centric Delivery Program\"}]},{\"@type\":\"WebSite\",\"@id\":\"https:\\\/\\\/bertolinidirect.com\\\/es\\\/#website\",\"url\":\"https:\\\/\\\/bertolinidirect.com\\\/es\\\/\",\"name\":\"Bertolini\",\"description\":\"\",\"potentialAction\":[{\"@type\":\"SearchAction\",\"target\":{\"@type\":\"EntryPoint\",\"urlTemplate\":\"https:\\\/\\\/bertolinidirect.com\\\/es\\\/?s={search_term_string}\"},\"query-input\":{\"@type\":\"PropertyValueSpecification\",\"valueRequired\":true,\"valueName\":\"search_term_string\"}}],\"inLanguage\":\"es\"}]}<\/script>\n<!-- \/ Yoast SEO Premium plugin. -->","yoast_head_json":{"title":"Bertolini Inc. presenta un programa de entrega centrado en el cliente","description":"Chino, CA\u20145 de junio de 2015 Bertolini Incorporated present\u00f3 un cuarto cami\u00f3n de la compa\u00f1\u00eda con un remolque de 53 pies forrado con una manta. En celebraci\u00f3n de su compromiso","robots":{"index":"index","follow":"follow","max-snippet":"max-snippet:-1","max-image-preview":"max-image-preview:large","max-video-preview":"max-video-preview:-1"},"canonical":"https:\/\/bertolinidirect.com\/es\/press\/customer-centric-delivery\/","og_locale":"es_MX","og_type":"article","og_title":"Bertolini Incorporated Introduces Customer Centric Delivery Program","og_description":"Chino, CA\u2014June 05, 2015 Bertolini Incorporated introduced a fourth company truck with a blanket-lined 53 ft. trailer. In celebration of their commitment","og_url":"https:\/\/bertolinidirect.com\/es\/press\/customer-centric-delivery\/","og_site_name":"Bertolini Direct","article_modified_time":"2025-11-21T23:29:02+00:00","twitter_card":"summary_large_image","schema":{"@context":"https:\/\/schema.org","@graph":[{"@type":"WebPage","@id":"https:\/\/bertolinidirect.com\/es\/press\/customer-centric-delivery","url":"https:\/\/bertolinidirect.com\/es\/press\/customer-centric-delivery","name":"Bertolini Inc. presenta un programa de entrega centrado en el cliente","isPartOf":{"@id":"https:\/\/bertolinidirect.com\/es\/#website"},"datePublished":"2015-06-05T21:26:00+00:00","dateModified":"2025-11-21T23:29:02+00:00","description":"Chino, CA\u20145 de junio de 2015 Bertolini Incorporated present\u00f3 un cuarto cami\u00f3n de la compa\u00f1\u00eda con un remolque de 53 pies forrado con una manta. En celebraci\u00f3n de su compromiso","breadcrumb":{"@id":"https:\/\/bertolinidirect.com\/es\/press\/customer-centric-delivery#breadcrumb"},"inLanguage":"es","potentialAction":[{"@type":"ReadAction","target":["https:\/\/bertolinidirect.com\/es\/press\/customer-centric-delivery"]}]},{"@type":"BreadcrumbList","@id":"https:\/\/bertolinidirect.com\/es\/press\/customer-centric-delivery#breadcrumb","itemListElement":[{"@type":"ListItem","position":1,"name":"Home","item":"https:\/\/bertolinidirect.com\/"},{"@type":"ListItem","position":2,"name":"Press &amp; News","item":"https:\/\/bertolinidirect.com\/press"},{"@type":"ListItem","position":3,"name":"Bertolini Incorporated Introduces Customer Centric Delivery Program"}]},{"@type":"WebSite","@id":"https:\/\/bertolinidirect.com\/es\/#website","url":"https:\/\/bertolinidirect.com\/es\/","name":"Bertolini","description":"","potentialAction":[{"@type":"SearchAction","target":{"@type":"EntryPoint","urlTemplate":"https:\/\/bertolinidirect.com\/es\/?s={search_term_string}"},"query-input":{"@type":"PropertyValueSpecification","valueRequired":true,"valueName":"search_term_string"}}],"inLanguage":"es"}]}},"_links":{"self":[{"href":"https:\/\/bertolinidirect.com\/es\/wp-json\/wp\/v2\/pages\/885","targetHints":{"allow":["GET"]}}],"collection":[{"href":"https:\/\/bertolinidirect.com\/es\/wp-json\/wp\/v2\/pages"}],"about":[{"href":"https:\/\/bertolinidirect.com\/es\/wp-json\/wp\/v2\/types\/page"}],"author":[{"embeddable":true,"href":"https:\/\/bertolinidirect.com\/es\/wp-json\/wp\/v2\/users\/1"}],"replies":[{"embeddable":true,"href":"https:\/\/bertolinidirect.com\/es\/wp-json\/wp\/v2\/comments?post=885"}],"version-history":[{"count":1,"href":"https:\/\/bertolinidirect.com\/es\/wp-json\/wp\/v2\/pages\/885\/revisions"}],"predecessor-version":[{"id":888,"href":"https:\/\/bertolinidirect.com\/es\/wp-json\/wp\/v2\/pages\/885\/revisions\/888"}],"up":[{"embeddable":true,"href":"https:\/\/bertolinidirect.com\/es\/wp-json\/wp\/v2\/pages\/762"}],"wp:attachment":[{"href":"https:\/\/bertolinidirect.com\/es\/wp-json\/wp\/v2\/media?parent=885"}],"curies":[{"name":"gracias","href":"https:\/\/api.w.org\/{rel}","templated":true}]}}