{"id":882,"date":"2015-05-15T21:25:00","date_gmt":"2015-05-15T21:25:00","guid":{"rendered":"https:\/\/bertolinidirect.com\/?page_id=882"},"modified":"2024-05-16T20:41:11","modified_gmt":"2024-05-16T20:41:11","slug":"millennia-chairs","status":"publish","type":"page","link":"https:\/\/bertolinidirect.com\/es\/press\/millennia-chairs","title":{"rendered":"Bertolini fabrica sillas Millennia hechas a medida para la iglesia New Hope"},"content":{"rendered":"<p><strong>Chino, California\u201415 de mayo de 2015<\/strong><\/p>\n\n\n\n<p>Bertolini ofrece una gran selecci\u00f3n de sillas superiores fabricadas en EE. UU. Su compromiso con la excelencia se nota en todos sus productos. Por la calidad de los materiales que utilizan, sus innovadoras t\u00e9cnicas de montaje y su riguroso proceso de prueba, los mejores asientos para iglesia van directamente de ellos al cliente. Con m\u00e1s de 50 a\u00f1os de experiencia, la empresa familiar ha proporcionado asientos para iglesias de primera calidad y de alta calidad a una variedad de iglesias y empresas.<\/p>\n\n\n\n<p>M\u00e1s recientemente, Bertolini tuvo la mayor oportunidad de fabricar y construir a medida las sillas Millennia para Hope Church. Ubicada en Grand Haven, Michigan, la historia de Hope Church comenz\u00f3 en 1935. Durante casi 8 a\u00f1os, Tim Taylor ha sido el pastor de Hope Church y con su equipo de liderazgo ministerial su visi\u00f3n es continuar haciendo misiones y traer lo mejor a la comunidad. comunidad. Hope Church ofrece una variedad de oportunidades educativas y espirituales que incluyen servicio dominical, ministerio para ni\u00f1os y estudiantes, eventos orientados a la familia y reuniones de grupos peque\u00f1os. \u201c\u00a1Gracias a las sillas Bertolini podemos sentar m\u00e1s personas y alimentar m\u00e1s cada semana! Fue una gran decisi\u00f3n para nosotros\u201d, dice el pastor Tim Taylor.<\/p>\n\n\n\n<p>La silla Bertolini elegida para Hope Church es el modelo Millennia 4015. La silla Millennia 4015 fusiona practicidad y construcci\u00f3n probada en el tiempo. El s\u00f3lido marco de circuito cerrado est\u00e1 construido con acero al carbono laminado en fr\u00edo 1010 de calibre 16 soldado con precisi\u00f3n con barra de torsi\u00f3n integrada. La fina confecci\u00f3n de un borde trasero enrollado, espuma de calidad comercial, \u00e1rea lumbar pasiva acolchada y un asiento delantero elegantemente enrollado son los pocos grandes beneficios de este estilo hecho a medida que combina con la comodidad de la silla de iglesia. Bertolini toma la estructura de silla m\u00e1s resistente de la industria y la combina con una capa en polvo ultraduradera. Se aplica electrost\u00e1ticamente y se hornea a m\u00e1s de 400 grados y se prueba en agua salada durante m\u00e1s de 800 horas.<\/p>","protected":false},"excerpt":{"rendered":"<p>Chino, CA\u2014May 15, 2015 Bertolini engineers superior USA built church chairs and their commitment to excellence shows in all of their products. With over 50 years of experience, the family-owned business has provided high-quality premium church seating to a variety of churches and companies. From the quality of the materials they use, their innovative assembly [&hellip;]<\/p>\n","protected":false},"author":1,"featured_media":0,"parent":762,"menu_order":0,"comment_status":"closed","ping_status":"closed","template":"content-page.php","meta":{"_acf_changed":false,"footnotes":""},"class_list":["post-882","page","type-page","status-publish","hentry"],"acf":[],"yoast_head":"<!-- This site is optimized with the Yoast SEO Premium plugin v24.2 (Yoast SEO v27.1.1) - https:\/\/yoast.com\/product\/yoast-seo-premium-wordpress\/ -->\n<title>Bertolini Manufactures Millennia Chairs for New Hope Church<\/title>\n<meta name=\"description\" content=\"Chino, CA\u2014May 15, 2015 Bertolini engineers superior USA built church chairs and their commitment to excellence shows in all of their products. With over\" \/>\n<meta name=\"robots\" content=\"index, follow, max-snippet:-1, max-image-preview:large, max-video-preview:-1\" \/>\n<link rel=\"canonical\" href=\"https:\/\/bertolinidirect.com\/es\/press\/millennia-chairs\/\" \/>\n<meta property=\"og:locale\" content=\"es_MX\" \/>\n<meta property=\"og:type\" content=\"article\" \/>\n<meta property=\"og:title\" content=\"Bertolini Manufactures Custom Built Millennia Chairs for New Hope Church\" \/>\n<meta property=\"og:description\" content=\"Chino, CA\u2014May 15, 2015 Bertolini engineers superior USA built church chairs and their commitment to excellence shows in all of their products. With over\" \/>\n<meta property=\"og:url\" content=\"https:\/\/bertolinidirect.com\/es\/press\/millennia-chairs\/\" \/>\n<meta property=\"og:site_name\" content=\"Bertolini Direct\" \/>\n<meta property=\"article:modified_time\" content=\"2024-05-16T20:41:11+00:00\" \/>\n<meta name=\"twitter:card\" content=\"summary_large_image\" \/>\n<script type=\"application\/ld+json\" class=\"yoast-schema-graph\">{\"@context\":\"https:\/\/schema.org\",\"@graph\":[{\"@type\":\"WebPage\",\"@id\":\"https:\/\/bertolinidirect.com\/es\/press\/millennia-chairs\",\"url\":\"https:\/\/bertolinidirect.com\/es\/press\/millennia-chairs\",\"name\":\"Bertolini Manufactures Millennia Chairs for New Hope Church\",\"isPartOf\":{\"@id\":\"https:\/\/bertolinidirect.com\/es\/#website\"},\"datePublished\":\"2015-05-15T21:25:00+00:00\",\"dateModified\":\"2024-05-16T20:41:11+00:00\",\"description\":\"Chino, CA\u2014May 15, 2015 Bertolini engineers superior USA built church chairs and their commitment to excellence shows in all of their products. With over\",\"breadcrumb\":{\"@id\":\"https:\/\/bertolinidirect.com\/es\/press\/millennia-chairs#breadcrumb\"},\"inLanguage\":\"es\",\"potentialAction\":[{\"@type\":\"ReadAction\",\"target\":[\"https:\/\/bertolinidirect.com\/es\/press\/millennia-chairs\"]}]},{\"@type\":\"BreadcrumbList\",\"@id\":\"https:\/\/bertolinidirect.com\/es\/press\/millennia-chairs#breadcrumb\",\"itemListElement\":[{\"@type\":\"ListItem\",\"position\":1,\"name\":\"Home\",\"item\":\"https:\/\/bertolinidirect.com\/\"},{\"@type\":\"ListItem\",\"position\":2,\"name\":\"Press &amp; News\",\"item\":\"https:\/\/bertolinidirect.com\/press\"},{\"@type\":\"ListItem\",\"position\":3,\"name\":\"Bertolini Manufactures Custom Built Millennia Chairs for New Hope Church\"}]},{\"@type\":\"WebSite\",\"@id\":\"https:\/\/bertolinidirect.com\/es\/#website\",\"url\":\"https:\/\/bertolinidirect.com\/es\/\",\"name\":\"Bertolini\",\"description\":\"\",\"potentialAction\":[{\"@type\":\"SearchAction\",\"target\":{\"@type\":\"EntryPoint\",\"urlTemplate\":\"https:\/\/bertolinidirect.com\/es\/?s={search_term_string}\"},\"query-input\":{\"@type\":\"PropertyValueSpecification\",\"valueRequired\":true,\"valueName\":\"search_term_string\"}}],\"inLanguage\":\"es\"}]}<\/script>\n<!-- \/ Yoast SEO Premium plugin. -->","yoast_head_json":{"title":"Bertolini fabrica sillas Millennia para la iglesia New Hope","description":"Chino, CA\u201415 de mayo de 2015 Los ingenieros de Bertolini Superior USA construyeron sillas para iglesias y su compromiso con la excelencia se muestra en todos sus productos. Con m\u00e1s de","robots":{"index":"index","follow":"follow","max-snippet":"max-snippet:-1","max-image-preview":"max-image-preview:large","max-video-preview":"max-video-preview:-1"},"canonical":"https:\/\/bertolinidirect.com\/es\/press\/millennia-chairs\/","og_locale":"es_MX","og_type":"article","og_title":"Bertolini Manufactures Custom Built Millennia Chairs for New Hope Church","og_description":"Chino, CA\u2014May 15, 2015 Bertolini engineers superior USA built church chairs and their commitment to excellence shows in all of their products. With over","og_url":"https:\/\/bertolinidirect.com\/es\/press\/millennia-chairs\/","og_site_name":"Bertolini Direct","article_modified_time":"2024-05-16T20:41:11+00:00","twitter_card":"summary_large_image","schema":{"@context":"https:\/\/schema.org","@graph":[{"@type":"WebPage","@id":"https:\/\/bertolinidirect.com\/es\/press\/millennia-chairs","url":"https:\/\/bertolinidirect.com\/es\/press\/millennia-chairs","name":"Bertolini fabrica sillas Millennia para la iglesia New Hope","isPartOf":{"@id":"https:\/\/bertolinidirect.com\/es\/#website"},"datePublished":"2015-05-15T21:25:00+00:00","dateModified":"2024-05-16T20:41:11+00:00","description":"Chino, CA\u201415 de mayo de 2015 Los ingenieros de Bertolini Superior USA construyeron sillas para iglesias y su compromiso con la excelencia se muestra en todos sus productos. Con m\u00e1s de","breadcrumb":{"@id":"https:\/\/bertolinidirect.com\/es\/press\/millennia-chairs#breadcrumb"},"inLanguage":"es","potentialAction":[{"@type":"ReadAction","target":["https:\/\/bertolinidirect.com\/es\/press\/millennia-chairs"]}]},{"@type":"BreadcrumbList","@id":"https:\/\/bertolinidirect.com\/es\/press\/millennia-chairs#breadcrumb","itemListElement":[{"@type":"ListItem","position":1,"name":"Home","item":"https:\/\/bertolinidirect.com\/"},{"@type":"ListItem","position":2,"name":"Press &amp; News","item":"https:\/\/bertolinidirect.com\/press"},{"@type":"ListItem","position":3,"name":"Bertolini Manufactures Custom Built Millennia Chairs for New Hope Church"}]},{"@type":"WebSite","@id":"https:\/\/bertolinidirect.com\/es\/#website","url":"https:\/\/bertolinidirect.com\/es\/","name":"Bertolini","description":"","potentialAction":[{"@type":"SearchAction","target":{"@type":"EntryPoint","urlTemplate":"https:\/\/bertolinidirect.com\/es\/?s={search_term_string}"},"query-input":{"@type":"PropertyValueSpecification","valueRequired":true,"valueName":"search_term_string"}}],"inLanguage":"es"}]}},"_links":{"self":[{"href":"https:\/\/bertolinidirect.com\/es\/wp-json\/wp\/v2\/pages\/882","targetHints":{"allow":["GET"]}}],"collection":[{"href":"https:\/\/bertolinidirect.com\/es\/wp-json\/wp\/v2\/pages"}],"about":[{"href":"https:\/\/bertolinidirect.com\/es\/wp-json\/wp\/v2\/types\/page"}],"author":[{"embeddable":true,"href":"https:\/\/bertolinidirect.com\/es\/wp-json\/wp\/v2\/users\/1"}],"replies":[{"embeddable":true,"href":"https:\/\/bertolinidirect.com\/es\/wp-json\/wp\/v2\/comments?post=882"}],"version-history":[{"count":1,"href":"https:\/\/bertolinidirect.com\/es\/wp-json\/wp\/v2\/pages\/882\/revisions"}],"predecessor-version":[{"id":883,"href":"https:\/\/bertolinidirect.com\/es\/wp-json\/wp\/v2\/pages\/882\/revisions\/883"}],"up":[{"embeddable":true,"href":"https:\/\/bertolinidirect.com\/es\/wp-json\/wp\/v2\/pages\/762"}],"wp:attachment":[{"href":"https:\/\/bertolinidirect.com\/es\/wp-json\/wp\/v2\/media?parent=882"}],"curies":[{"name":"gracias","href":"https:\/\/api.w.org\/{rel}","templated":true}]}}