{"id":879,"date":"2014-11-06T21:24:00","date_gmt":"2014-11-06T21:24:00","guid":{"rendered":"https:\/\/bertolinidirect.com\/?page_id=879"},"modified":"2026-01-29T15:29:35","modified_gmt":"2026-01-29T15:29:35","slug":"2-million-impressions","status":"publish","type":"page","link":"https:\/\/bertolinidirect.com\/es\/press\/2-million-impressions","title":{"rendered":"Bertolini celebra m\u00e1s de 2 millones de sillas de iglesia Impressions\u2122 vendidas"},"content":{"rendered":"<p><strong>Chino, California\u20146 de noviembre de 2014<\/strong><\/p>\n\n\n\n<p>Bertolini ofrece una gran selecci\u00f3n de sillas superiores fabricadas en EE. UU. Su compromiso con la excelencia se nota en todos sus productos. Por la calidad de los materiales que utilizan, sus innovadoras t\u00e9cnicas de montaje y su riguroso proceso de prueba, los mejores asientos para iglesia van directamente de ellos al cliente. Con m\u00e1s de 50 a\u00f1os de experiencia, la empresa familiar ha proporcionado asientos para iglesias de primera calidad y de alta calidad a una variedad de iglesias y empresas.<\/p>\n\n\n\n<p>M\u00e1s recientemente, Bertolini celebr\u00f3 su marca con m\u00e1s de 2 millones de sillas de iglesia de la serie Impressions\u2122 vendidas. La silla de iglesia de la serie Impressions\u2122 fue dise\u00f1ada en 2004 y solo se utilizan materiales de la m\u00e1s alta calidad en la silla de la serie Impressions\u2122, que se amolda al cuerpo para una comodidad \u00f3ptima, mientras que la estructura s\u00f3lida proporciona una durabilidad asombrosa. El dise\u00f1o \u00fanico de Bertolini hace que la silla de iglesia de la serie Impressions\u2122 sea la \u00fanica silla de iglesia apilable para bancos libre de mantenimiento disponible. El asiento Flex-Fit\u2122 y el sistema de sujeci\u00f3n Fit-Tight\u2122 con tecnolog\u00eda BosScrew\u2122 presentan un verdadero dise\u00f1o ergon\u00f3mico para una comodidad \u00f3ptima al sentarse y una durabilidad incre\u00edble.<\/p>\n\n\n\n<p>Todos los modelos de la Serie Impressions\u2122 incorporan uno de los sistemas de soporte lumbar m\u00e1s resistentes y c\u00f3modos de Bertolini. El respaldo contorneado se integra a la perfecci\u00f3n con el asiento Flex-Fit\u2122, con su asiento en forma de S, acolchado de espuma de 900 g (2 lb) exclusivo de Bertolini y asiento delantero enrollado para ofrecer comodidad durante todo el d\u00eda. La base del respaldo ofrece caracter\u00edsticas de comodidad y soporte que no se encuentran habitualmente en los asientos apilables; su forma multicontorneada se adapta a personas de todas las formas y tama\u00f1os, sujetando la zona lumbar y a la vez cubriendo suavemente la parte superior de los hombros. Bertolini complementa la base del respaldo con la exquisita confecci\u00f3n y el acolchado suave necesarios para disfrutar de una comodidad inigualable.<\/p>\n\n\n\n<p>Las sillas de iglesia de la serie Impressions\u2122 de Bertolini se fabrican en los EE. UU. Se obtienen localmente con componentes como acero estadounidense reciclable, acolchado de espuma de base biol\u00f3gica y pol\u00edmeros de asientos reciclados postindustriales 30+%. Proporciona el marco m\u00e1s resistente de la industria con acero laminado en fr\u00edo 1010 de calibre 16 y un s\u00f3lido sistema de barra de torsi\u00f3n integrado. El acabado del marco ofrece una capa de polvo ultraduradera aplicada electrost\u00e1ticamente y horneada a m\u00e1s de 400 grados, probada en agua salada durante m\u00e1s de 800 horas.<\/p>\n\n\n\n<p>\u201cSuelo recomendar la Serie Impressions\u2122; a todos les encanta la comodidad, la elegancia y la durabilidad que le damos a una silla apilable. \u00a1La gente no para de hablar de lo c\u00f3modas que son! Esos son los momentos que hacen que todo mi esfuerzo valga la pena; para m\u00ed, al final del d\u00eda, se trata de brindar la mejor herramienta posible para que las iglesias salgan y lleguen a su comunidad con mayor \u00e9xito\u201d, dice Trevor White, Especialista S\u00e9nior de Producto para la Regi\u00f3n Este de EE. UU. y Canad\u00e1.<\/p>","protected":false},"excerpt":{"rendered":"<p>Chino, CA\u2014November 06, 2014 Bertolini offers a large selection of superior USA built chairs. Their commitment to excellence shows in all of their products. From the quality of the materials they use, their innovative assembly techniques and rigorous testing process, the best church seating goes directly from them to the customer. With over 50 years [&hellip;]<\/p>\n","protected":false},"author":1,"featured_media":0,"parent":762,"menu_order":0,"comment_status":"closed","ping_status":"closed","template":"content-page.php","meta":{"_acf_changed":false,"footnotes":""},"class_list":["post-879","page","type-page","status-publish","hentry"],"acf":[],"yoast_head":"<!-- This site is optimized with the Yoast SEO Premium plugin v24.2 (Yoast SEO v27.4) - https:\/\/yoast.com\/product\/yoast-seo-premium-wordpress\/ -->\n<title>Bertolini Celebrates Over 2 Million Impressions\u2122 Church Chairs Sold<\/title>\n<meta name=\"description\" content=\"Chino, CA\u2014November 06, 2014 Bertolini offers a large selection of superior USA built chairs. Their commitment to excellence shows in all of their\" \/>\n<meta name=\"robots\" content=\"index, follow, max-snippet:-1, max-image-preview:large, max-video-preview:-1\" \/>\n<link rel=\"canonical\" href=\"https:\/\/bertolinidirect.com\/es\/press\/2-million-impressions\/\" \/>\n<meta property=\"og:locale\" content=\"es_MX\" \/>\n<meta property=\"og:type\" content=\"article\" \/>\n<meta property=\"og:title\" content=\"Bertolini Celebrates Over 2 Million Impressions\u2122 Series Church Chairs Sold\" \/>\n<meta property=\"og:description\" content=\"Chino, CA\u2014November 06, 2014 Bertolini offers a large selection of superior USA built chairs. Their commitment to excellence shows in all of their\" \/>\n<meta property=\"og:url\" content=\"https:\/\/bertolinidirect.com\/es\/press\/2-million-impressions\/\" \/>\n<meta property=\"og:site_name\" content=\"Bertolini Direct\" \/>\n<meta property=\"article:modified_time\" content=\"2026-01-29T15:29:35+00:00\" \/>\n<meta name=\"twitter:card\" content=\"summary_large_image\" \/>\n<script type=\"application\/ld+json\" class=\"yoast-schema-graph\">{\"@context\":\"https:\\\/\\\/schema.org\",\"@graph\":[{\"@type\":\"WebPage\",\"@id\":\"https:\\\/\\\/bertolinidirect.com\\\/es\\\/press\\\/2-million-impressions\",\"url\":\"https:\\\/\\\/bertolinidirect.com\\\/es\\\/press\\\/2-million-impressions\",\"name\":\"Bertolini Celebrates Over 2 Million Impressions\u2122 Church Chairs Sold\",\"isPartOf\":{\"@id\":\"https:\\\/\\\/bertolinidirect.com\\\/es\\\/#website\"},\"datePublished\":\"2014-11-06T21:24:00+00:00\",\"dateModified\":\"2026-01-29T15:29:35+00:00\",\"description\":\"Chino, CA\u2014November 06, 2014 Bertolini offers a large selection of superior USA built chairs. Their commitment to excellence shows in all of their\",\"breadcrumb\":{\"@id\":\"https:\\\/\\\/bertolinidirect.com\\\/es\\\/press\\\/2-million-impressions#breadcrumb\"},\"inLanguage\":\"es\",\"potentialAction\":[{\"@type\":\"ReadAction\",\"target\":[\"https:\\\/\\\/bertolinidirect.com\\\/es\\\/press\\\/2-million-impressions\"]}]},{\"@type\":\"BreadcrumbList\",\"@id\":\"https:\\\/\\\/bertolinidirect.com\\\/es\\\/press\\\/2-million-impressions#breadcrumb\",\"itemListElement\":[{\"@type\":\"ListItem\",\"position\":1,\"name\":\"Home\",\"item\":\"https:\\\/\\\/bertolinidirect.com\\\/\"},{\"@type\":\"ListItem\",\"position\":2,\"name\":\"Press &amp; News\",\"item\":\"https:\\\/\\\/bertolinidirect.com\\\/press\"},{\"@type\":\"ListItem\",\"position\":3,\"name\":\"Bertolini Celebrates Over 2 Million Impressions\u2122 Series Church Chairs Sold\"}]},{\"@type\":\"WebSite\",\"@id\":\"https:\\\/\\\/bertolinidirect.com\\\/es\\\/#website\",\"url\":\"https:\\\/\\\/bertolinidirect.com\\\/es\\\/\",\"name\":\"Bertolini\",\"description\":\"\",\"potentialAction\":[{\"@type\":\"SearchAction\",\"target\":{\"@type\":\"EntryPoint\",\"urlTemplate\":\"https:\\\/\\\/bertolinidirect.com\\\/es\\\/?s={search_term_string}\"},\"query-input\":{\"@type\":\"PropertyValueSpecification\",\"valueRequired\":true,\"valueName\":\"search_term_string\"}}],\"inLanguage\":\"es\"}]}<\/script>\n<!-- \/ Yoast SEO Premium plugin. -->","yoast_head_json":{"title":"Bertolini celebra m\u00e1s de 2 millones de sillas de iglesia Impressions\u2122 vendidas","description":"Chino, CA\u20146 de noviembre de 2014 Bertolini ofrece una gran selecci\u00f3n de sillas superiores fabricadas en EE. UU. Su compromiso con la excelencia se muestra en todos sus","robots":{"index":"index","follow":"follow","max-snippet":"max-snippet:-1","max-image-preview":"max-image-preview:large","max-video-preview":"max-video-preview:-1"},"canonical":"https:\/\/bertolinidirect.com\/es\/press\/2-million-impressions\/","og_locale":"es_MX","og_type":"article","og_title":"Bertolini Celebrates Over 2 Million Impressions\u2122 Series Church Chairs Sold","og_description":"Chino, CA\u2014November 06, 2014 Bertolini offers a large selection of superior USA built chairs. Their commitment to excellence shows in all of their","og_url":"https:\/\/bertolinidirect.com\/es\/press\/2-million-impressions\/","og_site_name":"Bertolini Direct","article_modified_time":"2026-01-29T15:29:35+00:00","twitter_card":"summary_large_image","schema":{"@context":"https:\/\/schema.org","@graph":[{"@type":"WebPage","@id":"https:\/\/bertolinidirect.com\/es\/press\/2-million-impressions","url":"https:\/\/bertolinidirect.com\/es\/press\/2-million-impressions","name":"Bertolini celebra m\u00e1s de 2 millones de sillas de iglesia Impressions\u2122 vendidas","isPartOf":{"@id":"https:\/\/bertolinidirect.com\/es\/#website"},"datePublished":"2014-11-06T21:24:00+00:00","dateModified":"2026-01-29T15:29:35+00:00","description":"Chino, CA\u20146 de noviembre de 2014 Bertolini ofrece una gran selecci\u00f3n de sillas superiores fabricadas en EE. UU. Su compromiso con la excelencia se muestra en todos sus","breadcrumb":{"@id":"https:\/\/bertolinidirect.com\/es\/press\/2-million-impressions#breadcrumb"},"inLanguage":"es","potentialAction":[{"@type":"ReadAction","target":["https:\/\/bertolinidirect.com\/es\/press\/2-million-impressions"]}]},{"@type":"BreadcrumbList","@id":"https:\/\/bertolinidirect.com\/es\/press\/2-million-impressions#breadcrumb","itemListElement":[{"@type":"ListItem","position":1,"name":"Home","item":"https:\/\/bertolinidirect.com\/"},{"@type":"ListItem","position":2,"name":"Press &amp; News","item":"https:\/\/bertolinidirect.com\/press"},{"@type":"ListItem","position":3,"name":"Bertolini Celebrates Over 2 Million Impressions\u2122 Series Church Chairs Sold"}]},{"@type":"WebSite","@id":"https:\/\/bertolinidirect.com\/es\/#website","url":"https:\/\/bertolinidirect.com\/es\/","name":"Bertolini","description":"","potentialAction":[{"@type":"SearchAction","target":{"@type":"EntryPoint","urlTemplate":"https:\/\/bertolinidirect.com\/es\/?s={search_term_string}"},"query-input":{"@type":"PropertyValueSpecification","valueRequired":true,"valueName":"search_term_string"}}],"inLanguage":"es"}]}},"_links":{"self":[{"href":"https:\/\/bertolinidirect.com\/es\/wp-json\/wp\/v2\/pages\/879","targetHints":{"allow":["GET"]}}],"collection":[{"href":"https:\/\/bertolinidirect.com\/es\/wp-json\/wp\/v2\/pages"}],"about":[{"href":"https:\/\/bertolinidirect.com\/es\/wp-json\/wp\/v2\/types\/page"}],"author":[{"embeddable":true,"href":"https:\/\/bertolinidirect.com\/es\/wp-json\/wp\/v2\/users\/1"}],"replies":[{"embeddable":true,"href":"https:\/\/bertolinidirect.com\/es\/wp-json\/wp\/v2\/comments?post=879"}],"version-history":[{"count":2,"href":"https:\/\/bertolinidirect.com\/es\/wp-json\/wp\/v2\/pages\/879\/revisions"}],"predecessor-version":[{"id":24695,"href":"https:\/\/bertolinidirect.com\/es\/wp-json\/wp\/v2\/pages\/879\/revisions\/24695"}],"up":[{"embeddable":true,"href":"https:\/\/bertolinidirect.com\/es\/wp-json\/wp\/v2\/pages\/762"}],"wp:attachment":[{"href":"https:\/\/bertolinidirect.com\/es\/wp-json\/wp\/v2\/media?parent=879"}],"curies":[{"name":"gracias","href":"https:\/\/api.w.org\/{rel}","templated":true}]}}