{"id":875,"date":"2014-09-05T21:22:00","date_gmt":"2014-09-05T21:22:00","guid":{"rendered":"https:\/\/bertolinidirect.com\/?page_id=875"},"modified":"2024-05-16T20:38:30","modified_gmt":"2024-05-16T20:38:30","slug":"postureflex-chairs","status":"publish","type":"page","link":"https:\/\/bertolinidirect.com\/es\/press\/postureflex-chairs","title":{"rendered":"Bertolini fabrica sillas Postureflex hechas a medida para Chabad de North Hollywood"},"content":{"rendered":"<p><strong>Chino, California\u201405 de septiembre de 2014<\/strong><\/p>\n\n\n\n<p>Bertolini ofrece una gran selecci\u00f3n de sillas superiores fabricadas en EE. UU. Su compromiso con la excelencia se nota en todos sus productos. Por la calidad de los materiales que utilizan, sus innovadoras t\u00e9cnicas de montaje y su riguroso proceso de prueba, los mejores asientos para iglesia van directamente de ellos al cliente. Con m\u00e1s de 50 a\u00f1os de experiencia, la empresa familiar ha proporcionado asientos para iglesias de primera calidad y de alta calidad a una variedad de iglesias y empresas.<\/p>\n\n\n\n<p>M\u00e1s recientemente, Bertolini tuvo la mayor oportunidad de fabricar y personalizar las sillas Postureflex para Chabad de North Hollywood. \u201cFue un placer trabajar con Chabad de North Hollywood; siempre agradable y profesional. Sab\u00edan desde el principio que quer\u00edan elegancia y la silla Bertolini que seleccionaron tiene un toque de elegancia como ning\u00fan otro\u201d, dice Carol Brown, especialista senior de producto.<\/p>\n\n\n\n<p>Jabad de North Hollywood se ha convertido en un centro popular para la comunidad jud\u00eda de todos los or\u00edgenes que desean aprender m\u00e1s sobre sus ra\u00edces jud\u00edas. Ubicada en North Hollywood, California, Jabad ofrece una amplia variedad de oportunidades educativas y espirituales, que incluyen clases y conferencias de Tor\u00e1, cenas de Shabaton y una variedad de actividades familiares y sociales.<\/p>\n\n\n\n<p>La silla Bertolini que se eligi\u00f3 para Jabad de North Hollywood es el modelo Postureflex 91682. La silla Postureflex\u2122 SFB (Steel Frame Back) 91682 adquiere sus caracter\u00edsticas de estilo \u00fanicas al combinar respaldos con siluetas tradicionales con un lomo central flexible para producir una apariencia distintiva. Esta silla apiladora combina la comodidad de una columna central flexible y un respaldo perfilado con las caracter\u00edsticas ergon\u00f3micas del asiento de pol\u00edmero Flex-Fit\u2122 patentado por Bertolini y una generosa porci\u00f3n de espuma exclusiva de grado comercial AZUL para brindar una comodidad de asiento sin concesiones. Debajo de su exterior liso se encuentra la estructura de asientos m\u00e1s duradera y sostenible de la industria. Bertolini toma la estructura de silla m\u00e1s resistente de la industria y agrega su asiento ZERO Maintenance Flex-Fit\u2122 con tecnolog\u00eda BosScrew\u2122 para una durabilidad s\u00f3lida como una roca. Todo esto produce una silla impresionante que dura m\u00e1s y necesita ser reemplazada con menos frecuencia. Por \u00faltimo, pero no menos importante, el acabado del marco ofrece una capa de polvo ultraduradera aplicada electrost\u00e1ticamente y horneada a m\u00e1s de 400 grados, probada en agua salada durante m\u00e1s de 800 horas.<\/p>\n\n\n\n<p>Bertolini es un l\u00edder en dise\u00f1o en el uso de sillas ergon\u00f3micamente correctas y su tecnolog\u00eda de dise\u00f1o de asientos Flex fit para iglesias. Sus sillas son ligeras y resistentes. Su experiencia en la fabricaci\u00f3n de asientos apilables de calidad y su compromiso con un servicio al cliente superior se ganan el reconocimiento de las congregaciones de todo el mundo.<\/p>","protected":false},"excerpt":{"rendered":"<p>Chino, CA\u2014September 05, 2014 Bertolini offers a large selection of superior USA built chairs. Their commitment to excellence shows in all of their products. From the quality of the materials they use, their innovative assembly techniques and rigorous testing process, the best church seating goes directly from them to the customer. With over 50 years [&hellip;]<\/p>\n","protected":false},"author":1,"featured_media":0,"parent":762,"menu_order":0,"comment_status":"closed","ping_status":"closed","template":"content-page.php","meta":{"_acf_changed":false,"footnotes":""},"class_list":["post-875","page","type-page","status-publish","hentry"],"acf":[],"yoast_head":"<!-- This site is optimized with the Yoast SEO Premium plugin v24.2 (Yoast SEO v27.4) - https:\/\/yoast.com\/product\/yoast-seo-premium-wordpress\/ -->\n<title>Bertolini Manufactures Postureflex Chairs For North Hollywood<\/title>\n<meta name=\"description\" content=\"Chino, CA\u2014September 05, 2014 Bertolini offers a large selection of superior USA built chairs. Their commitment to excellence shows in all of their\" \/>\n<meta name=\"robots\" content=\"index, follow, max-snippet:-1, max-image-preview:large, max-video-preview:-1\" \/>\n<link rel=\"canonical\" href=\"https:\/\/bertolinidirect.com\/es\/press\/postureflex-chairs\/\" \/>\n<meta property=\"og:locale\" content=\"es_MX\" \/>\n<meta property=\"og:type\" content=\"article\" \/>\n<meta property=\"og:title\" content=\"Bertolini Manufactures Custom Built Postureflex Chairs For Chabad of North Hollywood\" \/>\n<meta property=\"og:description\" content=\"Chino, CA\u2014September 05, 2014 Bertolini offers a large selection of superior USA built chairs. Their commitment to excellence shows in all of their\" \/>\n<meta property=\"og:url\" content=\"https:\/\/bertolinidirect.com\/es\/press\/postureflex-chairs\/\" \/>\n<meta property=\"og:site_name\" content=\"Bertolini Direct\" \/>\n<meta property=\"article:modified_time\" content=\"2024-05-16T20:38:30+00:00\" \/>\n<meta name=\"twitter:card\" content=\"summary_large_image\" \/>\n<script type=\"application\/ld+json\" class=\"yoast-schema-graph\">{\"@context\":\"https:\\\/\\\/schema.org\",\"@graph\":[{\"@type\":\"WebPage\",\"@id\":\"https:\\\/\\\/bertolinidirect.com\\\/es\\\/press\\\/postureflex-chairs\",\"url\":\"https:\\\/\\\/bertolinidirect.com\\\/es\\\/press\\\/postureflex-chairs\",\"name\":\"Bertolini Manufactures Postureflex Chairs For North Hollywood\",\"isPartOf\":{\"@id\":\"https:\\\/\\\/bertolinidirect.com\\\/es\\\/#website\"},\"datePublished\":\"2014-09-05T21:22:00+00:00\",\"dateModified\":\"2024-05-16T20:38:30+00:00\",\"description\":\"Chino, CA\u2014September 05, 2014 Bertolini offers a large selection of superior USA built chairs. Their commitment to excellence shows in all of their\",\"breadcrumb\":{\"@id\":\"https:\\\/\\\/bertolinidirect.com\\\/es\\\/press\\\/postureflex-chairs#breadcrumb\"},\"inLanguage\":\"es\",\"potentialAction\":[{\"@type\":\"ReadAction\",\"target\":[\"https:\\\/\\\/bertolinidirect.com\\\/es\\\/press\\\/postureflex-chairs\"]}]},{\"@type\":\"BreadcrumbList\",\"@id\":\"https:\\\/\\\/bertolinidirect.com\\\/es\\\/press\\\/postureflex-chairs#breadcrumb\",\"itemListElement\":[{\"@type\":\"ListItem\",\"position\":1,\"name\":\"Home\",\"item\":\"https:\\\/\\\/bertolinidirect.com\\\/\"},{\"@type\":\"ListItem\",\"position\":2,\"name\":\"Press &amp; News\",\"item\":\"https:\\\/\\\/bertolinidirect.com\\\/press\"},{\"@type\":\"ListItem\",\"position\":3,\"name\":\"Bertolini Manufactures Custom Built Postureflex Chairs For Chabad of North Hollywood\"}]},{\"@type\":\"WebSite\",\"@id\":\"https:\\\/\\\/bertolinidirect.com\\\/es\\\/#website\",\"url\":\"https:\\\/\\\/bertolinidirect.com\\\/es\\\/\",\"name\":\"Bertolini\",\"description\":\"\",\"potentialAction\":[{\"@type\":\"SearchAction\",\"target\":{\"@type\":\"EntryPoint\",\"urlTemplate\":\"https:\\\/\\\/bertolinidirect.com\\\/es\\\/?s={search_term_string}\"},\"query-input\":{\"@type\":\"PropertyValueSpecification\",\"valueRequired\":true,\"valueName\":\"search_term_string\"}}],\"inLanguage\":\"es\"}]}<\/script>\n<!-- \/ Yoast SEO Premium plugin. -->","yoast_head_json":{"title":"Bertolini fabrica sillas Postureflex para North Hollywood","description":"Chino, CA\u20146 de noviembre de 2014 Bertolini ofrece una gran selecci\u00f3n de sillas superiores fabricadas en EE. UU. Su compromiso con la excelencia se muestra en todos sus","robots":{"index":"index","follow":"follow","max-snippet":"max-snippet:-1","max-image-preview":"max-image-preview:large","max-video-preview":"max-video-preview:-1"},"canonical":"https:\/\/bertolinidirect.com\/es\/press\/postureflex-chairs\/","og_locale":"es_MX","og_type":"article","og_title":"Bertolini Manufactures Custom Built Postureflex Chairs For Chabad of North Hollywood","og_description":"Chino, CA\u2014September 05, 2014 Bertolini offers a large selection of superior USA built chairs. Their commitment to excellence shows in all of their","og_url":"https:\/\/bertolinidirect.com\/es\/press\/postureflex-chairs\/","og_site_name":"Bertolini Direct","article_modified_time":"2024-05-16T20:38:30+00:00","twitter_card":"summary_large_image","schema":{"@context":"https:\/\/schema.org","@graph":[{"@type":"WebPage","@id":"https:\/\/bertolinidirect.com\/es\/press\/postureflex-chairs","url":"https:\/\/bertolinidirect.com\/es\/press\/postureflex-chairs","name":"Bertolini fabrica sillas Postureflex para North Hollywood","isPartOf":{"@id":"https:\/\/bertolinidirect.com\/es\/#website"},"datePublished":"2014-09-05T21:22:00+00:00","dateModified":"2024-05-16T20:38:30+00:00","description":"Chino, CA\u20146 de noviembre de 2014 Bertolini ofrece una gran selecci\u00f3n de sillas superiores fabricadas en EE. UU. Su compromiso con la excelencia se muestra en todos sus","breadcrumb":{"@id":"https:\/\/bertolinidirect.com\/es\/press\/postureflex-chairs#breadcrumb"},"inLanguage":"es","potentialAction":[{"@type":"ReadAction","target":["https:\/\/bertolinidirect.com\/es\/press\/postureflex-chairs"]}]},{"@type":"BreadcrumbList","@id":"https:\/\/bertolinidirect.com\/es\/press\/postureflex-chairs#breadcrumb","itemListElement":[{"@type":"ListItem","position":1,"name":"Home","item":"https:\/\/bertolinidirect.com\/"},{"@type":"ListItem","position":2,"name":"Press &amp; News","item":"https:\/\/bertolinidirect.com\/press"},{"@type":"ListItem","position":3,"name":"Bertolini Manufactures Custom Built Postureflex Chairs For Chabad of North Hollywood"}]},{"@type":"WebSite","@id":"https:\/\/bertolinidirect.com\/es\/#website","url":"https:\/\/bertolinidirect.com\/es\/","name":"Bertolini","description":"","potentialAction":[{"@type":"SearchAction","target":{"@type":"EntryPoint","urlTemplate":"https:\/\/bertolinidirect.com\/es\/?s={search_term_string}"},"query-input":{"@type":"PropertyValueSpecification","valueRequired":true,"valueName":"search_term_string"}}],"inLanguage":"es"}]}},"_links":{"self":[{"href":"https:\/\/bertolinidirect.com\/es\/wp-json\/wp\/v2\/pages\/875","targetHints":{"allow":["GET"]}}],"collection":[{"href":"https:\/\/bertolinidirect.com\/es\/wp-json\/wp\/v2\/pages"}],"about":[{"href":"https:\/\/bertolinidirect.com\/es\/wp-json\/wp\/v2\/types\/page"}],"author":[{"embeddable":true,"href":"https:\/\/bertolinidirect.com\/es\/wp-json\/wp\/v2\/users\/1"}],"replies":[{"embeddable":true,"href":"https:\/\/bertolinidirect.com\/es\/wp-json\/wp\/v2\/comments?post=875"}],"version-history":[{"count":1,"href":"https:\/\/bertolinidirect.com\/es\/wp-json\/wp\/v2\/pages\/875\/revisions"}],"predecessor-version":[{"id":876,"href":"https:\/\/bertolinidirect.com\/es\/wp-json\/wp\/v2\/pages\/875\/revisions\/876"}],"up":[{"embeddable":true,"href":"https:\/\/bertolinidirect.com\/es\/wp-json\/wp\/v2\/pages\/762"}],"wp:attachment":[{"href":"https:\/\/bertolinidirect.com\/es\/wp-json\/wp\/v2\/media?parent=875"}],"curies":[{"name":"gracias","href":"https:\/\/api.w.org\/{rel}","templated":true}]}}