{"id":870,"date":"2014-06-20T21:20:00","date_gmt":"2014-06-20T21:20:00","guid":{"rendered":"https:\/\/bertolinidirect.com\/?page_id=870"},"modified":"2024-05-14T17:12:02","modified_gmt":"2024-05-14T17:12:02","slug":"high-density-stacker","status":"publish","type":"page","link":"https:\/\/bertolinidirect.com\/es\/press\/high-density-stacker","title":{"rendered":"Bertolini presenta el apilador de alta densidad"},"content":{"rendered":"<p><strong>Chino, California\u201420 de junio de 2014<\/strong><\/p>\n\n\n\n<p>Bertolini se complace en presentar una nueva incorporaci\u00f3n a su colecci\u00f3n de asientos multiusos, The High Density Stacker. &quot;En Bertolini nos esforzamos continuamente por ampliar nuestra l\u00ednea de productos para ofrecer a nuestros clientes las mejores soluciones de asientos posibles para sus instalaciones&quot;, dice Chuck Horn, presidente de Bertolini Inc.<\/p>\n\n\n\n<p>En respuesta a las necesidades m\u00f3viles en el mercado de asientos para iglesias, Bertolini ha ampliado su oferta para incluir esta opci\u00f3n econ\u00f3mica pero duradera en asientos de alta densidad.<\/p>\n\n\n\n<p>Este apilador de alta densidad es perfecto para iglesias m\u00f3viles e iglesias con un uso s\u00f3lido de las instalaciones que requieren instalaci\u00f3n y almacenamiento frecuentes. Tambi\u00e9n es ideal para organizaciones religiosas y entornos corporativos, educativos y sanitarios. Las sillas apilables de alta densidad son livianas y cuentan con asientos y respaldos perforados con forma de diamante para una comodidad excepcional. Las carcasas de pol\u00edmero limpiables est\u00e1n moldeadas para adaptarse al cuerpo y perforadas con forma de diamante para proporcionar flujo de aire y mantenerte fresco y c\u00f3modo. El apilador de alta densidad apila 25 sillas en lo alto del carro de alta densidad para servicio pesado, rueda suavemente y pasa f\u00e1cilmente por las puertas.<\/p>\n\n\n\n<p>El apilador de alta densidad ya est\u00e1 disponible para su compra. Bertolini proporciona al cliente la descripci\u00f3n del producto, las especificaciones, el plazo de entrega y la informaci\u00f3n de garant\u00eda. Tambi\u00e9n est\u00e1 disponible un v\u00eddeo breve para ver la demostraci\u00f3n de lo sencillo que es apilar el apilador de alta densidad.<\/p>\n\n\n\n<p>Bertolini es un l\u00edder en dise\u00f1o en el uso de sillas ergon\u00f3micamente correctas y su tecnolog\u00eda de dise\u00f1o de asientos Flex fit para iglesias. Sus sillas son ligeras y resistentes. Su experiencia en la fabricaci\u00f3n de asientos apilables de calidad y su compromiso con un servicio al cliente superior se ganan el reconocimiento de las congregaciones de todo el mundo.<\/p>","protected":false},"excerpt":{"rendered":"<p>Chino, CA\u2014June 20, 2014 Bertolini is please to introduce a new addition to their multi-purpose seating collection, The High Density Stacker. \u201cAt Bertolini we continuously strive to expand our line of products in order to provide our clients with the best possible seating solutions for their facilities,\u201d says Chuck Horn, President of Bertolini Inc. In [&hellip;]<\/p>\n","protected":false},"author":1,"featured_media":0,"parent":762,"menu_order":0,"comment_status":"closed","ping_status":"closed","template":"content-page.php","meta":{"_acf_changed":false,"footnotes":""},"class_list":["post-870","page","type-page","status-publish","hentry"],"acf":[],"yoast_head":"<!-- This site is optimized with the Yoast SEO Premium plugin v24.2 (Yoast SEO v27.1.1) - https:\/\/yoast.com\/product\/yoast-seo-premium-wordpress\/ -->\n<title>Bertolini Introduces The High Density Stacker | Bertolini Direct<\/title>\n<meta name=\"description\" content=\"Chino, CA\u2014June 20, 2014 Bertolini is please to introduce a new addition to their multi-purpose seating collection, The High Density Stacker. \u201cAt Bertolini\" \/>\n<meta name=\"robots\" content=\"index, follow, max-snippet:-1, max-image-preview:large, max-video-preview:-1\" \/>\n<link rel=\"canonical\" href=\"https:\/\/bertolinidirect.com\/es\/press\/high-density-stacker\/\" \/>\n<meta property=\"og:locale\" content=\"es_MX\" \/>\n<meta property=\"og:type\" content=\"article\" \/>\n<meta property=\"og:title\" content=\"Bertolini Introduces The High Density Stacker\" \/>\n<meta property=\"og:description\" content=\"Chino, CA\u2014June 20, 2014 Bertolini is please to introduce a new addition to their multi-purpose seating collection, The High Density Stacker. \u201cAt Bertolini\" \/>\n<meta property=\"og:url\" content=\"https:\/\/bertolinidirect.com\/es\/press\/high-density-stacker\/\" \/>\n<meta property=\"og:site_name\" content=\"Bertolini Direct\" \/>\n<meta property=\"article:modified_time\" content=\"2024-05-14T17:12:02+00:00\" \/>\n<meta name=\"twitter:card\" content=\"summary_large_image\" \/>\n<script type=\"application\/ld+json\" class=\"yoast-schema-graph\">{\"@context\":\"https:\/\/schema.org\",\"@graph\":[{\"@type\":\"WebPage\",\"@id\":\"https:\/\/bertolinidirect.com\/es\/press\/high-density-stacker\",\"url\":\"https:\/\/bertolinidirect.com\/es\/press\/high-density-stacker\",\"name\":\"Bertolini Introduces The High Density Stacker | Bertolini Direct\",\"isPartOf\":{\"@id\":\"https:\/\/bertolinidirect.com\/es\/#website\"},\"datePublished\":\"2014-06-20T21:20:00+00:00\",\"dateModified\":\"2024-05-14T17:12:02+00:00\",\"description\":\"Chino, CA\u2014June 20, 2014 Bertolini is please to introduce a new addition to their multi-purpose seating collection, The High Density Stacker. \u201cAt Bertolini\",\"breadcrumb\":{\"@id\":\"https:\/\/bertolinidirect.com\/es\/press\/high-density-stacker#breadcrumb\"},\"inLanguage\":\"es\",\"potentialAction\":[{\"@type\":\"ReadAction\",\"target\":[\"https:\/\/bertolinidirect.com\/es\/press\/high-density-stacker\"]}]},{\"@type\":\"BreadcrumbList\",\"@id\":\"https:\/\/bertolinidirect.com\/es\/press\/high-density-stacker#breadcrumb\",\"itemListElement\":[{\"@type\":\"ListItem\",\"position\":1,\"name\":\"Home\",\"item\":\"https:\/\/bertolinidirect.com\/\"},{\"@type\":\"ListItem\",\"position\":2,\"name\":\"Press &amp; News\",\"item\":\"https:\/\/bertolinidirect.com\/press\"},{\"@type\":\"ListItem\",\"position\":3,\"name\":\"Bertolini Introduces The High Density Stacker\"}]},{\"@type\":\"WebSite\",\"@id\":\"https:\/\/bertolinidirect.com\/es\/#website\",\"url\":\"https:\/\/bertolinidirect.com\/es\/\",\"name\":\"Bertolini\",\"description\":\"\",\"potentialAction\":[{\"@type\":\"SearchAction\",\"target\":{\"@type\":\"EntryPoint\",\"urlTemplate\":\"https:\/\/bertolinidirect.com\/es\/?s={search_term_string}\"},\"query-input\":{\"@type\":\"PropertyValueSpecification\",\"valueRequired\":true,\"valueName\":\"search_term_string\"}}],\"inLanguage\":\"es\"}]}<\/script>\n<!-- \/ Yoast SEO Premium plugin. -->","yoast_head_json":{"title":"Bertolini presenta el apilador de alta densidad | Bertolini Directo","description":"Chino, CA\u201420 de junio de 2014 Bertolini se complace en presentar una nueva incorporaci\u00f3n a su colecci\u00f3n de asientos multiusos, The High Density Stacker. \u201cEn Bertolini","robots":{"index":"index","follow":"follow","max-snippet":"max-snippet:-1","max-image-preview":"max-image-preview:large","max-video-preview":"max-video-preview:-1"},"canonical":"https:\/\/bertolinidirect.com\/es\/press\/high-density-stacker\/","og_locale":"es_MX","og_type":"article","og_title":"Bertolini Introduces The High Density Stacker","og_description":"Chino, CA\u2014June 20, 2014 Bertolini is please to introduce a new addition to their multi-purpose seating collection, The High Density Stacker. \u201cAt Bertolini","og_url":"https:\/\/bertolinidirect.com\/es\/press\/high-density-stacker\/","og_site_name":"Bertolini Direct","article_modified_time":"2024-05-14T17:12:02+00:00","twitter_card":"summary_large_image","schema":{"@context":"https:\/\/schema.org","@graph":[{"@type":"WebPage","@id":"https:\/\/bertolinidirect.com\/es\/press\/high-density-stacker","url":"https:\/\/bertolinidirect.com\/es\/press\/high-density-stacker","name":"Bertolini presenta el apilador de alta densidad | Bertolini Directo","isPartOf":{"@id":"https:\/\/bertolinidirect.com\/es\/#website"},"datePublished":"2014-06-20T21:20:00+00:00","dateModified":"2024-05-14T17:12:02+00:00","description":"Chino, CA\u201420 de junio de 2014 Bertolini se complace en presentar una nueva incorporaci\u00f3n a su colecci\u00f3n de asientos multiusos, The High Density Stacker. \u201cEn Bertolini","breadcrumb":{"@id":"https:\/\/bertolinidirect.com\/es\/press\/high-density-stacker#breadcrumb"},"inLanguage":"es","potentialAction":[{"@type":"ReadAction","target":["https:\/\/bertolinidirect.com\/es\/press\/high-density-stacker"]}]},{"@type":"BreadcrumbList","@id":"https:\/\/bertolinidirect.com\/es\/press\/high-density-stacker#breadcrumb","itemListElement":[{"@type":"ListItem","position":1,"name":"Home","item":"https:\/\/bertolinidirect.com\/"},{"@type":"ListItem","position":2,"name":"Press &amp; News","item":"https:\/\/bertolinidirect.com\/press"},{"@type":"ListItem","position":3,"name":"Bertolini Introduces The High Density Stacker"}]},{"@type":"WebSite","@id":"https:\/\/bertolinidirect.com\/es\/#website","url":"https:\/\/bertolinidirect.com\/es\/","name":"Bertolini","description":"","potentialAction":[{"@type":"SearchAction","target":{"@type":"EntryPoint","urlTemplate":"https:\/\/bertolinidirect.com\/es\/?s={search_term_string}"},"query-input":{"@type":"PropertyValueSpecification","valueRequired":true,"valueName":"search_term_string"}}],"inLanguage":"es"}]}},"_links":{"self":[{"href":"https:\/\/bertolinidirect.com\/es\/wp-json\/wp\/v2\/pages\/870","targetHints":{"allow":["GET"]}}],"collection":[{"href":"https:\/\/bertolinidirect.com\/es\/wp-json\/wp\/v2\/pages"}],"about":[{"href":"https:\/\/bertolinidirect.com\/es\/wp-json\/wp\/v2\/types\/page"}],"author":[{"embeddable":true,"href":"https:\/\/bertolinidirect.com\/es\/wp-json\/wp\/v2\/users\/1"}],"replies":[{"embeddable":true,"href":"https:\/\/bertolinidirect.com\/es\/wp-json\/wp\/v2\/comments?post=870"}],"version-history":[{"count":1,"href":"https:\/\/bertolinidirect.com\/es\/wp-json\/wp\/v2\/pages\/870\/revisions"}],"predecessor-version":[{"id":872,"href":"https:\/\/bertolinidirect.com\/es\/wp-json\/wp\/v2\/pages\/870\/revisions\/872"}],"up":[{"embeddable":true,"href":"https:\/\/bertolinidirect.com\/es\/wp-json\/wp\/v2\/pages\/762"}],"wp:attachment":[{"href":"https:\/\/bertolinidirect.com\/es\/wp-json\/wp\/v2\/media?parent=870"}],"curies":[{"name":"gracias","href":"https:\/\/api.w.org\/{rel}","templated":true}]}}