{"id":867,"date":"2014-06-12T21:19:00","date_gmt":"2014-06-12T21:19:00","guid":{"rendered":"https:\/\/bertolinidirect.com\/?page_id=867"},"modified":"2025-11-21T23:19:10","modified_gmt":"2025-11-21T23:19:10","slug":"card-pencil-holder","status":"publish","type":"page","link":"https:\/\/bertolinidirect.com\/es\/press\/card-pencil-holder","title":{"rendered":"Bertolini lanza un portal\u00e1pices con tarjeta pendiente de patente"},"content":{"rendered":"<p><strong>Chino, California\u201412 de junio de 2014<\/strong><\/p>\n\n\n\n<p>Bertolini se enorgullece de presentar su \u00faltima innovaci\u00f3n en accesorios para sillas de iglesia, el portal\u00e1pices para tarjetas pendiente de patente con dispensador de tarjetas de visita integrado y portavasos de comuni\u00f3n retr\u00e1ctil. Si bien los portal\u00e1pices existen desde hace un tiempo, Bertolini ha adoptado un enfoque nuevo y ha creado un accesorio para silla de iglesia que es verdaderamente innovador y extremadamente funcional.<\/p>\n\n\n\n<p>El portavasos de comuni\u00f3n se voltea hacia abajo para sostener copas de comuni\u00f3n y se levanta para mantener un perfil delgado que no interfiere con la apilabilidad de la silla de la iglesia. Frente al portavasos de comuni\u00f3n hay dos ranuras para l\u00e1pices para guardar l\u00e1pices o bol\u00edgrafos est\u00e1ndar, de tama\u00f1o golf y m\u00e1s grandes. El compartimento principal tiene mucho espacio y puede contener folletos grandes de tama\u00f1o completo de 8 y medio por 11, folletos m\u00e1s peque\u00f1os e incluso sobres. Para las iglesias que utilizan una invitaci\u00f3n del tama\u00f1o de una tarjeta de presentaci\u00f3n, hay una ranura dedicada para mantener esas invitaciones ordenadas y accesibles. &quot;Dise\u00f1ada y fabricada en EE. UU., Bertolini ha creado otro producto ganador de silla de iglesia&quot;, dice Chuck Horn, presidente de Bertolini Incorporated.<\/p>\n\n\n\n<p>El portavasos de comuni\u00f3n con l\u00e1piz de tarjeta adicional ya est\u00e1 disponible. Bertolini proporciona al cliente la descripci\u00f3n del producto, las especificaciones, el plazo de entrega y la informaci\u00f3n de garant\u00eda. Tambi\u00e9n est\u00e1 disponible un v\u00eddeo instructivo para guiar al cliente con instrucciones paso a paso sobre c\u00f3mo instalar el portal\u00e1pices en el respaldo de su silla de iglesia. Este producto tiene un n\u00famero de patente pendiente y debe presentar lo siguiente: Patente pendiente US61\/904,933.<\/p>\n\n\n\n<p>Bertolini es un l\u00edder en dise\u00f1o en el uso de sillas ergon\u00f3micamente correctas y su tecnolog\u00eda de dise\u00f1o de asientos Flex fit para iglesias. Sus sillas son ligeras y resistentes. Su experiencia en la fabricaci\u00f3n de asientos apilables de calidad y su compromiso con un servicio al cliente superior se ganan el reconocimiento de las congregaciones de todo el mundo.<\/p>","protected":false},"excerpt":{"rendered":"<p>Chino, CA\u2014June 12, 2014 Bertolini is proud to introduce its latest innovative in church chair accessories, the patent pending card pencil holder with integrated business card dispenser and retractable communion cup holder. While card pencil holders have been around for a while, Bertolini has taken a fresh approach and created a church chair accessory that [&hellip;]<\/p>\n","protected":false},"author":1,"featured_media":0,"parent":762,"menu_order":0,"comment_status":"closed","ping_status":"closed","template":"content-page.php","meta":{"_acf_changed":false,"footnotes":""},"class_list":["post-867","page","type-page","status-publish","hentry"],"acf":[],"yoast_head":"<!-- This site is optimized with the Yoast SEO Premium plugin v24.2 (Yoast SEO v27.1.1) - https:\/\/yoast.com\/product\/yoast-seo-premium-wordpress\/ -->\n<title>Bertolini Releases a Patent Pending Card Pencil Holder<\/title>\n<meta name=\"description\" content=\"Chino, CA\u2014June 12, 2014 Bertolini is proud to introduce its latest innovative in church chair accessories, the patent pending card pencil holder with\" \/>\n<meta name=\"robots\" content=\"index, follow, max-snippet:-1, max-image-preview:large, max-video-preview:-1\" \/>\n<link rel=\"canonical\" href=\"https:\/\/bertolinidirect.com\/es\/press\/card-pencil-holder\/\" \/>\n<meta property=\"og:locale\" content=\"es_MX\" \/>\n<meta property=\"og:type\" content=\"article\" \/>\n<meta property=\"og:title\" content=\"Bertolini Releases a Patent Pending Card Pencil Holder\" \/>\n<meta property=\"og:description\" content=\"Chino, CA\u2014June 12, 2014 Bertolini is proud to introduce its latest innovative in church chair accessories, the patent pending card pencil holder with\" \/>\n<meta property=\"og:url\" content=\"https:\/\/bertolinidirect.com\/es\/press\/card-pencil-holder\/\" \/>\n<meta property=\"og:site_name\" content=\"Bertolini Direct\" \/>\n<meta property=\"article:modified_time\" content=\"2025-11-21T23:19:10+00:00\" \/>\n<meta name=\"twitter:card\" content=\"summary_large_image\" \/>\n<script type=\"application\/ld+json\" class=\"yoast-schema-graph\">{\"@context\":\"https:\/\/schema.org\",\"@graph\":[{\"@type\":\"WebPage\",\"@id\":\"https:\/\/bertolinidirect.com\/es\/press\/card-pencil-holder\",\"url\":\"https:\/\/bertolinidirect.com\/es\/press\/card-pencil-holder\",\"name\":\"Bertolini Releases a Patent Pending Card Pencil Holder\",\"isPartOf\":{\"@id\":\"https:\/\/bertolinidirect.com\/es\/#website\"},\"datePublished\":\"2014-06-12T21:19:00+00:00\",\"dateModified\":\"2025-11-21T23:19:10+00:00\",\"description\":\"Chino, CA\u2014June 12, 2014 Bertolini is proud to introduce its latest innovative in church chair accessories, the patent pending card pencil holder with\",\"breadcrumb\":{\"@id\":\"https:\/\/bertolinidirect.com\/es\/press\/card-pencil-holder#breadcrumb\"},\"inLanguage\":\"es\",\"potentialAction\":[{\"@type\":\"ReadAction\",\"target\":[\"https:\/\/bertolinidirect.com\/es\/press\/card-pencil-holder\"]}]},{\"@type\":\"BreadcrumbList\",\"@id\":\"https:\/\/bertolinidirect.com\/es\/press\/card-pencil-holder#breadcrumb\",\"itemListElement\":[{\"@type\":\"ListItem\",\"position\":1,\"name\":\"Home\",\"item\":\"https:\/\/bertolinidirect.com\/\"},{\"@type\":\"ListItem\",\"position\":2,\"name\":\"Press &amp; News\",\"item\":\"https:\/\/bertolinidirect.com\/press\"},{\"@type\":\"ListItem\",\"position\":3,\"name\":\"Bertolini Releases a Patent Pending Card Pencil Holder\"}]},{\"@type\":\"WebSite\",\"@id\":\"https:\/\/bertolinidirect.com\/es\/#website\",\"url\":\"https:\/\/bertolinidirect.com\/es\/\",\"name\":\"Bertolini\",\"description\":\"\",\"potentialAction\":[{\"@type\":\"SearchAction\",\"target\":{\"@type\":\"EntryPoint\",\"urlTemplate\":\"https:\/\/bertolinidirect.com\/es\/?s={search_term_string}\"},\"query-input\":{\"@type\":\"PropertyValueSpecification\",\"valueRequired\":true,\"valueName\":\"search_term_string\"}}],\"inLanguage\":\"es\"}]}<\/script>\n<!-- \/ Yoast SEO Premium plugin. -->","yoast_head_json":{"title":"Bertolini lanza un portal\u00e1pices con tarjeta pendiente de patente","description":"Chino, CA\u201412 de junio de 2014 Bertolini se enorgullece de presentar su \u00faltima innovaci\u00f3n en accesorios para sillas de iglesia, el portal\u00e1pices con patente pendiente con","robots":{"index":"index","follow":"follow","max-snippet":"max-snippet:-1","max-image-preview":"max-image-preview:large","max-video-preview":"max-video-preview:-1"},"canonical":"https:\/\/bertolinidirect.com\/es\/press\/card-pencil-holder\/","og_locale":"es_MX","og_type":"article","og_title":"Bertolini Releases a Patent Pending Card Pencil Holder","og_description":"Chino, CA\u2014June 12, 2014 Bertolini is proud to introduce its latest innovative in church chair accessories, the patent pending card pencil holder with","og_url":"https:\/\/bertolinidirect.com\/es\/press\/card-pencil-holder\/","og_site_name":"Bertolini Direct","article_modified_time":"2025-11-21T23:19:10+00:00","twitter_card":"summary_large_image","schema":{"@context":"https:\/\/schema.org","@graph":[{"@type":"WebPage","@id":"https:\/\/bertolinidirect.com\/es\/press\/card-pencil-holder","url":"https:\/\/bertolinidirect.com\/es\/press\/card-pencil-holder","name":"Bertolini lanza un portal\u00e1pices con tarjeta pendiente de patente","isPartOf":{"@id":"https:\/\/bertolinidirect.com\/es\/#website"},"datePublished":"2014-06-12T21:19:00+00:00","dateModified":"2025-11-21T23:19:10+00:00","description":"Chino, CA\u201412 de junio de 2014 Bertolini se enorgullece de presentar su \u00faltima innovaci\u00f3n en accesorios para sillas de iglesia, el portal\u00e1pices con patente pendiente con","breadcrumb":{"@id":"https:\/\/bertolinidirect.com\/es\/press\/card-pencil-holder#breadcrumb"},"inLanguage":"es","potentialAction":[{"@type":"ReadAction","target":["https:\/\/bertolinidirect.com\/es\/press\/card-pencil-holder"]}]},{"@type":"BreadcrumbList","@id":"https:\/\/bertolinidirect.com\/es\/press\/card-pencil-holder#breadcrumb","itemListElement":[{"@type":"ListItem","position":1,"name":"Home","item":"https:\/\/bertolinidirect.com\/"},{"@type":"ListItem","position":2,"name":"Press &amp; News","item":"https:\/\/bertolinidirect.com\/press"},{"@type":"ListItem","position":3,"name":"Bertolini Releases a Patent Pending Card Pencil Holder"}]},{"@type":"WebSite","@id":"https:\/\/bertolinidirect.com\/es\/#website","url":"https:\/\/bertolinidirect.com\/es\/","name":"Bertolini","description":"","potentialAction":[{"@type":"SearchAction","target":{"@type":"EntryPoint","urlTemplate":"https:\/\/bertolinidirect.com\/es\/?s={search_term_string}"},"query-input":{"@type":"PropertyValueSpecification","valueRequired":true,"valueName":"search_term_string"}}],"inLanguage":"es"}]}},"_links":{"self":[{"href":"https:\/\/bertolinidirect.com\/es\/wp-json\/wp\/v2\/pages\/867","targetHints":{"allow":["GET"]}}],"collection":[{"href":"https:\/\/bertolinidirect.com\/es\/wp-json\/wp\/v2\/pages"}],"about":[{"href":"https:\/\/bertolinidirect.com\/es\/wp-json\/wp\/v2\/types\/page"}],"author":[{"embeddable":true,"href":"https:\/\/bertolinidirect.com\/es\/wp-json\/wp\/v2\/users\/1"}],"replies":[{"embeddable":true,"href":"https:\/\/bertolinidirect.com\/es\/wp-json\/wp\/v2\/comments?post=867"}],"version-history":[{"count":1,"href":"https:\/\/bertolinidirect.com\/es\/wp-json\/wp\/v2\/pages\/867\/revisions"}],"predecessor-version":[{"id":868,"href":"https:\/\/bertolinidirect.com\/es\/wp-json\/wp\/v2\/pages\/867\/revisions\/868"}],"up":[{"embeddable":true,"href":"https:\/\/bertolinidirect.com\/es\/wp-json\/wp\/v2\/pages\/762"}],"wp:attachment":[{"href":"https:\/\/bertolinidirect.com\/es\/wp-json\/wp\/v2\/media?parent=867"}],"curies":[{"name":"gracias","href":"https:\/\/api.w.org\/{rel}","templated":true}]}}