{"id":863,"date":"2014-03-22T21:16:00","date_gmt":"2014-03-22T21:16:00","guid":{"rendered":"https:\/\/bertolinidirect.com\/?page_id=863"},"modified":"2026-01-29T15:39:40","modified_gmt":"2026-01-29T15:39:40","slug":"sustainability-training","status":"publish","type":"page","link":"https:\/\/bertolinidirect.com\/es\/press\/sustainability-training","title":{"rendered":"Bertolini lanza programa de formaci\u00f3n en sostenibilidad para empleados"},"content":{"rendered":"<p><strong>Chino, California\u201422 de marzo de 2014<\/strong><\/p>\n\n\n\n<p>Bertolini Inc. ha dado un gran paso adelante con el lanzamiento de su Programa de Formaci\u00f3n en Sostenibilidad para Empleados. Su primera sesi\u00f3n de capacitaci\u00f3n se llev\u00f3 a cabo en su sede corporativa en Chino, CA. Esta fue una prueba para lanzar el programa en toda la empresa. La primera sesi\u00f3n de formaci\u00f3n fue una exitosa visi\u00f3n general de la Sostenibilidad que tiene cada silla Bertolini construida a pedido.<\/p>\n\n\n\n<p>Cada silla Bertolini, hecha a medida, se fabrica con materiales de origen local. Desde la estructura de acero laminado en fr\u00edo de calibre 16, fabricada con acero 100% reciclable de fabricaci\u00f3n estadounidense, hasta el ASIENTO FLEX-FIT\u2122 MOLDEADO POR SOPLADO (pendiente de patente), fabricado con entre 30 y 50% de materiales reciclados postindustriales, y la base original del respaldo Ergo-V, fabricada con pol\u00edmeros ABS reciclados preconsumo\/postindustriales. Bertolini Inc. tambi\u00e9n colabora con uno de los principales productores estadounidenses de espuma de amortiguaci\u00f3n, utilizando sus productos de espuma de origen biol\u00f3gico. Estos productos de espuma de amortiguaci\u00f3n tienen una menor huella ambiental en comparaci\u00f3n con las espumas tradicionales elaboradas con derivados del petr\u00f3leo, son totalmente reciclables, no contienen los controvertidos PBDE (\u00e9teres de difenilo polibromados) y se producen sin fluorocarbonos clorados.<\/p>\n\n\n\n<p>El programa de capacitaci\u00f3n incluye recursos internos en profundidad y se llevar\u00e1 a cabo trimestralmente. Los empleados ser\u00e1n capacitados en:<\/p>\n\n\n\n<ul class=\"wp-block-list\">\n<li>Iniciativas para volverse ecol\u00f3gico<\/li>\n\n\n\n<li>Pol\u00edtica de medio ambiente<\/li>\n\n\n\n<li>Programa de reciclaje<\/li>\n\n\n\n<li>Programa de fin de vida \u00fatil del producto<\/li>\n\n\n\n<li>Pol\u00edtica de Responsabilidad Social y<\/li>\n\n\n\n<li>Haga una sugerencia sostenible<\/li>\n<\/ul>\n\n\n\n<p>Bertolini Inc. anima a sus empleados a ser creativos y presentar sus mejores ideas. Al hacerlo, como empresa, crear\u00e1n un ma\u00f1ana m\u00e1s sostenible.<\/p>\n\n\n\n<p>&quot;El objetivo de nuestra empresa es aumentar la conciencia y reducir nuestra huella de carbono al comprometernos a utilizar recursos para construir una fuerza laboral sana y educada, cuidar el medio ambiente para el futuro y apoyar misiones en todo el mundo&quot;, dice Jeff Sladick, Director de Ventas de la Divisi\u00f3n Hospitality de Bertolini Inc.<\/p>","protected":false},"excerpt":{"rendered":"<p>Chino, CA\u2014March 22, 2014 Bertolini Inc. has made a big leap forward with the launch of their Sustainability Training Program for Employees. Their first training session was held at their corporate headquarters in Chino, CA. This was a trial for launching the program company wide. The first training session was a successful overview of the [&hellip;]<\/p>\n","protected":false},"author":1,"featured_media":0,"parent":762,"menu_order":0,"comment_status":"closed","ping_status":"closed","template":"content-page.php","meta":{"_acf_changed":false,"footnotes":""},"class_list":["post-863","page","type-page","status-publish","hentry"],"acf":[],"yoast_head":"<!-- This site is optimized with the Yoast SEO Premium plugin v24.2 (Yoast SEO v27.4) - https:\/\/yoast.com\/product\/yoast-seo-premium-wordpress\/ -->\n<title>Bertolini Launches Sustainability Training Program for Employees<\/title>\n<meta name=\"description\" content=\"Chino, CA\u2014March 22, 2014 Bertolini Inc. has made a big leap forward with the launch of their Sustainability Training Program for Employees. Their first\" \/>\n<meta name=\"robots\" content=\"index, follow, max-snippet:-1, max-image-preview:large, max-video-preview:-1\" \/>\n<link rel=\"canonical\" href=\"https:\/\/bertolinidirect.com\/es\/press\/sustainability-training\/\" \/>\n<meta property=\"og:locale\" content=\"es_MX\" \/>\n<meta property=\"og:type\" content=\"article\" \/>\n<meta property=\"og:title\" content=\"Bertolini Launches Sustainability Training Program for Employees\" \/>\n<meta property=\"og:description\" content=\"Chino, CA\u2014March 22, 2014 Bertolini Inc. has made a big leap forward with the launch of their Sustainability Training Program for Employees. Their first\" \/>\n<meta property=\"og:url\" content=\"https:\/\/bertolinidirect.com\/es\/press\/sustainability-training\/\" \/>\n<meta property=\"og:site_name\" content=\"Bertolini Direct\" \/>\n<meta property=\"article:modified_time\" content=\"2026-01-29T15:39:40+00:00\" \/>\n<meta name=\"twitter:card\" content=\"summary_large_image\" \/>\n<script type=\"application\/ld+json\" class=\"yoast-schema-graph\">{\"@context\":\"https:\\\/\\\/schema.org\",\"@graph\":[{\"@type\":\"WebPage\",\"@id\":\"https:\\\/\\\/bertolinidirect.com\\\/es\\\/press\\\/sustainability-training\",\"url\":\"https:\\\/\\\/bertolinidirect.com\\\/es\\\/press\\\/sustainability-training\",\"name\":\"Bertolini Launches Sustainability Training Program for Employees\",\"isPartOf\":{\"@id\":\"https:\\\/\\\/bertolinidirect.com\\\/es\\\/#website\"},\"datePublished\":\"2014-03-22T21:16:00+00:00\",\"dateModified\":\"2026-01-29T15:39:40+00:00\",\"description\":\"Chino, CA\u2014March 22, 2014 Bertolini Inc. has made a big leap forward with the launch of their Sustainability Training Program for Employees. Their first\",\"breadcrumb\":{\"@id\":\"https:\\\/\\\/bertolinidirect.com\\\/es\\\/press\\\/sustainability-training#breadcrumb\"},\"inLanguage\":\"es\",\"potentialAction\":[{\"@type\":\"ReadAction\",\"target\":[\"https:\\\/\\\/bertolinidirect.com\\\/es\\\/press\\\/sustainability-training\"]}]},{\"@type\":\"BreadcrumbList\",\"@id\":\"https:\\\/\\\/bertolinidirect.com\\\/es\\\/press\\\/sustainability-training#breadcrumb\",\"itemListElement\":[{\"@type\":\"ListItem\",\"position\":1,\"name\":\"Home\",\"item\":\"https:\\\/\\\/bertolinidirect.com\\\/\"},{\"@type\":\"ListItem\",\"position\":2,\"name\":\"Press &amp; News\",\"item\":\"https:\\\/\\\/bertolinidirect.com\\\/press\"},{\"@type\":\"ListItem\",\"position\":3,\"name\":\"Bertolini Launches Sustainability Training Program for Employees\"}]},{\"@type\":\"WebSite\",\"@id\":\"https:\\\/\\\/bertolinidirect.com\\\/es\\\/#website\",\"url\":\"https:\\\/\\\/bertolinidirect.com\\\/es\\\/\",\"name\":\"Bertolini\",\"description\":\"\",\"potentialAction\":[{\"@type\":\"SearchAction\",\"target\":{\"@type\":\"EntryPoint\",\"urlTemplate\":\"https:\\\/\\\/bertolinidirect.com\\\/es\\\/?s={search_term_string}\"},\"query-input\":{\"@type\":\"PropertyValueSpecification\",\"valueRequired\":true,\"valueName\":\"search_term_string\"}}],\"inLanguage\":\"es\"}]}<\/script>\n<!-- \/ Yoast SEO Premium plugin. -->","yoast_head_json":{"title":"Bertolini lanza programa de formaci\u00f3n en sostenibilidad para empleados","description":"Chino, CA\u201422 de marzo de 2014 Bertolini Inc. ha dado un gran paso adelante con el lanzamiento de su Programa de Capacitaci\u00f3n en Sostenibilidad para Empleados. Su primer","robots":{"index":"index","follow":"follow","max-snippet":"max-snippet:-1","max-image-preview":"max-image-preview:large","max-video-preview":"max-video-preview:-1"},"canonical":"https:\/\/bertolinidirect.com\/es\/press\/sustainability-training\/","og_locale":"es_MX","og_type":"article","og_title":"Bertolini Launches Sustainability Training Program for Employees","og_description":"Chino, CA\u2014March 22, 2014 Bertolini Inc. has made a big leap forward with the launch of their Sustainability Training Program for Employees. Their first","og_url":"https:\/\/bertolinidirect.com\/es\/press\/sustainability-training\/","og_site_name":"Bertolini Direct","article_modified_time":"2026-01-29T15:39:40+00:00","twitter_card":"summary_large_image","schema":{"@context":"https:\/\/schema.org","@graph":[{"@type":"WebPage","@id":"https:\/\/bertolinidirect.com\/es\/press\/sustainability-training","url":"https:\/\/bertolinidirect.com\/es\/press\/sustainability-training","name":"Bertolini lanza programa de formaci\u00f3n en sostenibilidad para empleados","isPartOf":{"@id":"https:\/\/bertolinidirect.com\/es\/#website"},"datePublished":"2014-03-22T21:16:00+00:00","dateModified":"2026-01-29T15:39:40+00:00","description":"Chino, CA\u201422 de marzo de 2014 Bertolini Inc. ha dado un gran paso adelante con el lanzamiento de su Programa de Capacitaci\u00f3n en Sostenibilidad para Empleados. Su primer","breadcrumb":{"@id":"https:\/\/bertolinidirect.com\/es\/press\/sustainability-training#breadcrumb"},"inLanguage":"es","potentialAction":[{"@type":"ReadAction","target":["https:\/\/bertolinidirect.com\/es\/press\/sustainability-training"]}]},{"@type":"BreadcrumbList","@id":"https:\/\/bertolinidirect.com\/es\/press\/sustainability-training#breadcrumb","itemListElement":[{"@type":"ListItem","position":1,"name":"Home","item":"https:\/\/bertolinidirect.com\/"},{"@type":"ListItem","position":2,"name":"Press &amp; News","item":"https:\/\/bertolinidirect.com\/press"},{"@type":"ListItem","position":3,"name":"Bertolini Launches Sustainability Training Program for Employees"}]},{"@type":"WebSite","@id":"https:\/\/bertolinidirect.com\/es\/#website","url":"https:\/\/bertolinidirect.com\/es\/","name":"Bertolini","description":"","potentialAction":[{"@type":"SearchAction","target":{"@type":"EntryPoint","urlTemplate":"https:\/\/bertolinidirect.com\/es\/?s={search_term_string}"},"query-input":{"@type":"PropertyValueSpecification","valueRequired":true,"valueName":"search_term_string"}}],"inLanguage":"es"}]}},"_links":{"self":[{"href":"https:\/\/bertolinidirect.com\/es\/wp-json\/wp\/v2\/pages\/863","targetHints":{"allow":["GET"]}}],"collection":[{"href":"https:\/\/bertolinidirect.com\/es\/wp-json\/wp\/v2\/pages"}],"about":[{"href":"https:\/\/bertolinidirect.com\/es\/wp-json\/wp\/v2\/types\/page"}],"author":[{"embeddable":true,"href":"https:\/\/bertolinidirect.com\/es\/wp-json\/wp\/v2\/users\/1"}],"replies":[{"embeddable":true,"href":"https:\/\/bertolinidirect.com\/es\/wp-json\/wp\/v2\/comments?post=863"}],"version-history":[{"count":3,"href":"https:\/\/bertolinidirect.com\/es\/wp-json\/wp\/v2\/pages\/863\/revisions"}],"predecessor-version":[{"id":24706,"href":"https:\/\/bertolinidirect.com\/es\/wp-json\/wp\/v2\/pages\/863\/revisions\/24706"}],"up":[{"embeddable":true,"href":"https:\/\/bertolinidirect.com\/es\/wp-json\/wp\/v2\/pages\/762"}],"wp:attachment":[{"href":"https:\/\/bertolinidirect.com\/es\/wp-json\/wp\/v2\/media?parent=863"}],"curies":[{"name":"gracias","href":"https:\/\/api.w.org\/{rel}","templated":true}]}}