{"id":856,"date":"2013-09-10T21:13:00","date_gmt":"2013-09-10T21:13:00","guid":{"rendered":"https:\/\/bertolinidirect.com\/?page_id=856"},"modified":"2024-05-16T20:36:14","modified_gmt":"2024-05-16T20:36:14","slug":"new-consumer-alert","status":"publish","type":"page","link":"https:\/\/bertolinidirect.com\/es\/press\/new-consumer-alert","title":{"rendered":"Bertolini anunci\u00f3 una nueva alerta al consumidor sobre lo que debe saber antes de comprar una silla de iglesia importada"},"content":{"rendered":"<p><strong>Chino, California\u201410 de septiembre de 2013<\/strong><\/p>\n\n\n\n<p>El mercado actual de sillas de iglesia est\u00e1 inundado de sillas importadas de baja calidad vendidas a trav\u00e9s de Internet desde f\u00e1bricas mal reguladas en Asia. Las sillas m\u00e1s populares y econ\u00f3micas llegan sin montar. El consumidor debe instalar los respaldos antes de su uso.<\/p>\n\n\n\n<p>La mayor\u00eda de las sillas de iglesia que se venden hoy en d\u00eda y que cuestan menos de $40 e incluso algunas de las de mayor precio se importan de regiones de Asia. La calidad de estas sillas var\u00eda seg\u00fan el fabricante y los controles establecidos por el corredor o el importador. Si bien una peque\u00f1a minor\u00eda tiene una calidad aceptable, la mayor\u00eda est\u00e1 dise\u00f1ada para superar el proceso de venta y el primer a\u00f1o de uso antes de desmoronarse. Utilizan materiales de baja calidad, como espumas con rellenos, telas livianas, pinturas de mala calidad y componentes fabricados a bajo costo para garantizar que el precio pagado por el intermediario se mantenga extremadamente bajo y su margen de beneficio muy alto. Las iglesias que compran sillas de este tipo descubren muy pronto que recibieron mucho menos silla de lo que pagaron. Una alerta al consumidor elaborada para iglesias por Bertolini analiza los hechos sobre lo que debe saber antes de comprar sillas de iglesia importadas y las empresas que las venden.<\/p>\n\n\n\n<p>Estos son los riesgos t\u00edpicos asociados con la compra de una silla de iglesia importada en un minorista en l\u00ednea:<\/p>\n\n\n\n<ul class=\"wp-block-list\">\n<li>Pueden tener acabados que contengan plomo.<\/li>\n\n\n\n<li>Suelen estar fabricados con materiales cuestionables.<\/li>\n\n\n\n<li>Les falta atenci\u00f3n al detalle que crea calidad est\u00e9tica.<\/li>\n\n\n\n<li>Pueden contener espuma que no cumple con los c\u00f3digos de incendio locales.<\/li>\n\n\n\n<li>No est\u00e1n regulados por motivos de salud y seguridad.<\/li>\n\n\n\n<li>Pueden contener formaldeh\u00eddo y generar emisiones de gases nocivas para la salud.<\/li>\n\n\n\n<li>Puede ser dif\u00edcil igualarlos, reemplazarlos u obtener servicio para ellos.<\/li>\n<\/ul>\n\n\n\n<p>El impacto medioambiental negativo de las sillas importadas es terrible. China sigue siendo el mayor emisor de gases contaminantes de efecto invernadero del mundo. Las f\u00e1bricas chinas tienen p\u00e9simos registros de seguridad de los empleados, y eso no es todo. El riesgo que corre un consumidor con los productos fabricados en China es la falta de regulaci\u00f3n (formaldeh\u00eddo, plomo, etc.) y la falta de una calidad constante. Que estos riesgos sean un problema realmente depende de la empresa que importa el producto. \u00bfTienen la integridad para velar por el bienestar de sus clientes, o se trata de maximizar las ganancias minimizando los costos a expensas del cliente? \u00bfExiste una diferencia real entre las sillas fabricadas en Estados Unidos y las importadas de otros lugares? S\u00ed, existe riesgo para la salud, calidad, orgullo por la mano de obra y garant\u00eda del producto.<\/p>\n\n\n\n<p>&quot;Aqu\u00ed en Bertolini Inc. recomendamos encarecidamente al consumidor que realice una investigaci\u00f3n exhaustiva y haga preguntas antes de comprar sillas para sus instalaciones&quot;, dice Chuck Horn, presidente de Bertolini Inc.<\/p>","protected":false},"excerpt":{"rendered":"<p>Chino, CA\u2014September 10, 2013 The church chair market today is flooded with low-quality import chairs sold via the internet from poorly regulated factories in Asia. The most popular of the low-cost chairs arrive unassembled. A consumer has to install the backs prior to use. Most church chairs sold today that are less than $40 and [&hellip;]<\/p>\n","protected":false},"author":1,"featured_media":0,"parent":762,"menu_order":0,"comment_status":"closed","ping_status":"closed","template":"content-page.php","meta":{"_acf_changed":false,"footnotes":""},"class_list":["post-856","page","type-page","status-publish","hentry"],"acf":[],"yoast_head":"<!-- This site is optimized with the Yoast SEO Premium plugin v24.2 (Yoast SEO v27.1.1) - https:\/\/yoast.com\/product\/yoast-seo-premium-wordpress\/ -->\n<title>What to Know Before Purchasing Imported Church Chair<\/title>\n<meta name=\"description\" content=\"Chino, CA\u2014September 10, 2013 The church chair market today is flooded with low-quality import chairs sold via the internet from poorly regulated factories\" \/>\n<meta name=\"robots\" content=\"index, follow, max-snippet:-1, max-image-preview:large, max-video-preview:-1\" \/>\n<link rel=\"canonical\" href=\"https:\/\/bertolinidirect.com\/es\/press\/new-consumer-alert\/\" \/>\n<meta property=\"og:locale\" content=\"es_MX\" \/>\n<meta property=\"og:type\" content=\"article\" \/>\n<meta property=\"og:title\" content=\"Bertolini Announced a New Consumer Alert on What to Know Before Purchasing Imported Church Chair\" \/>\n<meta property=\"og:description\" content=\"Chino, CA\u2014September 10, 2013 The church chair market today is flooded with low-quality import chairs sold via the internet from poorly regulated factories\" \/>\n<meta property=\"og:url\" content=\"https:\/\/bertolinidirect.com\/es\/press\/new-consumer-alert\/\" \/>\n<meta property=\"og:site_name\" content=\"Bertolini Direct\" \/>\n<meta property=\"article:modified_time\" content=\"2024-05-16T20:36:14+00:00\" \/>\n<meta name=\"twitter:card\" content=\"summary_large_image\" \/>\n<script type=\"application\/ld+json\" class=\"yoast-schema-graph\">{\"@context\":\"https:\/\/schema.org\",\"@graph\":[{\"@type\":\"WebPage\",\"@id\":\"https:\/\/bertolinidirect.com\/es\/press\/new-consumer-alert\",\"url\":\"https:\/\/bertolinidirect.com\/es\/press\/new-consumer-alert\",\"name\":\"What to Know Before Purchasing Imported Church Chair\",\"isPartOf\":{\"@id\":\"https:\/\/bertolinidirect.com\/es\/#website\"},\"datePublished\":\"2013-09-10T21:13:00+00:00\",\"dateModified\":\"2024-05-16T20:36:14+00:00\",\"description\":\"Chino, CA\u2014September 10, 2013 The church chair market today is flooded with low-quality import chairs sold via the internet from poorly regulated factories\",\"breadcrumb\":{\"@id\":\"https:\/\/bertolinidirect.com\/es\/press\/new-consumer-alert#breadcrumb\"},\"inLanguage\":\"es\",\"potentialAction\":[{\"@type\":\"ReadAction\",\"target\":[\"https:\/\/bertolinidirect.com\/es\/press\/new-consumer-alert\"]}]},{\"@type\":\"BreadcrumbList\",\"@id\":\"https:\/\/bertolinidirect.com\/es\/press\/new-consumer-alert#breadcrumb\",\"itemListElement\":[{\"@type\":\"ListItem\",\"position\":1,\"name\":\"Home\",\"item\":\"https:\/\/bertolinidirect.com\/\"},{\"@type\":\"ListItem\",\"position\":2,\"name\":\"Press &amp; News\",\"item\":\"https:\/\/bertolinidirect.com\/press\"},{\"@type\":\"ListItem\",\"position\":3,\"name\":\"Bertolini Announced a New Consumer Alert on What to Know Before Purchasing Imported Church Chair\"}]},{\"@type\":\"WebSite\",\"@id\":\"https:\/\/bertolinidirect.com\/es\/#website\",\"url\":\"https:\/\/bertolinidirect.com\/es\/\",\"name\":\"Bertolini\",\"description\":\"\",\"potentialAction\":[{\"@type\":\"SearchAction\",\"target\":{\"@type\":\"EntryPoint\",\"urlTemplate\":\"https:\/\/bertolinidirect.com\/es\/?s={search_term_string}\"},\"query-input\":{\"@type\":\"PropertyValueSpecification\",\"valueRequired\":true,\"valueName\":\"search_term_string\"}}],\"inLanguage\":\"es\"}]}<\/script>\n<!-- \/ Yoast SEO Premium plugin. -->","yoast_head_json":{"title":"Lo que debe saber antes de comprar una silla de iglesia importada","description":"Chino, CA\u201410 de septiembre de 2013 El mercado actual de sillas de iglesia est\u00e1 inundado de sillas importadas de baja calidad vendidas a trav\u00e9s de Internet desde f\u00e1bricas mal reguladas.","robots":{"index":"index","follow":"follow","max-snippet":"max-snippet:-1","max-image-preview":"max-image-preview:large","max-video-preview":"max-video-preview:-1"},"canonical":"https:\/\/bertolinidirect.com\/es\/press\/new-consumer-alert\/","og_locale":"es_MX","og_type":"article","og_title":"Bertolini Announced a New Consumer Alert on What to Know Before Purchasing Imported Church Chair","og_description":"Chino, CA\u2014September 10, 2013 The church chair market today is flooded with low-quality import chairs sold via the internet from poorly regulated factories","og_url":"https:\/\/bertolinidirect.com\/es\/press\/new-consumer-alert\/","og_site_name":"Bertolini Direct","article_modified_time":"2024-05-16T20:36:14+00:00","twitter_card":"summary_large_image","schema":{"@context":"https:\/\/schema.org","@graph":[{"@type":"WebPage","@id":"https:\/\/bertolinidirect.com\/es\/press\/new-consumer-alert","url":"https:\/\/bertolinidirect.com\/es\/press\/new-consumer-alert","name":"Lo que debe saber antes de comprar una silla de iglesia importada","isPartOf":{"@id":"https:\/\/bertolinidirect.com\/es\/#website"},"datePublished":"2013-09-10T21:13:00+00:00","dateModified":"2024-05-16T20:36:14+00:00","description":"Chino, CA\u201410 de septiembre de 2013 El mercado actual de sillas de iglesia est\u00e1 inundado de sillas importadas de baja calidad vendidas a trav\u00e9s de Internet desde f\u00e1bricas mal reguladas.","breadcrumb":{"@id":"https:\/\/bertolinidirect.com\/es\/press\/new-consumer-alert#breadcrumb"},"inLanguage":"es","potentialAction":[{"@type":"ReadAction","target":["https:\/\/bertolinidirect.com\/es\/press\/new-consumer-alert"]}]},{"@type":"BreadcrumbList","@id":"https:\/\/bertolinidirect.com\/es\/press\/new-consumer-alert#breadcrumb","itemListElement":[{"@type":"ListItem","position":1,"name":"Home","item":"https:\/\/bertolinidirect.com\/"},{"@type":"ListItem","position":2,"name":"Press &amp; News","item":"https:\/\/bertolinidirect.com\/press"},{"@type":"ListItem","position":3,"name":"Bertolini Announced a New Consumer Alert on What to Know Before Purchasing Imported Church Chair"}]},{"@type":"WebSite","@id":"https:\/\/bertolinidirect.com\/es\/#website","url":"https:\/\/bertolinidirect.com\/es\/","name":"Bertolini","description":"","potentialAction":[{"@type":"SearchAction","target":{"@type":"EntryPoint","urlTemplate":"https:\/\/bertolinidirect.com\/es\/?s={search_term_string}"},"query-input":{"@type":"PropertyValueSpecification","valueRequired":true,"valueName":"search_term_string"}}],"inLanguage":"es"}]}},"_links":{"self":[{"href":"https:\/\/bertolinidirect.com\/es\/wp-json\/wp\/v2\/pages\/856","targetHints":{"allow":["GET"]}}],"collection":[{"href":"https:\/\/bertolinidirect.com\/es\/wp-json\/wp\/v2\/pages"}],"about":[{"href":"https:\/\/bertolinidirect.com\/es\/wp-json\/wp\/v2\/types\/page"}],"author":[{"embeddable":true,"href":"https:\/\/bertolinidirect.com\/es\/wp-json\/wp\/v2\/users\/1"}],"replies":[{"embeddable":true,"href":"https:\/\/bertolinidirect.com\/es\/wp-json\/wp\/v2\/comments?post=856"}],"version-history":[{"count":1,"href":"https:\/\/bertolinidirect.com\/es\/wp-json\/wp\/v2\/pages\/856\/revisions"}],"predecessor-version":[{"id":857,"href":"https:\/\/bertolinidirect.com\/es\/wp-json\/wp\/v2\/pages\/856\/revisions\/857"}],"up":[{"embeddable":true,"href":"https:\/\/bertolinidirect.com\/es\/wp-json\/wp\/v2\/pages\/762"}],"wp:attachment":[{"href":"https:\/\/bertolinidirect.com\/es\/wp-json\/wp\/v2\/media?parent=856"}],"curies":[{"name":"gracias","href":"https:\/\/api.w.org\/{rel}","templated":true}]}}