{"id":852,"date":"2013-07-01T21:09:00","date_gmt":"2013-07-01T21:09:00","guid":{"rendered":"https:\/\/bertolinidirect.com\/?page_id=852"},"modified":"2024-05-16T20:34:54","modified_gmt":"2024-05-16T20:34:54","slug":"new-education-initiative","status":"publish","type":"page","link":"https:\/\/bertolinidirect.com\/es\/press\/new-education-initiative","title":{"rendered":"Bertolini anunci\u00f3 una nueva iniciativa de educaci\u00f3n del consumidor sobre calidad y c\u00e1tedras de iglesias"},"content":{"rendered":"<p><strong>Chino, California\u201431 de julio de 2013<\/strong><\/p>\n\n\n\n<p>&quot;Solo toma un minuto en l\u00ednea para descubrir que el mercado de sillas de iglesia se ha disparado con opciones de bajo costo para el consumidor&quot;, dijo Ray Wheeler, Director de Ventas Globales de Bertolini. \u201cEntendemos la tendencia especialmente a la luz de las limitaciones financieras que muchas iglesias experimentaron en la \u00faltima recesi\u00f3n. Sin embargo, queremos que las iglesias sean conscientes de los peligros inherentes a la compra de sillas de bajo costo\u201d.<\/p>\n\n\n\n<p>Los videos y estudios impresos elaborados por Bertolini para las iglesias discuten los peligros del formaldeh\u00eddo y el costo de la baja calidad. Los materiales de educaci\u00f3n del consumidor de Bertolini son gratuitos y verificables.<\/p>\n\n\n\n<p>El mercado actual de sillas de iglesia est\u00e1 inundado de sillas importadas de baja calidad vendidas a trav\u00e9s de Internet desde f\u00e1bricas mal reguladas en Asia. Las sillas m\u00e1s populares y econ\u00f3micas llegan sin montar. El consumidor debe instalar los respaldos antes de su uso.<\/p>\n\n\n\n<p>Bas\u00e1ndose en comentarios no solicitados de los consumidores, Bertolini ha documentado que la vida \u00fatil de estas sillas de bajo coste es inferior a cuatro a\u00f1os. En las fotograf\u00edas enviadas por consumidores que compraron en l\u00ednea sillas importadas de bajo costo, la tela de la tapicer\u00eda parece haberse desintegrado literalmente del asiento de la silla, dejando al descubierto la espuma en bruto.<\/p>\n\n\n\n<p>&quot;La vida \u00fatil de un producto es un factor cr\u00edtico que se debe incluir al calcular el costo real de la compra de una silla&quot;, dijo el Dr. Wheeler. &quot;No significa nada ahorrar entre cinco y quince d\u00f3lares por silla si hay que reemplazarlas cada tres o cuatro a\u00f1os&quot;.<\/p>\n\n\n\n<p>Bertolini escucha los comentarios de los consumidores, pero la base de su material educativo en realidad surge de sus propias pruebas rigurosas de productos. Bertolini estableci\u00f3 su propio conjunto de est\u00e1ndares de prueba que denominan pruebas de cumplimiento y est\u00e1ndares internos de Bertolini (BISC). Los est\u00e1ndares de prueba de BISC superan con creces los est\u00e1ndares voluntarios m\u00ednimos de la Asociaci\u00f3n de Fabricantes de Mobiliario Empresarial e Institucional (BIFMA) para entornos y productos seguros, saludables y sostenibles.<\/p>\n\n\n\n<p>Bertolini somete a las sillas de su competencia a las mismas pruebas BISC que utiliza para su propio producto. Las sillas importadas probadas por Bertolini no superan las pruebas BISC.<\/p>\n\n\n\n<p>Cualquier congregaci\u00f3n que est\u00e9 considerando comprar sillas para iglesia deber\u00eda hacerse un favor al permitir que el equipo de Bertolini le informe sobre las sillas antes de realizar la compra.<\/p>\n\n\n\n<p>Bertolini es un l\u00edder en dise\u00f1o en el uso de sillas ergon\u00f3micamente correctas y su tecnolog\u00eda de dise\u00f1o de asientos Flex fit para iglesias. Sus sillas son ligeras y resistentes. Su experiencia en la fabricaci\u00f3n de asientos apilables de calidad y su compromiso con un servicio al cliente superior se ganan el reconocimiento de las congregaciones de todo el mundo.<\/p>","protected":false},"excerpt":{"rendered":"<p>Chino, CA\u2014July 31, 2013 \u201cIt only takes a minute online to discover that the market for church chairs has exploded with low-cost options for the consumer,\u201d said Ray Wheeler, Director of Global Sales at Bertolini. \u201cWe understand the trend especially in light of the financial constraints many churches experienced in the last recession. However, we [&hellip;]<\/p>\n","protected":false},"author":1,"featured_media":0,"parent":762,"menu_order":0,"comment_status":"closed","ping_status":"closed","template":"content-page.php","meta":{"_acf_changed":false,"footnotes":""},"class_list":["post-852","page","type-page","status-publish","hentry"],"acf":[],"yoast_head":"<!-- This site is optimized with the Yoast SEO Premium plugin v24.2 (Yoast SEO v27.1.1) - https:\/\/yoast.com\/product\/yoast-seo-premium-wordpress\/ -->\n<title>Bertolini Announced a New Consumer Education Initiative<\/title>\n<meta name=\"description\" content=\"Chino, CA\u2014July 31, 2013 \u201cIt only takes a minute online to discover that the market for church chairs has exploded with low-cost options for the consumer,\u201d\" \/>\n<meta name=\"robots\" content=\"index, follow, max-snippet:-1, max-image-preview:large, max-video-preview:-1\" \/>\n<link rel=\"canonical\" href=\"https:\/\/bertolinidirect.com\/es\/press\/new-education-initiative\/\" \/>\n<meta property=\"og:locale\" content=\"es_MX\" \/>\n<meta property=\"og:type\" content=\"article\" \/>\n<meta property=\"og:title\" content=\"Bertolini Announced a New Consumer Education Initiative on Quality and Church Chairs\" \/>\n<meta property=\"og:description\" content=\"Chino, CA\u2014July 31, 2013 \u201cIt only takes a minute online to discover that the market for church chairs has exploded with low-cost options for the consumer,\u201d\" \/>\n<meta property=\"og:url\" content=\"https:\/\/bertolinidirect.com\/es\/press\/new-education-initiative\/\" \/>\n<meta property=\"og:site_name\" content=\"Bertolini Direct\" \/>\n<meta property=\"article:modified_time\" content=\"2024-05-16T20:34:54+00:00\" \/>\n<meta name=\"twitter:card\" content=\"summary_large_image\" \/>\n<script type=\"application\/ld+json\" class=\"yoast-schema-graph\">{\"@context\":\"https:\/\/schema.org\",\"@graph\":[{\"@type\":\"WebPage\",\"@id\":\"https:\/\/bertolinidirect.com\/es\/press\/new-education-initiative\",\"url\":\"https:\/\/bertolinidirect.com\/es\/press\/new-education-initiative\",\"name\":\"Bertolini Announced a New Consumer Education Initiative\",\"isPartOf\":{\"@id\":\"https:\/\/bertolinidirect.com\/es\/#website\"},\"datePublished\":\"2013-07-01T21:09:00+00:00\",\"dateModified\":\"2024-05-16T20:34:54+00:00\",\"description\":\"Chino, CA\u2014July 31, 2013 \u201cIt only takes a minute online to discover that the market for church chairs has exploded with low-cost options for the consumer,\u201d\",\"breadcrumb\":{\"@id\":\"https:\/\/bertolinidirect.com\/es\/press\/new-education-initiative#breadcrumb\"},\"inLanguage\":\"es\",\"potentialAction\":[{\"@type\":\"ReadAction\",\"target\":[\"https:\/\/bertolinidirect.com\/es\/press\/new-education-initiative\"]}]},{\"@type\":\"BreadcrumbList\",\"@id\":\"https:\/\/bertolinidirect.com\/es\/press\/new-education-initiative#breadcrumb\",\"itemListElement\":[{\"@type\":\"ListItem\",\"position\":1,\"name\":\"Home\",\"item\":\"https:\/\/bertolinidirect.com\/\"},{\"@type\":\"ListItem\",\"position\":2,\"name\":\"Press &amp; News\",\"item\":\"https:\/\/bertolinidirect.com\/press\"},{\"@type\":\"ListItem\",\"position\":3,\"name\":\"Bertolini Announced a New Consumer Education Initiative on Quality and Church Chairs\"}]},{\"@type\":\"WebSite\",\"@id\":\"https:\/\/bertolinidirect.com\/es\/#website\",\"url\":\"https:\/\/bertolinidirect.com\/es\/\",\"name\":\"Bertolini\",\"description\":\"\",\"potentialAction\":[{\"@type\":\"SearchAction\",\"target\":{\"@type\":\"EntryPoint\",\"urlTemplate\":\"https:\/\/bertolinidirect.com\/es\/?s={search_term_string}\"},\"query-input\":{\"@type\":\"PropertyValueSpecification\",\"valueRequired\":true,\"valueName\":\"search_term_string\"}}],\"inLanguage\":\"es\"}]}<\/script>\n<!-- \/ Yoast SEO Premium plugin. -->","yoast_head_json":{"title":"Bertolini anunci\u00f3 una nueva iniciativa de educaci\u00f3n del consumidor","description":"Chino, CA\u201431 de julio de 2013 \u201cSolo toma un minuto en l\u00ednea para descubrir que el mercado de sillas de iglesia se ha disparado con opciones de bajo costo para el consumidor\u201d.","robots":{"index":"index","follow":"follow","max-snippet":"max-snippet:-1","max-image-preview":"max-image-preview:large","max-video-preview":"max-video-preview:-1"},"canonical":"https:\/\/bertolinidirect.com\/es\/press\/new-education-initiative\/","og_locale":"es_MX","og_type":"article","og_title":"Bertolini Announced a New Consumer Education Initiative on Quality and Church Chairs","og_description":"Chino, CA\u2014July 31, 2013 \u201cIt only takes a minute online to discover that the market for church chairs has exploded with low-cost options for the consumer,\u201d","og_url":"https:\/\/bertolinidirect.com\/es\/press\/new-education-initiative\/","og_site_name":"Bertolini Direct","article_modified_time":"2024-05-16T20:34:54+00:00","twitter_card":"summary_large_image","schema":{"@context":"https:\/\/schema.org","@graph":[{"@type":"WebPage","@id":"https:\/\/bertolinidirect.com\/es\/press\/new-education-initiative","url":"https:\/\/bertolinidirect.com\/es\/press\/new-education-initiative","name":"Bertolini anunci\u00f3 una nueva iniciativa de educaci\u00f3n del consumidor","isPartOf":{"@id":"https:\/\/bertolinidirect.com\/es\/#website"},"datePublished":"2013-07-01T21:09:00+00:00","dateModified":"2024-05-16T20:34:54+00:00","description":"Chino, CA\u201431 de julio de 2013 \u201cSolo toma un minuto en l\u00ednea para descubrir que el mercado de sillas de iglesia se ha disparado con opciones de bajo costo para el consumidor\u201d.","breadcrumb":{"@id":"https:\/\/bertolinidirect.com\/es\/press\/new-education-initiative#breadcrumb"},"inLanguage":"es","potentialAction":[{"@type":"ReadAction","target":["https:\/\/bertolinidirect.com\/es\/press\/new-education-initiative"]}]},{"@type":"BreadcrumbList","@id":"https:\/\/bertolinidirect.com\/es\/press\/new-education-initiative#breadcrumb","itemListElement":[{"@type":"ListItem","position":1,"name":"Home","item":"https:\/\/bertolinidirect.com\/"},{"@type":"ListItem","position":2,"name":"Press &amp; News","item":"https:\/\/bertolinidirect.com\/press"},{"@type":"ListItem","position":3,"name":"Bertolini Announced a New Consumer Education Initiative on Quality and Church Chairs"}]},{"@type":"WebSite","@id":"https:\/\/bertolinidirect.com\/es\/#website","url":"https:\/\/bertolinidirect.com\/es\/","name":"Bertolini","description":"","potentialAction":[{"@type":"SearchAction","target":{"@type":"EntryPoint","urlTemplate":"https:\/\/bertolinidirect.com\/es\/?s={search_term_string}"},"query-input":{"@type":"PropertyValueSpecification","valueRequired":true,"valueName":"search_term_string"}}],"inLanguage":"es"}]}},"_links":{"self":[{"href":"https:\/\/bertolinidirect.com\/es\/wp-json\/wp\/v2\/pages\/852","targetHints":{"allow":["GET"]}}],"collection":[{"href":"https:\/\/bertolinidirect.com\/es\/wp-json\/wp\/v2\/pages"}],"about":[{"href":"https:\/\/bertolinidirect.com\/es\/wp-json\/wp\/v2\/types\/page"}],"author":[{"embeddable":true,"href":"https:\/\/bertolinidirect.com\/es\/wp-json\/wp\/v2\/users\/1"}],"replies":[{"embeddable":true,"href":"https:\/\/bertolinidirect.com\/es\/wp-json\/wp\/v2\/comments?post=852"}],"version-history":[{"count":1,"href":"https:\/\/bertolinidirect.com\/es\/wp-json\/wp\/v2\/pages\/852\/revisions"}],"predecessor-version":[{"id":853,"href":"https:\/\/bertolinidirect.com\/es\/wp-json\/wp\/v2\/pages\/852\/revisions\/853"}],"up":[{"embeddable":true,"href":"https:\/\/bertolinidirect.com\/es\/wp-json\/wp\/v2\/pages\/762"}],"wp:attachment":[{"href":"https:\/\/bertolinidirect.com\/es\/wp-json\/wp\/v2\/media?parent=852"}],"curies":[{"name":"gracias","href":"https:\/\/api.w.org\/{rel}","templated":true}]}}