{"id":847,"date":"2013-06-24T21:05:00","date_gmt":"2013-06-24T21:05:00","guid":{"rendered":"https:\/\/bertolinidirect.com\/?page_id=847"},"modified":"2025-10-03T21:25:59","modified_gmt":"2025-10-03T21:25:59","slug":"60-year-anniversary","status":"publish","type":"page","link":"https:\/\/bertolinidirect.com\/es\/press\/60-year-anniversary","title":{"rendered":"La familia Bertolini celebra su 60 aniversario construyendo sillas apilables"},"content":{"rendered":"<p><strong>Chino, California\u201424 de junio de 2013<\/strong><\/p>\n\n\n\n<p>Celebrando 60 a\u00f1os de experiencia, la motivaci\u00f3n de la familia Bertolini es continuar ofreciendo las mejores sillas apilables de alta calidad con elegancia, comodidad y durabilidad.<\/p>\n\n\n\n<p>Bertolini es un fabricante l\u00edder de sillas para iglesia que ofrece sillas hechas a medida en EE. UU., en Lawrenceburg, Tennessee. Creen firmemente que es importante producir productos de alta calidad que tambi\u00e9n sean duraderos. Tambi\u00e9n les motiva el deseo de beneficiar a los clientes locales estando en el barrio. De esta manera, pueden realizar env\u00edos m\u00e1s r\u00e1pido sin tener que limitar las opciones y garantizar que solo haya 110% de satisfacci\u00f3n con las sillas recibidas y brindar confianza de que el cliente nunca tendr\u00e1 que preocuparse por sus sillas. Bertolini respaldar\u00e1 sus productos en las pr\u00f3ximas d\u00e9cadas tal como lo ha hecho en d\u00e9cadas pasadas. Esa es la expectativa cuando las sillas son &quot;fabricadas a medida por Bertolini&quot;. \u00c9sa es la diferencia Bertolini.<\/p>\n\n\n\n<p>En 1953, Charles Bertolini Sr. abri\u00f3 una instalaci\u00f3n de 5000 pies cuadrados en el este de Los \u00c1ngeles, California. Se inspir\u00f3 para satisfacer las necesidades de asientos en las oficinas del sur de California. El trabajo duro y la dedicaci\u00f3n empezaron a dar sus frutos tanto en las peque\u00f1as como en las grandes empresas. Consigui\u00f3 clientes como McDonald&#039;s, Burger King, Taco Bell, restaurantes Denny&#039;s e incluso el lugar m\u00e1s feliz del mundo: Disneylandia. En los a\u00f1os 80, las necesidades de asientos se trasladaron a las iglesias. Era un privilegio y un buen lugar para servir al reino. Hoy, Bertolini sirve a iglesias en todo el pa\u00eds y en el extranjero.<\/p>\n\n\n\n<p>Ahora, con 60 a\u00f1os de experiencia, esta empresa familiar ha estado ofreciendo al p\u00fablico asientos de primera calidad. Recientemente, la familia Bertolini anunci\u00f3 la incorporaci\u00f3n del miembro de cuarta generaci\u00f3n de la familia. Los s\u00f3lidos valores familiares y la \u00e9tica laboral son el motor del compromiso de brindar a sus clientes el mejor servicio posible y mejorarlo todos los d\u00edas. Est\u00e1n decididos a mantener el creciente papel de liderazgo de Bertolini en la industria ofreciendo las sillas apilables m\u00e1s elegantes, c\u00f3modas y duraderas disponibles en la actualidad. Jim Bertolini afirma firmemente: &quot;Respaldo cada silla&quot;, y con ese esp\u00edritu contin\u00faan creciendo y atendiendo con \u00e9xito las necesidades de asientos de sus clientes.<\/p>","protected":false},"excerpt":{"rendered":"<p>Chino, CA\u2014June 24, 2013 Celebrating 60 years of experience, the Bertolini family\u2019s motivation is to continue to deliver the best high-quality stackable chairs with elegance, comfort and durability. Bertolini is a leading church chair manufacturer offering custom built USA made chairs, in Lawrenceburg, Tennessee. They strongly believe that it\u2019s important to produce high-quality products that [&hellip;]<\/p>\n","protected":false},"author":1,"featured_media":0,"parent":762,"menu_order":0,"comment_status":"closed","ping_status":"closed","template":"content-page.php","meta":{"_acf_changed":false,"footnotes":""},"class_list":["post-847","page","type-page","status-publish","hentry"],"acf":[],"yoast_head":"<!-- This site is optimized with the Yoast SEO Premium plugin v24.2 (Yoast SEO v27.4) - https:\/\/yoast.com\/product\/yoast-seo-premium-wordpress\/ -->\n<title>Bertolini Family Celebrates Their 60 Year Anniversary<\/title>\n<meta name=\"description\" content=\"Chino, CA\u2014June 24, 2013 Celebrating 60 years of experience, the Bertolini family\u2019s motivation is to continue to deliver the best high-quality stackable\" \/>\n<meta name=\"robots\" content=\"index, follow, max-snippet:-1, max-image-preview:large, max-video-preview:-1\" \/>\n<link rel=\"canonical\" href=\"https:\/\/bertolinidirect.com\/es\/press\/60-year-anniversary\/\" \/>\n<meta property=\"og:locale\" content=\"es_MX\" \/>\n<meta property=\"og:type\" content=\"article\" \/>\n<meta property=\"og:title\" content=\"Bertolini Family Celebrates Their 60 Year Anniversary of Building Stackable Chairs\" \/>\n<meta property=\"og:description\" content=\"Chino, CA\u2014June 24, 2013 Celebrating 60 years of experience, the Bertolini family\u2019s motivation is to continue to deliver the best high-quality stackable\" \/>\n<meta property=\"og:url\" content=\"https:\/\/bertolinidirect.com\/es\/press\/60-year-anniversary\/\" \/>\n<meta property=\"og:site_name\" content=\"Bertolini Direct\" \/>\n<meta property=\"article:modified_time\" content=\"2025-10-03T21:25:59+00:00\" \/>\n<meta name=\"twitter:card\" content=\"summary_large_image\" \/>\n<script type=\"application\/ld+json\" class=\"yoast-schema-graph\">{\"@context\":\"https:\\\/\\\/schema.org\",\"@graph\":[{\"@type\":\"WebPage\",\"@id\":\"https:\\\/\\\/bertolinidirect.com\\\/es\\\/press\\\/60-year-anniversary\",\"url\":\"https:\\\/\\\/bertolinidirect.com\\\/es\\\/press\\\/60-year-anniversary\",\"name\":\"Bertolini Family Celebrates Their 60 Year Anniversary\",\"isPartOf\":{\"@id\":\"https:\\\/\\\/bertolinidirect.com\\\/es\\\/#website\"},\"datePublished\":\"2013-06-24T21:05:00+00:00\",\"dateModified\":\"2025-10-03T21:25:59+00:00\",\"description\":\"Chino, CA\u2014June 24, 2013 Celebrating 60 years of experience, the Bertolini family\u2019s motivation is to continue to deliver the best high-quality stackable\",\"breadcrumb\":{\"@id\":\"https:\\\/\\\/bertolinidirect.com\\\/es\\\/press\\\/60-year-anniversary#breadcrumb\"},\"inLanguage\":\"es\",\"potentialAction\":[{\"@type\":\"ReadAction\",\"target\":[\"https:\\\/\\\/bertolinidirect.com\\\/es\\\/press\\\/60-year-anniversary\"]}]},{\"@type\":\"BreadcrumbList\",\"@id\":\"https:\\\/\\\/bertolinidirect.com\\\/es\\\/press\\\/60-year-anniversary#breadcrumb\",\"itemListElement\":[{\"@type\":\"ListItem\",\"position\":1,\"name\":\"Home\",\"item\":\"https:\\\/\\\/bertolinidirect.com\\\/\"},{\"@type\":\"ListItem\",\"position\":2,\"name\":\"Press &amp; News\",\"item\":\"https:\\\/\\\/bertolinidirect.com\\\/press\"},{\"@type\":\"ListItem\",\"position\":3,\"name\":\"Bertolini Family Celebrates Their 60 Year Anniversary of Building Stackable Chairs\"}]},{\"@type\":\"WebSite\",\"@id\":\"https:\\\/\\\/bertolinidirect.com\\\/es\\\/#website\",\"url\":\"https:\\\/\\\/bertolinidirect.com\\\/es\\\/\",\"name\":\"Bertolini\",\"description\":\"\",\"potentialAction\":[{\"@type\":\"SearchAction\",\"target\":{\"@type\":\"EntryPoint\",\"urlTemplate\":\"https:\\\/\\\/bertolinidirect.com\\\/es\\\/?s={search_term_string}\"},\"query-input\":{\"@type\":\"PropertyValueSpecification\",\"valueRequired\":true,\"valueName\":\"search_term_string\"}}],\"inLanguage\":\"es\"}]}<\/script>\n<!-- \/ Yoast SEO Premium plugin. -->","yoast_head_json":{"title":"La familia Bertolini celebra su 60 aniversario","description":"Chino, CA\u201424 de junio de 2013 Celebrando 60 a\u00f1os de experiencia, la motivaci\u00f3n de la familia Bertolini es continuar ofreciendo los mejores productos apilables de alta calidad.","robots":{"index":"index","follow":"follow","max-snippet":"max-snippet:-1","max-image-preview":"max-image-preview:large","max-video-preview":"max-video-preview:-1"},"canonical":"https:\/\/bertolinidirect.com\/es\/press\/60-year-anniversary\/","og_locale":"es_MX","og_type":"article","og_title":"Bertolini Family Celebrates Their 60 Year Anniversary of Building Stackable Chairs","og_description":"Chino, CA\u2014June 24, 2013 Celebrating 60 years of experience, the Bertolini family\u2019s motivation is to continue to deliver the best high-quality stackable","og_url":"https:\/\/bertolinidirect.com\/es\/press\/60-year-anniversary\/","og_site_name":"Bertolini Direct","article_modified_time":"2025-10-03T21:25:59+00:00","twitter_card":"summary_large_image","schema":{"@context":"https:\/\/schema.org","@graph":[{"@type":"WebPage","@id":"https:\/\/bertolinidirect.com\/es\/press\/60-year-anniversary","url":"https:\/\/bertolinidirect.com\/es\/press\/60-year-anniversary","name":"La familia Bertolini celebra su 60 aniversario","isPartOf":{"@id":"https:\/\/bertolinidirect.com\/es\/#website"},"datePublished":"2013-06-24T21:05:00+00:00","dateModified":"2025-10-03T21:25:59+00:00","description":"Chino, CA\u201424 de junio de 2013 Celebrando 60 a\u00f1os de experiencia, la motivaci\u00f3n de la familia Bertolini es continuar ofreciendo los mejores productos apilables de alta calidad.","breadcrumb":{"@id":"https:\/\/bertolinidirect.com\/es\/press\/60-year-anniversary#breadcrumb"},"inLanguage":"es","potentialAction":[{"@type":"ReadAction","target":["https:\/\/bertolinidirect.com\/es\/press\/60-year-anniversary"]}]},{"@type":"BreadcrumbList","@id":"https:\/\/bertolinidirect.com\/es\/press\/60-year-anniversary#breadcrumb","itemListElement":[{"@type":"ListItem","position":1,"name":"Home","item":"https:\/\/bertolinidirect.com\/"},{"@type":"ListItem","position":2,"name":"Press &amp; News","item":"https:\/\/bertolinidirect.com\/press"},{"@type":"ListItem","position":3,"name":"Bertolini Family Celebrates Their 60 Year Anniversary of Building Stackable Chairs"}]},{"@type":"WebSite","@id":"https:\/\/bertolinidirect.com\/es\/#website","url":"https:\/\/bertolinidirect.com\/es\/","name":"Bertolini","description":"","potentialAction":[{"@type":"SearchAction","target":{"@type":"EntryPoint","urlTemplate":"https:\/\/bertolinidirect.com\/es\/?s={search_term_string}"},"query-input":{"@type":"PropertyValueSpecification","valueRequired":true,"valueName":"search_term_string"}}],"inLanguage":"es"}]}},"_links":{"self":[{"href":"https:\/\/bertolinidirect.com\/es\/wp-json\/wp\/v2\/pages\/847","targetHints":{"allow":["GET"]}}],"collection":[{"href":"https:\/\/bertolinidirect.com\/es\/wp-json\/wp\/v2\/pages"}],"about":[{"href":"https:\/\/bertolinidirect.com\/es\/wp-json\/wp\/v2\/types\/page"}],"author":[{"embeddable":true,"href":"https:\/\/bertolinidirect.com\/es\/wp-json\/wp\/v2\/users\/1"}],"replies":[{"embeddable":true,"href":"https:\/\/bertolinidirect.com\/es\/wp-json\/wp\/v2\/comments?post=847"}],"version-history":[{"count":1,"href":"https:\/\/bertolinidirect.com\/es\/wp-json\/wp\/v2\/pages\/847\/revisions"}],"predecessor-version":[{"id":848,"href":"https:\/\/bertolinidirect.com\/es\/wp-json\/wp\/v2\/pages\/847\/revisions\/848"}],"up":[{"embeddable":true,"href":"https:\/\/bertolinidirect.com\/es\/wp-json\/wp\/v2\/pages\/762"}],"wp:attachment":[{"href":"https:\/\/bertolinidirect.com\/es\/wp-json\/wp\/v2\/media?parent=847"}],"curies":[{"name":"gracias","href":"https:\/\/api.w.org\/{rel}","templated":true}]}}