{"id":780,"date":"2024-04-19T18:52:45","date_gmt":"2024-04-19T18:52:45","guid":{"rendered":"https:\/\/bertolinidirect.com\/?page_id=780"},"modified":"2025-11-21T23:54:07","modified_gmt":"2025-11-21T23:54:07","slug":"delivery-instructions","status":"publish","type":"page","link":"https:\/\/bertolinidirect.com\/es\/delivery-instructions","title":{"rendered":"8 consejos para entregar muebles sin estr\u00e9s"},"content":{"rendered":"<p>Obtener nuevas sillas y mesas para la iglesia es una de las mejores formas de demostrar cu\u00e1nto valora y aprecia a su congregaci\u00f3n. Pero la entrega e instalaci\u00f3n de muebles puede ser estresante para las instalaciones de culto, ya que la mayor\u00eda no est\u00e1 equipada con muelles de carga ni personal de tiempo completo. Muchas iglesias dependen de voluntarios para instalar los muebles nuevos, lo que puede funcionar muy bien si sigue estos consejos a continuaci\u00f3n para una experiencia libre de estr\u00e9s.<\/p>\n\n\n\n<figure class=\"wp-block-image size-full\"><a href=\"https:\/\/bertolinidirect.com\/wp-content\/uploads\/2024\/04\/BertoliniDelivery_Expectations.pdf\"><img loading=\"lazy\" decoding=\"async\" width=\"1511\" height=\"2560\" src=\"https:\/\/bertolinidirect.com\/wp-content\/uploads\/2024\/04\/Bertolin_Delivery_Expectations-min-scaled.jpg\" alt=\"Infograf\u00eda sobre la entrega de pedidos de muebles comerciales y qu\u00e9 esperar\" class=\"wp-image-914\" srcset=\"https:\/\/bertolinidirect.com\/wp-content\/uploads\/2024\/04\/Bertolin_Delivery_Expectations-min-scaled.jpg 1511w, https:\/\/bertolinidirect.com\/wp-content\/uploads\/2024\/04\/Bertolin_Delivery_Expectations-min-177x300.jpg 177w, https:\/\/bertolinidirect.com\/wp-content\/uploads\/2024\/04\/Bertolin_Delivery_Expectations-min-400x678.jpg 400w, https:\/\/bertolinidirect.com\/wp-content\/uploads\/2024\/04\/Bertolin_Delivery_Expectations-min-768x1302.jpg 768w, https:\/\/bertolinidirect.com\/wp-content\/uploads\/2024\/04\/Bertolin_Delivery_Expectations-min-906x1536.jpg 906w, https:\/\/bertolinidirect.com\/wp-content\/uploads\/2024\/04\/Bertolin_Delivery_Expectations-min-1208x2048.jpg 1208w, https:\/\/bertolinidirect.com\/wp-content\/uploads\/2024\/04\/Bertolin_Delivery_Expectations-min-600x1017.jpg 600w\" sizes=\"auto, (max-width: 1511px) 100vw, 1511px\" \/><\/a><\/figure>\n\n\n\n<h2 class=\"wp-block-heading\" id=\"h-delivery-day-checklist\">Lista de verificaci\u00f3n del d\u00eda de entrega<\/h2>\n\n\n\n<p>Despu\u00e9s de semanas de anticipaci\u00f3n, sus muebles de adoraci\u00f3n est\u00e1n en camino y el d\u00eda de entrega casi est\u00e1 aqu\u00ed. Utilice esta lista de verificaci\u00f3n para preparar su propiedad para sillas y mesas nuevas, y para preparar a los voluntarios que ayudar\u00e1n el d\u00eda de la entrega.&nbsp;<\/p>\n\n\n\n<figure class=\"wp-block-image size-full\"><img loading=\"lazy\" decoding=\"async\" width=\"2408\" height=\"3311\" src=\"https:\/\/bertolinidirect.com\/wp-content\/uploads\/2024\/11\/MITY_Delivery-Day_Checklist-min.png\" alt=\"Lista de verificaci\u00f3n para el d\u00eda de entrega de MITY\" class=\"wp-image-23250\" srcset=\"https:\/\/bertolinidirect.com\/wp-content\/uploads\/2024\/11\/MITY_Delivery-Day_Checklist-min.png 2408w, https:\/\/bertolinidirect.com\/wp-content\/uploads\/2024\/11\/MITY_Delivery-Day_Checklist-min-600x825.png 600w, https:\/\/bertolinidirect.com\/wp-content\/uploads\/2024\/11\/MITY_Delivery-Day_Checklist-min-218x300.png 218w, https:\/\/bertolinidirect.com\/wp-content\/uploads\/2024\/11\/MITY_Delivery-Day_Checklist-min-493x678.png 493w, https:\/\/bertolinidirect.com\/wp-content\/uploads\/2024\/11\/MITY_Delivery-Day_Checklist-min-768x1056.png 768w, https:\/\/bertolinidirect.com\/wp-content\/uploads\/2024\/11\/MITY_Delivery-Day_Checklist-min-1117x1536.png 1117w, https:\/\/bertolinidirect.com\/wp-content\/uploads\/2024\/11\/MITY_Delivery-Day_Checklist-min-1489x2048.png 1489w, https:\/\/bertolinidirect.com\/wp-content\/uploads\/2024\/11\/MITY_Delivery-Day_Checklist-min-9x12.png 9w\" sizes=\"auto, (max-width: 2408px) 100vw, 2408px\" \/><\/figure>","protected":false},"excerpt":{"rendered":"<p>Getting new church chairs and tables is on one of the top ways to show how much you value and appreciate your congregation. But furniture delivery and installation can be stressful for worship facilities, since most aren\u2019t equipped with loading docks or a full-time staff. Many churches rely on volunteers to install the new furniture, [&hellip;]<\/p>\n","protected":false},"author":1,"featured_media":0,"parent":0,"menu_order":0,"comment_status":"closed","ping_status":"closed","template":"content-page.php","meta":{"_acf_changed":false,"footnotes":""},"class_list":["post-780","page","type-page","status-publish","hentry"],"acf":[],"yoast_head":"<!-- This site is optimized with the Yoast SEO Premium plugin v24.2 (Yoast SEO v27.1.1) - https:\/\/yoast.com\/product\/yoast-seo-premium-wordpress\/ -->\n<title>8 Tips for Stress-Free Furniture Delivery | Bertolini Direct<\/title>\n<meta name=\"description\" content=\"Getting new church chairs and tables is on one of the top ways to show how much you value and appreciate your congregation. But furniture delivery and\" \/>\n<meta name=\"robots\" content=\"index, follow, max-snippet:-1, max-image-preview:large, max-video-preview:-1\" \/>\n<link rel=\"canonical\" href=\"https:\/\/bertolinidirect.com\/es\/delivery-instructions\/\" \/>\n<meta property=\"og:locale\" content=\"es_MX\" \/>\n<meta property=\"og:type\" content=\"article\" \/>\n<meta property=\"og:title\" content=\"8 Tips for Stress-Free Furniture Delivery\" \/>\n<meta property=\"og:description\" content=\"Getting new church chairs and tables is on one of the top ways to show how much you value and appreciate your congregation. But furniture delivery and\" \/>\n<meta property=\"og:url\" content=\"https:\/\/bertolinidirect.com\/es\/delivery-instructions\/\" \/>\n<meta property=\"og:site_name\" content=\"Bertolini Direct\" \/>\n<meta property=\"article:modified_time\" content=\"2025-11-21T23:54:07+00:00\" \/>\n<meta property=\"og:image\" content=\"https:\/\/bertolinidirect.com\/wp-content\/uploads\/2024\/04\/Bertolin_Delivery_Expectations-min-scaled.jpg\" \/>\n\t<meta property=\"og:image:width\" content=\"1511\" \/>\n\t<meta property=\"og:image:height\" content=\"2560\" \/>\n\t<meta property=\"og:image:type\" content=\"image\/jpeg\" \/>\n<meta name=\"twitter:card\" content=\"summary_large_image\" \/>\n<script type=\"application\/ld+json\" class=\"yoast-schema-graph\">{\"@context\":\"https:\/\/schema.org\",\"@graph\":[{\"@type\":\"WebPage\",\"@id\":\"https:\/\/bertolinidirect.com\/es\/delivery-instructions\",\"url\":\"https:\/\/bertolinidirect.com\/es\/delivery-instructions\",\"name\":\"8 Tips for Stress-Free Furniture Delivery | Bertolini Direct\",\"isPartOf\":{\"@id\":\"https:\/\/bertolinidirect.com\/es\/#website\"},\"primaryImageOfPage\":{\"@id\":\"https:\/\/bertolinidirect.com\/es\/delivery-instructions#primaryimage\"},\"image\":{\"@id\":\"https:\/\/bertolinidirect.com\/es\/delivery-instructions#primaryimage\"},\"thumbnailUrl\":\"https:\/\/bertolinidirect.com\/wp-content\/uploads\/2024\/04\/Bertolin_Delivery_Expectations-min-scaled.jpg\",\"datePublished\":\"2024-04-19T18:52:45+00:00\",\"dateModified\":\"2025-11-21T23:54:07+00:00\",\"description\":\"Getting new church chairs and tables is on one of the top ways to show how much you value and appreciate your congregation. But furniture delivery and\",\"breadcrumb\":{\"@id\":\"https:\/\/bertolinidirect.com\/es\/delivery-instructions#breadcrumb\"},\"inLanguage\":\"es\",\"potentialAction\":[{\"@type\":\"ReadAction\",\"target\":[\"https:\/\/bertolinidirect.com\/es\/delivery-instructions\"]}]},{\"@type\":\"ImageObject\",\"inLanguage\":\"es\",\"@id\":\"https:\/\/bertolinidirect.com\/es\/delivery-instructions#primaryimage\",\"url\":\"https:\/\/bertolinidirect.com\/wp-content\/uploads\/2024\/04\/Bertolin_Delivery_Expectations-min-scaled.jpg\",\"contentUrl\":\"https:\/\/bertolinidirect.com\/wp-content\/uploads\/2024\/04\/Bertolin_Delivery_Expectations-min-scaled.jpg\"},{\"@type\":\"BreadcrumbList\",\"@id\":\"https:\/\/bertolinidirect.com\/es\/delivery-instructions#breadcrumb\",\"itemListElement\":[{\"@type\":\"ListItem\",\"position\":1,\"name\":\"Home\",\"item\":\"https:\/\/bertolinidirect.com\/\"},{\"@type\":\"ListItem\",\"position\":2,\"name\":\"8 Tips for Stress-Free Furniture Delivery\"}]},{\"@type\":\"WebSite\",\"@id\":\"https:\/\/bertolinidirect.com\/es\/#website\",\"url\":\"https:\/\/bertolinidirect.com\/es\/\",\"name\":\"Bertolini\",\"description\":\"\",\"potentialAction\":[{\"@type\":\"SearchAction\",\"target\":{\"@type\":\"EntryPoint\",\"urlTemplate\":\"https:\/\/bertolinidirect.com\/es\/?s={search_term_string}\"},\"query-input\":{\"@type\":\"PropertyValueSpecification\",\"valueRequired\":true,\"valueName\":\"search_term_string\"}}],\"inLanguage\":\"es\"}]}<\/script>\n<!-- \/ Yoast SEO Premium plugin. -->","yoast_head_json":{"title":"8 consejos para entregar muebles sin estr\u00e9s | Bertolini Directo","description":"Obtener nuevas sillas y mesas para la iglesia es una de las mejores formas de demostrar cu\u00e1nto valora y aprecia a su congregaci\u00f3n. Pero la entrega de muebles y","robots":{"index":"index","follow":"follow","max-snippet":"max-snippet:-1","max-image-preview":"max-image-preview:large","max-video-preview":"max-video-preview:-1"},"canonical":"https:\/\/bertolinidirect.com\/es\/delivery-instructions\/","og_locale":"es_MX","og_type":"article","og_title":"8 Tips for Stress-Free Furniture Delivery","og_description":"Getting new church chairs and tables is on one of the top ways to show how much you value and appreciate your congregation. But furniture delivery and","og_url":"https:\/\/bertolinidirect.com\/es\/delivery-instructions\/","og_site_name":"Bertolini Direct","article_modified_time":"2025-11-21T23:54:07+00:00","og_image":[{"width":1511,"height":2560,"url":"https:\/\/bertolinidirect.com\/wp-content\/uploads\/2024\/04\/Bertolin_Delivery_Expectations-min-scaled.jpg","type":"image\/jpeg"}],"twitter_card":"summary_large_image","schema":{"@context":"https:\/\/schema.org","@graph":[{"@type":"WebPage","@id":"https:\/\/bertolinidirect.com\/es\/delivery-instructions","url":"https:\/\/bertolinidirect.com\/es\/delivery-instructions","name":"8 consejos para entregar muebles sin estr\u00e9s | Bertolini Directo","isPartOf":{"@id":"https:\/\/bertolinidirect.com\/es\/#website"},"primaryImageOfPage":{"@id":"https:\/\/bertolinidirect.com\/es\/delivery-instructions#primaryimage"},"image":{"@id":"https:\/\/bertolinidirect.com\/es\/delivery-instructions#primaryimage"},"thumbnailUrl":"https:\/\/bertolinidirect.com\/wp-content\/uploads\/2024\/04\/Bertolin_Delivery_Expectations-min-scaled.jpg","datePublished":"2024-04-19T18:52:45+00:00","dateModified":"2025-11-21T23:54:07+00:00","description":"Obtener nuevas sillas y mesas para la iglesia es una de las mejores formas de demostrar cu\u00e1nto valora y aprecia a su congregaci\u00f3n. Pero la entrega de muebles y","breadcrumb":{"@id":"https:\/\/bertolinidirect.com\/es\/delivery-instructions#breadcrumb"},"inLanguage":"es","potentialAction":[{"@type":"ReadAction","target":["https:\/\/bertolinidirect.com\/es\/delivery-instructions"]}]},{"@type":"ImageObject","inLanguage":"es","@id":"https:\/\/bertolinidirect.com\/es\/delivery-instructions#primaryimage","url":"https:\/\/bertolinidirect.com\/wp-content\/uploads\/2024\/04\/Bertolin_Delivery_Expectations-min-scaled.jpg","contentUrl":"https:\/\/bertolinidirect.com\/wp-content\/uploads\/2024\/04\/Bertolin_Delivery_Expectations-min-scaled.jpg"},{"@type":"BreadcrumbList","@id":"https:\/\/bertolinidirect.com\/es\/delivery-instructions#breadcrumb","itemListElement":[{"@type":"ListItem","position":1,"name":"Home","item":"https:\/\/bertolinidirect.com\/"},{"@type":"ListItem","position":2,"name":"8 Tips for Stress-Free Furniture Delivery"}]},{"@type":"WebSite","@id":"https:\/\/bertolinidirect.com\/es\/#website","url":"https:\/\/bertolinidirect.com\/es\/","name":"Bertolini","description":"","potentialAction":[{"@type":"SearchAction","target":{"@type":"EntryPoint","urlTemplate":"https:\/\/bertolinidirect.com\/es\/?s={search_term_string}"},"query-input":{"@type":"PropertyValueSpecification","valueRequired":true,"valueName":"search_term_string"}}],"inLanguage":"es"}]}},"_links":{"self":[{"href":"https:\/\/bertolinidirect.com\/es\/wp-json\/wp\/v2\/pages\/780","targetHints":{"allow":["GET"]}}],"collection":[{"href":"https:\/\/bertolinidirect.com\/es\/wp-json\/wp\/v2\/pages"}],"about":[{"href":"https:\/\/bertolinidirect.com\/es\/wp-json\/wp\/v2\/types\/page"}],"author":[{"embeddable":true,"href":"https:\/\/bertolinidirect.com\/es\/wp-json\/wp\/v2\/users\/1"}],"replies":[{"embeddable":true,"href":"https:\/\/bertolinidirect.com\/es\/wp-json\/wp\/v2\/comments?post=780"}],"version-history":[{"count":4,"href":"https:\/\/bertolinidirect.com\/es\/wp-json\/wp\/v2\/pages\/780\/revisions"}],"predecessor-version":[{"id":24605,"href":"https:\/\/bertolinidirect.com\/es\/wp-json\/wp\/v2\/pages\/780\/revisions\/24605"}],"wp:attachment":[{"href":"https:\/\/bertolinidirect.com\/es\/wp-json\/wp\/v2\/media?parent=780"}],"curies":[{"name":"gracias","href":"https:\/\/api.w.org\/{rel}","templated":true}]}}