{"id":762,"date":"2024-04-19T18:40:16","date_gmt":"2024-04-19T18:40:16","guid":{"rendered":"https:\/\/bertolinidirect.com\/?page_id=762"},"modified":"2025-10-21T16:37:31","modified_gmt":"2025-10-21T16:37:31","slug":"press","status":"publish","type":"page","link":"https:\/\/bertolinidirect.com\/es\/press","title":{"rendered":"Prensa y noticias"},"content":{"rendered":"<p><a href=\"\/es\/press\/affordable-new-line\/\">Bertolini lanza una nueva l\u00ednea asequible de sillas y mesas plegables<\/a> \u2013 16 de octubre de 2025<\/p>\n\n\n\n<p><a href=\"https:\/\/bertolinidirect.com\/es\/press\/new-high-density-stacking-line\/\">Bertolini lanza una nueva l\u00ednea de sillas apilables de alta densidad<\/a> \u2013 1 de octubre de 2025<\/p>\n\n\n\n<p><a href=\"https:\/\/bertolinidirect.com\/es\/press\/new-coo-cfo\/\">MITY Inc anuncia un nuevo director de operaciones y director financiero<\/a> \u2013 5 de diciembre de 2023<\/p>\n\n\n\n<p><a href=\"https:\/\/bertolinidirect.com\/es\/press\/new-ceo\/\">MITY Inc da la bienvenida a un nuevo director ejecutivo<\/a> \u2013 16 de noviembre de 2023<\/p>\n\n\n\n<p><a href=\"https:\/\/bertolinidirect.com\/es\/press\/launches-new-website\/\">Bertolini lanza un nuevo sitio web y actualiza las sillas de la iglesia<\/a> \u2013 28 de agosto de 2019<\/p>\n\n\n\n<p><a href=\"https:\/\/bertolinidirect.com\/es\/press\/donates-chairs-to-inmate-programs\/\">Bertolini dona sillas a programas para reclusos en instalaciones correccionales de Tennessee<\/a> \u2013 18 de marzo de 2019<\/p>\n\n\n\n<p><a href=\"https:\/\/bertolinidirect.com\/es\/press\/mity-inc-aquires-bertolini\/\">MITY Inc. adquiere Bertolini<\/a> \u2013 2 de enero de 2018<\/p>\n\n\n\n<p><a href=\"https:\/\/bertolinidirect.com\/es\/press\/north-point-community\/\">Bertolini construy\u00f3 4.500 sillas de iglesia a medida para la iglesia comunitaria de North Point<\/a> \u2013 9 de noviembre de 2015<\/p>\n\n\n\n<p><a href=\"https:\/\/bertolinidirect.com\/es\/press\/customer-centric-delivery\/\">Bertolini Incorporated presenta el programa de entrega centrado en el cliente<\/a> \u2013 05 de junio de 2015<\/p>\n\n\n\n<p><a href=\"https:\/\/bertolinidirect.com\/es\/press\/millennia-chairs\/\">Bertolini fabrica sillas Millennia hechas a medida para la iglesia New Hope<\/a> \u2013 15 de mayo de 2015<\/p>\n\n\n\n<p><a href=\"https:\/\/bertolinidirect.com\/es\/press\/2-million-impressions\/\">Bertolini celebra m\u00e1s de 2 millones de sillas de iglesia Impressions\u2122 vendidas<\/a> \u2013 06 de noviembre de 2014<\/p>\n\n\n\n<p><a href=\"https:\/\/bertolinidirect.com\/es\/press\/postureflex-chairs\/\">Bertolini fabrica sillas Postureflex hechas a medida para Chabad de North Hollywood<\/a> \u2013 05 de septiembre de 2014<\/p>\n\n\n\n<p><a href=\"https:\/\/bertolinidirect.com\/es\/press\/high-density-stacker\/\">Bertolini presenta el apilador de alta densidad<\/a> \u2013 20 de junio de 2014<\/p>\n\n\n\n<p><a href=\"https:\/\/bertolinidirect.com\/es\/press\/card-pencil-holder\/\">Bertolini lanza un portal\u00e1pices con tarjeta pendiente de patente<\/a> \u2013 12 de junio de 2014<\/p>\n\n\n\n<p><a href=\"https:\/\/bertolinidirect.com\/es\/press\/sustainability-training\/\">Bertolini lanza programa de formaci\u00f3n en sostenibilidad para empleados<\/a> \u2013 22 de marzo de 2014<\/p>\n\n\n\n<p><a href=\"https:\/\/bertolinidirect.com\/es\/press\/university-of-tennessee\/\">El Centro de Servicios Industriales de la Universidad de Tennessee celebra a los fabricantes de Tennessee<\/a> \u2013 10 de octubre de 2013<\/p>\n\n\n\n<p><a href=\"https:\/\/bertolinidirect.com\/es\/press\/new-consumer-alert\/\">Bertolini anunci\u00f3 una nueva alerta al consumidor sobre lo que debe saber antes de comprar una silla de iglesia importada<\/a> \u2013 10 de septiembre de 2013<\/p>\n\n\n\n<p><a href=\"https:\/\/bertolinidirect.com\/es\/press\/new-education-initiative\/\">Bertolini anunci\u00f3 una nueva iniciativa de educaci\u00f3n del consumidor sobre calidad y c\u00e1tedras de iglesias<\/a> \u2013 31 de julio de 2013<\/p>\n\n\n\n<p><a href=\"https:\/\/bertolinidirect.com\/es\/press\/60-year-anniversary\/\">La familia Bertolini celebra su 60 aniversario construyendo sillas apilables<\/a> \u2013<strong> <\/strong>24 de junio de 2013<\/p>","protected":false},"excerpt":{"rendered":"<p>Bertolini Launches Affordable New Line of Folding Chairs and Tables &#8211; October 16, 2025 Bertolini Launches New High-Density Stacking Chair Line &#8211; October 1, 2025 MITY Inc Announces a New COO &amp; CFO &#8211; December 5, 2023 MITY Inc Welcomes a New CEO &#8211; November 16, 2023 Bertolini Launches New Website and Updates Church Chairs [&hellip;]<\/p>\n","protected":false},"author":1,"featured_media":0,"parent":0,"menu_order":0,"comment_status":"closed","ping_status":"closed","template":"content-page.php","meta":{"_acf_changed":false,"footnotes":""},"class_list":["post-762","page","type-page","status-publish","hentry"],"acf":[],"yoast_head":"<!-- This site is optimized with the Yoast SEO Premium plugin v24.2 (Yoast SEO v27.1.1) - https:\/\/yoast.com\/product\/yoast-seo-premium-wordpress\/ -->\n<title>Press &amp; News | Bertolini Direct<\/title>\n<meta name=\"description\" content=\"Bertolini Launches Affordable New Line of Folding Chairs and Tables - October 16, 2025 Bertolini Launches New High-Density Stacking Chair Line - October\" \/>\n<meta name=\"robots\" content=\"index, follow, max-snippet:-1, max-image-preview:large, max-video-preview:-1\" \/>\n<link rel=\"canonical\" href=\"https:\/\/bertolinidirect.com\/es\/press\/\" \/>\n<meta property=\"og:locale\" content=\"es_MX\" \/>\n<meta property=\"og:type\" content=\"article\" \/>\n<meta property=\"og:title\" content=\"Press &amp; News\" \/>\n<meta property=\"og:description\" content=\"Bertolini Launches Affordable New Line of Folding Chairs and Tables - October 16, 2025 Bertolini Launches New High-Density Stacking Chair Line - October\" \/>\n<meta property=\"og:url\" content=\"https:\/\/bertolinidirect.com\/es\/press\/\" \/>\n<meta property=\"og:site_name\" content=\"Bertolini Direct\" \/>\n<meta property=\"article:modified_time\" content=\"2025-10-21T16:37:31+00:00\" \/>\n<meta name=\"twitter:card\" content=\"summary_large_image\" \/>\n<script type=\"application\/ld+json\" class=\"yoast-schema-graph\">{\"@context\":\"https:\/\/schema.org\",\"@graph\":[{\"@type\":\"WebPage\",\"@id\":\"https:\/\/bertolinidirect.com\/es\/press\",\"url\":\"https:\/\/bertolinidirect.com\/es\/press\",\"name\":\"Press &amp; News | Bertolini Direct\",\"isPartOf\":{\"@id\":\"https:\/\/bertolinidirect.com\/es\/#website\"},\"datePublished\":\"2024-04-19T18:40:16+00:00\",\"dateModified\":\"2025-10-21T16:37:31+00:00\",\"description\":\"Bertolini Launches Affordable New Line of Folding Chairs and Tables - October 16, 2025 Bertolini Launches New High-Density Stacking Chair Line - October\",\"breadcrumb\":{\"@id\":\"https:\/\/bertolinidirect.com\/es\/press#breadcrumb\"},\"inLanguage\":\"es\",\"potentialAction\":[{\"@type\":\"ReadAction\",\"target\":[\"https:\/\/bertolinidirect.com\/es\/press\"]}]},{\"@type\":\"BreadcrumbList\",\"@id\":\"https:\/\/bertolinidirect.com\/es\/press#breadcrumb\",\"itemListElement\":[{\"@type\":\"ListItem\",\"position\":1,\"name\":\"Home\",\"item\":\"https:\/\/bertolinidirect.com\/\"},{\"@type\":\"ListItem\",\"position\":2,\"name\":\"Press &amp; News\"}]},{\"@type\":\"WebSite\",\"@id\":\"https:\/\/bertolinidirect.com\/es\/#website\",\"url\":\"https:\/\/bertolinidirect.com\/es\/\",\"name\":\"Bertolini\",\"description\":\"\",\"potentialAction\":[{\"@type\":\"SearchAction\",\"target\":{\"@type\":\"EntryPoint\",\"urlTemplate\":\"https:\/\/bertolinidirect.com\/es\/?s={search_term_string}\"},\"query-input\":{\"@type\":\"PropertyValueSpecification\",\"valueRequired\":true,\"valueName\":\"search_term_string\"}}],\"inLanguage\":\"es\"}]}<\/script>\n<!-- \/ Yoast SEO Premium plugin. -->","yoast_head_json":{"title":"Prensa y noticias | Bertolini Directo","description":"Bertolini lanza una nueva l\u00ednea asequible de sillas y mesas plegables - 16 de octubre de 2025 Bertolini lanza una nueva l\u00ednea de sillas apilables de alta densidad - 16 de octubre de 2025","robots":{"index":"index","follow":"follow","max-snippet":"max-snippet:-1","max-image-preview":"max-image-preview:large","max-video-preview":"max-video-preview:-1"},"canonical":"https:\/\/bertolinidirect.com\/es\/press\/","og_locale":"es_MX","og_type":"article","og_title":"Press &amp; News","og_description":"Bertolini Launches Affordable New Line of Folding Chairs and Tables - October 16, 2025 Bertolini Launches New High-Density Stacking Chair Line - October","og_url":"https:\/\/bertolinidirect.com\/es\/press\/","og_site_name":"Bertolini Direct","article_modified_time":"2025-10-21T16:37:31+00:00","twitter_card":"summary_large_image","schema":{"@context":"https:\/\/schema.org","@graph":[{"@type":"WebPage","@id":"https:\/\/bertolinidirect.com\/es\/press","url":"https:\/\/bertolinidirect.com\/es\/press","name":"Prensa y noticias | Bertolini Directo","isPartOf":{"@id":"https:\/\/bertolinidirect.com\/es\/#website"},"datePublished":"2024-04-19T18:40:16+00:00","dateModified":"2025-10-21T16:37:31+00:00","description":"Bertolini lanza una nueva l\u00ednea asequible de sillas y mesas plegables - 16 de octubre de 2025 Bertolini lanza una nueva l\u00ednea de sillas apilables de alta densidad - 16 de octubre de 2025","breadcrumb":{"@id":"https:\/\/bertolinidirect.com\/es\/press#breadcrumb"},"inLanguage":"es","potentialAction":[{"@type":"ReadAction","target":["https:\/\/bertolinidirect.com\/es\/press"]}]},{"@type":"BreadcrumbList","@id":"https:\/\/bertolinidirect.com\/es\/press#breadcrumb","itemListElement":[{"@type":"ListItem","position":1,"name":"Home","item":"https:\/\/bertolinidirect.com\/"},{"@type":"ListItem","position":2,"name":"Press &amp; News"}]},{"@type":"WebSite","@id":"https:\/\/bertolinidirect.com\/es\/#website","url":"https:\/\/bertolinidirect.com\/es\/","name":"Bertolini","description":"","potentialAction":[{"@type":"SearchAction","target":{"@type":"EntryPoint","urlTemplate":"https:\/\/bertolinidirect.com\/es\/?s={search_term_string}"},"query-input":{"@type":"PropertyValueSpecification","valueRequired":true,"valueName":"search_term_string"}}],"inLanguage":"es"}]}},"_links":{"self":[{"href":"https:\/\/bertolinidirect.com\/es\/wp-json\/wp\/v2\/pages\/762","targetHints":{"allow":["GET"]}}],"collection":[{"href":"https:\/\/bertolinidirect.com\/es\/wp-json\/wp\/v2\/pages"}],"about":[{"href":"https:\/\/bertolinidirect.com\/es\/wp-json\/wp\/v2\/types\/page"}],"author":[{"embeddable":true,"href":"https:\/\/bertolinidirect.com\/es\/wp-json\/wp\/v2\/users\/1"}],"replies":[{"embeddable":true,"href":"https:\/\/bertolinidirect.com\/es\/wp-json\/wp\/v2\/comments?post=762"}],"version-history":[{"count":21,"href":"https:\/\/bertolinidirect.com\/es\/wp-json\/wp\/v2\/pages\/762\/revisions"}],"predecessor-version":[{"id":24402,"href":"https:\/\/bertolinidirect.com\/es\/wp-json\/wp\/v2\/pages\/762\/revisions\/24402"}],"wp:attachment":[{"href":"https:\/\/bertolinidirect.com\/es\/wp-json\/wp\/v2\/media?parent=762"}],"curies":[{"name":"gracias","href":"https:\/\/api.w.org\/{rel}","templated":true}]}}