{"id":759,"date":"2024-04-19T18:39:03","date_gmt":"2024-04-19T18:39:03","guid":{"rendered":"https:\/\/bertolinidirect.com\/?page_id=759"},"modified":"2026-04-20T22:36:05","modified_gmt":"2026-04-20T22:36:05","slug":"testimonials","status":"publish","type":"page","link":"https:\/\/bertolinidirect.com\/es\/testimonials","title":{"rendered":"Testimonios"},"content":{"rendered":"<p>Explore las historias de congregaciones que han probado muebles de iglesia Bertolini en sus lugares de culto. Descubra qu\u00e9 le gusta a la gente de las sillas y qu\u00e9 tan bien duran a lo largo de los a\u00f1os.<\/p>","protected":false},"excerpt":{"rendered":"<p>Explore las historias de congregaciones que han probado muebles de iglesia Bertolini en sus lugares de culto. Descubra qu\u00e9 le gusta a la gente de las sillas y qu\u00e9 tan bien duran a lo largo de los a\u00f1os.<\/p>","protected":false},"author":1,"featured_media":0,"parent":0,"menu_order":0,"comment_status":"closed","ping_status":"closed","template":"testimonials.php","meta":{"_acf_changed":false,"footnotes":""},"class_list":["post-759","page","type-page","status-publish","hentry"],"acf":[],"yoast_head":"<!-- This site is optimized with the Yoast SEO Premium plugin v24.2 (Yoast SEO v27.4) - https:\/\/yoast.com\/product\/yoast-seo-premium-wordpress\/ -->\n<title>Testimonials | Bertolini Direct<\/title>\n<meta name=\"description\" content=\"Real stories from churches using Bertolini chairs. Discover why pastors and teams trust the comfort, durability, and service.\" \/>\n<meta name=\"robots\" content=\"index, follow, max-snippet:-1, max-image-preview:large, max-video-preview:-1\" \/>\n<link rel=\"canonical\" href=\"https:\/\/bertolinidirect.com\/es\/testimonials\/\" \/>\n<meta property=\"og:locale\" content=\"es_MX\" \/>\n<meta property=\"og:type\" content=\"article\" \/>\n<meta property=\"og:title\" content=\"Testimonials\" \/>\n<meta property=\"og:description\" content=\"Real stories from churches using Bertolini chairs. Discover why pastors and teams trust the comfort, durability, and service.\" \/>\n<meta property=\"og:url\" content=\"https:\/\/bertolinidirect.com\/es\/testimonials\/\" \/>\n<meta property=\"og:site_name\" content=\"Bertolini Direct\" \/>\n<meta property=\"article:modified_time\" content=\"2026-04-20T22:36:05+00:00\" \/>\n<meta name=\"twitter:card\" content=\"summary_large_image\" \/>\n<script type=\"application\/ld+json\" class=\"yoast-schema-graph\">{\"@context\":\"https:\\\/\\\/schema.org\",\"@graph\":[{\"@type\":\"WebPage\",\"@id\":\"https:\\\/\\\/bertolinidirect.com\\\/es\\\/testimonials\",\"url\":\"https:\\\/\\\/bertolinidirect.com\\\/es\\\/testimonials\",\"name\":\"Testimonials | Bertolini Direct\",\"isPartOf\":{\"@id\":\"https:\\\/\\\/bertolinidirect.com\\\/es\\\/#website\"},\"datePublished\":\"2024-04-19T18:39:03+00:00\",\"dateModified\":\"2026-04-20T22:36:05+00:00\",\"description\":\"Real stories from churches using Bertolini chairs. Discover why pastors and teams trust the comfort, durability, and service.\",\"breadcrumb\":{\"@id\":\"https:\\\/\\\/bertolinidirect.com\\\/es\\\/testimonials#breadcrumb\"},\"inLanguage\":\"es\",\"potentialAction\":[{\"@type\":\"ReadAction\",\"target\":[\"https:\\\/\\\/bertolinidirect.com\\\/es\\\/testimonials\"]}]},{\"@type\":\"BreadcrumbList\",\"@id\":\"https:\\\/\\\/bertolinidirect.com\\\/es\\\/testimonials#breadcrumb\",\"itemListElement\":[{\"@type\":\"ListItem\",\"position\":1,\"name\":\"Home\",\"item\":\"https:\\\/\\\/bertolinidirect.com\\\/\"},{\"@type\":\"ListItem\",\"position\":2,\"name\":\"Testimonials\"}]},{\"@type\":\"WebSite\",\"@id\":\"https:\\\/\\\/bertolinidirect.com\\\/es\\\/#website\",\"url\":\"https:\\\/\\\/bertolinidirect.com\\\/es\\\/\",\"name\":\"Bertolini\",\"description\":\"\",\"potentialAction\":[{\"@type\":\"SearchAction\",\"target\":{\"@type\":\"EntryPoint\",\"urlTemplate\":\"https:\\\/\\\/bertolinidirect.com\\\/es\\\/?s={search_term_string}\"},\"query-input\":{\"@type\":\"PropertyValueSpecification\",\"valueRequired\":true,\"valueName\":\"search_term_string\"}}],\"inLanguage\":\"es\"}]}<\/script>\n<!-- \/ Yoast SEO Premium plugin. -->","yoast_head_json":{"title":"Testimonios | Bertolini Directo","description":"Historias reales de iglesias que utilizan sillas Bertolini. Descubra por qu\u00e9 pastores y equipos conf\u00edan en su comodidad, durabilidad y servicio.","robots":{"index":"index","follow":"follow","max-snippet":"max-snippet:-1","max-image-preview":"max-image-preview:large","max-video-preview":"max-video-preview:-1"},"canonical":"https:\/\/bertolinidirect.com\/es\/testimonials\/","og_locale":"es_MX","og_type":"article","og_title":"Testimonials","og_description":"Real stories from churches using Bertolini chairs. Discover why pastors and teams trust the comfort, durability, and service.","og_url":"https:\/\/bertolinidirect.com\/es\/testimonials\/","og_site_name":"Bertolini Direct","article_modified_time":"2026-04-20T22:36:05+00:00","twitter_card":"summary_large_image","schema":{"@context":"https:\/\/schema.org","@graph":[{"@type":"WebPage","@id":"https:\/\/bertolinidirect.com\/es\/testimonials","url":"https:\/\/bertolinidirect.com\/es\/testimonials","name":"Testimonios | Bertolini Directo","isPartOf":{"@id":"https:\/\/bertolinidirect.com\/es\/#website"},"datePublished":"2024-04-19T18:39:03+00:00","dateModified":"2026-04-20T22:36:05+00:00","description":"Historias reales de iglesias que utilizan sillas Bertolini. Descubra por qu\u00e9 pastores y equipos conf\u00edan en su comodidad, durabilidad y servicio.","breadcrumb":{"@id":"https:\/\/bertolinidirect.com\/es\/testimonials#breadcrumb"},"inLanguage":"es","potentialAction":[{"@type":"ReadAction","target":["https:\/\/bertolinidirect.com\/es\/testimonials"]}]},{"@type":"BreadcrumbList","@id":"https:\/\/bertolinidirect.com\/es\/testimonials#breadcrumb","itemListElement":[{"@type":"ListItem","position":1,"name":"Home","item":"https:\/\/bertolinidirect.com\/"},{"@type":"ListItem","position":2,"name":"Testimonials"}]},{"@type":"WebSite","@id":"https:\/\/bertolinidirect.com\/es\/#website","url":"https:\/\/bertolinidirect.com\/es\/","name":"Bertolini","description":"","potentialAction":[{"@type":"SearchAction","target":{"@type":"EntryPoint","urlTemplate":"https:\/\/bertolinidirect.com\/es\/?s={search_term_string}"},"query-input":{"@type":"PropertyValueSpecification","valueRequired":true,"valueName":"search_term_string"}}],"inLanguage":"es"}]}},"_links":{"self":[{"href":"https:\/\/bertolinidirect.com\/es\/wp-json\/wp\/v2\/pages\/759","targetHints":{"allow":["GET"]}}],"collection":[{"href":"https:\/\/bertolinidirect.com\/es\/wp-json\/wp\/v2\/pages"}],"about":[{"href":"https:\/\/bertolinidirect.com\/es\/wp-json\/wp\/v2\/types\/page"}],"author":[{"embeddable":true,"href":"https:\/\/bertolinidirect.com\/es\/wp-json\/wp\/v2\/users\/1"}],"replies":[{"embeddable":true,"href":"https:\/\/bertolinidirect.com\/es\/wp-json\/wp\/v2\/comments?post=759"}],"version-history":[{"count":2,"href":"https:\/\/bertolinidirect.com\/es\/wp-json\/wp\/v2\/pages\/759\/revisions"}],"predecessor-version":[{"id":1447,"href":"https:\/\/bertolinidirect.com\/es\/wp-json\/wp\/v2\/pages\/759\/revisions\/1447"}],"wp:attachment":[{"href":"https:\/\/bertolinidirect.com\/es\/wp-json\/wp\/v2\/media?parent=759"}],"curies":[{"name":"gracias","href":"https:\/\/api.w.org\/{rel}","templated":true}]}}