{"id":573,"date":"2024-04-16T23:03:55","date_gmt":"2024-04-16T23:03:55","guid":{"rendered":"https:\/\/bertolinidirect.com\/?page_id=573"},"modified":"2026-04-20T22:36:24","modified_gmt":"2026-04-20T22:36:24","slug":"warranty","status":"publish","type":"page","link":"https:\/\/bertolinidirect.com\/es\/warranty","title":{"rendered":"Informaci\u00f3n de garant\u00eda"},"content":{"rendered":"<p><strong>RENUNCIA DE GARANT\u00cdA DEL PRODUCTO:<\/strong>&nbsp;Las garant\u00edas anteriores reemplazan todas las dem\u00e1s garant\u00edas, expresas o impl\u00edcitas, incluidas, entre otras, las garant\u00edas impl\u00edcitas de comerciabilidad e idoneidad para un prop\u00f3sito particular.<\/p>\n\n\n\n<p><strong>TODOS los productos, incluidas las piezas, reemplazados a trav\u00e9s del programa de garant\u00eda pueden estar sujetos a tarifas de flete y\/o tarifas de manipulaci\u00f3n.<\/strong><\/p>\n\n\n\n<p><strong>Sillas del Santuario Bertolini<\/strong>\u00a0La garant\u00eda estructural del armaz\u00f3n es de veinticinco (25) a\u00f1os. La garant\u00eda de la construcci\u00f3n de los insertos del asiento y el respaldo es de cinco (5) a\u00f1os. Los tratamientos y tejidos de la tapicer\u00eda est\u00e1n sujetos a las garant\u00edas del fabricante textil correspondiente. Garantizamos que nuestra espuma no se descompondr\u00e1 m\u00e1s de 10% y que mantendr\u00e1 un m\u00ednimo de 90% de su forma original al momento de la compra. Las garant\u00edas de la espuma var\u00edan seg\u00fan el modelo, como se indica a continuaci\u00f3n:<\/p>\n\n\n\n<ul class=\"wp-block-list\">\n<li><a href=\"https:\/\/bertolinidirect.com\/es\/all\/impressions-series-worship-chair\/\">Serie Impresiones<\/a>: Veinticinco (25) a\u00f1os<\/li>\n\n\n\n<li>Milenios (descontinuado): Veinte (20) a\u00f1os<\/li>\n\n\n\n<li>Essentials (descontinuado): Veinte (20) a\u00f1os<\/li>\n<\/ul>\n\n\n\n<p><strong>Fundamentos V2<\/strong> <strong>Sillas<\/strong> Garant\u00eda estructural limitada de cinco (5) a\u00f1os, que cubre la estructura de acero. Los tratamientos de tapicer\u00eda y las telas est\u00e1n sujetos a las garant\u00edas ofrecidas por el fabricante textil correspondiente. Estos detalles de garant\u00eda se aplican al siguiente producto:<\/p>\n\n\n\n<ul class=\"wp-block-list\">\n<li><a href=\"\/es\/products\/chairs\/essentials-church-chair\/\">Silla de iglesia Essentials V2<\/a><\/li>\n<\/ul>\n\n\n\n<p><strong>Sillas de la serie HD<\/strong> Garant\u00eda estructural limitada de un (1) a\u00f1o, que cubre la estructura de acero. Esta garant\u00eda incluye los siguientes productos:<\/p>\n\n\n\n<ul class=\"wp-block-list\">\n<li><a href=\"\/es\/products\/chairs\/super-stacker-chair\/\">Silla apilable HD Core<\/a> (anteriormente conocida como silla Super Stacker)&nbsp;<\/li>\n\n\n\n<li><a href=\"\/es\/products\/chairs\/hd-select-stacking-chair\/\">Silla apilable HD Select<\/a><\/li>\n\n\n\n<li><a href=\"\/es\/products\/chairs\/hd-premier-stacking-chair\/\">Silla apilable HD Premier<\/a><\/li>\n<\/ul>\n\n\n\n<p><strong>Mesas y sillas Brisa<\/strong> Garant\u00eda estructural limitada de un (1) a\u00f1o. Esta garant\u00eda incluye los siguientes productos:<\/p>\n\n\n\n<ul class=\"wp-block-list\">\n<li><a href=\"https:\/\/bertolinidirect.com\/es\/products\/tables\/brisa-rectangle-folding-table\/\">Mesa plegable rectangular Brisa<\/a><\/li>\n\n\n\n<li><a href=\"https:\/\/bertolinidirect.com\/es\/products\/tables\/brisa-round-folding-table\/\">Mesa plegable redonda Brisa<\/a><\/li>\n\n\n\n<li><a href=\"https:\/\/bertolinidirect.com\/es\/products\/tables\/brisa-cocktail-folding-table\/\">Mesa plegable de c\u00f3ctel Brisa<\/a><\/li>\n\n\n\n<li><a href=\"https:\/\/bertolinidirect.com\/es\/products\/chairs\/brisa-plastic-folding-chairs\/\">Sillas plegables de pl\u00e1stico Brisa<\/a><\/li>\n<\/ul>\n\n\n\n<h2 class=\"wp-block-heading\" id=\"h-wearable-components-warranty-exception\">Excepci\u00f3n de la garant\u00eda de componentes port\u00e1tiles:<\/h2>\n\n\n\n<p>Los componentes port\u00e1tiles no est\u00e1n incluidos en la Garant\u00eda limitada de por vida. Estos componentes incluyen tapicer\u00eda y tratamientos de tapicer\u00eda, como costuras, acabados de la estructura y la espuma del asiento cuando se ensucia o se usa al aire libre.<\/p>\n\n\n\n<h2 class=\"wp-block-heading\" id=\"h-wearable-components-coverage\">Cobertura de componentes port\u00e1tiles:<\/h2>\n\n\n\n<p><strong>Tapicer\u00eda:<\/strong>&nbsp;Los tratamientos y tejidos de tapicer\u00eda est\u00e1n sujetos a las garant\u00edas ofrecidas por el respectivo fabricante textil.<\/p>\n\n\n\n<p><strong>Acabado del marco:<\/strong>&nbsp;Los acabados est\u00e1ndar del marco est\u00e1n cubiertos por una garant\u00eda de 5 a\u00f1os contra descamaci\u00f3n, pelado o defecto del fabricante en condiciones de uso normal.<\/p>\n\n\n\n<p><strong>Espuma del asiento:<\/strong>&nbsp;Garantizamos que nuestra espuma no se descompondr\u00e1 m\u00e1s de 10% y que mantendr\u00e1 un m\u00ednimo de 90% de su forma original al momento de la compra.<\/p>\n\n\n\n<p><strong>Reemplazo:<\/strong>&nbsp;Cualquier cuadro o pieza que Bertolini encuentre defectuosa mientras est\u00e9 bajo garant\u00eda ser\u00e1 reparado o reemplazado, a opci\u00f3n de Bertolini.<\/p>\n\n\n\n<h2 class=\"wp-block-heading\" id=\"h-warranty-limitations-on-chairs-shipped-outside-of-the-continental-united-states\">Limitaciones de garant\u00eda para sillas enviadas fuera de los Estados Unidos continentales:<\/h2>\n\n\n\n<p>Todas las garant\u00edas de telas indicadas anteriormente se aplican \u00fanicamente a las sillas enviadas dentro de los Estados Unidos continentales. Las sillas enviadas a lugares con \u00edndices de radiaci\u00f3n UV superiores a los registrados en los Estados Unidos continentales (como, entre otras, \u00e1reas del Caribe, Am\u00e9rica Central, Am\u00e9rica del Sur, \u00c1frica, Asia del Sur y el Pac\u00edfico Sur) pueden ser sujeto a garant\u00edas de tela reducidas de 1 (un) a\u00f1o o menos. Los clientes fuera de los Estados Unidos continentales deben comunicarse con el Departamento de reparaci\u00f3n y garant\u00eda de Bertolini para recibir la verificaci\u00f3n de la garant\u00eda de la tela que se aplica a su tela espec\u00edfica dentro de su localidad espec\u00edfica.<\/p>\n\n\n\n<p>El reclamo del comprador por incumplimiento de cualquier garant\u00eda relativa a los bienes quedar\u00e1 excluido a menos que el vendedor reciba una notificaci\u00f3n por escrito del presunto incumplimiento por parte del comprador dentro de los diez (10) d\u00edas h\u00e1biles posteriores a la entrega de los bienes o si un incumplimiento de la garant\u00eda no puede justificarse razonablemente. descubierto dentro de los diez (10) d\u00edas h\u00e1biles posteriores a la entrega de los bienes, dentro de los diez (10) d\u00edas h\u00e1biles posteriores al descubrimiento real del supuesto incumplimiento de garant\u00eda o dentro de los diez (10) d\u00edas h\u00e1biles posteriores a que el incumplimiento de la garant\u00eda podr\u00eda haberse descubierto razonablemente \u2014o lo que ocurra primero. Cualquier exclusi\u00f3n de esta garant\u00eda aparecer\u00e1 en la cotizaci\u00f3n firmada por el cliente.<\/p>\n\n\n\n<p>Las garant\u00edas no se aplican a ning\u00fan producto que haya sido alterado, sujeto a mal uso o negligencia. La garant\u00eda de Bertolini se limita al cr\u00e9dito o al reemplazo del art\u00edculo defectuoso. La responsabilidad bajo esta garant\u00eda no exceder\u00e1 el precio de compra del art\u00edculo defectuoso. A menos que se modifique por escrito y est\u00e9 firmado por ambas partes, este acuerdo, tal como figura en la cotizaci\u00f3n proporcionada por Bertolini y firmado por el cliente, y estos T\u00e9rminos y condiciones se entienden como el acuerdo completo y exclusivo entre las partes, reemplazando todo acuerdo oral o acuerdos escritos y todas las dem\u00e1s comunicaciones entre las partes relacionadas con el tema de este acuerdo, incluidas las declaraciones hechas por vendedores.<\/p>","protected":false},"excerpt":{"rendered":"<p>PRODUCT WARRANTY DISCLAIMER:&nbsp;The foregoing warranties are in lieu of all other warranties, express or implied, including but not limited to the implied warranties of merchantability and fitness for a particular purpose. ALL products, including parts, replaced through the warranty program may be subject to freight fees and\/or handling fees. Bertolini Sanctuary Chairs\u00a0\u2013 Structural warranty on [&hellip;]<\/p>\n","protected":false},"author":2,"featured_media":0,"parent":0,"menu_order":0,"comment_status":"closed","ping_status":"closed","template":"content-page.php","meta":{"_acf_changed":false,"footnotes":""},"class_list":["post-573","page","type-page","status-publish","hentry"],"acf":[],"yoast_head":"<!-- This site is optimized with the Yoast SEO Premium plugin v24.2 (Yoast SEO v27.4) - https:\/\/yoast.com\/product\/yoast-seo-premium-wordpress\/ -->\n<title>Warranty Information | Bertolini Direct<\/title>\n<meta name=\"description\" content=\"Review Bertolini\u2019s warranty details, including coverage for frames, foam, and fabrics. Understand what\u2019s protected and for how long.\" \/>\n<meta name=\"robots\" content=\"index, follow, max-snippet:-1, max-image-preview:large, max-video-preview:-1\" \/>\n<link rel=\"canonical\" href=\"https:\/\/bertolinidirect.com\/es\/warranty\/\" \/>\n<meta property=\"og:locale\" content=\"es_MX\" \/>\n<meta property=\"og:type\" content=\"article\" \/>\n<meta property=\"og:title\" content=\"Warranty Information\" \/>\n<meta property=\"og:description\" content=\"Review Bertolini\u2019s warranty details, including coverage for frames, foam, and fabrics. Understand what\u2019s protected and for how long.\" \/>\n<meta property=\"og:url\" content=\"https:\/\/bertolinidirect.com\/es\/warranty\/\" \/>\n<meta property=\"og:site_name\" content=\"Bertolini Direct\" \/>\n<meta property=\"article:modified_time\" content=\"2026-04-20T22:36:24+00:00\" \/>\n<meta name=\"twitter:card\" content=\"summary_large_image\" \/>\n<script type=\"application\/ld+json\" class=\"yoast-schema-graph\">{\"@context\":\"https:\\\/\\\/schema.org\",\"@graph\":[{\"@type\":\"WebPage\",\"@id\":\"https:\\\/\\\/bertolinidirect.com\\\/es\\\/warranty\",\"url\":\"https:\\\/\\\/bertolinidirect.com\\\/es\\\/warranty\",\"name\":\"Warranty Information | Bertolini Direct\",\"isPartOf\":{\"@id\":\"https:\\\/\\\/bertolinidirect.com\\\/es\\\/#website\"},\"datePublished\":\"2024-04-16T23:03:55+00:00\",\"dateModified\":\"2026-04-20T22:36:24+00:00\",\"description\":\"Review Bertolini\u2019s warranty details, including coverage for frames, foam, and fabrics. Understand what\u2019s protected and for how long.\",\"breadcrumb\":{\"@id\":\"https:\\\/\\\/bertolinidirect.com\\\/es\\\/warranty#breadcrumb\"},\"inLanguage\":\"es\",\"potentialAction\":[{\"@type\":\"ReadAction\",\"target\":[\"https:\\\/\\\/bertolinidirect.com\\\/es\\\/warranty\"]}]},{\"@type\":\"BreadcrumbList\",\"@id\":\"https:\\\/\\\/bertolinidirect.com\\\/es\\\/warranty#breadcrumb\",\"itemListElement\":[{\"@type\":\"ListItem\",\"position\":1,\"name\":\"Home\",\"item\":\"https:\\\/\\\/bertolinidirect.com\\\/\"},{\"@type\":\"ListItem\",\"position\":2,\"name\":\"Warranty Information\"}]},{\"@type\":\"WebSite\",\"@id\":\"https:\\\/\\\/bertolinidirect.com\\\/es\\\/#website\",\"url\":\"https:\\\/\\\/bertolinidirect.com\\\/es\\\/\",\"name\":\"Bertolini\",\"description\":\"\",\"potentialAction\":[{\"@type\":\"SearchAction\",\"target\":{\"@type\":\"EntryPoint\",\"urlTemplate\":\"https:\\\/\\\/bertolinidirect.com\\\/es\\\/?s={search_term_string}\"},\"query-input\":{\"@type\":\"PropertyValueSpecification\",\"valueRequired\":true,\"valueName\":\"search_term_string\"}}],\"inLanguage\":\"es\"}]}<\/script>\n<!-- \/ Yoast SEO Premium plugin. -->","yoast_head_json":{"title":"Informaci\u00f3n de garant\u00eda | Bertolini Directo","description":"Revise los detalles de la garant\u00eda de Bertolini, incluyendo la cobertura para armazones, espuma y telas. Entienda qu\u00e9 est\u00e1 protegido y por cu\u00e1nto tiempo.","robots":{"index":"index","follow":"follow","max-snippet":"max-snippet:-1","max-image-preview":"max-image-preview:large","max-video-preview":"max-video-preview:-1"},"canonical":"https:\/\/bertolinidirect.com\/es\/warranty\/","og_locale":"es_MX","og_type":"article","og_title":"Warranty Information","og_description":"Review Bertolini\u2019s warranty details, including coverage for frames, foam, and fabrics. Understand what\u2019s protected and for how long.","og_url":"https:\/\/bertolinidirect.com\/es\/warranty\/","og_site_name":"Bertolini Direct","article_modified_time":"2026-04-20T22:36:24+00:00","twitter_card":"summary_large_image","schema":{"@context":"https:\/\/schema.org","@graph":[{"@type":"WebPage","@id":"https:\/\/bertolinidirect.com\/es\/warranty","url":"https:\/\/bertolinidirect.com\/es\/warranty","name":"Informaci\u00f3n de garant\u00eda | Bertolini Directo","isPartOf":{"@id":"https:\/\/bertolinidirect.com\/es\/#website"},"datePublished":"2024-04-16T23:03:55+00:00","dateModified":"2026-04-20T22:36:24+00:00","description":"Revise los detalles de la garant\u00eda de Bertolini, incluyendo la cobertura para armazones, espuma y telas. Entienda qu\u00e9 est\u00e1 protegido y por cu\u00e1nto tiempo.","breadcrumb":{"@id":"https:\/\/bertolinidirect.com\/es\/warranty#breadcrumb"},"inLanguage":"es","potentialAction":[{"@type":"ReadAction","target":["https:\/\/bertolinidirect.com\/es\/warranty"]}]},{"@type":"BreadcrumbList","@id":"https:\/\/bertolinidirect.com\/es\/warranty#breadcrumb","itemListElement":[{"@type":"ListItem","position":1,"name":"Home","item":"https:\/\/bertolinidirect.com\/"},{"@type":"ListItem","position":2,"name":"Warranty Information"}]},{"@type":"WebSite","@id":"https:\/\/bertolinidirect.com\/es\/#website","url":"https:\/\/bertolinidirect.com\/es\/","name":"Bertolini","description":"","potentialAction":[{"@type":"SearchAction","target":{"@type":"EntryPoint","urlTemplate":"https:\/\/bertolinidirect.com\/es\/?s={search_term_string}"},"query-input":{"@type":"PropertyValueSpecification","valueRequired":true,"valueName":"search_term_string"}}],"inLanguage":"es"}]}},"_links":{"self":[{"href":"https:\/\/bertolinidirect.com\/es\/wp-json\/wp\/v2\/pages\/573","targetHints":{"allow":["GET"]}}],"collection":[{"href":"https:\/\/bertolinidirect.com\/es\/wp-json\/wp\/v2\/pages"}],"about":[{"href":"https:\/\/bertolinidirect.com\/es\/wp-json\/wp\/v2\/types\/page"}],"author":[{"embeddable":true,"href":"https:\/\/bertolinidirect.com\/es\/wp-json\/wp\/v2\/users\/2"}],"replies":[{"embeddable":true,"href":"https:\/\/bertolinidirect.com\/es\/wp-json\/wp\/v2\/comments?post=573"}],"version-history":[{"count":13,"href":"https:\/\/bertolinidirect.com\/es\/wp-json\/wp\/v2\/pages\/573\/revisions"}],"predecessor-version":[{"id":24731,"href":"https:\/\/bertolinidirect.com\/es\/wp-json\/wp\/v2\/pages\/573\/revisions\/24731"}],"wp:attachment":[{"href":"https:\/\/bertolinidirect.com\/es\/wp-json\/wp\/v2\/media?parent=573"}],"curies":[{"name":"gracias","href":"https:\/\/api.w.org\/{rel}","templated":true}]}}