{"id":569,"date":"2024-04-16T23:03:16","date_gmt":"2024-04-16T23:03:16","guid":{"rendered":"https:\/\/bertolinidirect.com\/?page_id=569"},"modified":"2024-05-14T17:15:24","modified_gmt":"2024-05-14T17:15:24","slug":"privacy-policy","status":"publish","type":"page","link":"https:\/\/bertolinidirect.com\/es\/privacy-policy","title":{"rendered":"pol\u00edtica de privacidad"},"content":{"rendered":"<p>Bertolini, que forma parte de la familia de marcas MITY Incorporated, se compromete a proteger su privacidad. Puede visitar la mayor\u00eda de las p\u00e1ginas de nuestros sitios sin brindarnos ninguna informaci\u00f3n sobre usted o su organizaci\u00f3n. Pero a veces necesitamos informaci\u00f3n para brindarle la informaci\u00f3n o los servicios que usted solicita, y esta declaraci\u00f3n de privacidad explica la recopilaci\u00f3n y el uso de datos en esas situaciones. Lea la declaraci\u00f3n de privacidad completa de Bertolini\/MITY Inc.<\/p>\n\n\n\n<h2 class=\"wp-block-heading\">Recopilaci\u00f3n de su informaci\u00f3n personal u organizacional<\/h2>\n\n\n\n<p>La informaci\u00f3n personal u organizacional recopilada por Bertolini\/MITY Inc a menudo se limita al n\u00famero de tel\u00e9fono, direcci\u00f3n postal, direcci\u00f3n de correo electr\u00f3nico, idioma, pa\u00eds o ubicaci\u00f3n, pero puede incluir otra informaci\u00f3n cuando sea necesaria para brindar un servicio o responder con la informaci\u00f3n que haya solicitado.<\/p>\n\n\n\n<p>Bertolini tambi\u00e9n recopila cierta informaci\u00f3n sobre el hardware y software utilizado para ver nuestros sitios web. Esta informaci\u00f3n puede incluir: su direcci\u00f3n IP, tipo de navegador, sistema operativo, nombre de dominio, tiempos de acceso y direcciones de sitios web de referencia. Esta informaci\u00f3n se utiliza para proporcionar estad\u00edsticas generales sobre el uso de nuestros sitios web. Bertolini tambi\u00e9n recopila informaci\u00f3n sobre qu\u00e9 p\u00e1ginas visitan nuestros clientes dentro de Bertolinidirect.com.<\/p>\n\n\n\n<p>Ocasionalmente contratamos a otras empresas para que brinden servicios limitados en nuestro nombre, incluido el embalaje, env\u00edo por correo y entrega de compras, respuesta a preguntas de los clientes sobre productos o servicios, env\u00edo de correo postal y procesamiento de registro de eventos. Solo proporcionaremos a esas empresas la informaci\u00f3n que necesitan para prestar el servicio y tienen prohibido utilizar esa informaci\u00f3n para cualquier otro prop\u00f3sito.<\/p>\n\n\n\n<p>Bertolini puede divulgar su informaci\u00f3n personal u organizacional si as\u00ed lo exige la ley o si cree de buena fe que dicha acci\u00f3n es necesaria para: (a) cumplir con los edictos de la ley o cumplir con un proceso legal realizado sobre Bertolini o el sitio ; (b) proteger y defender los derechos o la propiedad de Bertolini y su familia de sitios web, o (c) actuar en circunstancias urgentes para proteger la seguridad personal de los empleados de Bertolini, los usuarios de los productos o servicios de Bertolini o los miembros del p\u00fablico.<\/p>\n\n\n\n<h2 class=\"wp-block-heading\">Control de su informaci\u00f3n personal u organizacional<\/h2>\n\n\n\n<p>Cuando se registra o nos brinda informaci\u00f3n personal u organizacional, Bertolini no compartir\u00e1 esa informaci\u00f3n con terceros sin su permiso, excepto por las excepciones limitadas ya enumeradas. S\u00f3lo se utilizar\u00e1 para los fines indicados anteriormente.<\/p>\n\n\n\n<h2 class=\"wp-block-heading\">CCPA<\/h2>\n\n\n\n<p>Bertolini respeta su privacidad. Su confianza es importante para nosotros y estamos comprometidos a brindarle la informaci\u00f3n que recopilamos de usted o sobre usted. A partir del 1 de enero de 2020, la Ley de Privacidad del Consumidor de California de 2018 (la \u201cCCPA\u201d) otorga a los residentes de California ciertos derechos con respecto a su informaci\u00f3n personal, incluido el derecho a optar por no recibir ciertas divulgaciones de informaci\u00f3n personal.<\/p>\n\n\n\n<p>La informaci\u00f3n personal u organizacional recopilada por Bertolini a menudo se limita a un n\u00famero de tel\u00e9fono, direcci\u00f3n postal, direcci\u00f3n de correo electr\u00f3nico, idioma, pa\u00eds o ubicaci\u00f3n, pero puede incluir otra informaci\u00f3n cuando sea necesaria para brindar un servicio o responder con la informaci\u00f3n que ha solicitado. No venderemos su informaci\u00f3n a empresas ni anunciantes de terceros.<\/p>\n\n\n\n<p>Utilizamos la informaci\u00f3n que recopilamos para atenci\u00f3n al cliente, esfuerzos de marketing, encuestas, an\u00e1lisis e investigaciones, y otras actividades promocionales.<\/p>\n\n\n\n<p>Para optar por no participar y\/o eliminar los datos que se han recopilado, visite nuestro <a href=\"\/es\/contact\/\">P\u00e1gina de contacto<\/a> y env\u00ede una solicitud o env\u00edenos un correo electr\u00f3nico a support@bertolinidirect.com.<\/p>\n\n\n\n<h2 class=\"wp-block-heading\">Uso de cookies<\/h2>\n\n\n\n<p>Cuando alguien visita el sitio, se coloca una cookie en la m\u00e1quina del cliente (si el cliente acepta cookies) o se lee si el cliente ha visitado el sitio anteriormente. Un uso de las cookies es ayudar en la recopilaci\u00f3n de las estad\u00edsticas de visitas al sitio descritas anteriormente.<\/p>\n\n\n\n<p>Tambi\u00e9n utilizamos cookies para recopilar informaci\u00f3n sobre en qu\u00e9 enlaces hacen clic los usuarios. Esta informaci\u00f3n se utiliza para garantizar que proporcionamos la informaci\u00f3n que los clientes desean. Se recopila de forma agregada y nunca se vincula con su informaci\u00f3n personal u organizacional.<\/p>\n\n\n\n<p>Si elige que su navegador no acepte cookies de los sitios web de Bertolini o MITY Inc, podr\u00e1 ver el texto en las pantallas y realizar solicitudes; sin embargo, no experimentar\u00e1 una visita personalizada.<\/p>\n\n\n\n<h2 class=\"wp-block-heading\">Pol\u00edtica y procedimiento de exclusi\u00f3n voluntaria<\/h2>\n\n\n\n<p>Bertolini ofrece tres m\u00e9todos para optar por no recibir contactos no solicitados. 1) Env\u00ede un correo electr\u00f3nico a Bertolini a support@bertolinidirect.com con su solicitud. 2) Llame al 1-800-647-7755 y solicite hablar con su representante de servicio al cliente. 3) Env\u00ede su solicitud a Bertolini como se describe al final de esta declaraci\u00f3n.<\/p>\n\n\n\n<p>Nuestros sistemas requieren tiempo para actualizarse y es posible que los correos promocionales que utilizan su informaci\u00f3n antes de su exclusi\u00f3n voluntaria ya est\u00e9n en proceso. Por lo tanto, es posible que contin\u00fae recibiendo materiales promocionales de Bertolini seg\u00fan la informaci\u00f3n que haya proporcionado en virtud de esta Pol\u00edtica de privacidad durante un m\u00e1ximo de noventa (90) d\u00edas. Por motivos similares, su informaci\u00f3n personal podr\u00eda seguir comparti\u00e9ndose con terceros con fines promocionales durante un m\u00e1ximo de noventa (90) d\u00edas.<\/p>\n\n\n\n<h2 class=\"wp-block-heading\">Cambios a esta declaraci\u00f3n<\/h2>\n\n\n\n<p>Bertolini, que pertenece a las marcas MITY Inc, actualizar\u00e1 ocasionalmente esta declaraci\u00f3n de privacidad. Cuando lo hagamos, tambi\u00e9n revisaremos la fecha de &quot;\u00faltima actualizaci\u00f3n&quot; en la parte inferior de la declaraci\u00f3n de privacidad.<\/p>\n\n\n\n<h2 class=\"wp-block-heading\">Informaci\u00f3n del contacto<\/h2>\n\n\n\n<p>Bertolini (una divisi\u00f3n de MITY Incorporated) agradece sus comentarios sobre esta declaraci\u00f3n de privacidad; por favor cont\u00e1ctenos por correo electr\u00f3nico o correo postal.<\/p>\n\n\n\n<p>Departamento de Marketing de MITY Inc.<br>1301 Oeste 400 Norte Orem, UT 84057<\/p>\n\n\n\n<p>Este documento fue revisado por \u00faltima vez el 17 de abril de 2024.<\/p>","protected":false},"excerpt":{"rendered":"<p>Bertolini, which is part of the MITY Incorporated family of brands, is committed to protecting your privacy. You can visit most pages on our sites without giving us any information about yourself or your organization. But sometimes we do need information to provide information or services that you request, and this privacy statement explains data [&hellip;]<\/p>\n","protected":false},"author":2,"featured_media":0,"parent":0,"menu_order":0,"comment_status":"closed","ping_status":"closed","template":"content-page.php","meta":{"_acf_changed":false,"footnotes":""},"class_list":["post-569","page","type-page","status-publish","hentry"],"acf":[],"yoast_head":"<!-- This site is optimized with the Yoast SEO Premium plugin v24.2 (Yoast SEO v27.1.1) - https:\/\/yoast.com\/product\/yoast-seo-premium-wordpress\/ -->\n<title>Privacy Policy | Bertolini Direct<\/title>\n<meta name=\"description\" content=\"Bertolini, which is part of the MITY Incorporated family of brands, is committed to protecting your privacy. You can visit most pages on our sites without\" \/>\n<meta name=\"robots\" content=\"index, follow, max-snippet:-1, max-image-preview:large, max-video-preview:-1\" \/>\n<link rel=\"canonical\" href=\"https:\/\/bertolinidirect.com\/es\/privacy-policy\/\" \/>\n<meta property=\"og:locale\" content=\"es_MX\" \/>\n<meta property=\"og:type\" content=\"article\" \/>\n<meta property=\"og:title\" content=\"Privacy Policy\" \/>\n<meta property=\"og:description\" content=\"Bertolini, which is part of the MITY Incorporated family of brands, is committed to protecting your privacy. You can visit most pages on our sites without\" \/>\n<meta property=\"og:url\" content=\"https:\/\/bertolinidirect.com\/es\/privacy-policy\/\" \/>\n<meta property=\"og:site_name\" content=\"Bertolini Direct\" \/>\n<meta property=\"article:modified_time\" content=\"2024-05-14T17:15:24+00:00\" \/>\n<meta name=\"twitter:card\" content=\"summary_large_image\" \/>\n<script type=\"application\/ld+json\" class=\"yoast-schema-graph\">{\"@context\":\"https:\/\/schema.org\",\"@graph\":[{\"@type\":\"WebPage\",\"@id\":\"https:\/\/bertolinidirect.com\/es\/privacy-policy\",\"url\":\"https:\/\/bertolinidirect.com\/es\/privacy-policy\",\"name\":\"Privacy Policy | Bertolini Direct\",\"isPartOf\":{\"@id\":\"https:\/\/bertolinidirect.com\/es\/#website\"},\"datePublished\":\"2024-04-16T23:03:16+00:00\",\"dateModified\":\"2024-05-14T17:15:24+00:00\",\"description\":\"Bertolini, which is part of the MITY Incorporated family of brands, is committed to protecting your privacy. You can visit most pages on our sites without\",\"breadcrumb\":{\"@id\":\"https:\/\/bertolinidirect.com\/es\/privacy-policy#breadcrumb\"},\"inLanguage\":\"es\",\"potentialAction\":[{\"@type\":\"ReadAction\",\"target\":[\"https:\/\/bertolinidirect.com\/es\/privacy-policy\"]}]},{\"@type\":\"BreadcrumbList\",\"@id\":\"https:\/\/bertolinidirect.com\/es\/privacy-policy#breadcrumb\",\"itemListElement\":[{\"@type\":\"ListItem\",\"position\":1,\"name\":\"Home\",\"item\":\"https:\/\/bertolinidirect.com\/\"},{\"@type\":\"ListItem\",\"position\":2,\"name\":\"Privacy Policy\"}]},{\"@type\":\"WebSite\",\"@id\":\"https:\/\/bertolinidirect.com\/es\/#website\",\"url\":\"https:\/\/bertolinidirect.com\/es\/\",\"name\":\"Bertolini\",\"description\":\"\",\"potentialAction\":[{\"@type\":\"SearchAction\",\"target\":{\"@type\":\"EntryPoint\",\"urlTemplate\":\"https:\/\/bertolinidirect.com\/es\/?s={search_term_string}\"},\"query-input\":{\"@type\":\"PropertyValueSpecification\",\"valueRequired\":true,\"valueName\":\"search_term_string\"}}],\"inLanguage\":\"es\"}]}<\/script>\n<!-- \/ Yoast SEO Premium plugin. -->","yoast_head_json":{"title":"Pol\u00edtica de privacidad | Bertolini Directo","description":"Bertolini, que forma parte de la familia de marcas MITY Incorporated, se compromete a proteger su privacidad. Puede visitar la mayor\u00eda de las p\u00e1ginas de nuestros sitios sin","robots":{"index":"index","follow":"follow","max-snippet":"max-snippet:-1","max-image-preview":"max-image-preview:large","max-video-preview":"max-video-preview:-1"},"canonical":"https:\/\/bertolinidirect.com\/es\/privacy-policy\/","og_locale":"es_MX","og_type":"article","og_title":"Privacy Policy","og_description":"Bertolini, which is part of the MITY Incorporated family of brands, is committed to protecting your privacy. You can visit most pages on our sites without","og_url":"https:\/\/bertolinidirect.com\/es\/privacy-policy\/","og_site_name":"Bertolini Direct","article_modified_time":"2024-05-14T17:15:24+00:00","twitter_card":"summary_large_image","schema":{"@context":"https:\/\/schema.org","@graph":[{"@type":"WebPage","@id":"https:\/\/bertolinidirect.com\/es\/privacy-policy","url":"https:\/\/bertolinidirect.com\/es\/privacy-policy","name":"Pol\u00edtica de privacidad | Bertolini Directo","isPartOf":{"@id":"https:\/\/bertolinidirect.com\/es\/#website"},"datePublished":"2024-04-16T23:03:16+00:00","dateModified":"2024-05-14T17:15:24+00:00","description":"Bertolini, que forma parte de la familia de marcas MITY Incorporated, se compromete a proteger su privacidad. Puede visitar la mayor\u00eda de las p\u00e1ginas de nuestros sitios sin","breadcrumb":{"@id":"https:\/\/bertolinidirect.com\/es\/privacy-policy#breadcrumb"},"inLanguage":"es","potentialAction":[{"@type":"ReadAction","target":["https:\/\/bertolinidirect.com\/es\/privacy-policy"]}]},{"@type":"BreadcrumbList","@id":"https:\/\/bertolinidirect.com\/es\/privacy-policy#breadcrumb","itemListElement":[{"@type":"ListItem","position":1,"name":"Home","item":"https:\/\/bertolinidirect.com\/"},{"@type":"ListItem","position":2,"name":"Privacy Policy"}]},{"@type":"WebSite","@id":"https:\/\/bertolinidirect.com\/es\/#website","url":"https:\/\/bertolinidirect.com\/es\/","name":"Bertolini","description":"","potentialAction":[{"@type":"SearchAction","target":{"@type":"EntryPoint","urlTemplate":"https:\/\/bertolinidirect.com\/es\/?s={search_term_string}"},"query-input":{"@type":"PropertyValueSpecification","valueRequired":true,"valueName":"search_term_string"}}],"inLanguage":"es"}]}},"_links":{"self":[{"href":"https:\/\/bertolinidirect.com\/es\/wp-json\/wp\/v2\/pages\/569","targetHints":{"allow":["GET"]}}],"collection":[{"href":"https:\/\/bertolinidirect.com\/es\/wp-json\/wp\/v2\/pages"}],"about":[{"href":"https:\/\/bertolinidirect.com\/es\/wp-json\/wp\/v2\/types\/page"}],"author":[{"embeddable":true,"href":"https:\/\/bertolinidirect.com\/es\/wp-json\/wp\/v2\/users\/2"}],"replies":[{"embeddable":true,"href":"https:\/\/bertolinidirect.com\/es\/wp-json\/wp\/v2\/comments?post=569"}],"version-history":[{"count":2,"href":"https:\/\/bertolinidirect.com\/es\/wp-json\/wp\/v2\/pages\/569\/revisions"}],"predecessor-version":[{"id":745,"href":"https:\/\/bertolinidirect.com\/es\/wp-json\/wp\/v2\/pages\/569\/revisions\/745"}],"wp:attachment":[{"href":"https:\/\/bertolinidirect.com\/es\/wp-json\/wp\/v2\/media?parent=569"}],"curies":[{"name":"gracias","href":"https:\/\/api.w.org\/{rel}","templated":true}]}}