{"id":558,"date":"2024-04-16T23:00:24","date_gmt":"2024-04-16T23:00:24","guid":{"rendered":"https:\/\/bertolinidirect.com\/?page_id=558"},"modified":"2026-04-20T22:35:24","modified_gmt":"2026-04-20T22:35:24","slug":"prop-65","status":"publish","type":"page","link":"https:\/\/bertolinidirect.com\/es\/prop-65","title":{"rendered":"Proposici\u00f3n 65"},"content":{"rendered":"<p>Ver una calcoman\u00eda de advertencia de la Proposici\u00f3n 65 en ese nuevo y brillante producto MITY que acaba de desempaquetar puede ser un poco desconcertante, especialmente cuando no est\u00e1 seguro de por qu\u00e9 est\u00e1 all\u00ed y qu\u00e9 significa acerca de su nueva compra. Entonces, pensamos en brindarle un poco m\u00e1s de informaci\u00f3n sobre por qu\u00e9 incluimos calcoman\u00edas de la Proposici\u00f3n 65 en algunos de nuestros productos.<\/p>\n\n\n\n<h2 class=\"wp-block-heading\" id=\"h-what-is-prop-65\">\u00bfQu\u00e9 es la Proposici\u00f3n 65?<\/h2>\n\n\n\n<p>La Proposici\u00f3n 65 de California es una ley que exige que las empresas y minoristas que env\u00edan o venden productos en California incluyan una advertencia en cualquier producto que pueda contener cantidades cuantificables de sustancias qu\u00edmicas que el estado ha enumerado como &quot;conocidas en el estado de California como causantes de c\u00e1ncer o toxicidad reproductiva&quot;. .\u201d Es importante tener en cuenta que algunas de estas sustancias qu\u00edmicas se encuentran naturalmente en el suelo, el agua y el aire. Encontrar\u00e1 calcoman\u00edas de advertencia de la Proposici\u00f3n 65 en productos dom\u00e9sticos cotidianos como art\u00edculos de belleza, aspirinas, joyas y platos. En California, es posible que tambi\u00e9n vea advertencias de la Proposici\u00f3n 65 en parques p\u00fablicos, restaurantes, aeropuertos, hoteles y gasolineras.<\/p>\n\n\n\n<h2 class=\"wp-block-heading\" id=\"h-where-did-prop-65-come-from\">\u00bfDe d\u00f3nde surgi\u00f3 la Proposici\u00f3n 65?<\/h2>\n\n\n\n<p>La Proposici\u00f3n 65 de California se promulg\u00f3 en 1986 para ayudar a los residentes de California a tomar decisiones informadas. Tambi\u00e9n llamada Ley de Control de Agua Potable Segura y T\u00f3xicos, la ley exige que California publique una lista de sustancias qu\u00edmicas que los cient\u00edficos clasifican como probables carcin\u00f3genos y la actualice al menos una vez al a\u00f1o. Actualmente, est\u00e1n registradas en la lista unas 900 sustancias qu\u00edmicas.<\/p>\n\n\n\n<p>La lista completa se puede encontrar en el<a href=\"https:\/\/oehha.ca.gov\/proposition-65\/general-info\/proposition-65-plain-language\">Sitio web de la Oficina de Evaluaci\u00f3n de Riesgos para la Salud Ambiental (OEHHA) de California<\/a>.<\/p>\n\n\n\n<h2 class=\"wp-block-heading\" id=\"h-what-is-a-probable-carcinogen-that-sounds-scary\">\u00bfQu\u00e9 es un posible carcin\u00f3geno? Eso suena aterrador.<\/h2>\n\n\n\n<p>Cuando la Proposici\u00f3n 65 enumera una sustancia qu\u00edmica como \u201cprobable carcin\u00f3geno\u201d, significa que los cient\u00edficos, dentro del estado de California, creen que podr\u00eda causar c\u00e1ncer en algunas personas. Sin embargo, ni la comunidad cient\u00edfica mundial ni los expertos fuera del estado de California est\u00e1n de acuerdo en que todas estas sustancias qu\u00edmicas causen c\u00e1ncer.<\/p>\n\n\n\n<h2 class=\"wp-block-heading\" id=\"h-but-i-m-not-in-california-why-am-i-seeing-a-warning-label-mandated-by-california\">Pero no estoy en California. \u00bfPor qu\u00e9 veo una etiqueta de advertencia exigida por California?<\/h2>\n\n\n\n<p>MITY vende productos a empresas y distribuidores que operan en varios estados del pa\u00eds, incluido California. Debido a que no siempre vendemos nuestros productos al usuario final, ni sabemos d\u00f3nde podr\u00eda terminar nuestro producto, hemos decidido colocar la etiqueta de advertencia de la Proposici\u00f3n 65 en todos nuestros productos. Como no somos muy partidarios de arriesgarnos a sanciones o multas, nos complace cumplir con los requisitos de etiquetado de la Proposici\u00f3n 65 de California.<\/p>\n\n\n\n<h2 class=\"wp-block-heading\" id=\"h-so-should-i-be-concerned\">Entonces\u2026 \u00bfdeber\u00eda preocuparme?<\/h2>\n\n\n\n<p>Gran parte de la preocupaci\u00f3n en torno a las sustancias qu\u00edmicas de la lista de la Proposici\u00f3n 65 se centra en la exposici\u00f3n a sustancias qu\u00edmicas que pueden \u201cliberar gases\u201d y crear un ambiente de aire interior poco saludable. MITY apuesta por la fabricaci\u00f3n de productos que reduzcan las emisiones en ambientes interiores. De hecho, la mayor\u00eda de los productos de mobiliario de MITY cumplen con los estrictos criterios de la Certificaci\u00f3n de Calidad del Aire Interior de UL GreenGuard, una certificaci\u00f3n que permite a las instalaciones calificar para cr\u00e9ditos a trav\u00e9s de LEED y otros programas de construcci\u00f3n sustentable.<\/p>\n\n\n\n<p>California est\u00e1 tomando todas las precauciones posibles para dar a sus residentes el \u201cDerecho a Saber\u201d y las etiquetas de advertencia de la Proposici\u00f3n 65 son la forma en que el estado se asegura de hacer correr la voz.<\/p>\n\n\n\n<p>Queremos que sepa que todos en MITY Inc. se toman muy en serio la seguridad de nuestros productos y de nuestros clientes. \u00a1Despu\u00e9s de todo, utilizamos nuestros propios productos todos los d\u00edas! Estamos orgullosos de lo que hacemos y queremos que se sienta seguro al usar y disfrutar nuestros productos MITY.<\/p>\n\n\n\n<p>Gracias,<\/p>\n\n\n\n<p>MITY Inc., entre sus subsidiarias se incluyen: MityLite, Bertolini y Broda.<\/p>\n\n\n\n<p>Para m\u00e1s informaci\u00f3n vaya a<a href=\"https:\/\/www.p65warnings.ca.gov\/\">www.p65warnings.ca.gov<\/a>.<\/p>","protected":false},"excerpt":{"rendered":"<p>Seeing a Proposition 65 warning sticker on that shiny new MITY product you just unpacked can be a little disconcerting\u2014especially when you\u2019re not sure why it\u2019s there and what it means about your new purchase. So, we thought we\u2019d give you a little more info on why we include Prop 65 stickers on some of [&hellip;]<\/p>\n","protected":false},"author":2,"featured_media":0,"parent":0,"menu_order":0,"comment_status":"closed","ping_status":"closed","template":"content-page.php","meta":{"_acf_changed":false,"footnotes":""},"class_list":["post-558","page","type-page","status-publish","hentry"],"acf":[],"yoast_head":"<!-- This site is optimized with the Yoast SEO Premium plugin v24.2 (Yoast SEO v27.4) - https:\/\/yoast.com\/product\/yoast-seo-premium-wordpress\/ -->\n<title>Prop 65 | Bertolini Direct<\/title>\n<meta name=\"description\" content=\"California Prop 65 requires warnings about certain chemicals. Learn what it means and how it applies to Bertolini products.\" \/>\n<meta name=\"robots\" content=\"index, follow, max-snippet:-1, max-image-preview:large, max-video-preview:-1\" \/>\n<link rel=\"canonical\" href=\"https:\/\/bertolinidirect.com\/es\/prop-65\/\" \/>\n<meta property=\"og:locale\" content=\"es_MX\" \/>\n<meta property=\"og:type\" content=\"article\" \/>\n<meta property=\"og:title\" content=\"Prop 65\" \/>\n<meta property=\"og:description\" content=\"California Prop 65 requires warnings about certain chemicals. Learn what it means and how it applies to Bertolini products.\" \/>\n<meta property=\"og:url\" content=\"https:\/\/bertolinidirect.com\/es\/prop-65\/\" \/>\n<meta property=\"og:site_name\" content=\"Bertolini Direct\" \/>\n<meta property=\"article:modified_time\" content=\"2026-04-20T22:35:24+00:00\" \/>\n<meta name=\"twitter:card\" content=\"summary_large_image\" \/>\n<script type=\"application\/ld+json\" class=\"yoast-schema-graph\">{\"@context\":\"https:\\\/\\\/schema.org\",\"@graph\":[{\"@type\":\"WebPage\",\"@id\":\"https:\\\/\\\/bertolinidirect.com\\\/es\\\/prop-65\",\"url\":\"https:\\\/\\\/bertolinidirect.com\\\/es\\\/prop-65\",\"name\":\"Prop 65 | Bertolini Direct\",\"isPartOf\":{\"@id\":\"https:\\\/\\\/bertolinidirect.com\\\/es\\\/#website\"},\"datePublished\":\"2024-04-16T23:00:24+00:00\",\"dateModified\":\"2026-04-20T22:35:24+00:00\",\"description\":\"California Prop 65 requires warnings about certain chemicals. Learn what it means and how it applies to Bertolini products.\",\"breadcrumb\":{\"@id\":\"https:\\\/\\\/bertolinidirect.com\\\/es\\\/prop-65#breadcrumb\"},\"inLanguage\":\"es\",\"potentialAction\":[{\"@type\":\"ReadAction\",\"target\":[\"https:\\\/\\\/bertolinidirect.com\\\/es\\\/prop-65\"]}]},{\"@type\":\"BreadcrumbList\",\"@id\":\"https:\\\/\\\/bertolinidirect.com\\\/es\\\/prop-65#breadcrumb\",\"itemListElement\":[{\"@type\":\"ListItem\",\"position\":1,\"name\":\"Home\",\"item\":\"https:\\\/\\\/bertolinidirect.com\\\/\"},{\"@type\":\"ListItem\",\"position\":2,\"name\":\"Prop 65\"}]},{\"@type\":\"WebSite\",\"@id\":\"https:\\\/\\\/bertolinidirect.com\\\/es\\\/#website\",\"url\":\"https:\\\/\\\/bertolinidirect.com\\\/es\\\/\",\"name\":\"Bertolini\",\"description\":\"\",\"potentialAction\":[{\"@type\":\"SearchAction\",\"target\":{\"@type\":\"EntryPoint\",\"urlTemplate\":\"https:\\\/\\\/bertolinidirect.com\\\/es\\\/?s={search_term_string}\"},\"query-input\":{\"@type\":\"PropertyValueSpecification\",\"valueRequired\":true,\"valueName\":\"search_term_string\"}}],\"inLanguage\":\"es\"}]}<\/script>\n<!-- \/ Yoast SEO Premium plugin. -->","yoast_head_json":{"title":"Proposici\u00f3n 65 | Bertolini Directo","description":"California Prop 65 requires warnings about certain chemicals. Learn what it means and how it applies to Bertolini products.","robots":{"index":"index","follow":"follow","max-snippet":"max-snippet:-1","max-image-preview":"max-image-preview:large","max-video-preview":"max-video-preview:-1"},"canonical":"https:\/\/bertolinidirect.com\/es\/prop-65\/","og_locale":"es_MX","og_type":"article","og_title":"Prop 65","og_description":"California Prop 65 requires warnings about certain chemicals. Learn what it means and how it applies to Bertolini products.","og_url":"https:\/\/bertolinidirect.com\/es\/prop-65\/","og_site_name":"Bertolini Direct","article_modified_time":"2026-04-20T22:35:24+00:00","twitter_card":"summary_large_image","schema":{"@context":"https:\/\/schema.org","@graph":[{"@type":"WebPage","@id":"https:\/\/bertolinidirect.com\/es\/prop-65","url":"https:\/\/bertolinidirect.com\/es\/prop-65","name":"Proposici\u00f3n 65 | Bertolini Directo","isPartOf":{"@id":"https:\/\/bertolinidirect.com\/es\/#website"},"datePublished":"2024-04-16T23:00:24+00:00","dateModified":"2026-04-20T22:35:24+00:00","description":"California Prop 65 requires warnings about certain chemicals. Learn what it means and how it applies to Bertolini products.","breadcrumb":{"@id":"https:\/\/bertolinidirect.com\/es\/prop-65#breadcrumb"},"inLanguage":"es","potentialAction":[{"@type":"ReadAction","target":["https:\/\/bertolinidirect.com\/es\/prop-65"]}]},{"@type":"BreadcrumbList","@id":"https:\/\/bertolinidirect.com\/es\/prop-65#breadcrumb","itemListElement":[{"@type":"ListItem","position":1,"name":"Home","item":"https:\/\/bertolinidirect.com\/"},{"@type":"ListItem","position":2,"name":"Prop 65"}]},{"@type":"WebSite","@id":"https:\/\/bertolinidirect.com\/es\/#website","url":"https:\/\/bertolinidirect.com\/es\/","name":"Bertolini","description":"","potentialAction":[{"@type":"SearchAction","target":{"@type":"EntryPoint","urlTemplate":"https:\/\/bertolinidirect.com\/es\/?s={search_term_string}"},"query-input":{"@type":"PropertyValueSpecification","valueRequired":true,"valueName":"search_term_string"}}],"inLanguage":"es"}]}},"_links":{"self":[{"href":"https:\/\/bertolinidirect.com\/es\/wp-json\/wp\/v2\/pages\/558","targetHints":{"allow":["GET"]}}],"collection":[{"href":"https:\/\/bertolinidirect.com\/es\/wp-json\/wp\/v2\/pages"}],"about":[{"href":"https:\/\/bertolinidirect.com\/es\/wp-json\/wp\/v2\/types\/page"}],"author":[{"embeddable":true,"href":"https:\/\/bertolinidirect.com\/es\/wp-json\/wp\/v2\/users\/2"}],"replies":[{"embeddable":true,"href":"https:\/\/bertolinidirect.com\/es\/wp-json\/wp\/v2\/comments?post=558"}],"version-history":[{"count":4,"href":"https:\/\/bertolinidirect.com\/es\/wp-json\/wp\/v2\/pages\/558\/revisions"}],"predecessor-version":[{"id":24816,"href":"https:\/\/bertolinidirect.com\/es\/wp-json\/wp\/v2\/pages\/558\/revisions\/24816"}],"wp:attachment":[{"href":"https:\/\/bertolinidirect.com\/es\/wp-json\/wp\/v2\/media?parent=558"}],"curies":[{"name":"gracias","href":"https:\/\/api.w.org\/{rel}","templated":true}]}}