{"id":547,"date":"2024-04-16T22:58:13","date_gmt":"2024-04-16T22:58:13","guid":{"rendered":"https:\/\/bertolinidirect.com\/?page_id=547"},"modified":"2024-05-02T16:14:07","modified_gmt":"2024-05-02T16:14:07","slug":"about","status":"publish","type":"page","link":"https:\/\/bertolinidirect.com\/es\/about","title":{"rendered":"Acerca de"},"content":{"rendered":"<h2 class=\"wp-block-heading\">Garant\u00eda l\u00edder en la industria<\/h2>\n\n\n\n<p>En Bertolini, fabricamos sillas con materiales de la m\u00e1s alta calidad: telas, espuma y estructuras que realmente durar\u00e1n a\u00f1os y a\u00f1os. Hacerlo nos facilita respaldar cada silla que construimos. Tambi\u00e9n cumplimos con estrictos est\u00e1ndares de fabricaci\u00f3n y dise\u00f1o, lo que nos permite ofrecer con confianza una de las mejores garant\u00edas de producto de la industria.<\/p>\n\n\n\n<h2 class=\"wp-block-heading\">Compromiso con la excelencia<\/h2>\n\n\n\n<p>Nuestro compromiso con la excelencia se muestra en la calidad de los materiales que utilizamos, nuestras innovadoras t\u00e9cnicas de ensamblaje y el riguroso proceso de prueba e inspecci\u00f3n al que se someten nuestras sillas. Nos aseguramos de que los mejores asientos de adoraci\u00f3n salgan de nuestra f\u00e1brica, de nosotros a usted. En Bertolini, estamos orgullosos de fabricar sillas para iglesia que durar\u00e1n m\u00e1s que cualquier otro producto del mercado.<\/p>\n\n\n\n<figure class=\"wp-block-embed is-type-video is-provider-youtube wp-block-embed-youtube wp-embed-aspect-16-9 wp-has-aspect-ratio\"><div class=\"wp-block-embed__wrapper\">\n<iframe loading=\"lazy\" title=\"Presentamos la nueva y mejorada silla de la iglesia Bertolini Impressions\" width=\"500\" height=\"281\" src=\"https:\/\/www.youtube.com\/embed\/J277Sg5FBZI?feature=oembed\" frameborder=\"0\" allow=\"accelerometer; autoplay; clipboard-write; encrypted-media; gyroscope; picture-in-picture; web-share\" referrerpolicy=\"strict-origin-when-cross-origin\" allowfullscreen><\/iframe>\n<\/div><\/figure>\n\n\n\n<h2 class=\"wp-block-heading\">Compromiso con la Sostenibilidad<\/h2>\n\n\n\n<p>Como fabricante de muebles, nuestro primer compromiso con la sostenibilidad es reducir los residuos y, con ese fin, nos comprometemos a ofrecer sillas que duren a\u00f1os de uso intenso. Adem\u00e1s, tomamos docenas de otras medidas para construir sillas y otros asientos para iglesias sostenibles. Las sillas Bertolini est\u00e1n fabricadas con estructuras de acero reciclable 100%, espuma de base biol\u00f3gica y un proceso de recubrimiento sin emisiones.<\/p>\n\n\n\n<h2 class=\"wp-block-heading\">Servicio inigualable<\/h2>\n\n\n\n<p>Nuestros clientes no solo aprecian los productos excepcionales que ofrecemos, sino que tambi\u00e9n disfrutan el valor del servicio al cliente que brindamos. Es el tipo de servicio excelente que hace que nuestros clientes recomienden a sus amigos y regresen.<\/p>\n\n\n\n<h2 class=\"wp-block-heading\">Ventas directas de f\u00e1brica<\/h2>\n\n\n\n<p>Trabajar con nuestros representantes de ventas directas de f\u00e1brica pone fin a las molestias que surgen al tratar con un intermediario. Nuestro equipo est\u00e1 comprometido a garantizar que obtenga las sillas perfectas que se adapten a sus necesidades. Est\u00e1n emocionados de conocerlo a usted y a su congregaci\u00f3n.<\/p>\n\n\n\n<h2 class=\"wp-block-heading\">Acerca de nuestra empresa matriz<\/h2>\n\n\n\n<p>MITY Inc es la empresa matriz de estas marcas de muebles duraderos l\u00edderes en la industria: MityLite, Holsag, Bertolini y Broda\u00ae Seating.<\/p>\n\n\n\n<ul class=\"wp-block-list\">\n<li><a href=\"https:\/\/mitylite.com\">MityLite<\/a>fabrica muebles galardonados para el mercado comercial global.<\/li>\n\n\n\n<li><a href=\"https:\/\/holsag.com\">Holsag<\/a>fabrica muebles para los mercados de hoteler\u00eda, residencias para personas mayores, atenci\u00f3n m\u00e9dica y educaci\u00f3n.<\/li>\n\n\n\n<li><a href=\"https:\/\/bertolinidirect.com\/es\/\">Bertolini<\/a>fabrica asientos c\u00f3modos y duraderos para el mercado de adoraci\u00f3n.<\/li>\n\n\n\n<li><a href=\"https:\/\/brodaseating.com\">Asientos Broda<\/a>ofrece una l\u00ednea \u00fanica de sillas de ruedas con posicionamiento inclinable en el espacio para una amplia variedad de entornos de atenci\u00f3n m\u00e9dica.<\/li>\n<\/ul>\n\n\n\n<p>MITY Inc tiene su sede en Orem, Utah, y operaciones de fabricaci\u00f3n en Lindsay, Ontario y Kitchener, Ontario. Visita mityinc.com para obtener m\u00e1s informaci\u00f3n.<\/p>","protected":false},"excerpt":{"rendered":"<p>Industry-Leading Warranty At Bertolini, we craft chairs from the highest quality materials\u2014fabrics, foam, and frames that will truly last for years and years. Doing so makes it easy for us to stand behind every chair we build.\u202fWe also adhere to strict manufacturing and design standards, which allows us to confidently offer one of the best [&hellip;]<\/p>\n","protected":false},"author":2,"featured_media":0,"parent":0,"menu_order":0,"comment_status":"closed","ping_status":"closed","template":"about.php","meta":{"_acf_changed":false,"footnotes":""},"class_list":["post-547","page","type-page","status-publish","hentry"],"acf":[],"yoast_head":"<!-- This site is optimized with the Yoast SEO Premium plugin v24.2 (Yoast SEO v27.1.1) - https:\/\/yoast.com\/product\/yoast-seo-premium-wordpress\/ -->\n<title>About | Bertolini Direct<\/title>\n<meta name=\"description\" content=\"Industry-Leading Warranty At Bertolini, we craft chairs from the highest quality materials\u2014fabrics, foam, and frames that will truly last for years and\" \/>\n<meta name=\"robots\" content=\"index, follow, max-snippet:-1, max-image-preview:large, max-video-preview:-1\" \/>\n<link rel=\"canonical\" href=\"https:\/\/bertolinidirect.com\/es\/about\/\" \/>\n<meta property=\"og:locale\" content=\"es_MX\" \/>\n<meta property=\"og:type\" content=\"article\" \/>\n<meta property=\"og:title\" content=\"About\" \/>\n<meta property=\"og:description\" content=\"Industry-Leading Warranty At Bertolini, we craft chairs from the highest quality materials\u2014fabrics, foam, and frames that will truly last for years and\" \/>\n<meta property=\"og:url\" content=\"https:\/\/bertolinidirect.com\/es\/about\/\" \/>\n<meta property=\"og:site_name\" content=\"Bertolini Direct\" \/>\n<meta property=\"article:modified_time\" content=\"2024-05-02T16:14:07+00:00\" \/>\n<meta name=\"twitter:card\" content=\"summary_large_image\" \/>\n<script type=\"application\/ld+json\" class=\"yoast-schema-graph\">{\"@context\":\"https:\/\/schema.org\",\"@graph\":[{\"@type\":\"WebPage\",\"@id\":\"https:\/\/bertolinidirect.com\/es\/about\",\"url\":\"https:\/\/bertolinidirect.com\/es\/about\",\"name\":\"About | Bertolini Direct\",\"isPartOf\":{\"@id\":\"https:\/\/bertolinidirect.com\/es\/#website\"},\"datePublished\":\"2024-04-16T22:58:13+00:00\",\"dateModified\":\"2024-05-02T16:14:07+00:00\",\"description\":\"Industry-Leading Warranty At Bertolini, we craft chairs from the highest quality materials\u2014fabrics, foam, and frames that will truly last for years and\",\"breadcrumb\":{\"@id\":\"https:\/\/bertolinidirect.com\/es\/about#breadcrumb\"},\"inLanguage\":\"es\",\"potentialAction\":[{\"@type\":\"ReadAction\",\"target\":[\"https:\/\/bertolinidirect.com\/es\/about\"]}]},{\"@type\":\"BreadcrumbList\",\"@id\":\"https:\/\/bertolinidirect.com\/es\/about#breadcrumb\",\"itemListElement\":[{\"@type\":\"ListItem\",\"position\":1,\"name\":\"Home\",\"item\":\"https:\/\/bertolinidirect.com\/\"},{\"@type\":\"ListItem\",\"position\":2,\"name\":\"About\"}]},{\"@type\":\"WebSite\",\"@id\":\"https:\/\/bertolinidirect.com\/es\/#website\",\"url\":\"https:\/\/bertolinidirect.com\/es\/\",\"name\":\"Bertolini\",\"description\":\"\",\"potentialAction\":[{\"@type\":\"SearchAction\",\"target\":{\"@type\":\"EntryPoint\",\"urlTemplate\":\"https:\/\/bertolinidirect.com\/es\/?s={search_term_string}\"},\"query-input\":{\"@type\":\"PropertyValueSpecification\",\"valueRequired\":true,\"valueName\":\"search_term_string\"}}],\"inLanguage\":\"es\"}]}<\/script>\n<!-- \/ Yoast SEO Premium plugin. -->","yoast_head_json":{"title":"Acerca de | Bertolini Directo","description":"Garant\u00eda l\u00edder en la industria En Bertolini, fabricamos sillas con materiales de la m\u00e1s alta calidad: telas, espuma y armazones que realmente durar\u00e1n a\u00f1os y","robots":{"index":"index","follow":"follow","max-snippet":"max-snippet:-1","max-image-preview":"max-image-preview:large","max-video-preview":"max-video-preview:-1"},"canonical":"https:\/\/bertolinidirect.com\/es\/about\/","og_locale":"es_MX","og_type":"article","og_title":"About","og_description":"Industry-Leading Warranty At Bertolini, we craft chairs from the highest quality materials\u2014fabrics, foam, and frames that will truly last for years and","og_url":"https:\/\/bertolinidirect.com\/es\/about\/","og_site_name":"Bertolini Direct","article_modified_time":"2024-05-02T16:14:07+00:00","twitter_card":"summary_large_image","schema":{"@context":"https:\/\/schema.org","@graph":[{"@type":"WebPage","@id":"https:\/\/bertolinidirect.com\/es\/about","url":"https:\/\/bertolinidirect.com\/es\/about","name":"Acerca de | Bertolini Directo","isPartOf":{"@id":"https:\/\/bertolinidirect.com\/es\/#website"},"datePublished":"2024-04-16T22:58:13+00:00","dateModified":"2024-05-02T16:14:07+00:00","description":"Garant\u00eda l\u00edder en la industria En Bertolini, fabricamos sillas con materiales de la m\u00e1s alta calidad: telas, espuma y armazones que realmente durar\u00e1n a\u00f1os y","breadcrumb":{"@id":"https:\/\/bertolinidirect.com\/es\/about#breadcrumb"},"inLanguage":"es","potentialAction":[{"@type":"ReadAction","target":["https:\/\/bertolinidirect.com\/es\/about"]}]},{"@type":"BreadcrumbList","@id":"https:\/\/bertolinidirect.com\/es\/about#breadcrumb","itemListElement":[{"@type":"ListItem","position":1,"name":"Home","item":"https:\/\/bertolinidirect.com\/"},{"@type":"ListItem","position":2,"name":"About"}]},{"@type":"WebSite","@id":"https:\/\/bertolinidirect.com\/es\/#website","url":"https:\/\/bertolinidirect.com\/es\/","name":"Bertolini","description":"","potentialAction":[{"@type":"SearchAction","target":{"@type":"EntryPoint","urlTemplate":"https:\/\/bertolinidirect.com\/es\/?s={search_term_string}"},"query-input":{"@type":"PropertyValueSpecification","valueRequired":true,"valueName":"search_term_string"}}],"inLanguage":"es"}]}},"_links":{"self":[{"href":"https:\/\/bertolinidirect.com\/es\/wp-json\/wp\/v2\/pages\/547","targetHints":{"allow":["GET"]}}],"collection":[{"href":"https:\/\/bertolinidirect.com\/es\/wp-json\/wp\/v2\/pages"}],"about":[{"href":"https:\/\/bertolinidirect.com\/es\/wp-json\/wp\/v2\/types\/page"}],"author":[{"embeddable":true,"href":"https:\/\/bertolinidirect.com\/es\/wp-json\/wp\/v2\/users\/2"}],"replies":[{"embeddable":true,"href":"https:\/\/bertolinidirect.com\/es\/wp-json\/wp\/v2\/comments?post=547"}],"version-history":[{"count":4,"href":"https:\/\/bertolinidirect.com\/es\/wp-json\/wp\/v2\/pages\/547\/revisions"}],"predecessor-version":[{"id":1229,"href":"https:\/\/bertolinidirect.com\/es\/wp-json\/wp\/v2\/pages\/547\/revisions\/1229"}],"wp:attachment":[{"href":"https:\/\/bertolinidirect.com\/es\/wp-json\/wp\/v2\/media?parent=547"}],"curies":[{"name":"gracias","href":"https:\/\/api.w.org\/{rel}","templated":true}]}}