{"id":41,"date":"2024-01-04T21:53:34","date_gmt":"2024-01-04T21:53:34","guid":{"rendered":"https:\/\/bertolinidirect.com\/?page_id=41"},"modified":"2025-02-26T00:17:14","modified_gmt":"2025-02-26T00:17:14","slug":"fabrics","status":"publish","type":"page","link":"https:\/\/bertolinidirect.com\/es\/fabrics","title":{"rendered":"Telas"},"content":{"rendered":"<p>Puedes dejar esta p\u00e1gina como est\u00e1. Solo necesita existir para que \/fabrics exista como URL y la plantilla fabric-page.php pueda vincularse a ella.<\/p>\n\n\n\n<p>Busque el archivo fabric-page.php donde se encuentra el elemento<main id=\"\u201dfabric-app\u201d\" class=\"\u201dsite-main\"><\/main> Se encuentra ah\u00ed. Es donde se conecta el complemento fabric-center cuando el archivo index.php del complemento pone en cola la aplicaci\u00f3n fabric-center.<\/p>\n\n\n\n<p>Tambi\u00e9n hay un poco de c\u00f3digo en el archivo functions.php de la carpeta de temas para encolar una hoja de estilos para anular los estilos y tambi\u00e9n para agregar reglas de reescritura para lidiar con la navegaci\u00f3n\/enrutamiento.<\/p>","protected":false},"excerpt":{"rendered":"<p>You can leave this page alone. This page just needs to exist so that \/fabrics exists as a URL and the fabric-page.php template can be tied to this. Look for the file fabric-page.php where the element &lt;main id=&#8221;fabric-app&#8221; class=&#8221;site-main content-page&#8221;&gt;&lt;\/main&gt; is located. That is where the fabric-center plugin latches onto when the plugins index.php file [&hellip;]<\/p>\n","protected":false},"author":1,"featured_media":0,"parent":0,"menu_order":0,"comment_status":"closed","ping_status":"closed","template":"fabric-page.php","meta":{"_acf_changed":false,"footnotes":""},"class_list":["post-41","page","type-page","status-publish","hentry"],"acf":[],"yoast_head":"<!-- This site is optimized with the Yoast SEO Premium plugin v24.2 (Yoast SEO v27.1.1) - https:\/\/yoast.com\/product\/yoast-seo-premium-wordpress\/ -->\n<title>View Our Large Selection Of Chair Upholstery &amp; Fabrics<\/title>\n<meta name=\"description\" content=\"Customize your church chairs with our various options of fabrics. Choose from over 300+ different fabric types with different grades, rubs, and features.\" \/>\n<meta name=\"robots\" content=\"index, follow, max-snippet:-1, max-image-preview:large, max-video-preview:-1\" \/>\n<link rel=\"canonical\" href=\"https:\/\/bertolinidirect.com\/es\/fabrics\/\" \/>\n<meta property=\"og:locale\" content=\"es_MX\" \/>\n<meta property=\"og:type\" content=\"article\" \/>\n<meta property=\"og:title\" content=\"Fabrics\" \/>\n<meta property=\"og:description\" content=\"Customize your church chairs with our various options of fabrics. Choose from over 300+ different fabric types with different grades, rubs, and features.\" \/>\n<meta property=\"og:url\" content=\"https:\/\/bertolinidirect.com\/es\/fabrics\/\" \/>\n<meta property=\"og:site_name\" content=\"Bertolini Direct\" \/>\n<meta property=\"article:modified_time\" content=\"2025-02-26T00:17:14+00:00\" \/>\n<meta name=\"twitter:card\" content=\"summary_large_image\" \/>\n<script type=\"application\/ld+json\" class=\"yoast-schema-graph\">{\"@context\":\"https:\/\/schema.org\",\"@graph\":[{\"@type\":\"WebPage\",\"@id\":\"https:\/\/bertolinidirect.com\/es\/fabrics\",\"url\":\"https:\/\/bertolinidirect.com\/es\/fabrics\",\"name\":\"View Our Large Selection Of Chair Upholstery & Fabrics\",\"isPartOf\":{\"@id\":\"https:\/\/bertolinidirect.com\/es\/#website\"},\"datePublished\":\"2024-01-04T21:53:34+00:00\",\"dateModified\":\"2025-02-26T00:17:14+00:00\",\"description\":\"Customize your church chairs with our various options of fabrics. Choose from over 300+ different fabric types with different grades, rubs, and features.\",\"breadcrumb\":{\"@id\":\"https:\/\/bertolinidirect.com\/es\/fabrics#breadcrumb\"},\"inLanguage\":\"es\",\"potentialAction\":[{\"@type\":\"ReadAction\",\"target\":[\"https:\/\/bertolinidirect.com\/es\/fabrics\"]}]},{\"@type\":\"BreadcrumbList\",\"@id\":\"https:\/\/bertolinidirect.com\/es\/fabrics#breadcrumb\",\"itemListElement\":[{\"@type\":\"ListItem\",\"position\":1,\"name\":\"Home\",\"item\":\"https:\/\/bertolinidirect.com\/\"},{\"@type\":\"ListItem\",\"position\":2,\"name\":\"Fabrics\"}]},{\"@type\":\"WebSite\",\"@id\":\"https:\/\/bertolinidirect.com\/es\/#website\",\"url\":\"https:\/\/bertolinidirect.com\/es\/\",\"name\":\"Bertolini\",\"description\":\"\",\"potentialAction\":[{\"@type\":\"SearchAction\",\"target\":{\"@type\":\"EntryPoint\",\"urlTemplate\":\"https:\/\/bertolinidirect.com\/es\/?s={search_term_string}\"},\"query-input\":{\"@type\":\"PropertyValueSpecification\",\"valueRequired\":true,\"valueName\":\"search_term_string\"}}],\"inLanguage\":\"es\"}]}<\/script>\n<!-- \/ Yoast SEO Premium plugin. -->","yoast_head_json":{"title":"Vea nuestra gran selecci\u00f3n de tapicer\u00eda y telas para sillas","description":"Personaliza las sillas de tu iglesia con nuestras diversas opciones de telas. Elija entre m\u00e1s de 300 tipos de telas diferentes con diferentes grados, frotaciones y caracter\u00edsticas.","robots":{"index":"index","follow":"follow","max-snippet":"max-snippet:-1","max-image-preview":"max-image-preview:large","max-video-preview":"max-video-preview:-1"},"canonical":"https:\/\/bertolinidirect.com\/es\/fabrics\/","og_locale":"es_MX","og_type":"article","og_title":"Fabrics","og_description":"Customize your church chairs with our various options of fabrics. Choose from over 300+ different fabric types with different grades, rubs, and features.","og_url":"https:\/\/bertolinidirect.com\/es\/fabrics\/","og_site_name":"Bertolini Direct","article_modified_time":"2025-02-26T00:17:14+00:00","twitter_card":"summary_large_image","schema":{"@context":"https:\/\/schema.org","@graph":[{"@type":"WebPage","@id":"https:\/\/bertolinidirect.com\/es\/fabrics","url":"https:\/\/bertolinidirect.com\/es\/fabrics","name":"Vea nuestra gran selecci\u00f3n de tapicer\u00eda y telas para sillas","isPartOf":{"@id":"https:\/\/bertolinidirect.com\/es\/#website"},"datePublished":"2024-01-04T21:53:34+00:00","dateModified":"2025-02-26T00:17:14+00:00","description":"Personaliza las sillas de tu iglesia con nuestras diversas opciones de telas. Elija entre m\u00e1s de 300 tipos de telas diferentes con diferentes grados, frotaciones y caracter\u00edsticas.","breadcrumb":{"@id":"https:\/\/bertolinidirect.com\/es\/fabrics#breadcrumb"},"inLanguage":"es","potentialAction":[{"@type":"ReadAction","target":["https:\/\/bertolinidirect.com\/es\/fabrics"]}]},{"@type":"BreadcrumbList","@id":"https:\/\/bertolinidirect.com\/es\/fabrics#breadcrumb","itemListElement":[{"@type":"ListItem","position":1,"name":"Home","item":"https:\/\/bertolinidirect.com\/"},{"@type":"ListItem","position":2,"name":"Fabrics"}]},{"@type":"WebSite","@id":"https:\/\/bertolinidirect.com\/es\/#website","url":"https:\/\/bertolinidirect.com\/es\/","name":"Bertolini","description":"","potentialAction":[{"@type":"SearchAction","target":{"@type":"EntryPoint","urlTemplate":"https:\/\/bertolinidirect.com\/es\/?s={search_term_string}"},"query-input":{"@type":"PropertyValueSpecification","valueRequired":true,"valueName":"search_term_string"}}],"inLanguage":"es"}]}},"_links":{"self":[{"href":"https:\/\/bertolinidirect.com\/es\/wp-json\/wp\/v2\/pages\/41","targetHints":{"allow":["GET"]}}],"collection":[{"href":"https:\/\/bertolinidirect.com\/es\/wp-json\/wp\/v2\/pages"}],"about":[{"href":"https:\/\/bertolinidirect.com\/es\/wp-json\/wp\/v2\/types\/page"}],"author":[{"embeddable":true,"href":"https:\/\/bertolinidirect.com\/es\/wp-json\/wp\/v2\/users\/1"}],"replies":[{"embeddable":true,"href":"https:\/\/bertolinidirect.com\/es\/wp-json\/wp\/v2\/comments?post=41"}],"version-history":[{"count":6,"href":"https:\/\/bertolinidirect.com\/es\/wp-json\/wp\/v2\/pages\/41\/revisions"}],"predecessor-version":[{"id":23452,"href":"https:\/\/bertolinidirect.com\/es\/wp-json\/wp\/v2\/pages\/41\/revisions\/23452"}],"wp:attachment":[{"href":"https:\/\/bertolinidirect.com\/es\/wp-json\/wp\/v2\/media?parent=41"}],"curies":[{"name":"gracias","href":"https:\/\/api.w.org\/{rel}","templated":true}]}}