{"id":371,"date":"2024-04-02T16:48:00","date_gmt":"2024-04-02T16:48:00","guid":{"rendered":"https:\/\/bertolinidirect.com\/?page_id=371"},"modified":"2026-01-14T16:51:43","modified_gmt":"2026-01-14T16:51:43","slug":"installations","status":"publish","type":"page","link":"https:\/\/bertolinidirect.com\/es\/installations","title":{"rendered":"Instalaciones"},"content":{"rendered":"<p>\u00bfSe pregunta c\u00f3mo se ver\u00edan las sillas Bertolini en su lugar de culto? Estas fotograf\u00edas de instalaci\u00f3n muestran c\u00f3mo se ven las sillas de la iglesia dentro de los santuarios y otras salas de reuniones. Puede ver c\u00f3mo la selecci\u00f3n de telas y la disposici\u00f3n de los asientos ayudan a crear un ambiente \u00fanico en cada una de estas iglesias.<\/p>","protected":false},"excerpt":{"rendered":"<p>\u00bfSe pregunta c\u00f3mo se ver\u00edan las sillas Bertolini en su lugar de culto? Estas fotograf\u00edas de instalaci\u00f3n muestran c\u00f3mo se ven las sillas de la iglesia dentro de los santuarios y otras salas de reuniones. Puede ver c\u00f3mo la selecci\u00f3n de telas y la disposici\u00f3n de los asientos ayudan a crear un ambiente \u00fanico en cada una de estas iglesias.<\/p>","protected":false},"author":2,"featured_media":0,"parent":0,"menu_order":0,"comment_status":"closed","ping_status":"closed","template":"installation-gallery.php","meta":{"_acf_changed":false,"footnotes":""},"class_list":["post-371","page","type-page","status-publish","hentry"],"acf":[],"yoast_head":"<!-- This site is optimized with the Yoast SEO Premium plugin v24.2 (Yoast SEO v27.1.1) - https:\/\/yoast.com\/product\/yoast-seo-premium-wordpress\/ -->\n<title>View Our Gallery Of Previous Installations | Bertolini<\/title>\n<meta name=\"description\" content=\"From large worship centers to smaller sanctuaries, browse our installation gallery to see how Bertolini church chairs could look in your church.\" \/>\n<meta name=\"robots\" content=\"index, follow, max-snippet:-1, max-image-preview:large, max-video-preview:-1\" \/>\n<link rel=\"canonical\" href=\"https:\/\/bertolinidirect.com\/es\/installations\/\" \/>\n<meta property=\"og:locale\" content=\"es_MX\" \/>\n<meta property=\"og:type\" content=\"article\" \/>\n<meta property=\"og:title\" content=\"Installations\" \/>\n<meta property=\"og:description\" content=\"From large worship centers to smaller sanctuaries, browse our installation gallery to see how Bertolini church chairs could look in your church.\" \/>\n<meta property=\"og:url\" content=\"https:\/\/bertolinidirect.com\/es\/installations\/\" \/>\n<meta property=\"og:site_name\" content=\"Bertolini Direct\" \/>\n<meta property=\"article:modified_time\" content=\"2026-01-14T16:51:43+00:00\" \/>\n<meta name=\"twitter:card\" content=\"summary_large_image\" \/>\n<script type=\"application\/ld+json\" class=\"yoast-schema-graph\">{\"@context\":\"https:\/\/schema.org\",\"@graph\":[{\"@type\":\"WebPage\",\"@id\":\"https:\/\/bertolinidirect.com\/es\/installations\",\"url\":\"https:\/\/bertolinidirect.com\/es\/installations\",\"name\":\"View Our Gallery Of Previous Installations | Bertolini\",\"isPartOf\":{\"@id\":\"https:\/\/bertolinidirect.com\/es\/#website\"},\"datePublished\":\"2024-04-02T16:48:00+00:00\",\"dateModified\":\"2026-01-14T16:51:43+00:00\",\"description\":\"From large worship centers to smaller sanctuaries, browse our installation gallery to see how Bertolini church chairs could look in your church.\",\"breadcrumb\":{\"@id\":\"https:\/\/bertolinidirect.com\/es\/installations#breadcrumb\"},\"inLanguage\":\"es\",\"potentialAction\":[{\"@type\":\"ReadAction\",\"target\":[\"https:\/\/bertolinidirect.com\/es\/installations\"]}]},{\"@type\":\"BreadcrumbList\",\"@id\":\"https:\/\/bertolinidirect.com\/es\/installations#breadcrumb\",\"itemListElement\":[{\"@type\":\"ListItem\",\"position\":1,\"name\":\"Home\",\"item\":\"https:\/\/bertolinidirect.com\/\"},{\"@type\":\"ListItem\",\"position\":2,\"name\":\"Installations\"}]},{\"@type\":\"WebSite\",\"@id\":\"https:\/\/bertolinidirect.com\/es\/#website\",\"url\":\"https:\/\/bertolinidirect.com\/es\/\",\"name\":\"Bertolini\",\"description\":\"\",\"potentialAction\":[{\"@type\":\"SearchAction\",\"target\":{\"@type\":\"EntryPoint\",\"urlTemplate\":\"https:\/\/bertolinidirect.com\/es\/?s={search_term_string}\"},\"query-input\":{\"@type\":\"PropertyValueSpecification\",\"valueRequired\":true,\"valueName\":\"search_term_string\"}}],\"inLanguage\":\"es\"}]}<\/script>\n<!-- \/ Yoast SEO Premium plugin. -->","yoast_head_json":{"title":"Vea nuestra galer\u00eda de instalaciones anteriores | Bertolini","description":"Desde grandes centros de adoraci\u00f3n hasta santuarios m\u00e1s peque\u00f1os, explore nuestra galer\u00eda de instalaciones para ver c\u00f3mo podr\u00edan verse las sillas de iglesia Bertolini en su iglesia.","robots":{"index":"index","follow":"follow","max-snippet":"max-snippet:-1","max-image-preview":"max-image-preview:large","max-video-preview":"max-video-preview:-1"},"canonical":"https:\/\/bertolinidirect.com\/es\/installations\/","og_locale":"es_MX","og_type":"article","og_title":"Installations","og_description":"From large worship centers to smaller sanctuaries, browse our installation gallery to see how Bertolini church chairs could look in your church.","og_url":"https:\/\/bertolinidirect.com\/es\/installations\/","og_site_name":"Bertolini Direct","article_modified_time":"2026-01-14T16:51:43+00:00","twitter_card":"summary_large_image","schema":{"@context":"https:\/\/schema.org","@graph":[{"@type":"WebPage","@id":"https:\/\/bertolinidirect.com\/es\/installations","url":"https:\/\/bertolinidirect.com\/es\/installations","name":"Vea nuestra galer\u00eda de instalaciones anteriores | Bertolini","isPartOf":{"@id":"https:\/\/bertolinidirect.com\/es\/#website"},"datePublished":"2024-04-02T16:48:00+00:00","dateModified":"2026-01-14T16:51:43+00:00","description":"Desde grandes centros de adoraci\u00f3n hasta santuarios m\u00e1s peque\u00f1os, explore nuestra galer\u00eda de instalaciones para ver c\u00f3mo podr\u00edan verse las sillas de iglesia Bertolini en su iglesia.","breadcrumb":{"@id":"https:\/\/bertolinidirect.com\/es\/installations#breadcrumb"},"inLanguage":"es","potentialAction":[{"@type":"ReadAction","target":["https:\/\/bertolinidirect.com\/es\/installations"]}]},{"@type":"BreadcrumbList","@id":"https:\/\/bertolinidirect.com\/es\/installations#breadcrumb","itemListElement":[{"@type":"ListItem","position":1,"name":"Home","item":"https:\/\/bertolinidirect.com\/"},{"@type":"ListItem","position":2,"name":"Installations"}]},{"@type":"WebSite","@id":"https:\/\/bertolinidirect.com\/es\/#website","url":"https:\/\/bertolinidirect.com\/es\/","name":"Bertolini","description":"","potentialAction":[{"@type":"SearchAction","target":{"@type":"EntryPoint","urlTemplate":"https:\/\/bertolinidirect.com\/es\/?s={search_term_string}"},"query-input":{"@type":"PropertyValueSpecification","valueRequired":true,"valueName":"search_term_string"}}],"inLanguage":"es"}]}},"_links":{"self":[{"href":"https:\/\/bertolinidirect.com\/es\/wp-json\/wp\/v2\/pages\/371","targetHints":{"allow":["GET"]}}],"collection":[{"href":"https:\/\/bertolinidirect.com\/es\/wp-json\/wp\/v2\/pages"}],"about":[{"href":"https:\/\/bertolinidirect.com\/es\/wp-json\/wp\/v2\/types\/page"}],"author":[{"embeddable":true,"href":"https:\/\/bertolinidirect.com\/es\/wp-json\/wp\/v2\/users\/2"}],"replies":[{"embeddable":true,"href":"https:\/\/bertolinidirect.com\/es\/wp-json\/wp\/v2\/comments?post=371"}],"version-history":[{"count":18,"href":"https:\/\/bertolinidirect.com\/es\/wp-json\/wp\/v2\/pages\/371\/revisions"}],"predecessor-version":[{"id":24690,"href":"https:\/\/bertolinidirect.com\/es\/wp-json\/wp\/v2\/pages\/371\/revisions\/24690"}],"wp:attachment":[{"href":"https:\/\/bertolinidirect.com\/es\/wp-json\/wp\/v2\/media?parent=371"}],"curies":[{"name":"gracias","href":"https:\/\/api.w.org\/{rel}","templated":true}]}}