{"id":361,"date":"2024-03-27T22:24:11","date_gmt":"2024-03-27T22:24:11","guid":{"rendered":"https:\/\/bertolinidirect.com\/?page_id=361"},"modified":"2024-10-31T17:32:17","modified_gmt":"2024-10-31T17:32:17","slug":"order-status","status":"publish","type":"page","link":"https:\/\/bertolinidirect.com\/es\/order-status","title":{"rendered":"Estado del pedido"},"content":{"rendered":"<p>Si tiene un pedido vigente con Bertolini, puede hacer un seguimiento del estado de dicho pedido ingresando su n\u00famero de cliente y n\u00famero de pedido en los cuadros correspondientes que se encuentran a continuaci\u00f3n. Estos n\u00fameros deben estar ubicados en la confirmaci\u00f3n de su pedido.<\/p>\n\n\n\n<p>Si no tiene estos n\u00fameros o necesita actualizar la fecha de entrega de su pedido, <a href=\"\/es\/sales-rep\/\" target=\"_blank\" rel=\"noreferrer noopener\">contacte a su representante de ventas<\/a>, <a href=\"#\" class=\"hs-chat-widget\">charlar<\/a> con un representante de servicio al cliente o llame a Bertolini al 800-647-7755.<\/p>\n\n<form id=\"order_status\" action=\"\">\n<fieldset>\n<label>N\u00famero de orden:<\/label><input type=\"text\" id=\"orderNumber\" value=\"SO152421\" placeholder=\"Introduzca el n\u00famero de pedido\"><\/fieldset>\n<fieldset><label>N\u00famero de cliente:<\/label><input type=\"text\" id=\"customerNumber\" value=\"C1062500\" placeholder=\"Introduzca el n\u00famero de cliente\"><\/fieldset>\n<button type=\"button\">Entregar<\/button>\n<input type=\"hidden\" name=\"trp-form-language\" value=\"es\"\/><\/form>\n\n<div id=\"orderTracking\">\n<table>\n<tr>\n<td class=\"table-lables\">Estado<\/td>\n<td class=\"table-status-value\">\u2026<\/td>\n<\/tr>\n<tr>\n<td class=\"table-lables\">Seguimiento<\/td>\n<td class=\"table-tracking-value\">\u2026<\/td>\n<\/tr>\n<\/table>\n<\/div>","protected":false},"excerpt":{"rendered":"<p>If you have a current order with Bertolini, you can track the status of that order by entering your customer number and order number in the appropriate boxes below. These numbers should be located on your order confirmation. If you do not have these numbers or if you need to update the delivery date on [&hellip;]<\/p>\n","protected":false},"author":2,"featured_media":0,"parent":0,"menu_order":0,"comment_status":"closed","ping_status":"closed","template":"content-page.php","meta":{"_acf_changed":false,"footnotes":""},"class_list":["post-361","page","type-page","status-publish","hentry"],"acf":[],"yoast_head":"<!-- This site is optimized with the Yoast SEO Premium plugin v24.2 (Yoast SEO v27.1.1) - https:\/\/yoast.com\/product\/yoast-seo-premium-wordpress\/ -->\n<title>Order Status | Bertolini Direct<\/title>\n<meta name=\"description\" content=\"If you have a current order with Bertolini, you can track the status of that order by entering your customer number and order number in the appropriate\" \/>\n<meta name=\"robots\" content=\"index, follow, max-snippet:-1, max-image-preview:large, max-video-preview:-1\" \/>\n<link rel=\"canonical\" href=\"https:\/\/bertolinidirect.com\/es\/order-status\/\" \/>\n<meta property=\"og:locale\" content=\"es_MX\" \/>\n<meta property=\"og:type\" content=\"article\" \/>\n<meta property=\"og:title\" content=\"Order Status\" \/>\n<meta property=\"og:description\" content=\"If you have a current order with Bertolini, you can track the status of that order by entering your customer number and order number in the appropriate\" \/>\n<meta property=\"og:url\" content=\"https:\/\/bertolinidirect.com\/es\/order-status\/\" \/>\n<meta property=\"og:site_name\" content=\"Bertolini Direct\" \/>\n<meta property=\"article:modified_time\" content=\"2024-10-31T17:32:17+00:00\" \/>\n<meta name=\"twitter:card\" content=\"summary_large_image\" \/>\n<script type=\"application\/ld+json\" class=\"yoast-schema-graph\">{\"@context\":\"https:\/\/schema.org\",\"@graph\":[{\"@type\":\"WebPage\",\"@id\":\"https:\/\/bertolinidirect.com\/es\/order-status\",\"url\":\"https:\/\/bertolinidirect.com\/es\/order-status\",\"name\":\"Order Status | Bertolini Direct\",\"isPartOf\":{\"@id\":\"https:\/\/bertolinidirect.com\/es\/#website\"},\"datePublished\":\"2024-03-27T22:24:11+00:00\",\"dateModified\":\"2024-10-31T17:32:17+00:00\",\"description\":\"If you have a current order with Bertolini, you can track the status of that order by entering your customer number and order number in the appropriate\",\"breadcrumb\":{\"@id\":\"https:\/\/bertolinidirect.com\/es\/order-status#breadcrumb\"},\"inLanguage\":\"es\",\"potentialAction\":[{\"@type\":\"ReadAction\",\"target\":[\"https:\/\/bertolinidirect.com\/es\/order-status\"]}]},{\"@type\":\"BreadcrumbList\",\"@id\":\"https:\/\/bertolinidirect.com\/es\/order-status#breadcrumb\",\"itemListElement\":[{\"@type\":\"ListItem\",\"position\":1,\"name\":\"Home\",\"item\":\"https:\/\/bertolinidirect.com\/\"},{\"@type\":\"ListItem\",\"position\":2,\"name\":\"Order Status\"}]},{\"@type\":\"WebSite\",\"@id\":\"https:\/\/bertolinidirect.com\/es\/#website\",\"url\":\"https:\/\/bertolinidirect.com\/es\/\",\"name\":\"Bertolini\",\"description\":\"\",\"potentialAction\":[{\"@type\":\"SearchAction\",\"target\":{\"@type\":\"EntryPoint\",\"urlTemplate\":\"https:\/\/bertolinidirect.com\/es\/?s={search_term_string}\"},\"query-input\":{\"@type\":\"PropertyValueSpecification\",\"valueRequired\":true,\"valueName\":\"search_term_string\"}}],\"inLanguage\":\"es\"}]}<\/script>\n<!-- \/ Yoast SEO Premium plugin. -->","yoast_head_json":{"title":"Estado del pedido | Bertolini Directo","description":"Si tiene un pedido actual con Bertolini, puede rastrear el estado de ese pedido ingresando su n\u00famero de cliente y n\u00famero de pedido en el campo correspondiente.","robots":{"index":"index","follow":"follow","max-snippet":"max-snippet:-1","max-image-preview":"max-image-preview:large","max-video-preview":"max-video-preview:-1"},"canonical":"https:\/\/bertolinidirect.com\/es\/order-status\/","og_locale":"es_MX","og_type":"article","og_title":"Order Status","og_description":"If you have a current order with Bertolini, you can track the status of that order by entering your customer number and order number in the appropriate","og_url":"https:\/\/bertolinidirect.com\/es\/order-status\/","og_site_name":"Bertolini Direct","article_modified_time":"2024-10-31T17:32:17+00:00","twitter_card":"summary_large_image","schema":{"@context":"https:\/\/schema.org","@graph":[{"@type":"WebPage","@id":"https:\/\/bertolinidirect.com\/es\/order-status","url":"https:\/\/bertolinidirect.com\/es\/order-status","name":"Estado del pedido | Bertolini Directo","isPartOf":{"@id":"https:\/\/bertolinidirect.com\/es\/#website"},"datePublished":"2024-03-27T22:24:11+00:00","dateModified":"2024-10-31T17:32:17+00:00","description":"Si tiene un pedido actual con Bertolini, puede rastrear el estado de ese pedido ingresando su n\u00famero de cliente y n\u00famero de pedido en el campo correspondiente.","breadcrumb":{"@id":"https:\/\/bertolinidirect.com\/es\/order-status#breadcrumb"},"inLanguage":"es","potentialAction":[{"@type":"ReadAction","target":["https:\/\/bertolinidirect.com\/es\/order-status"]}]},{"@type":"BreadcrumbList","@id":"https:\/\/bertolinidirect.com\/es\/order-status#breadcrumb","itemListElement":[{"@type":"ListItem","position":1,"name":"Home","item":"https:\/\/bertolinidirect.com\/"},{"@type":"ListItem","position":2,"name":"Order Status"}]},{"@type":"WebSite","@id":"https:\/\/bertolinidirect.com\/es\/#website","url":"https:\/\/bertolinidirect.com\/es\/","name":"Bertolini","description":"","potentialAction":[{"@type":"SearchAction","target":{"@type":"EntryPoint","urlTemplate":"https:\/\/bertolinidirect.com\/es\/?s={search_term_string}"},"query-input":{"@type":"PropertyValueSpecification","valueRequired":true,"valueName":"search_term_string"}}],"inLanguage":"es"}]}},"_links":{"self":[{"href":"https:\/\/bertolinidirect.com\/es\/wp-json\/wp\/v2\/pages\/361","targetHints":{"allow":["GET"]}}],"collection":[{"href":"https:\/\/bertolinidirect.com\/es\/wp-json\/wp\/v2\/pages"}],"about":[{"href":"https:\/\/bertolinidirect.com\/es\/wp-json\/wp\/v2\/types\/page"}],"author":[{"embeddable":true,"href":"https:\/\/bertolinidirect.com\/es\/wp-json\/wp\/v2\/users\/2"}],"replies":[{"embeddable":true,"href":"https:\/\/bertolinidirect.com\/es\/wp-json\/wp\/v2\/comments?post=361"}],"version-history":[{"count":8,"href":"https:\/\/bertolinidirect.com\/es\/wp-json\/wp\/v2\/pages\/361\/revisions"}],"predecessor-version":[{"id":23151,"href":"https:\/\/bertolinidirect.com\/es\/wp-json\/wp\/v2\/pages\/361\/revisions\/23151"}],"wp:attachment":[{"href":"https:\/\/bertolinidirect.com\/es\/wp-json\/wp\/v2\/media?parent=361"}],"curies":[{"name":"gracias","href":"https:\/\/api.w.org\/{rel}","templated":true}]}}