{"id":24398,"date":"2025-10-16T17:00:00","date_gmt":"2025-10-16T17:00:00","guid":{"rendered":"https:\/\/bertolinidirect.com\/?page_id=24398"},"modified":"2025-11-14T15:41:53","modified_gmt":"2025-11-14T15:41:53","slug":"affordable-new-line","status":"publish","type":"page","link":"https:\/\/bertolinidirect.com\/es\/press\/affordable-new-line","title":{"rendered":"Bertolini lanza una nueva l\u00ednea asequible de sillas y mesas plegables"},"content":{"rendered":"<p><strong>OREM, Utah, 16 de octubre de 2025<\/strong><\/p>\n\n\n\n<p>Bertolini, un fabricante l\u00edder de asientos para iglesias y usos m\u00faltiples, ha anunciado el lanzamiento de una nueva l\u00ednea de <a href=\"\/es\/producto\/chairs\/brisa-plastic-folding-chairs\/\">sillas plegables de pl\u00e1stico<\/a> y mesas moldeadas por soplado, dise\u00f1adas para ofrecer muebles econ\u00f3micos, duraderos y vers\u00e1tiles para iglesias, centros comunitarios y espacios para eventos. La nueva colecci\u00f3n de muebles plegables de Bertolini se llama Brisa.<\/p>\n\n\n\n<p>La nueva l\u00ednea incluye sillas plegables ligeras y una variedad de <a href=\"\/es\/producto\/tables\/\">mesas moldeadas por soplado<\/a> Disponible en varios tama\u00f1os y formas, incluidas opciones redondas, rectangulares y de c\u00f3ctel, para satisfacer las necesidades de iglesias y centros comunitarios.<\/p>\n\n\n\n<p>\u201cLas iglesias tienen necesidades \u00fanicas de mobiliario en \u00e1reas multiusos\u201d, dijo Kevin McCoy, director ejecutivo de MITY, Inc., la empresa matriz de Bertolini. \u201cLas iglesias funcionan como lugares de reuni\u00f3n comunitaria para todo tipo de eventos, desde presentaciones musicales y bodas hasta grupos de apoyo comunitario y celebraciones culturales. Los presupuestos a veces son limitados, ya que las iglesias se centran principalmente en donaciones ben\u00e9ficas. En muchos casos, las iglesias recurren a voluntarios para instalar \u00e1reas multiusos con mesas y sillas, en lugar de contratar equipos profesionales de montaje. Nuestros <a href=\"\/es\/brand\/brisa\/\">Nueva l\u00ednea Brisa<\/a> \u201cSatisface las necesidades de flexibilidad, asequibilidad y facilidad de uso\u201d.<\/p>\n\n\n\n<p>Dise\u00f1adas para espacios multiusos, las sillas plegables cuentan con robustas estructuras de acero y asientos y respaldos de pl\u00e1stico f\u00e1ciles de limpiar, lo que ofrece practicidad y comodidad. Las mesas que las acompa\u00f1an son ligeras, resistentes a las manchas y f\u00e1ciles de montar, lo que las hace ideales para salones de reuniones, aulas, banquetes y otros espacios.<\/p>\n\n\n\n<p>\u201cNuestro objetivo era brindar a las iglesias y ministerios acceso a muebles confiables y f\u00e1ciles de guardar a un precio accesible\u201d, afirm\u00f3 Stephen Jorgensen, vicepresidente de Marketing y Desarrollo de Productos de MITY, Inc. \u201cEsta nueva colecci\u00f3n ayuda a los clientes a optimizar sus presupuestos, manteniendo la calidad y la confiabilidad que caracterizan a Bertolini\u201d.<\/p>\n\n\n\n<p>Toda la l\u00ednea est\u00e1 dise\u00f1ada para ofrecer a las iglesias una soluci\u00f3n pr\u00e1ctica para entornos de alto tr\u00e1fico y frecuentes reconfiguraciones. Este lanzamiento ampl\u00eda la oferta de Bertolini m\u00e1s all\u00e1 de las sillas tapizadas para el culto, que lleva fabricando m\u00e1s de 60 a\u00f1os. Las nuevas sillas y mesas plegables Brisa est\u00e1n disponibles en <a href=\"https:\/\/bertolinidirect.com\/es\/\">bertolinidirect.com<\/a> o a trav\u00e9s de los representantes de ventas de Bertolini.<\/p>\n\n\n\n<p><strong>Acerca de MITY, Inc.<\/strong><\/p>\n\n\n\n<p>La familia de productos MITY, Incorporated incluye Bertolini, MityLite, Holsag by MityLite y Broda. Bertolini fabrica asientos c\u00f3modos y duraderos para el sector de la adoraci\u00f3n. Durante m\u00e1s de 60 a\u00f1os, Bertolini ha ayudado a iglesias y organizaciones a crear espacios acogedores para el culto, la confraternidad y las reuniones comunitarias. MITY, Inc. tiene su sede en Orem, Utah, y cuenta con plantas de fabricaci\u00f3n y ventas en Lindsay, Ontario; Kitchener, Ontario; Chesterfield, Misuri; y Orem, Utah. Visite mityinc.com para obtener m\u00e1s informaci\u00f3n.<\/p>\n\n\n\n<p>Contacto de prensa:<br>Kristin Cooke<br>Relaciones P\u00fablicas, MITY Inc.<br>kristin.cooke@mityinc.com<\/p>","protected":false},"excerpt":{"rendered":"<p>OREM, Utah, October 16, 2025 Bertolini, a leading manufacturer of church and multipurpose seating, has announced the launch of a new line of plastic folding chairs and blow-molded tables, designed to provide cost-effective, durable, and versatile furniture for churches, community centers, and event spaces. Bertolini\u2019s new folding furniture collection is called Brisa, which is Spanish [&hellip;]<\/p>\n","protected":false},"author":3,"featured_media":0,"parent":762,"menu_order":0,"comment_status":"closed","ping_status":"closed","template":"content-page.php","meta":{"_acf_changed":false,"footnotes":""},"class_list":["post-24398","page","type-page","status-publish","hentry"],"acf":[],"yoast_head":"<!-- This site is optimized with the Yoast SEO Premium plugin v24.2 (Yoast SEO v27.1.1) - https:\/\/yoast.com\/product\/yoast-seo-premium-wordpress\/ -->\n<title>Bertolini Launches Brisa Folding Chairs and Tables for Churches<\/title>\n<meta name=\"description\" content=\"Discover Brisa by Bertolini: affordable, durable folding chairs and tables made for churches and multipurpose spaces.\" \/>\n<meta name=\"robots\" content=\"index, follow, max-snippet:-1, max-image-preview:large, max-video-preview:-1\" \/>\n<link rel=\"canonical\" href=\"https:\/\/bertolinidirect.com\/es\/press\/affordable-new-line\/\" \/>\n<meta property=\"og:locale\" content=\"es_MX\" \/>\n<meta property=\"og:type\" content=\"article\" \/>\n<meta property=\"og:title\" content=\"Bertolini Launches Affordable New Line of Folding Chairs and Tables\" \/>\n<meta property=\"og:description\" content=\"Discover Brisa by Bertolini: affordable, durable folding chairs and tables made for churches and multipurpose spaces.\" \/>\n<meta property=\"og:url\" content=\"https:\/\/bertolinidirect.com\/es\/press\/affordable-new-line\/\" \/>\n<meta property=\"og:site_name\" content=\"Bertolini Direct\" \/>\n<meta property=\"article:modified_time\" content=\"2025-11-14T15:41:53+00:00\" \/>\n<meta name=\"twitter:card\" content=\"summary_large_image\" \/>\n<script type=\"application\/ld+json\" class=\"yoast-schema-graph\">{\"@context\":\"https:\/\/schema.org\",\"@graph\":[{\"@type\":\"WebPage\",\"@id\":\"https:\/\/bertolinidirect.com\/es\/press\/affordable-new-line\",\"url\":\"https:\/\/bertolinidirect.com\/es\/press\/affordable-new-line\",\"name\":\"Bertolini Launches Brisa Folding Chairs and Tables for Churches\",\"isPartOf\":{\"@id\":\"https:\/\/bertolinidirect.com\/es\/#website\"},\"datePublished\":\"2025-10-16T17:00:00+00:00\",\"dateModified\":\"2025-11-14T15:41:53+00:00\",\"description\":\"Discover Brisa by Bertolini: affordable, durable folding chairs and tables made for churches and multipurpose spaces.\",\"breadcrumb\":{\"@id\":\"https:\/\/bertolinidirect.com\/es\/press\/affordable-new-line#breadcrumb\"},\"inLanguage\":\"es\",\"potentialAction\":[{\"@type\":\"ReadAction\",\"target\":[\"https:\/\/bertolinidirect.com\/es\/press\/affordable-new-line\"]}]},{\"@type\":\"BreadcrumbList\",\"@id\":\"https:\/\/bertolinidirect.com\/es\/press\/affordable-new-line#breadcrumb\",\"itemListElement\":[{\"@type\":\"ListItem\",\"position\":1,\"name\":\"Home\",\"item\":\"https:\/\/bertolinidirect.com\/\"},{\"@type\":\"ListItem\",\"position\":2,\"name\":\"Press &amp; News\",\"item\":\"https:\/\/bertolinidirect.com\/press\"},{\"@type\":\"ListItem\",\"position\":3,\"name\":\"Bertolini Launches Affordable New Line of Folding Chairs and Tables\"}]},{\"@type\":\"WebSite\",\"@id\":\"https:\/\/bertolinidirect.com\/es\/#website\",\"url\":\"https:\/\/bertolinidirect.com\/es\/\",\"name\":\"Bertolini\",\"description\":\"\",\"potentialAction\":[{\"@type\":\"SearchAction\",\"target\":{\"@type\":\"EntryPoint\",\"urlTemplate\":\"https:\/\/bertolinidirect.com\/es\/?s={search_term_string}\"},\"query-input\":{\"@type\":\"PropertyValueSpecification\",\"valueRequired\":true,\"valueName\":\"search_term_string\"}}],\"inLanguage\":\"es\"}]}<\/script>\n<!-- \/ Yoast SEO Premium plugin. -->","yoast_head_json":{"title":"Bertolini lanza sillas y mesas plegables Brisa para iglesias","description":"Descubra Brisa de Bertolini: sillas y mesas plegables asequibles y duraderas dise\u00f1adas para iglesias y espacios multiusos.","robots":{"index":"index","follow":"follow","max-snippet":"max-snippet:-1","max-image-preview":"max-image-preview:large","max-video-preview":"max-video-preview:-1"},"canonical":"https:\/\/bertolinidirect.com\/es\/press\/affordable-new-line\/","og_locale":"es_MX","og_type":"article","og_title":"Bertolini Launches Affordable New Line of Folding Chairs and Tables","og_description":"Discover Brisa by Bertolini: affordable, durable folding chairs and tables made for churches and multipurpose spaces.","og_url":"https:\/\/bertolinidirect.com\/es\/press\/affordable-new-line\/","og_site_name":"Bertolini Direct","article_modified_time":"2025-11-14T15:41:53+00:00","twitter_card":"summary_large_image","schema":{"@context":"https:\/\/schema.org","@graph":[{"@type":"WebPage","@id":"https:\/\/bertolinidirect.com\/es\/press\/affordable-new-line","url":"https:\/\/bertolinidirect.com\/es\/press\/affordable-new-line","name":"Bertolini lanza sillas y mesas plegables Brisa para iglesias","isPartOf":{"@id":"https:\/\/bertolinidirect.com\/es\/#website"},"datePublished":"2025-10-16T17:00:00+00:00","dateModified":"2025-11-14T15:41:53+00:00","description":"Descubra Brisa de Bertolini: sillas y mesas plegables asequibles y duraderas dise\u00f1adas para iglesias y espacios multiusos.","breadcrumb":{"@id":"https:\/\/bertolinidirect.com\/es\/press\/affordable-new-line#breadcrumb"},"inLanguage":"es","potentialAction":[{"@type":"ReadAction","target":["https:\/\/bertolinidirect.com\/es\/press\/affordable-new-line"]}]},{"@type":"BreadcrumbList","@id":"https:\/\/bertolinidirect.com\/es\/press\/affordable-new-line#breadcrumb","itemListElement":[{"@type":"ListItem","position":1,"name":"Home","item":"https:\/\/bertolinidirect.com\/"},{"@type":"ListItem","position":2,"name":"Press &amp; News","item":"https:\/\/bertolinidirect.com\/press"},{"@type":"ListItem","position":3,"name":"Bertolini Launches Affordable New Line of Folding Chairs and Tables"}]},{"@type":"WebSite","@id":"https:\/\/bertolinidirect.com\/es\/#website","url":"https:\/\/bertolinidirect.com\/es\/","name":"Bertolini","description":"","potentialAction":[{"@type":"SearchAction","target":{"@type":"EntryPoint","urlTemplate":"https:\/\/bertolinidirect.com\/es\/?s={search_term_string}"},"query-input":{"@type":"PropertyValueSpecification","valueRequired":true,"valueName":"search_term_string"}}],"inLanguage":"es"}]}},"_links":{"self":[{"href":"https:\/\/bertolinidirect.com\/es\/wp-json\/wp\/v2\/pages\/24398","targetHints":{"allow":["GET"]}}],"collection":[{"href":"https:\/\/bertolinidirect.com\/es\/wp-json\/wp\/v2\/pages"}],"about":[{"href":"https:\/\/bertolinidirect.com\/es\/wp-json\/wp\/v2\/types\/page"}],"author":[{"embeddable":true,"href":"https:\/\/bertolinidirect.com\/es\/wp-json\/wp\/v2\/users\/3"}],"replies":[{"embeddable":true,"href":"https:\/\/bertolinidirect.com\/es\/wp-json\/wp\/v2\/comments?post=24398"}],"version-history":[{"count":5,"href":"https:\/\/bertolinidirect.com\/es\/wp-json\/wp\/v2\/pages\/24398\/revisions"}],"predecessor-version":[{"id":24529,"href":"https:\/\/bertolinidirect.com\/es\/wp-json\/wp\/v2\/pages\/24398\/revisions\/24529"}],"up":[{"embeddable":true,"href":"https:\/\/bertolinidirect.com\/es\/wp-json\/wp\/v2\/pages\/762"}],"wp:attachment":[{"href":"https:\/\/bertolinidirect.com\/es\/wp-json\/wp\/v2\/media?parent=24398"}],"curies":[{"name":"gracias","href":"https:\/\/api.w.org\/{rel}","templated":true}]}}