{"id":12,"date":"2024-01-02T18:57:19","date_gmt":"2024-01-02T18:57:19","guid":{"rendered":"https:\/\/bertolinidirect.com\/?page_id=12"},"modified":"2026-03-31T21:38:29","modified_gmt":"2026-03-31T21:38:29","slug":"home","status":"publish","type":"page","link":"https:\/\/bertolinidirect.com\/es\/","title":{"rendered":"Hogar"},"content":{"rendered":"","protected":false},"excerpt":{"rendered":"","protected":false},"author":1,"featured_media":0,"parent":0,"menu_order":0,"comment_status":"closed","ping_status":"closed","template":"","meta":{"_acf_changed":false,"footnotes":""},"class_list":["post-12","page","type-page","status-publish","hentry"],"acf":[],"yoast_head":"<!-- This site is optimized with the Yoast SEO Premium plugin v24.2 (Yoast SEO v27.4) - https:\/\/yoast.com\/product\/yoast-seo-premium-wordpress\/ -->\n<title>Bertolini Chairs for Your Church &amp; Worship Space<\/title>\n<meta name=\"description\" content=\"Bertolini stands behind every chair. With over 60 years in business, Bertolini offers high-quality, USA made chairs for your worship center!\" \/>\n<meta name=\"robots\" content=\"index, follow, max-snippet:-1, max-image-preview:large, max-video-preview:-1\" \/>\n<link rel=\"canonical\" href=\"https:\/\/bertolinidirect.com\/es\/\" \/>\n<meta property=\"og:locale\" content=\"es_MX\" \/>\n<meta property=\"og:type\" content=\"article\" \/>\n<meta property=\"og:title\" content=\"Home\" \/>\n<meta property=\"og:description\" content=\"Bertolini stands behind every chair. With over 60 years in business, Bertolini offers high-quality, USA made chairs for your worship center!\" \/>\n<meta property=\"og:url\" content=\"https:\/\/bertolinidirect.com\/es\/\" \/>\n<meta property=\"og:site_name\" content=\"Bertolini Direct\" \/>\n<meta property=\"article:modified_time\" content=\"2026-03-31T21:38:29+00:00\" \/>\n<meta name=\"twitter:card\" content=\"summary_large_image\" \/>\n<script type=\"application\/ld+json\" class=\"yoast-schema-graph\">{\"@context\":\"https:\\\/\\\/schema.org\",\"@graph\":[{\"@type\":\"WebPage\",\"@id\":\"https:\\\/\\\/bertolinidirect.com\\\/es\\\/\",\"url\":\"https:\\\/\\\/bertolinidirect.com\\\/es\\\/\",\"name\":\"Bertolini Chairs for Your Church & Worship Space\",\"isPartOf\":{\"@id\":\"https:\\\/\\\/bertolinidirect.com\\\/es\\\/#website\"},\"datePublished\":\"2024-01-02T18:57:19+00:00\",\"dateModified\":\"2026-03-31T21:38:29+00:00\",\"description\":\"Bertolini stands behind every chair. With over 60 years in business, Bertolini offers high-quality, USA made chairs for your worship center!\",\"breadcrumb\":{\"@id\":\"https:\\\/\\\/bertolinidirect.com\\\/es\\\/#breadcrumb\"},\"inLanguage\":\"es\",\"potentialAction\":[{\"@type\":\"ReadAction\",\"target\":[\"https:\\\/\\\/bertolinidirect.com\\\/es\\\/\"]}]},{\"@type\":\"BreadcrumbList\",\"@id\":\"https:\\\/\\\/bertolinidirect.com\\\/es\\\/#breadcrumb\",\"itemListElement\":[{\"@type\":\"ListItem\",\"position\":1,\"name\":\"Home\",\"item\":\"https:\\\/\\\/bertolinidirect.com\\\/\"},{\"@type\":\"ListItem\",\"position\":2,\"name\":\"Home\"}]},{\"@type\":\"WebSite\",\"@id\":\"https:\\\/\\\/bertolinidirect.com\\\/es\\\/#website\",\"url\":\"https:\\\/\\\/bertolinidirect.com\\\/es\\\/\",\"name\":\"Bertolini\",\"description\":\"\",\"potentialAction\":[{\"@type\":\"SearchAction\",\"target\":{\"@type\":\"EntryPoint\",\"urlTemplate\":\"https:\\\/\\\/bertolinidirect.com\\\/es\\\/?s={search_term_string}\"},\"query-input\":{\"@type\":\"PropertyValueSpecification\",\"valueRequired\":true,\"valueName\":\"search_term_string\"}}],\"inLanguage\":\"es\"}]}<\/script>\n<!-- \/ Yoast SEO Premium plugin. -->","yoast_head_json":{"title":"Sillas Bertolini para su iglesia y espacio de adoraci\u00f3n","description":"Bertolini est\u00e1 detr\u00e1s de cada silla. \u00a1Con m\u00e1s de 60 a\u00f1os en el negocio, Bertolini ofrece sillas de alta calidad fabricadas en EE. UU. para su centro de adoraci\u00f3n!","robots":{"index":"index","follow":"follow","max-snippet":"max-snippet:-1","max-image-preview":"max-image-preview:large","max-video-preview":"max-video-preview:-1"},"canonical":"https:\/\/bertolinidirect.com\/es\/","og_locale":"es_MX","og_type":"article","og_title":"Home","og_description":"Bertolini stands behind every chair. With over 60 years in business, Bertolini offers high-quality, USA made chairs for your worship center!","og_url":"https:\/\/bertolinidirect.com\/es\/","og_site_name":"Bertolini Direct","article_modified_time":"2026-03-31T21:38:29+00:00","twitter_card":"summary_large_image","schema":{"@context":"https:\/\/schema.org","@graph":[{"@type":"WebPage","@id":"https:\/\/bertolinidirect.com\/es\/","url":"https:\/\/bertolinidirect.com\/es\/","name":"Sillas Bertolini para su iglesia y espacio de adoraci\u00f3n","isPartOf":{"@id":"https:\/\/bertolinidirect.com\/es\/#website"},"datePublished":"2024-01-02T18:57:19+00:00","dateModified":"2026-03-31T21:38:29+00:00","description":"Bertolini est\u00e1 detr\u00e1s de cada silla. \u00a1Con m\u00e1s de 60 a\u00f1os en el negocio, Bertolini ofrece sillas de alta calidad fabricadas en EE. UU. para su centro de adoraci\u00f3n!","breadcrumb":{"@id":"https:\/\/bertolinidirect.com\/es\/#breadcrumb"},"inLanguage":"es","potentialAction":[{"@type":"ReadAction","target":["https:\/\/bertolinidirect.com\/es\/"]}]},{"@type":"BreadcrumbList","@id":"https:\/\/bertolinidirect.com\/es\/#breadcrumb","itemListElement":[{"@type":"ListItem","position":1,"name":"Home","item":"https:\/\/bertolinidirect.com\/"},{"@type":"ListItem","position":2,"name":"Home"}]},{"@type":"WebSite","@id":"https:\/\/bertolinidirect.com\/es\/#website","url":"https:\/\/bertolinidirect.com\/es\/","name":"Bertolini","description":"","potentialAction":[{"@type":"SearchAction","target":{"@type":"EntryPoint","urlTemplate":"https:\/\/bertolinidirect.com\/es\/?s={search_term_string}"},"query-input":{"@type":"PropertyValueSpecification","valueRequired":true,"valueName":"search_term_string"}}],"inLanguage":"es"}]}},"_links":{"self":[{"href":"https:\/\/bertolinidirect.com\/es\/wp-json\/wp\/v2\/pages\/12","targetHints":{"allow":["GET"]}}],"collection":[{"href":"https:\/\/bertolinidirect.com\/es\/wp-json\/wp\/v2\/pages"}],"about":[{"href":"https:\/\/bertolinidirect.com\/es\/wp-json\/wp\/v2\/types\/page"}],"author":[{"embeddable":true,"href":"https:\/\/bertolinidirect.com\/es\/wp-json\/wp\/v2\/users\/1"}],"replies":[{"embeddable":true,"href":"https:\/\/bertolinidirect.com\/es\/wp-json\/wp\/v2\/comments?post=12"}],"version-history":[{"count":56,"href":"https:\/\/bertolinidirect.com\/es\/wp-json\/wp\/v2\/pages\/12\/revisions"}],"predecessor-version":[{"id":24767,"href":"https:\/\/bertolinidirect.com\/es\/wp-json\/wp\/v2\/pages\/12\/revisions\/24767"}],"wp:attachment":[{"href":"https:\/\/bertolinidirect.com\/es\/wp-json\/wp\/v2\/media?parent=12"}],"curies":[{"name":"gracias","href":"https:\/\/api.w.org\/{rel}","templated":true}]}}