{"id":353,"date":"2024-03-26T20:33:20","date_gmt":"2024-03-26T20:33:20","guid":{"rendered":"https:\/\/bertolinidirect.com\/?post_type=product&#038;p=353"},"modified":"2025-12-01T22:04:48","modified_gmt":"2025-12-01T22:04:48","slug":"glides","status":"publish","type":"product","link":"https:\/\/bertolinidirect.com\/de\/products\/accessories\/glides","title":{"rendered":"Gleiter"},"content":{"rendered":"<p>Diese schwarzen Ersatzgleiter sind die gleichen Polypropylen-Gleiter (Kunststoff), die werkseitig an Bertolini-St\u00fchlen montiert sind. Die Gleiter k\u00f6nnen besch\u00e4digt werden, wenn sie \u00fcber raue Oberfl\u00e4chen gezogen werden. Falls Sie Ersatzgleiter ben\u00f6tigen, k\u00f6nnen Sie neue Stuhlgleiter \u00fcber Ihren Vertriebsmitarbeiter beziehen.<\/p>\n<p><em>Hinweis: Dieses Zubeh\u00f6r ist f\u00fcr die Verwendung mit St\u00fchlen von Bertolini konzipiert. Wir k\u00f6nnen nicht garantieren, dass es auch mit St\u00fchlen anderer Hersteller funktioniert. Die Verwendung mit nicht angegebenen St\u00fchlen erfolgt auf eigenes Risiko des K\u00e4ufers. Kunden mit vorhandenen Bertolini-St\u00fchlen sollten den Kundendienst anrufen, um die Passform zu best\u00e4tigen. <\/em><\/p>","protected":false},"excerpt":{"rendered":"<p>These black replacement glides are the same polypropylene (plastic) glides that are factory installed on Bertolini chairs. Glides can be damaged if they\u2019re dragged across rough surfaces. If you need replacement glides, you can purchase new Chair Glides through your sales representative. Note:\u202fThis accessory is designed to work with chairs manufactured by Bertolini. We cannot [&hellip;]<\/p>\n","protected":false},"featured_media":24613,"template":"","meta":{"_acf_changed":false},"product_brand":[],"product_cat":[52],"product_tag":[],"class_list":{"0":"post-353","1":"product","2":"type-product","3":"status-publish","4":"has-post-thumbnail","6":"product_cat-accessories","8":"first","9":"instock","10":"shipping-taxable","11":"purchasable","12":"product-type-simple"},"acf":[],"yoast_head":"<!-- This site is optimized with the Yoast SEO Premium plugin v24.2 (Yoast SEO v27.1.1) - https:\/\/yoast.com\/product\/yoast-seo-premium-wordpress\/ -->\n<title>Anti-Scratch Glides | Bertolini Church Chair Accessories<\/title>\n<meta name=\"description\" content=\"Standard glides are available for the bottom of Bertolini church chair legs to help avoid scratching or scuffing the flooring. Available in black.\" \/>\n<meta name=\"robots\" content=\"index, follow, max-snippet:-1, max-image-preview:large, max-video-preview:-1\" \/>\n<link rel=\"canonical\" href=\"https:\/\/bertolinidirect.com\/de\/products\/accessories\/glides\/\" \/>\n<meta property=\"og:locale\" content=\"de_DE\" \/>\n<meta property=\"og:type\" content=\"article\" \/>\n<meta property=\"og:title\" content=\"Glides\" \/>\n<meta property=\"og:description\" content=\"Standard glides are available for the bottom of Bertolini church chair legs to help avoid scratching or scuffing the flooring. Available in black.\" \/>\n<meta property=\"og:url\" content=\"https:\/\/bertolinidirect.com\/de\/products\/accessories\/glides\/\" \/>\n<meta property=\"og:site_name\" content=\"Bertolini Direct\" \/>\n<meta property=\"article:modified_time\" content=\"2025-12-01T22:04:48+00:00\" \/>\n<meta property=\"og:image\" content=\"https:\/\/bertolinidirect.com\/wp-content\/uploads\/2024\/03\/BERT_Black_Glides-678x678-min.jpg\" \/>\n\t<meta property=\"og:image:width\" content=\"678\" \/>\n\t<meta property=\"og:image:height\" content=\"678\" \/>\n\t<meta property=\"og:image:type\" content=\"image\/jpeg\" \/>\n<meta name=\"twitter:card\" content=\"summary_large_image\" \/>\n<script type=\"application\/ld+json\" class=\"yoast-schema-graph\">{\"@context\":\"https:\/\/schema.org\",\"@graph\":[{\"@type\":\"WebPage\",\"@id\":\"https:\/\/bertolinidirect.com\/de\/products\/accessories\/glides\",\"url\":\"https:\/\/bertolinidirect.com\/de\/products\/accessories\/glides\",\"name\":\"Anti-Scratch Glides | Bertolini Church Chair Accessories\",\"isPartOf\":{\"@id\":\"https:\/\/bertolinidirect.com\/de\/#website\"},\"primaryImageOfPage\":{\"@id\":\"https:\/\/bertolinidirect.com\/de\/products\/accessories\/glides#primaryimage\"},\"image\":{\"@id\":\"https:\/\/bertolinidirect.com\/de\/products\/accessories\/glides#primaryimage\"},\"thumbnailUrl\":\"https:\/\/bertolinidirect.com\/wp-content\/uploads\/2024\/03\/BERT_Black_Glides-678x678-min.jpg\",\"datePublished\":\"2024-03-26T20:33:20+00:00\",\"dateModified\":\"2025-12-01T22:04:48+00:00\",\"description\":\"Standard glides are available for the bottom of Bertolini church chair legs to help avoid scratching or scuffing the flooring. Available in black.\",\"breadcrumb\":{\"@id\":\"https:\/\/bertolinidirect.com\/de\/products\/accessories\/glides#breadcrumb\"},\"inLanguage\":\"de\",\"potentialAction\":[{\"@type\":\"ReadAction\",\"target\":[\"https:\/\/bertolinidirect.com\/de\/products\/accessories\/glides\"]}]},{\"@type\":\"ImageObject\",\"inLanguage\":\"de\",\"@id\":\"https:\/\/bertolinidirect.com\/de\/products\/accessories\/glides#primaryimage\",\"url\":\"https:\/\/bertolinidirect.com\/wp-content\/uploads\/2024\/03\/BERT_Black_Glides-678x678-min.jpg\",\"contentUrl\":\"https:\/\/bertolinidirect.com\/wp-content\/uploads\/2024\/03\/BERT_Black_Glides-678x678-min.jpg\",\"width\":678,\"height\":678,\"caption\":\"Close up of Black glides\"},{\"@type\":\"BreadcrumbList\",\"@id\":\"https:\/\/bertolinidirect.com\/de\/products\/accessories\/glides#breadcrumb\",\"itemListElement\":[{\"@type\":\"ListItem\",\"position\":1,\"name\":\"Home\",\"item\":\"https:\/\/bertolinidirect.com\/\"},{\"@type\":\"ListItem\",\"position\":2,\"name\":\"Products\",\"item\":\"https:\/\/bertolinidirect.com\/products\"},{\"@type\":\"ListItem\",\"position\":3,\"name\":\"Accessories\",\"item\":\"https:\/\/bertolinidirect.com\/products\/accessories\"},{\"@type\":\"ListItem\",\"position\":4,\"name\":\"Glides\"}]},{\"@type\":\"WebSite\",\"@id\":\"https:\/\/bertolinidirect.com\/de\/#website\",\"url\":\"https:\/\/bertolinidirect.com\/de\/\",\"name\":\"Bertolini\",\"description\":\"\",\"potentialAction\":[{\"@type\":\"SearchAction\",\"target\":{\"@type\":\"EntryPoint\",\"urlTemplate\":\"https:\/\/bertolinidirect.com\/de\/?s={search_term_string}\"},\"query-input\":{\"@type\":\"PropertyValueSpecification\",\"valueRequired\":true,\"valueName\":\"search_term_string\"}}],\"inLanguage\":\"de\"}]}<\/script>\n<!-- \/ Yoast SEO Premium plugin. -->","yoast_head_json":{"title":"Kratzfeste Gleiter | Bertolini Kirchenstuhl-Zubeh\u00f6r","description":"F\u00fcr die Unterseite der Bertolini-Kirchenstuhlbeine sind Standardgleiter erh\u00e4ltlich, um Kratzer oder Besch\u00e4digungen des Bodens zu vermeiden. Erh\u00e4ltlich in Schwarz.","robots":{"index":"index","follow":"follow","max-snippet":"max-snippet:-1","max-image-preview":"max-image-preview:large","max-video-preview":"max-video-preview:-1"},"canonical":"https:\/\/bertolinidirect.com\/de\/products\/accessories\/glides\/","og_locale":"de_DE","og_type":"article","og_title":"Glides","og_description":"Standard glides are available for the bottom of Bertolini church chair legs to help avoid scratching or scuffing the flooring. Available in black.","og_url":"https:\/\/bertolinidirect.com\/de\/products\/accessories\/glides\/","og_site_name":"Bertolini Direct","article_modified_time":"2025-12-01T22:04:48+00:00","og_image":[{"width":678,"height":678,"url":"https:\/\/bertolinidirect.com\/wp-content\/uploads\/2024\/03\/BERT_Black_Glides-678x678-min.jpg","type":"image\/jpeg"}],"twitter_card":"summary_large_image","schema":{"@context":"https:\/\/schema.org","@graph":[{"@type":"WebPage","@id":"https:\/\/bertolinidirect.com\/de\/products\/accessories\/glides","url":"https:\/\/bertolinidirect.com\/de\/products\/accessories\/glides","name":"Kratzfeste Gleiter | Bertolini Kirchenstuhl-Zubeh\u00f6r","isPartOf":{"@id":"https:\/\/bertolinidirect.com\/de\/#website"},"primaryImageOfPage":{"@id":"https:\/\/bertolinidirect.com\/de\/products\/accessories\/glides#primaryimage"},"image":{"@id":"https:\/\/bertolinidirect.com\/de\/products\/accessories\/glides#primaryimage"},"thumbnailUrl":"https:\/\/bertolinidirect.com\/wp-content\/uploads\/2024\/03\/BERT_Black_Glides-678x678-min.jpg","datePublished":"2024-03-26T20:33:20+00:00","dateModified":"2025-12-01T22:04:48+00:00","description":"F\u00fcr die Unterseite der Bertolini-Kirchenstuhlbeine sind Standardgleiter erh\u00e4ltlich, um Kratzer oder Besch\u00e4digungen des Bodens zu vermeiden. Erh\u00e4ltlich in Schwarz.","breadcrumb":{"@id":"https:\/\/bertolinidirect.com\/de\/products\/accessories\/glides#breadcrumb"},"inLanguage":"de","potentialAction":[{"@type":"ReadAction","target":["https:\/\/bertolinidirect.com\/de\/products\/accessories\/glides"]}]},{"@type":"ImageObject","inLanguage":"de","@id":"https:\/\/bertolinidirect.com\/de\/products\/accessories\/glides#primaryimage","url":"https:\/\/bertolinidirect.com\/wp-content\/uploads\/2024\/03\/BERT_Black_Glides-678x678-min.jpg","contentUrl":"https:\/\/bertolinidirect.com\/wp-content\/uploads\/2024\/03\/BERT_Black_Glides-678x678-min.jpg","width":678,"height":678,"caption":"Close up of Black glides"},{"@type":"BreadcrumbList","@id":"https:\/\/bertolinidirect.com\/de\/products\/accessories\/glides#breadcrumb","itemListElement":[{"@type":"ListItem","position":1,"name":"Home","item":"https:\/\/bertolinidirect.com\/"},{"@type":"ListItem","position":2,"name":"Products","item":"https:\/\/bertolinidirect.com\/products"},{"@type":"ListItem","position":3,"name":"Accessories","item":"https:\/\/bertolinidirect.com\/products\/accessories"},{"@type":"ListItem","position":4,"name":"Glides"}]},{"@type":"WebSite","@id":"https:\/\/bertolinidirect.com\/de\/#website","url":"https:\/\/bertolinidirect.com\/de\/","name":"Bertolini","description":"","potentialAction":[{"@type":"SearchAction","target":{"@type":"EntryPoint","urlTemplate":"https:\/\/bertolinidirect.com\/de\/?s={search_term_string}"},"query-input":{"@type":"PropertyValueSpecification","valueRequired":true,"valueName":"search_term_string"}}],"inLanguage":"de"}]}},"_links":{"self":[{"href":"https:\/\/bertolinidirect.com\/de\/wp-json\/wp\/v2\/product\/353","targetHints":{"allow":["GET"]}}],"collection":[{"href":"https:\/\/bertolinidirect.com\/de\/wp-json\/wp\/v2\/product"}],"about":[{"href":"https:\/\/bertolinidirect.com\/de\/wp-json\/wp\/v2\/types\/product"}],"wp:featuredmedia":[{"embeddable":true,"href":"https:\/\/bertolinidirect.com\/de\/wp-json\/wp\/v2\/media\/24613"}],"wp:attachment":[{"href":"https:\/\/bertolinidirect.com\/de\/wp-json\/wp\/v2\/media?parent=353"}],"wp:term":[{"taxonomy":"product_brand","embeddable":true,"href":"https:\/\/bertolinidirect.com\/de\/wp-json\/wp\/v2\/product_brand?post=353"},{"taxonomy":"product_cat","embeddable":true,"href":"https:\/\/bertolinidirect.com\/de\/wp-json\/wp\/v2\/product_cat?post=353"},{"taxonomy":"product_tag","embeddable":true,"href":"https:\/\/bertolinidirect.com\/de\/wp-json\/wp\/v2\/product_tag?post=353"}],"curies":[{"name":"wp","href":"https:\/\/api.w.org\/{rel}","templated":true}]}}