{"id":351,"date":"2024-03-26T20:31:58","date_gmt":"2024-03-26T20:31:58","guid":{"rendered":"https:\/\/bertolinidirect.com\/?post_type=product&#038;p=351"},"modified":"2026-04-30T22:37:17","modified_gmt":"2026-04-30T22:37:17","slug":"l-brackets","status":"publish","type":"product","link":"https:\/\/bertolinidirect.com\/de\/products\/accessories\/l-brackets","title":{"rendered":"L-Winkel Bodenanker"},"content":{"rendered":"<p>Bertolini designs L-Bracket floor anchors to stabilize chairs by securing the legs directly to the floor, preventing movement. Each set includes two brackets and self-tapping screws. One screw attaches to the chair, and the other anchors into the floor.<\/p>\n\n\n\n<p>A licensed contractor with experience anchoring furnishings to flooring surfaces should install this accessory. Bertolini does not perform installation or assume responsibility for installation.<\/p>\n\n\n\n<p><em>Hinweis: Dieses Zubeh\u00f6r ist f\u00fcr Bertolini-St\u00fchle konzipiert. Die Kompatibilit\u00e4t mit St\u00fchlen anderer Hersteller kann nicht gew\u00e4hrleistet werden. Die Verwendung mit nicht spezifizierten St\u00fchlen erfolgt auf eigenes Risiko. Falls Sie bereits Bertolini-St\u00fchle besitzen, kontaktieren Sie bitte unseren Kundenservice, um die Kompatibilit\u00e4t zu pr\u00fcfen.<\/em><\/p>","protected":false},"excerpt":{"rendered":"<p>Bertolini designs L-Bracket floor anchors to stabilize chairs by securing the legs directly to the floor, preventing movement. Each set includes two brackets and self-tapping screws. One screw attaches to the chair, and the other anchors into the floor. A licensed contractor with experience anchoring furnishings to flooring surfaces should install this accessory. Bertolini does [&hellip;]<\/p>\n","protected":false},"featured_media":352,"template":"","meta":{"_acf_changed":true},"product_brand":[],"product_cat":[52],"product_tag":[],"class_list":{"0":"post-351","1":"product","2":"type-product","3":"status-publish","4":"has-post-thumbnail","6":"product_cat-accessories","8":"first","9":"instock","10":"shipping-taxable","11":"purchasable","12":"product-type-simple"},"acf":[],"yoast_head":"<!-- This site is optimized with the Yoast SEO Premium plugin v24.2 (Yoast SEO v27.4) - https:\/\/yoast.com\/product\/yoast-seo-premium-wordpress\/ -->\n<title>L-Bracket Floor Anchor for Chair | Bertolini Direct<\/title>\n<meta name=\"description\" content=\"Bertolini L-bracket floor anchors secure chairs to the floor, preventing movement and improving stability in churches and other high-traffic areas.\" \/>\n<meta name=\"robots\" content=\"index, follow, max-snippet:-1, max-image-preview:large, max-video-preview:-1\" \/>\n<link rel=\"canonical\" href=\"https:\/\/bertolinidirect.com\/de\/products\/accessories\/l-brackets\/\" \/>\n<meta property=\"og:locale\" content=\"de_DE\" \/>\n<meta property=\"og:type\" content=\"article\" \/>\n<meta property=\"og:title\" content=\"L-Brackets Floor Anchors\" \/>\n<meta property=\"og:description\" content=\"Bertolini L-bracket floor anchors secure chairs to the floor, preventing movement and improving stability in churches and other high-traffic areas.\" \/>\n<meta property=\"og:url\" content=\"https:\/\/bertolinidirect.com\/de\/products\/accessories\/l-brackets\/\" \/>\n<meta property=\"og:site_name\" content=\"Bertolini Direct\" \/>\n<meta property=\"article:modified_time\" content=\"2026-04-30T22:37:17+00:00\" \/>\n<meta property=\"og:image\" content=\"https:\/\/staging.bertolinidirect.com\/wp-content\/uploads\/2024\/03\/L-Bracket.jpg\" \/>\n\t<meta property=\"og:image:width\" content=\"680\" \/>\n\t<meta property=\"og:image:height\" content=\"680\" \/>\n\t<meta property=\"og:image:type\" content=\"image\/jpeg\" \/>\n<meta name=\"twitter:card\" content=\"summary_large_image\" \/>\n<script type=\"application\/ld+json\" class=\"yoast-schema-graph\">{\"@context\":\"https:\\\/\\\/schema.org\",\"@graph\":[{\"@type\":\"WebPage\",\"@id\":\"https:\\\/\\\/bertolinidirect.com\\\/de\\\/products\\\/accessories\\\/l-brackets\",\"url\":\"https:\\\/\\\/bertolinidirect.com\\\/de\\\/products\\\/accessories\\\/l-brackets\",\"name\":\"L-Bracket Floor Anchor for Chair | Bertolini Direct\",\"isPartOf\":{\"@id\":\"https:\\\/\\\/bertolinidirect.com\\\/de\\\/#website\"},\"primaryImageOfPage\":{\"@id\":\"https:\\\/\\\/bertolinidirect.com\\\/de\\\/products\\\/accessories\\\/l-brackets#primaryimage\"},\"image\":{\"@id\":\"https:\\\/\\\/bertolinidirect.com\\\/de\\\/products\\\/accessories\\\/l-brackets#primaryimage\"},\"thumbnailUrl\":\"https:\\\/\\\/bertolinidirect.com\\\/wp-content\\\/uploads\\\/2024\\\/03\\\/L-Bracket.jpg\",\"datePublished\":\"2024-03-26T20:31:58+00:00\",\"dateModified\":\"2026-04-30T22:37:17+00:00\",\"description\":\"Bertolini L-bracket floor anchors secure chairs to the floor, preventing movement and improving stability in churches and other high-traffic areas.\",\"breadcrumb\":{\"@id\":\"https:\\\/\\\/bertolinidirect.com\\\/de\\\/products\\\/accessories\\\/l-brackets#breadcrumb\"},\"inLanguage\":\"de\",\"potentialAction\":[{\"@type\":\"ReadAction\",\"target\":[\"https:\\\/\\\/bertolinidirect.com\\\/de\\\/products\\\/accessories\\\/l-brackets\"]}]},{\"@type\":\"ImageObject\",\"inLanguage\":\"de\",\"@id\":\"https:\\\/\\\/bertolinidirect.com\\\/de\\\/products\\\/accessories\\\/l-brackets#primaryimage\",\"url\":\"https:\\\/\\\/bertolinidirect.com\\\/wp-content\\\/uploads\\\/2024\\\/03\\\/L-Bracket.jpg\",\"contentUrl\":\"https:\\\/\\\/bertolinidirect.com\\\/wp-content\\\/uploads\\\/2024\\\/03\\\/L-Bracket.jpg\",\"width\":680,\"height\":680,\"caption\":\"L-Bracket\"},{\"@type\":\"BreadcrumbList\",\"@id\":\"https:\\\/\\\/bertolinidirect.com\\\/de\\\/products\\\/accessories\\\/l-brackets#breadcrumb\",\"itemListElement\":[{\"@type\":\"ListItem\",\"position\":1,\"name\":\"Home\",\"item\":\"https:\\\/\\\/bertolinidirect.com\\\/\"},{\"@type\":\"ListItem\",\"position\":2,\"name\":\"Products\",\"item\":\"https:\\\/\\\/bertolinidirect.com\\\/products\"},{\"@type\":\"ListItem\",\"position\":3,\"name\":\"Accessories\",\"item\":\"https:\\\/\\\/bertolinidirect.com\\\/products\\\/accessories\"},{\"@type\":\"ListItem\",\"position\":4,\"name\":\"L-Brackets Floor Anchors\"}]},{\"@type\":\"WebSite\",\"@id\":\"https:\\\/\\\/bertolinidirect.com\\\/de\\\/#website\",\"url\":\"https:\\\/\\\/bertolinidirect.com\\\/de\\\/\",\"name\":\"Bertolini\",\"description\":\"\",\"potentialAction\":[{\"@type\":\"SearchAction\",\"target\":{\"@type\":\"EntryPoint\",\"urlTemplate\":\"https:\\\/\\\/bertolinidirect.com\\\/de\\\/?s={search_term_string}\"},\"query-input\":{\"@type\":\"PropertyValueSpecification\",\"valueRequired\":true,\"valueName\":\"search_term_string\"}}],\"inLanguage\":\"de\"}]}<\/script>\n<!-- \/ Yoast SEO Premium plugin. -->","yoast_head_json":{"title":"L-Bracket Floor Anchor for Chair | Bertolini Direct","description":"Bertolini L-bracket floor anchors secure chairs to the floor, preventing movement and improving stability in churches and other high-traffic areas.","robots":{"index":"index","follow":"follow","max-snippet":"max-snippet:-1","max-image-preview":"max-image-preview:large","max-video-preview":"max-video-preview:-1"},"canonical":"https:\/\/bertolinidirect.com\/de\/products\/accessories\/l-brackets\/","og_locale":"de_DE","og_type":"article","og_title":"L-Brackets Floor Anchors","og_description":"Bertolini L-bracket floor anchors secure chairs to the floor, preventing movement and improving stability in churches and other high-traffic areas.","og_url":"https:\/\/bertolinidirect.com\/de\/products\/accessories\/l-brackets\/","og_site_name":"Bertolini Direct","article_modified_time":"2026-04-30T22:37:17+00:00","og_image":[{"width":680,"height":680,"url":"https:\/\/staging.bertolinidirect.com\/wp-content\/uploads\/2024\/03\/L-Bracket.jpg","type":"image\/jpeg"}],"twitter_card":"summary_large_image","schema":{"@context":"https:\/\/schema.org","@graph":[{"@type":"WebPage","@id":"https:\/\/bertolinidirect.com\/de\/products\/accessories\/l-brackets","url":"https:\/\/bertolinidirect.com\/de\/products\/accessories\/l-brackets","name":"L-Bracket Floor Anchor for Chair | Bertolini Direct","isPartOf":{"@id":"https:\/\/bertolinidirect.com\/de\/#website"},"primaryImageOfPage":{"@id":"https:\/\/bertolinidirect.com\/de\/products\/accessories\/l-brackets#primaryimage"},"image":{"@id":"https:\/\/bertolinidirect.com\/de\/products\/accessories\/l-brackets#primaryimage"},"thumbnailUrl":"https:\/\/bertolinidirect.com\/wp-content\/uploads\/2024\/03\/L-Bracket.jpg","datePublished":"2024-03-26T20:31:58+00:00","dateModified":"2026-04-30T22:37:17+00:00","description":"Bertolini L-bracket floor anchors secure chairs to the floor, preventing movement and improving stability in churches and other high-traffic areas.","breadcrumb":{"@id":"https:\/\/bertolinidirect.com\/de\/products\/accessories\/l-brackets#breadcrumb"},"inLanguage":"de","potentialAction":[{"@type":"ReadAction","target":["https:\/\/bertolinidirect.com\/de\/products\/accessories\/l-brackets"]}]},{"@type":"ImageObject","inLanguage":"de","@id":"https:\/\/bertolinidirect.com\/de\/products\/accessories\/l-brackets#primaryimage","url":"https:\/\/bertolinidirect.com\/wp-content\/uploads\/2024\/03\/L-Bracket.jpg","contentUrl":"https:\/\/bertolinidirect.com\/wp-content\/uploads\/2024\/03\/L-Bracket.jpg","width":680,"height":680,"caption":"L-Bracket"},{"@type":"BreadcrumbList","@id":"https:\/\/bertolinidirect.com\/de\/products\/accessories\/l-brackets#breadcrumb","itemListElement":[{"@type":"ListItem","position":1,"name":"Home","item":"https:\/\/bertolinidirect.com\/"},{"@type":"ListItem","position":2,"name":"Products","item":"https:\/\/bertolinidirect.com\/products"},{"@type":"ListItem","position":3,"name":"Accessories","item":"https:\/\/bertolinidirect.com\/products\/accessories"},{"@type":"ListItem","position":4,"name":"L-Brackets Floor Anchors"}]},{"@type":"WebSite","@id":"https:\/\/bertolinidirect.com\/de\/#website","url":"https:\/\/bertolinidirect.com\/de\/","name":"Bertolini","description":"","potentialAction":[{"@type":"SearchAction","target":{"@type":"EntryPoint","urlTemplate":"https:\/\/bertolinidirect.com\/de\/?s={search_term_string}"},"query-input":{"@type":"PropertyValueSpecification","valueRequired":true,"valueName":"search_term_string"}}],"inLanguage":"de"}]}},"_links":{"self":[{"href":"https:\/\/bertolinidirect.com\/de\/wp-json\/wp\/v2\/product\/351","targetHints":{"allow":["GET"]}}],"collection":[{"href":"https:\/\/bertolinidirect.com\/de\/wp-json\/wp\/v2\/product"}],"about":[{"href":"https:\/\/bertolinidirect.com\/de\/wp-json\/wp\/v2\/types\/product"}],"wp:featuredmedia":[{"embeddable":true,"href":"https:\/\/bertolinidirect.com\/de\/wp-json\/wp\/v2\/media\/352"}],"wp:attachment":[{"href":"https:\/\/bertolinidirect.com\/de\/wp-json\/wp\/v2\/media?parent=351"}],"wp:term":[{"taxonomy":"product_brand","embeddable":true,"href":"https:\/\/bertolinidirect.com\/de\/wp-json\/wp\/v2\/product_brand?post=351"},{"taxonomy":"product_cat","embeddable":true,"href":"https:\/\/bertolinidirect.com\/de\/wp-json\/wp\/v2\/product_cat?post=351"},{"taxonomy":"product_tag","embeddable":true,"href":"https:\/\/bertolinidirect.com\/de\/wp-json\/wp\/v2\/product_tag?post=351"}],"curies":[{"name":"wp","href":"https:\/\/api.w.org\/{rel}","templated":true}]}}