{"id":349,"date":"2024-03-26T20:27:19","date_gmt":"2024-03-26T20:27:19","guid":{"rendered":"https:\/\/bertolinidirect.com\/?post_type=product&#038;p=349"},"modified":"2024-07-30T17:19:31","modified_gmt":"2024-07-30T17:19:31","slug":"aftermarket-bookrack","status":"publish","type":"product","link":"https:\/\/bertolinidirect.com\/de\/products\/accessories\/aftermarket-bookrack","title":{"rendered":"Aftermarket-B\u00fccherregal"},"content":{"rendered":"<p>Dieses Aftermarket-B\u00fccherregal mit Zugang von hinten bietet ausreichend Platz f\u00fcr ein mittelgro\u00dfes oder zwei kleine B\u00fccher. Es wird h\u00e4ufig als Regal f\u00fcr Gesangb\u00fccher oder zur Aufbewahrung von Handzetteln verwendet und ist in vielen Gemeinden auf der ganzen Welt unverzichtbar.<\/p>\n<p>Sie k\u00f6nnen dieses B\u00fccherregal f\u00fcr Kirchenst\u00fchle selbst an Ihren vorhandenen Bertolini-St\u00fchlen anbringen. Dieses B\u00fccherregal ist mit 20 Zoll (50,8 cm) und 22 Zoll (55,8 cm) breiten St\u00fchlen ohne Armlehnen kompatibel.<\/p>\n<p><em>Hinweis: Dieses Zubeh\u00f6r ist f\u00fcr die Verwendung mit St\u00fchlen von Bertolini konzipiert. Wir k\u00f6nnen nicht garantieren, dass es auch mit St\u00fchlen anderer Hersteller funktioniert. Die Verwendung mit nicht angegebenen St\u00fchlen erfolgt auf eigenes Risiko des K\u00e4ufers. Kunden mit vorhandenen Bertolini-St\u00fchlen sollten den Kundendienst anrufen, um die Passform zu best\u00e4tigen. <\/em><\/p>","protected":false},"excerpt":{"rendered":"<p>This Aftermarket Bookrack with rear access provides enough room to accommodate\u202fone\u202fmedium or\u202ftwo\u202fsmall books. It is often used as a hymn book rack or to hold handouts and is indispensable in many congregations around the world. You can install this church chair bookrack yourself onto your existing Bertolini Chairs. This Bookrack is compatible with 20-inch\u202f(50.8 cm) [&hellip;]<\/p>\n","protected":false},"featured_media":350,"template":"","meta":{"_acf_changed":false},"product_brand":[],"product_cat":[52],"product_tag":[],"class_list":{"0":"post-349","1":"product","2":"type-product","3":"status-publish","4":"has-post-thumbnail","6":"product_cat-accessories","8":"first","9":"instock","10":"shipping-taxable","11":"purchasable","12":"product-type-simple"},"acf":[],"yoast_head":"<!-- This site is optimized with the Yoast SEO Premium plugin v24.2 (Yoast SEO v27.4) - https:\/\/yoast.com\/product\/yoast-seo-premium-wordpress\/ -->\n<title>Aftermarket Book Rack | Bertolini Church Chair Accessories<\/title>\n<meta name=\"description\" content=\"The Aftermarket Book Rack has a wire shelf design with a communion cup loop integrated. It mounts under the church chair for convenient access to books.\" \/>\n<meta name=\"robots\" content=\"index, follow, max-snippet:-1, max-image-preview:large, max-video-preview:-1\" \/>\n<link rel=\"canonical\" href=\"https:\/\/bertolinidirect.com\/de\/products\/accessories\/aftermarket-bookrack\/\" \/>\n<meta property=\"og:locale\" content=\"de_DE\" \/>\n<meta property=\"og:type\" content=\"article\" \/>\n<meta property=\"og:title\" content=\"Aftermarket Bookrack\" \/>\n<meta property=\"og:description\" content=\"The Aftermarket Book Rack has a wire shelf design with a communion cup loop integrated. It mounts under the church chair for convenient access to books.\" \/>\n<meta property=\"og:url\" content=\"https:\/\/bertolinidirect.com\/de\/products\/accessories\/aftermarket-bookrack\/\" \/>\n<meta property=\"og:site_name\" content=\"Bertolini Direct\" \/>\n<meta property=\"article:modified_time\" content=\"2024-07-30T17:19:31+00:00\" \/>\n<meta property=\"og:image\" content=\"https:\/\/bertolinidirect.com\/wp-content\/uploads\/2024\/03\/Aftermarket-Bookrack.jpg\" \/>\n\t<meta property=\"og:image:width\" content=\"680\" \/>\n\t<meta property=\"og:image:height\" content=\"680\" \/>\n\t<meta property=\"og:image:type\" content=\"image\/jpeg\" \/>\n<meta name=\"twitter:card\" content=\"summary_large_image\" \/>\n<script type=\"application\/ld+json\" class=\"yoast-schema-graph\">{\"@context\":\"https:\\\/\\\/schema.org\",\"@graph\":[{\"@type\":\"WebPage\",\"@id\":\"https:\\\/\\\/bertolinidirect.com\\\/de\\\/products\\\/accessories\\\/aftermarket-bookrack\",\"url\":\"https:\\\/\\\/bertolinidirect.com\\\/de\\\/products\\\/accessories\\\/aftermarket-bookrack\",\"name\":\"Aftermarket Book Rack | Bertolini Church Chair Accessories\",\"isPartOf\":{\"@id\":\"https:\\\/\\\/bertolinidirect.com\\\/de\\\/#website\"},\"primaryImageOfPage\":{\"@id\":\"https:\\\/\\\/bertolinidirect.com\\\/de\\\/products\\\/accessories\\\/aftermarket-bookrack#primaryimage\"},\"image\":{\"@id\":\"https:\\\/\\\/bertolinidirect.com\\\/de\\\/products\\\/accessories\\\/aftermarket-bookrack#primaryimage\"},\"thumbnailUrl\":\"https:\\\/\\\/bertolinidirect.com\\\/wp-content\\\/uploads\\\/2024\\\/03\\\/Aftermarket-Bookrack.jpg\",\"datePublished\":\"2024-03-26T20:27:19+00:00\",\"dateModified\":\"2024-07-30T17:19:31+00:00\",\"description\":\"The Aftermarket Book Rack has a wire shelf design with a communion cup loop integrated. It mounts under the church chair for convenient access to books.\",\"breadcrumb\":{\"@id\":\"https:\\\/\\\/bertolinidirect.com\\\/de\\\/products\\\/accessories\\\/aftermarket-bookrack#breadcrumb\"},\"inLanguage\":\"de\",\"potentialAction\":[{\"@type\":\"ReadAction\",\"target\":[\"https:\\\/\\\/bertolinidirect.com\\\/de\\\/products\\\/accessories\\\/aftermarket-bookrack\"]}]},{\"@type\":\"ImageObject\",\"inLanguage\":\"de\",\"@id\":\"https:\\\/\\\/bertolinidirect.com\\\/de\\\/products\\\/accessories\\\/aftermarket-bookrack#primaryimage\",\"url\":\"https:\\\/\\\/bertolinidirect.com\\\/wp-content\\\/uploads\\\/2024\\\/03\\\/Aftermarket-Bookrack.jpg\",\"contentUrl\":\"https:\\\/\\\/bertolinidirect.com\\\/wp-content\\\/uploads\\\/2024\\\/03\\\/Aftermarket-Bookrack.jpg\",\"width\":680,\"height\":680,\"caption\":\"Aftermarket Bookrack\"},{\"@type\":\"BreadcrumbList\",\"@id\":\"https:\\\/\\\/bertolinidirect.com\\\/de\\\/products\\\/accessories\\\/aftermarket-bookrack#breadcrumb\",\"itemListElement\":[{\"@type\":\"ListItem\",\"position\":1,\"name\":\"Home\",\"item\":\"https:\\\/\\\/bertolinidirect.com\\\/\"},{\"@type\":\"ListItem\",\"position\":2,\"name\":\"Products\",\"item\":\"https:\\\/\\\/bertolinidirect.com\\\/products\"},{\"@type\":\"ListItem\",\"position\":3,\"name\":\"Accessories\",\"item\":\"https:\\\/\\\/bertolinidirect.com\\\/products\\\/accessories\"},{\"@type\":\"ListItem\",\"position\":4,\"name\":\"Aftermarket Bookrack\"}]},{\"@type\":\"WebSite\",\"@id\":\"https:\\\/\\\/bertolinidirect.com\\\/de\\\/#website\",\"url\":\"https:\\\/\\\/bertolinidirect.com\\\/de\\\/\",\"name\":\"Bertolini\",\"description\":\"\",\"potentialAction\":[{\"@type\":\"SearchAction\",\"target\":{\"@type\":\"EntryPoint\",\"urlTemplate\":\"https:\\\/\\\/bertolinidirect.com\\\/de\\\/?s={search_term_string}\"},\"query-input\":{\"@type\":\"PropertyValueSpecification\",\"valueRequired\":true,\"valueName\":\"search_term_string\"}}],\"inLanguage\":\"de\"}]}<\/script>\n<!-- \/ Yoast SEO Premium plugin. -->","yoast_head_json":{"title":"Aftermarket-B\u00fccherregal | Bertolini Kirchenstuhl-Zubeh\u00f6r","description":"Das Aftermarket-B\u00fccherregal hat ein Drahtregaldesign mit integrierter Kommunionkelchhalterung. Es wird unter dem Kirchenstuhl montiert, um bequemen Zugriff auf B\u00fccher zu erm\u00f6glichen.","robots":{"index":"index","follow":"follow","max-snippet":"max-snippet:-1","max-image-preview":"max-image-preview:large","max-video-preview":"max-video-preview:-1"},"canonical":"https:\/\/bertolinidirect.com\/de\/products\/accessories\/aftermarket-bookrack\/","og_locale":"de_DE","og_type":"article","og_title":"Aftermarket Bookrack","og_description":"The Aftermarket Book Rack has a wire shelf design with a communion cup loop integrated. It mounts under the church chair for convenient access to books.","og_url":"https:\/\/bertolinidirect.com\/de\/products\/accessories\/aftermarket-bookrack\/","og_site_name":"Bertolini Direct","article_modified_time":"2024-07-30T17:19:31+00:00","og_image":[{"width":680,"height":680,"url":"https:\/\/bertolinidirect.com\/wp-content\/uploads\/2024\/03\/Aftermarket-Bookrack.jpg","type":"image\/jpeg"}],"twitter_card":"summary_large_image","schema":{"@context":"https:\/\/schema.org","@graph":[{"@type":"WebPage","@id":"https:\/\/bertolinidirect.com\/de\/products\/accessories\/aftermarket-bookrack","url":"https:\/\/bertolinidirect.com\/de\/products\/accessories\/aftermarket-bookrack","name":"Aftermarket-B\u00fccherregal | Bertolini Kirchenstuhl-Zubeh\u00f6r","isPartOf":{"@id":"https:\/\/bertolinidirect.com\/de\/#website"},"primaryImageOfPage":{"@id":"https:\/\/bertolinidirect.com\/de\/products\/accessories\/aftermarket-bookrack#primaryimage"},"image":{"@id":"https:\/\/bertolinidirect.com\/de\/products\/accessories\/aftermarket-bookrack#primaryimage"},"thumbnailUrl":"https:\/\/bertolinidirect.com\/wp-content\/uploads\/2024\/03\/Aftermarket-Bookrack.jpg","datePublished":"2024-03-26T20:27:19+00:00","dateModified":"2024-07-30T17:19:31+00:00","description":"Das Aftermarket-B\u00fccherregal hat ein Drahtregaldesign mit integrierter Kommunionkelchhalterung. Es wird unter dem Kirchenstuhl montiert, um bequemen Zugriff auf B\u00fccher zu erm\u00f6glichen.","breadcrumb":{"@id":"https:\/\/bertolinidirect.com\/de\/products\/accessories\/aftermarket-bookrack#breadcrumb"},"inLanguage":"de","potentialAction":[{"@type":"ReadAction","target":["https:\/\/bertolinidirect.com\/de\/products\/accessories\/aftermarket-bookrack"]}]},{"@type":"ImageObject","inLanguage":"de","@id":"https:\/\/bertolinidirect.com\/de\/products\/accessories\/aftermarket-bookrack#primaryimage","url":"https:\/\/bertolinidirect.com\/wp-content\/uploads\/2024\/03\/Aftermarket-Bookrack.jpg","contentUrl":"https:\/\/bertolinidirect.com\/wp-content\/uploads\/2024\/03\/Aftermarket-Bookrack.jpg","width":680,"height":680,"caption":"Aftermarket Bookrack"},{"@type":"BreadcrumbList","@id":"https:\/\/bertolinidirect.com\/de\/products\/accessories\/aftermarket-bookrack#breadcrumb","itemListElement":[{"@type":"ListItem","position":1,"name":"Home","item":"https:\/\/bertolinidirect.com\/"},{"@type":"ListItem","position":2,"name":"Products","item":"https:\/\/bertolinidirect.com\/products"},{"@type":"ListItem","position":3,"name":"Accessories","item":"https:\/\/bertolinidirect.com\/products\/accessories"},{"@type":"ListItem","position":4,"name":"Aftermarket Bookrack"}]},{"@type":"WebSite","@id":"https:\/\/bertolinidirect.com\/de\/#website","url":"https:\/\/bertolinidirect.com\/de\/","name":"Bertolini","description":"","potentialAction":[{"@type":"SearchAction","target":{"@type":"EntryPoint","urlTemplate":"https:\/\/bertolinidirect.com\/de\/?s={search_term_string}"},"query-input":{"@type":"PropertyValueSpecification","valueRequired":true,"valueName":"search_term_string"}}],"inLanguage":"de"}]}},"_links":{"self":[{"href":"https:\/\/bertolinidirect.com\/de\/wp-json\/wp\/v2\/product\/349","targetHints":{"allow":["GET"]}}],"collection":[{"href":"https:\/\/bertolinidirect.com\/de\/wp-json\/wp\/v2\/product"}],"about":[{"href":"https:\/\/bertolinidirect.com\/de\/wp-json\/wp\/v2\/types\/product"}],"wp:featuredmedia":[{"embeddable":true,"href":"https:\/\/bertolinidirect.com\/de\/wp-json\/wp\/v2\/media\/350"}],"wp:attachment":[{"href":"https:\/\/bertolinidirect.com\/de\/wp-json\/wp\/v2\/media?parent=349"}],"wp:term":[{"taxonomy":"product_brand","embeddable":true,"href":"https:\/\/bertolinidirect.com\/de\/wp-json\/wp\/v2\/product_brand?post=349"},{"taxonomy":"product_cat","embeddable":true,"href":"https:\/\/bertolinidirect.com\/de\/wp-json\/wp\/v2\/product_cat?post=349"},{"taxonomy":"product_tag","embeddable":true,"href":"https:\/\/bertolinidirect.com\/de\/wp-json\/wp\/v2\/product_tag?post=349"}],"curies":[{"name":"wp","href":"https:\/\/api.w.org\/{rel}","templated":true}]}}