{"id":347,"date":"2024-03-26T20:22:49","date_gmt":"2024-03-26T20:22:49","guid":{"rendered":"https:\/\/bertolinidirect.com\/?post_type=product&#038;p=347"},"modified":"2024-07-30T17:19:34","modified_gmt":"2024-07-30T17:19:34","slug":"coffee-cup-holder","status":"publish","type":"product","link":"https:\/\/bertolinidirect.com\/de\/products\/accessories\/coffee-cup-holder","title":{"rendered":"Kaffeetassenhalter"},"content":{"rendered":"<p>Es gibt nichts Besseres, als an einem Wintermorgen den Gottesdienst bei einer dampfenden Tasse Kaffee zu genie\u00dfen. Das hilft Ihrer Gemeinde, sich auf den Gottesdienst zu konzentrieren und w\u00e4rmt sie innerlich auf.<\/p>\n<p>Der Kaffeetassenhalter wird an der R\u00fcckseite von Bertolini-St\u00fchlen befestigt. Er bietet Ihrer Gemeinde einen praktischen Platz, um w\u00e4hrend des Gottesdienstes Kaffeetassen abzustellen. Dieses Zubeh\u00f6r umfasst alle f\u00fcr die Installation erforderlichen Teile und l\u00e4sst sich leicht an Kirchenst\u00fchlen anbringen.<\/p>\n<p><em>Hinweis: Dieses Zubeh\u00f6r ist f\u00fcr die Verwendung mit St\u00fchlen von Bertolini konzipiert. Wir k\u00f6nnen nicht garantieren, dass es auch mit St\u00fchlen anderer Hersteller funktioniert. Die Verwendung mit nicht angegebenen St\u00fchlen erfolgt auf eigenes Risiko des K\u00e4ufers. Kunden mit vorhandenen Bertolini-St\u00fchlen sollten den Kundendienst anrufen, um die Passgenauigkeit zu best\u00e4tigen.<\/em><\/p>","protected":false},"excerpt":{"rendered":"<p>There\u2019s nothing like enjoying church services with a steaming cup of coffee on a winter morning. It helps your congregation focus on the service and warms them up inside. The Coffee Cup Holder mounts on the back of Bertolini chairs. It gives your congregation a convenient place to place coffee cups during services. This accessory [&hellip;]<\/p>\n","protected":false},"featured_media":348,"template":"","meta":{"_acf_changed":false},"product_brand":[],"product_cat":[52],"product_tag":[],"class_list":{"0":"post-347","1":"product","2":"type-product","3":"status-publish","4":"has-post-thumbnail","6":"product_cat-accessories","8":"first","9":"instock","10":"shipping-taxable","11":"purchasable","12":"product-type-simple"},"acf":[],"yoast_head":"<!-- This site is optimized with the Yoast SEO Premium plugin v24.2 (Yoast SEO v27.4) - https:\/\/yoast.com\/product\/yoast-seo-premium-wordpress\/ -->\n<title>Coffee Cup Holder | Bertolini Church Chair Accessories<\/title>\n<meta name=\"description\" content=\"The Coffee Cup Holder is designed to mount underneath your 20-inch wide church chair to provide a place for the person in the row behind to put their cup.\" \/>\n<meta name=\"robots\" content=\"index, follow, max-snippet:-1, max-image-preview:large, max-video-preview:-1\" \/>\n<link rel=\"canonical\" href=\"https:\/\/bertolinidirect.com\/de\/products\/accessories\/coffee-cup-holder\/\" \/>\n<meta property=\"og:locale\" content=\"de_DE\" \/>\n<meta property=\"og:type\" content=\"article\" \/>\n<meta property=\"og:title\" content=\"Coffee Cup Holder\" \/>\n<meta property=\"og:description\" content=\"The Coffee Cup Holder is designed to mount underneath your 20-inch wide church chair to provide a place for the person in the row behind to put their cup.\" \/>\n<meta property=\"og:url\" content=\"https:\/\/bertolinidirect.com\/de\/products\/accessories\/coffee-cup-holder\/\" \/>\n<meta property=\"og:site_name\" content=\"Bertolini Direct\" \/>\n<meta property=\"article:modified_time\" content=\"2024-07-30T17:19:34+00:00\" \/>\n<meta property=\"og:image\" content=\"https:\/\/bertolinidirect.com\/wp-content\/uploads\/2024\/03\/Bertolini_Accessories_CoffeeCupHolder.jpg\" \/>\n\t<meta property=\"og:image:width\" content=\"680\" \/>\n\t<meta property=\"og:image:height\" content=\"680\" \/>\n\t<meta property=\"og:image:type\" content=\"image\/jpeg\" \/>\n<meta name=\"twitter:card\" content=\"summary_large_image\" \/>\n<script type=\"application\/ld+json\" class=\"yoast-schema-graph\">{\"@context\":\"https:\\\/\\\/schema.org\",\"@graph\":[{\"@type\":\"WebPage\",\"@id\":\"https:\\\/\\\/bertolinidirect.com\\\/de\\\/products\\\/accessories\\\/coffee-cup-holder\",\"url\":\"https:\\\/\\\/bertolinidirect.com\\\/de\\\/products\\\/accessories\\\/coffee-cup-holder\",\"name\":\"Coffee Cup Holder | Bertolini Church Chair Accessories\",\"isPartOf\":{\"@id\":\"https:\\\/\\\/bertolinidirect.com\\\/de\\\/#website\"},\"primaryImageOfPage\":{\"@id\":\"https:\\\/\\\/bertolinidirect.com\\\/de\\\/products\\\/accessories\\\/coffee-cup-holder#primaryimage\"},\"image\":{\"@id\":\"https:\\\/\\\/bertolinidirect.com\\\/de\\\/products\\\/accessories\\\/coffee-cup-holder#primaryimage\"},\"thumbnailUrl\":\"https:\\\/\\\/bertolinidirect.com\\\/wp-content\\\/uploads\\\/2024\\\/03\\\/Bertolini_Accessories_CoffeeCupHolder.jpg\",\"datePublished\":\"2024-03-26T20:22:49+00:00\",\"dateModified\":\"2024-07-30T17:19:34+00:00\",\"description\":\"The Coffee Cup Holder is designed to mount underneath your 20-inch wide church chair to provide a place for the person in the row behind to put their cup.\",\"breadcrumb\":{\"@id\":\"https:\\\/\\\/bertolinidirect.com\\\/de\\\/products\\\/accessories\\\/coffee-cup-holder#breadcrumb\"},\"inLanguage\":\"de\",\"potentialAction\":[{\"@type\":\"ReadAction\",\"target\":[\"https:\\\/\\\/bertolinidirect.com\\\/de\\\/products\\\/accessories\\\/coffee-cup-holder\"]}]},{\"@type\":\"ImageObject\",\"inLanguage\":\"de\",\"@id\":\"https:\\\/\\\/bertolinidirect.com\\\/de\\\/products\\\/accessories\\\/coffee-cup-holder#primaryimage\",\"url\":\"https:\\\/\\\/bertolinidirect.com\\\/wp-content\\\/uploads\\\/2024\\\/03\\\/Bertolini_Accessories_CoffeeCupHolder.jpg\",\"contentUrl\":\"https:\\\/\\\/bertolinidirect.com\\\/wp-content\\\/uploads\\\/2024\\\/03\\\/Bertolini_Accessories_CoffeeCupHolder.jpg\",\"width\":680,\"height\":680,\"caption\":\"Coffee Cup Holder\"},{\"@type\":\"BreadcrumbList\",\"@id\":\"https:\\\/\\\/bertolinidirect.com\\\/de\\\/products\\\/accessories\\\/coffee-cup-holder#breadcrumb\",\"itemListElement\":[{\"@type\":\"ListItem\",\"position\":1,\"name\":\"Home\",\"item\":\"https:\\\/\\\/bertolinidirect.com\\\/\"},{\"@type\":\"ListItem\",\"position\":2,\"name\":\"Products\",\"item\":\"https:\\\/\\\/bertolinidirect.com\\\/products\"},{\"@type\":\"ListItem\",\"position\":3,\"name\":\"Accessories\",\"item\":\"https:\\\/\\\/bertolinidirect.com\\\/products\\\/accessories\"},{\"@type\":\"ListItem\",\"position\":4,\"name\":\"Coffee Cup Holder\"}]},{\"@type\":\"WebSite\",\"@id\":\"https:\\\/\\\/bertolinidirect.com\\\/de\\\/#website\",\"url\":\"https:\\\/\\\/bertolinidirect.com\\\/de\\\/\",\"name\":\"Bertolini\",\"description\":\"\",\"potentialAction\":[{\"@type\":\"SearchAction\",\"target\":{\"@type\":\"EntryPoint\",\"urlTemplate\":\"https:\\\/\\\/bertolinidirect.com\\\/de\\\/?s={search_term_string}\"},\"query-input\":{\"@type\":\"PropertyValueSpecification\",\"valueRequired\":true,\"valueName\":\"search_term_string\"}}],\"inLanguage\":\"de\"}]}<\/script>\n<!-- \/ Yoast SEO Premium plugin. -->","yoast_head_json":{"title":"Kaffeetassenhalter | Bertolini Kirchenstuhlzubeh\u00f6r","description":"Der Kaffeetassenhalter ist f\u00fcr die Anbringung unter Ihrem 20 Zoll breiten Kirchenstuhl konzipiert, um der Person in der Reihe dahinter einen Platz zum Abstellen ihrer Tasse zu bieten.","robots":{"index":"index","follow":"follow","max-snippet":"max-snippet:-1","max-image-preview":"max-image-preview:large","max-video-preview":"max-video-preview:-1"},"canonical":"https:\/\/bertolinidirect.com\/de\/products\/accessories\/coffee-cup-holder\/","og_locale":"de_DE","og_type":"article","og_title":"Coffee Cup Holder","og_description":"The Coffee Cup Holder is designed to mount underneath your 20-inch wide church chair to provide a place for the person in the row behind to put their cup.","og_url":"https:\/\/bertolinidirect.com\/de\/products\/accessories\/coffee-cup-holder\/","og_site_name":"Bertolini Direct","article_modified_time":"2024-07-30T17:19:34+00:00","og_image":[{"width":680,"height":680,"url":"https:\/\/bertolinidirect.com\/wp-content\/uploads\/2024\/03\/Bertolini_Accessories_CoffeeCupHolder.jpg","type":"image\/jpeg"}],"twitter_card":"summary_large_image","schema":{"@context":"https:\/\/schema.org","@graph":[{"@type":"WebPage","@id":"https:\/\/bertolinidirect.com\/de\/products\/accessories\/coffee-cup-holder","url":"https:\/\/bertolinidirect.com\/de\/products\/accessories\/coffee-cup-holder","name":"Kaffeetassenhalter | Bertolini Kirchenstuhlzubeh\u00f6r","isPartOf":{"@id":"https:\/\/bertolinidirect.com\/de\/#website"},"primaryImageOfPage":{"@id":"https:\/\/bertolinidirect.com\/de\/products\/accessories\/coffee-cup-holder#primaryimage"},"image":{"@id":"https:\/\/bertolinidirect.com\/de\/products\/accessories\/coffee-cup-holder#primaryimage"},"thumbnailUrl":"https:\/\/bertolinidirect.com\/wp-content\/uploads\/2024\/03\/Bertolini_Accessories_CoffeeCupHolder.jpg","datePublished":"2024-03-26T20:22:49+00:00","dateModified":"2024-07-30T17:19:34+00:00","description":"Der Kaffeetassenhalter ist f\u00fcr die Anbringung unter Ihrem 20 Zoll breiten Kirchenstuhl konzipiert, um der Person in der Reihe dahinter einen Platz zum Abstellen ihrer Tasse zu bieten.","breadcrumb":{"@id":"https:\/\/bertolinidirect.com\/de\/products\/accessories\/coffee-cup-holder#breadcrumb"},"inLanguage":"de","potentialAction":[{"@type":"ReadAction","target":["https:\/\/bertolinidirect.com\/de\/products\/accessories\/coffee-cup-holder"]}]},{"@type":"ImageObject","inLanguage":"de","@id":"https:\/\/bertolinidirect.com\/de\/products\/accessories\/coffee-cup-holder#primaryimage","url":"https:\/\/bertolinidirect.com\/wp-content\/uploads\/2024\/03\/Bertolini_Accessories_CoffeeCupHolder.jpg","contentUrl":"https:\/\/bertolinidirect.com\/wp-content\/uploads\/2024\/03\/Bertolini_Accessories_CoffeeCupHolder.jpg","width":680,"height":680,"caption":"Coffee Cup Holder"},{"@type":"BreadcrumbList","@id":"https:\/\/bertolinidirect.com\/de\/products\/accessories\/coffee-cup-holder#breadcrumb","itemListElement":[{"@type":"ListItem","position":1,"name":"Home","item":"https:\/\/bertolinidirect.com\/"},{"@type":"ListItem","position":2,"name":"Products","item":"https:\/\/bertolinidirect.com\/products"},{"@type":"ListItem","position":3,"name":"Accessories","item":"https:\/\/bertolinidirect.com\/products\/accessories"},{"@type":"ListItem","position":4,"name":"Coffee Cup Holder"}]},{"@type":"WebSite","@id":"https:\/\/bertolinidirect.com\/de\/#website","url":"https:\/\/bertolinidirect.com\/de\/","name":"Bertolini","description":"","potentialAction":[{"@type":"SearchAction","target":{"@type":"EntryPoint","urlTemplate":"https:\/\/bertolinidirect.com\/de\/?s={search_term_string}"},"query-input":{"@type":"PropertyValueSpecification","valueRequired":true,"valueName":"search_term_string"}}],"inLanguage":"de"}]}},"_links":{"self":[{"href":"https:\/\/bertolinidirect.com\/de\/wp-json\/wp\/v2\/product\/347","targetHints":{"allow":["GET"]}}],"collection":[{"href":"https:\/\/bertolinidirect.com\/de\/wp-json\/wp\/v2\/product"}],"about":[{"href":"https:\/\/bertolinidirect.com\/de\/wp-json\/wp\/v2\/types\/product"}],"wp:featuredmedia":[{"embeddable":true,"href":"https:\/\/bertolinidirect.com\/de\/wp-json\/wp\/v2\/media\/348"}],"wp:attachment":[{"href":"https:\/\/bertolinidirect.com\/de\/wp-json\/wp\/v2\/media?parent=347"}],"wp:term":[{"taxonomy":"product_brand","embeddable":true,"href":"https:\/\/bertolinidirect.com\/de\/wp-json\/wp\/v2\/product_brand?post=347"},{"taxonomy":"product_cat","embeddable":true,"href":"https:\/\/bertolinidirect.com\/de\/wp-json\/wp\/v2\/product_cat?post=347"},{"taxonomy":"product_tag","embeddable":true,"href":"https:\/\/bertolinidirect.com\/de\/wp-json\/wp\/v2\/product_tag?post=347"}],"curies":[{"name":"wp","href":"https:\/\/api.w.org\/{rel}","templated":true}]}}