{"id":344,"date":"2024-03-26T20:15:52","date_gmt":"2024-03-26T20:15:52","guid":{"rendered":"https:\/\/bertolinidirect.com\/?post_type=product&#038;p=344"},"modified":"2024-10-30T16:22:17","modified_gmt":"2024-10-30T16:22:17","slug":"pencil-and-card-holder","status":"publish","type":"product","link":"https:\/\/bertolinidirect.com\/de\/products\/accessories\/pencil-and-card-holder","title":{"rendered":"Bleistift- und Kartenhalter"},"content":{"rendered":"<p>Dieser Stifte- und Kartenhalter bietet Platz f\u00fcr zwei Stifte, Visitenkarten, Handzettel, ein schlankes Smartphone (Samsung, iPhones usw.) oder andere Materialien mit einer Breite von bis zu 15,8 cm. Wir haben dieses einzigartige Accessoire so entworfen, dass es auf gepolsterte Stuhllehnen passt, die sowohl gerade als auch konturiert sind.<\/p>\n<p>Der Bleistift- und Kartenhalter kann zu jedem Bertolini-Anbetungsstuhl hinzugef\u00fcgt werden.<\/p>\n<h2 data-pm-slice=\"1 1 []\">Installationsanleitung<\/h2>\n<p data-pm-slice=\"1 1 []\">Sehen Sie sich das Video unten an, um Schritt-f\u00fcr-Schritt-Anweisungen zur Installation des Bleistift- und Kartenhalters zu erhalten. <a href=\"https:\/\/bertolinidirect.com\/wp-content\/uploads\/2024\/07\/Pencil-and-Card-Holder-Install-Template-4x9-1.pdf\">Laden Sie hier die Installationsvorlagen herunter<\/a>.<\/p>\n<p><em>Hinweis: Dieses Zubeh\u00f6r ist f\u00fcr die Verwendung mit St\u00fchlen von Bertolini konzipiert. Wir k\u00f6nnen nicht garantieren, dass es auch mit St\u00fchlen anderer Hersteller funktioniert. Die Verwendung mit nicht angegebenen St\u00fchlen erfolgt auf eigenes Risiko des K\u00e4ufers. Kunden mit vorhandenen Bertolini-St\u00fchlen sollten den Kundendienst anrufen, um zu best\u00e4tigen, dass sie passen. <\/em><\/p>\n<p class=\"youtube-video\"><iframe loading=\"lazy\" title=\"YouTube-Videoplayer\" src=\"https:\/\/www.youtube.com\/embed\/Bbzk2keuHig?si=XuOL-ShfbjSfjerl\" width=\"1162\" height=\"653\" frameborder=\"0\" allowfullscreen=\"allowfullscreen\"><\/iframe><\/p>","protected":false},"excerpt":{"rendered":"<p>This Pencil and Card Holder provides room for two pens\/pencils, business cards, handouts, a slim smartphone (Samsung, iPhones, etc.), or other materials up to 6.25 inches wide (15.8 cm). We\u2019ve designed this unique accessory to fit upholstered chairs backs that are both straight and contoured The Pencil and Card Holder can be added to any [&hellip;]<\/p>\n","protected":false},"featured_media":343,"template":"","meta":{"_acf_changed":false},"product_brand":[],"product_cat":[52],"product_tag":[],"class_list":{"0":"post-344","1":"product","2":"type-product","3":"status-publish","4":"has-post-thumbnail","6":"product_cat-accessories","8":"first","9":"instock","10":"shipping-taxable","11":"purchasable","12":"product-type-simple"},"acf":[],"yoast_head":"<!-- This site is optimized with the Yoast SEO Premium plugin v24.2 (Yoast SEO v27.1.1) - https:\/\/yoast.com\/product\/yoast-seo-premium-wordpress\/ -->\n<title>Pencil and Card Holder | Bertolini Direct<\/title>\n<meta name=\"description\" content=\"This Pencil and Card Holder provides room for two pens\/pencils, business cards, handouts, a slim smartphone (Samsung, iPhones, etc.), or other materials\" \/>\n<meta name=\"robots\" content=\"index, follow, max-snippet:-1, max-image-preview:large, max-video-preview:-1\" \/>\n<link rel=\"canonical\" href=\"https:\/\/bertolinidirect.com\/de\/products\/accessories\/pencil-and-card-holder\/\" \/>\n<meta property=\"og:locale\" content=\"de_DE\" \/>\n<meta property=\"og:type\" content=\"article\" \/>\n<meta property=\"og:title\" content=\"Pencil and Card Holder\" \/>\n<meta property=\"og:description\" content=\"This Pencil and Card Holder provides room for two pens\/pencils, business cards, handouts, a slim smartphone (Samsung, iPhones, etc.), or other materials\" \/>\n<meta property=\"og:url\" content=\"https:\/\/bertolinidirect.com\/de\/products\/accessories\/pencil-and-card-holder\/\" \/>\n<meta property=\"og:site_name\" content=\"Bertolini Direct\" \/>\n<meta property=\"article:modified_time\" content=\"2024-10-30T16:22:17+00:00\" \/>\n<meta property=\"og:image\" content=\"https:\/\/bertolinidirect.com\/wp-content\/uploads\/2024\/03\/2022_Pencil-Card_Holder.jpg\" \/>\n\t<meta property=\"og:image:width\" content=\"680\" \/>\n\t<meta property=\"og:image:height\" content=\"680\" \/>\n\t<meta property=\"og:image:type\" content=\"image\/jpeg\" \/>\n<meta name=\"twitter:card\" content=\"summary_large_image\" \/>\n<script type=\"application\/ld+json\" class=\"yoast-schema-graph\">{\"@context\":\"https:\/\/schema.org\",\"@graph\":[{\"@type\":\"WebPage\",\"@id\":\"https:\/\/bertolinidirect.com\/de\/products\/accessories\/pencil-and-card-holder\",\"url\":\"https:\/\/bertolinidirect.com\/de\/products\/accessories\/pencil-and-card-holder\",\"name\":\"Pencil and Card Holder | Bertolini Direct\",\"isPartOf\":{\"@id\":\"https:\/\/bertolinidirect.com\/de\/#website\"},\"primaryImageOfPage\":{\"@id\":\"https:\/\/bertolinidirect.com\/de\/products\/accessories\/pencil-and-card-holder#primaryimage\"},\"image\":{\"@id\":\"https:\/\/bertolinidirect.com\/de\/products\/accessories\/pencil-and-card-holder#primaryimage\"},\"thumbnailUrl\":\"https:\/\/bertolinidirect.com\/wp-content\/uploads\/2024\/03\/2022_Pencil-Card_Holder.jpg\",\"datePublished\":\"2024-03-26T20:15:52+00:00\",\"dateModified\":\"2024-10-30T16:22:17+00:00\",\"description\":\"This Pencil and Card Holder provides room for two pens\/pencils, business cards, handouts, a slim smartphone (Samsung, iPhones, etc.), or other materials\",\"breadcrumb\":{\"@id\":\"https:\/\/bertolinidirect.com\/de\/products\/accessories\/pencil-and-card-holder#breadcrumb\"},\"inLanguage\":\"de\",\"potentialAction\":[{\"@type\":\"ReadAction\",\"target\":[\"https:\/\/bertolinidirect.com\/de\/products\/accessories\/pencil-and-card-holder\"]}]},{\"@type\":\"ImageObject\",\"inLanguage\":\"de\",\"@id\":\"https:\/\/bertolinidirect.com\/de\/products\/accessories\/pencil-and-card-holder#primaryimage\",\"url\":\"https:\/\/bertolinidirect.com\/wp-content\/uploads\/2024\/03\/2022_Pencil-Card_Holder.jpg\",\"contentUrl\":\"https:\/\/bertolinidirect.com\/wp-content\/uploads\/2024\/03\/2022_Pencil-Card_Holder.jpg\",\"width\":680,\"height\":680,\"caption\":\"Card and Cup Holder\"},{\"@type\":\"BreadcrumbList\",\"@id\":\"https:\/\/bertolinidirect.com\/de\/products\/accessories\/pencil-and-card-holder#breadcrumb\",\"itemListElement\":[{\"@type\":\"ListItem\",\"position\":1,\"name\":\"Home\",\"item\":\"https:\/\/bertolinidirect.com\/\"},{\"@type\":\"ListItem\",\"position\":2,\"name\":\"Products\",\"item\":\"https:\/\/bertolinidirect.com\/products\"},{\"@type\":\"ListItem\",\"position\":3,\"name\":\"Accessories\",\"item\":\"https:\/\/bertolinidirect.com\/products\/accessories\"},{\"@type\":\"ListItem\",\"position\":4,\"name\":\"Pencil and Card Holder\"}]},{\"@type\":\"WebSite\",\"@id\":\"https:\/\/bertolinidirect.com\/de\/#website\",\"url\":\"https:\/\/bertolinidirect.com\/de\/\",\"name\":\"Bertolini\",\"description\":\"\",\"potentialAction\":[{\"@type\":\"SearchAction\",\"target\":{\"@type\":\"EntryPoint\",\"urlTemplate\":\"https:\/\/bertolinidirect.com\/de\/?s={search_term_string}\"},\"query-input\":{\"@type\":\"PropertyValueSpecification\",\"valueRequired\":true,\"valueName\":\"search_term_string\"}}],\"inLanguage\":\"de\"}]}<\/script>\n<!-- \/ Yoast SEO Premium plugin. -->","yoast_head_json":{"title":"Bleistift- und Kartenhalter | Bertolini Direct","description":"Dieser Bleistift- und Kartenhalter bietet Platz f\u00fcr zwei Stifte\/Bleistifte, Visitenkarten, Handzettel, ein schlankes Smartphone (Samsung, iPhones usw.) oder andere Materialien","robots":{"index":"index","follow":"follow","max-snippet":"max-snippet:-1","max-image-preview":"max-image-preview:large","max-video-preview":"max-video-preview:-1"},"canonical":"https:\/\/bertolinidirect.com\/de\/products\/accessories\/pencil-and-card-holder\/","og_locale":"de_DE","og_type":"article","og_title":"Pencil and Card Holder","og_description":"This Pencil and Card Holder provides room for two pens\/pencils, business cards, handouts, a slim smartphone (Samsung, iPhones, etc.), or other materials","og_url":"https:\/\/bertolinidirect.com\/de\/products\/accessories\/pencil-and-card-holder\/","og_site_name":"Bertolini Direct","article_modified_time":"2024-10-30T16:22:17+00:00","og_image":[{"width":680,"height":680,"url":"https:\/\/bertolinidirect.com\/wp-content\/uploads\/2024\/03\/2022_Pencil-Card_Holder.jpg","type":"image\/jpeg"}],"twitter_card":"summary_large_image","schema":{"@context":"https:\/\/schema.org","@graph":[{"@type":"WebPage","@id":"https:\/\/bertolinidirect.com\/de\/products\/accessories\/pencil-and-card-holder","url":"https:\/\/bertolinidirect.com\/de\/products\/accessories\/pencil-and-card-holder","name":"Bleistift- und Kartenhalter | Bertolini Direct","isPartOf":{"@id":"https:\/\/bertolinidirect.com\/de\/#website"},"primaryImageOfPage":{"@id":"https:\/\/bertolinidirect.com\/de\/products\/accessories\/pencil-and-card-holder#primaryimage"},"image":{"@id":"https:\/\/bertolinidirect.com\/de\/products\/accessories\/pencil-and-card-holder#primaryimage"},"thumbnailUrl":"https:\/\/bertolinidirect.com\/wp-content\/uploads\/2024\/03\/2022_Pencil-Card_Holder.jpg","datePublished":"2024-03-26T20:15:52+00:00","dateModified":"2024-10-30T16:22:17+00:00","description":"Dieser Bleistift- und Kartenhalter bietet Platz f\u00fcr zwei Stifte\/Bleistifte, Visitenkarten, Handzettel, ein schlankes Smartphone (Samsung, iPhones usw.) oder andere Materialien","breadcrumb":{"@id":"https:\/\/bertolinidirect.com\/de\/products\/accessories\/pencil-and-card-holder#breadcrumb"},"inLanguage":"de","potentialAction":[{"@type":"ReadAction","target":["https:\/\/bertolinidirect.com\/de\/products\/accessories\/pencil-and-card-holder"]}]},{"@type":"ImageObject","inLanguage":"de","@id":"https:\/\/bertolinidirect.com\/de\/products\/accessories\/pencil-and-card-holder#primaryimage","url":"https:\/\/bertolinidirect.com\/wp-content\/uploads\/2024\/03\/2022_Pencil-Card_Holder.jpg","contentUrl":"https:\/\/bertolinidirect.com\/wp-content\/uploads\/2024\/03\/2022_Pencil-Card_Holder.jpg","width":680,"height":680,"caption":"Card and Cup Holder"},{"@type":"BreadcrumbList","@id":"https:\/\/bertolinidirect.com\/de\/products\/accessories\/pencil-and-card-holder#breadcrumb","itemListElement":[{"@type":"ListItem","position":1,"name":"Home","item":"https:\/\/bertolinidirect.com\/"},{"@type":"ListItem","position":2,"name":"Products","item":"https:\/\/bertolinidirect.com\/products"},{"@type":"ListItem","position":3,"name":"Accessories","item":"https:\/\/bertolinidirect.com\/products\/accessories"},{"@type":"ListItem","position":4,"name":"Pencil and Card Holder"}]},{"@type":"WebSite","@id":"https:\/\/bertolinidirect.com\/de\/#website","url":"https:\/\/bertolinidirect.com\/de\/","name":"Bertolini","description":"","potentialAction":[{"@type":"SearchAction","target":{"@type":"EntryPoint","urlTemplate":"https:\/\/bertolinidirect.com\/de\/?s={search_term_string}"},"query-input":{"@type":"PropertyValueSpecification","valueRequired":true,"valueName":"search_term_string"}}],"inLanguage":"de"}]}},"_links":{"self":[{"href":"https:\/\/bertolinidirect.com\/de\/wp-json\/wp\/v2\/product\/344","targetHints":{"allow":["GET"]}}],"collection":[{"href":"https:\/\/bertolinidirect.com\/de\/wp-json\/wp\/v2\/product"}],"about":[{"href":"https:\/\/bertolinidirect.com\/de\/wp-json\/wp\/v2\/types\/product"}],"wp:featuredmedia":[{"embeddable":true,"href":"https:\/\/bertolinidirect.com\/de\/wp-json\/wp\/v2\/media\/343"}],"wp:attachment":[{"href":"https:\/\/bertolinidirect.com\/de\/wp-json\/wp\/v2\/media?parent=344"}],"wp:term":[{"taxonomy":"product_brand","embeddable":true,"href":"https:\/\/bertolinidirect.com\/de\/wp-json\/wp\/v2\/product_brand?post=344"},{"taxonomy":"product_cat","embeddable":true,"href":"https:\/\/bertolinidirect.com\/de\/wp-json\/wp\/v2\/product_cat?post=344"},{"taxonomy":"product_tag","embeddable":true,"href":"https:\/\/bertolinidirect.com\/de\/wp-json\/wp\/v2\/product_tag?post=344"}],"curies":[{"name":"wp","href":"https:\/\/api.w.org\/{rel}","templated":true}]}}