{"id":341,"date":"2024-03-26T19:56:01","date_gmt":"2024-03-26T19:56:01","guid":{"rendered":"https:\/\/bertolinidirect.com\/?post_type=product&#038;p=341"},"modified":"2025-05-09T16:22:04","modified_gmt":"2025-05-09T16:22:04","slug":"standard-church-chair-dolly","status":"publish","type":"product","link":"https:\/\/bertolinidirect.com\/de\/products\/carts\/standard-church-chair-dolly","title":{"rendered":"Standard-Kirchenstuhlwagen"},"content":{"rendered":"<p>Die Standard-Kirchenstuhl-Transportkarre ist erschwinglich und einfach zu verwenden. Sie ist eine effiziente M\u00f6glichkeit, Stapel von Kirchenst\u00fchlen zu transportieren. Sie ben\u00f6tigen mindestens eine dieser Transportkarre, um Ihre Bertolini-Kirchenst\u00fchle stapeln, bewegen und lagern zu k\u00f6nnen.<\/p>\n<p>Zur Verwendung schieben Sie einfach die vorderen St\u00fctzen unter die hinteren Stuhlbeine eines Stuhlstapels. Halten Sie die Vorderseite des Stapels mit einer stabilisierenden Hand fest, lehnen Sie sich leicht nach hinten, um die R\u00e4der zu aktivieren, und schieben Sie den Stuhl dann an die gew\u00fcnschte Stelle. Eine zweite Person kann bei der Verwendung dieses Stuhlwagens hilfreich sein.<\/p>\n<p>Mit seinem pulverbeschichteten Stahlrahmen ist dieser Kirchenstuhlwagen auf Langlebigkeit ausgelegt. Jeder Wagen kann einen Stapel von 6 Sesseln oder 8 Bertolini-Kirchenst\u00fchlen gleichzeitig sicher bewegen. Alle Bertolini-Rollwagen werden in den USA hergestellt, was eine schnelle Lieferung und hochwertige Materialien bedeutet.<\/p>","protected":false},"excerpt":{"rendered":"<p>The Standard Church Chair Dolly is affordable and easy to use. It\u2019s an efficient way to transport stacks of church chairs. You\u2019ll need at least one of these dollies to help you stack, move, and store your Bertolini Church Chairs. To use, simply slide the front supports underneath the back chair legs on a stack [&hellip;]<\/p>\n","protected":false},"featured_media":332,"template":"","meta":{"_acf_changed":false},"product_brand":[],"product_cat":[53],"product_tag":[],"class_list":{"0":"post-341","1":"product","2":"type-product","3":"status-publish","4":"has-post-thumbnail","6":"product_cat-carts","8":"first","9":"instock","10":"shipping-taxable","11":"purchasable","12":"product-type-simple"},"acf":[],"yoast_head":"<!-- This site is optimized with the Yoast SEO Premium plugin v24.2 (Yoast SEO v27.1.1) - https:\/\/yoast.com\/product\/yoast-seo-premium-wordpress\/ -->\n<title>Standard Worship Dolly | Bertolini Church Chair Carts<\/title>\n<meta name=\"description\" content=\"You&#039;ll need at least one of these dollies to help you stack, move, and store your church chairs. It&#039;s the best way to effortlessly &amp; safely transport them.\" \/>\n<meta name=\"robots\" content=\"index, follow, max-snippet:-1, max-image-preview:large, max-video-preview:-1\" \/>\n<link rel=\"canonical\" href=\"https:\/\/bertolinidirect.com\/de\/products\/carts\/standard-church-chair-dolly\/\" \/>\n<meta property=\"og:locale\" content=\"de_DE\" \/>\n<meta property=\"og:type\" content=\"article\" \/>\n<meta property=\"og:title\" content=\"Standard Church Chair Dolly\" \/>\n<meta property=\"og:description\" content=\"You&#039;ll need at least one of these dollies to help you stack, move, and store your church chairs. It&#039;s the best way to effortlessly &amp; safely transport them.\" \/>\n<meta property=\"og:url\" content=\"https:\/\/bertolinidirect.com\/de\/products\/carts\/standard-church-chair-dolly\/\" \/>\n<meta property=\"og:site_name\" content=\"Bertolini Direct\" \/>\n<meta property=\"article:modified_time\" content=\"2025-05-09T16:22:04+00:00\" \/>\n<meta property=\"og:image\" content=\"https:\/\/bertolinidirect.com\/wp-content\/uploads\/2024\/03\/Bertolini_2-Wheel_Cart_LOADED_SHADOW.jpg\" \/>\n\t<meta property=\"og:image:width\" content=\"680\" \/>\n\t<meta property=\"og:image:height\" content=\"680\" \/>\n\t<meta property=\"og:image:type\" content=\"image\/jpeg\" \/>\n<meta name=\"twitter:card\" content=\"summary_large_image\" \/>\n<script type=\"application\/ld+json\" class=\"yoast-schema-graph\">{\"@context\":\"https:\/\/schema.org\",\"@graph\":[{\"@type\":\"WebPage\",\"@id\":\"https:\/\/bertolinidirect.com\/de\/products\/carts\/standard-church-chair-dolly\",\"url\":\"https:\/\/bertolinidirect.com\/de\/products\/carts\/standard-church-chair-dolly\",\"name\":\"Standard Worship Dolly | Bertolini Church Chair Carts\",\"isPartOf\":{\"@id\":\"https:\/\/bertolinidirect.com\/de\/#website\"},\"primaryImageOfPage\":{\"@id\":\"https:\/\/bertolinidirect.com\/de\/products\/carts\/standard-church-chair-dolly#primaryimage\"},\"image\":{\"@id\":\"https:\/\/bertolinidirect.com\/de\/products\/carts\/standard-church-chair-dolly#primaryimage\"},\"thumbnailUrl\":\"https:\/\/bertolinidirect.com\/wp-content\/uploads\/2024\/03\/Bertolini_2-Wheel_Cart_LOADED_SHADOW.jpg\",\"datePublished\":\"2024-03-26T19:56:01+00:00\",\"dateModified\":\"2025-05-09T16:22:04+00:00\",\"description\":\"You'll need at least one of these dollies to help you stack, move, and store your church chairs. It's the best way to effortlessly & safely transport them.\",\"breadcrumb\":{\"@id\":\"https:\/\/bertolinidirect.com\/de\/products\/carts\/standard-church-chair-dolly#breadcrumb\"},\"inLanguage\":\"de\",\"potentialAction\":[{\"@type\":\"ReadAction\",\"target\":[\"https:\/\/bertolinidirect.com\/de\/products\/carts\/standard-church-chair-dolly\"]}]},{\"@type\":\"ImageObject\",\"inLanguage\":\"de\",\"@id\":\"https:\/\/bertolinidirect.com\/de\/products\/carts\/standard-church-chair-dolly#primaryimage\",\"url\":\"https:\/\/bertolinidirect.com\/wp-content\/uploads\/2024\/03\/Bertolini_2-Wheel_Cart_LOADED_SHADOW.jpg\",\"contentUrl\":\"https:\/\/bertolinidirect.com\/wp-content\/uploads\/2024\/03\/Bertolini_2-Wheel_Cart_LOADED_SHADOW.jpg\",\"width\":680,\"height\":680,\"caption\":\"Standard Church Chair Dolly\"},{\"@type\":\"BreadcrumbList\",\"@id\":\"https:\/\/bertolinidirect.com\/de\/products\/carts\/standard-church-chair-dolly#breadcrumb\",\"itemListElement\":[{\"@type\":\"ListItem\",\"position\":1,\"name\":\"Home\",\"item\":\"https:\/\/bertolinidirect.com\/\"},{\"@type\":\"ListItem\",\"position\":2,\"name\":\"Products\",\"item\":\"https:\/\/bertolinidirect.com\/products\"},{\"@type\":\"ListItem\",\"position\":3,\"name\":\"Carts\",\"item\":\"https:\/\/bertolinidirect.com\/products\/carts\"},{\"@type\":\"ListItem\",\"position\":4,\"name\":\"Standard Church Chair Dolly\"}]},{\"@type\":\"WebSite\",\"@id\":\"https:\/\/bertolinidirect.com\/de\/#website\",\"url\":\"https:\/\/bertolinidirect.com\/de\/\",\"name\":\"Bertolini\",\"description\":\"\",\"potentialAction\":[{\"@type\":\"SearchAction\",\"target\":{\"@type\":\"EntryPoint\",\"urlTemplate\":\"https:\/\/bertolinidirect.com\/de\/?s={search_term_string}\"},\"query-input\":{\"@type\":\"PropertyValueSpecification\",\"valueRequired\":true,\"valueName\":\"search_term_string\"}}],\"inLanguage\":\"de\"}]}<\/script>\n<!-- \/ Yoast SEO Premium plugin. -->","yoast_head_json":{"title":"Standard-Gottesdienstwagen | Stuhlwagen f\u00fcr Kirchen von Bertolini","description":"Sie ben\u00f6tigen mindestens einen dieser Rollwagen, um Ihre Kirchenst\u00fchle zu stapeln, zu bewegen und aufzubewahren. Das ist die beste M\u00f6glichkeit, sie m\u00fchelos und sicher zu transportieren.","robots":{"index":"index","follow":"follow","max-snippet":"max-snippet:-1","max-image-preview":"max-image-preview:large","max-video-preview":"max-video-preview:-1"},"canonical":"https:\/\/bertolinidirect.com\/de\/products\/carts\/standard-church-chair-dolly\/","og_locale":"de_DE","og_type":"article","og_title":"Standard Church Chair Dolly","og_description":"You'll need at least one of these dollies to help you stack, move, and store your church chairs. It's the best way to effortlessly & safely transport them.","og_url":"https:\/\/bertolinidirect.com\/de\/products\/carts\/standard-church-chair-dolly\/","og_site_name":"Bertolini Direct","article_modified_time":"2025-05-09T16:22:04+00:00","og_image":[{"width":680,"height":680,"url":"https:\/\/bertolinidirect.com\/wp-content\/uploads\/2024\/03\/Bertolini_2-Wheel_Cart_LOADED_SHADOW.jpg","type":"image\/jpeg"}],"twitter_card":"summary_large_image","schema":{"@context":"https:\/\/schema.org","@graph":[{"@type":"WebPage","@id":"https:\/\/bertolinidirect.com\/de\/products\/carts\/standard-church-chair-dolly","url":"https:\/\/bertolinidirect.com\/de\/products\/carts\/standard-church-chair-dolly","name":"Standard-Gottesdienstwagen | Stuhlwagen f\u00fcr Kirchen von Bertolini","isPartOf":{"@id":"https:\/\/bertolinidirect.com\/de\/#website"},"primaryImageOfPage":{"@id":"https:\/\/bertolinidirect.com\/de\/products\/carts\/standard-church-chair-dolly#primaryimage"},"image":{"@id":"https:\/\/bertolinidirect.com\/de\/products\/carts\/standard-church-chair-dolly#primaryimage"},"thumbnailUrl":"https:\/\/bertolinidirect.com\/wp-content\/uploads\/2024\/03\/Bertolini_2-Wheel_Cart_LOADED_SHADOW.jpg","datePublished":"2024-03-26T19:56:01+00:00","dateModified":"2025-05-09T16:22:04+00:00","description":"Sie ben\u00f6tigen mindestens einen dieser Rollwagen, um Ihre Kirchenst\u00fchle zu stapeln, zu bewegen und aufzubewahren. Das ist die beste M\u00f6glichkeit, sie m\u00fchelos und sicher zu transportieren.","breadcrumb":{"@id":"https:\/\/bertolinidirect.com\/de\/products\/carts\/standard-church-chair-dolly#breadcrumb"},"inLanguage":"de","potentialAction":[{"@type":"ReadAction","target":["https:\/\/bertolinidirect.com\/de\/products\/carts\/standard-church-chair-dolly"]}]},{"@type":"ImageObject","inLanguage":"de","@id":"https:\/\/bertolinidirect.com\/de\/products\/carts\/standard-church-chair-dolly#primaryimage","url":"https:\/\/bertolinidirect.com\/wp-content\/uploads\/2024\/03\/Bertolini_2-Wheel_Cart_LOADED_SHADOW.jpg","contentUrl":"https:\/\/bertolinidirect.com\/wp-content\/uploads\/2024\/03\/Bertolini_2-Wheel_Cart_LOADED_SHADOW.jpg","width":680,"height":680,"caption":"Standard Church Chair Dolly"},{"@type":"BreadcrumbList","@id":"https:\/\/bertolinidirect.com\/de\/products\/carts\/standard-church-chair-dolly#breadcrumb","itemListElement":[{"@type":"ListItem","position":1,"name":"Home","item":"https:\/\/bertolinidirect.com\/"},{"@type":"ListItem","position":2,"name":"Products","item":"https:\/\/bertolinidirect.com\/products"},{"@type":"ListItem","position":3,"name":"Carts","item":"https:\/\/bertolinidirect.com\/products\/carts"},{"@type":"ListItem","position":4,"name":"Standard Church Chair Dolly"}]},{"@type":"WebSite","@id":"https:\/\/bertolinidirect.com\/de\/#website","url":"https:\/\/bertolinidirect.com\/de\/","name":"Bertolini","description":"","potentialAction":[{"@type":"SearchAction","target":{"@type":"EntryPoint","urlTemplate":"https:\/\/bertolinidirect.com\/de\/?s={search_term_string}"},"query-input":{"@type":"PropertyValueSpecification","valueRequired":true,"valueName":"search_term_string"}}],"inLanguage":"de"}]}},"_links":{"self":[{"href":"https:\/\/bertolinidirect.com\/de\/wp-json\/wp\/v2\/product\/341","targetHints":{"allow":["GET"]}}],"collection":[{"href":"https:\/\/bertolinidirect.com\/de\/wp-json\/wp\/v2\/product"}],"about":[{"href":"https:\/\/bertolinidirect.com\/de\/wp-json\/wp\/v2\/types\/product"}],"wp:featuredmedia":[{"embeddable":true,"href":"https:\/\/bertolinidirect.com\/de\/wp-json\/wp\/v2\/media\/332"}],"wp:attachment":[{"href":"https:\/\/bertolinidirect.com\/de\/wp-json\/wp\/v2\/media?parent=341"}],"wp:term":[{"taxonomy":"product_brand","embeddable":true,"href":"https:\/\/bertolinidirect.com\/de\/wp-json\/wp\/v2\/product_brand?post=341"},{"taxonomy":"product_cat","embeddable":true,"href":"https:\/\/bertolinidirect.com\/de\/wp-json\/wp\/v2\/product_cat?post=341"},{"taxonomy":"product_tag","embeddable":true,"href":"https:\/\/bertolinidirect.com\/de\/wp-json\/wp\/v2\/product_tag?post=341"}],"curies":[{"name":"wp","href":"https:\/\/api.w.org\/{rel}","templated":true}]}}