{"id":24295,"date":"2025-10-13T10:32:04","date_gmt":"2025-10-13T10:32:04","guid":{"rendered":"https:\/\/bertolinidirect.com\/?post_type=product&#038;p=24295"},"modified":"2026-02-09T19:44:25","modified_gmt":"2026-02-09T19:44:25","slug":"brisa-cocktail-folding-table","status":"publish","type":"product","link":"https:\/\/bertolinidirect.com\/de\/products\/tables\/brisa-cocktail-folding-table","title":{"rendered":"Brisa Cocktail-Klapptisch"},"content":{"rendered":"<p>Der kompakte und benutzerfreundliche Brisa Cocktail-Klapptisch ist in Sekundenschnelle einsatzbereit. Er ist leicht (9 kg) und tragbar und eignet sich daher ideal f\u00fcr kirchliche Veranstaltungen, Gemeinschaftsveranstaltungen, Seminare, Ausstellungsbereiche, Jugendarbeit, B\u00fcros und vieles mehr. Der Brisa verf\u00fcgt \u00fcber eine moderne wei\u00dfe Tischplatte aus dickem, blasgeformtem Kunststoff. Der Stahlrahmen ist grau pulverbeschichtet.<\/p>\n\n\n\n<p>Dieser praktische und preiswerte klappbare Cocktailtisch eignet sich f\u00fcr den Innen- und gelegentlichen Au\u00dfenbereich.* Der Tisch hat eine Barh\u00f6he (110,4 cm). Er ist unverzichtbar f\u00fcr kirchliche Veranstaltungen und Buffets, Seminare, Ausstellungsbereiche, Jugendveranstaltungen, B\u00fcros und vieles mehr.<br><br>Sitzplatzkapazit\u00e4t:<\/p>\n\n\n\n<ul class=\"wp-block-list\">\n<li>31,5\u2032\u2032 Cocktailtisch (2,6 Fu\u00df Tisch): 3 Personen<\/li>\n<\/ul>","protected":false},"excerpt":{"rendered":"<p>Compact and easy to use, the Brisa Cocktail Folding Table is ready for use in seconds. It is lightweight (20 lbs.\/9 kg) and portable, making it ideal for church socials, community events, seminars, display areas, youth ministries, offices, and more. The Brisa is designed with a modern white tabletop made of thick, blow-molded plastic. The [&hellip;]<\/p>\n","protected":false},"featured_media":24302,"template":"","meta":{"_acf_changed":true},"product_brand":[90],"product_cat":[115,99],"product_tag":[],"class_list":{"0":"post-24295","1":"product","2":"type-product","3":"status-publish","4":"has-post-thumbnail","6":"product_brand-brisa","7":"product_cat-sale","8":"product_cat-tables","10":"first","11":"instock","12":"shipping-taxable","13":"purchasable","14":"product-type-simple"},"acf":[],"yoast_head":"<!-- This site is optimized with the Yoast SEO Premium plugin v24.2 (Yoast SEO v27.4) - https:\/\/yoast.com\/product\/yoast-seo-premium-wordpress\/ -->\n<title>Brisa Cocktail Folding Table | Bertolini Direct<\/title>\n<meta name=\"description\" content=\"The Brisa Cocktail Table is a small, bar-height table that\u2019s easy to set up and carry from room to room. ANSI\/BIFMA compliant.\" \/>\n<meta name=\"robots\" content=\"index, follow, max-snippet:-1, max-image-preview:large, max-video-preview:-1\" \/>\n<link rel=\"canonical\" href=\"https:\/\/bertolinidirect.com\/de\/products\/tables\/brisa-cocktail-folding-table\/\" \/>\n<meta property=\"og:locale\" content=\"de_DE\" \/>\n<meta property=\"og:type\" content=\"article\" \/>\n<meta property=\"og:title\" content=\"Brisa Cocktail Folding Table\" \/>\n<meta property=\"og:description\" content=\"The Brisa Cocktail Table is a small, bar-height table that\u2019s easy to set up and carry from room to room. ANSI\/BIFMA compliant.\" \/>\n<meta property=\"og:url\" content=\"https:\/\/bertolinidirect.com\/de\/products\/tables\/brisa-cocktail-folding-table\/\" \/>\n<meta property=\"og:site_name\" content=\"Bertolini Direct\" \/>\n<meta property=\"article:modified_time\" content=\"2026-02-09T19:44:25+00:00\" \/>\n<meta property=\"og:image\" content=\"https:\/\/bertolinidirect.com\/wp-content\/uploads\/2025\/10\/Brisa_RT-31.5_Round-Cocktail_Front45.jpg\" \/>\n\t<meta property=\"og:image:width\" content=\"678\" \/>\n\t<meta property=\"og:image:height\" content=\"678\" \/>\n\t<meta property=\"og:image:type\" content=\"image\/jpeg\" \/>\n<meta name=\"twitter:card\" content=\"summary_large_image\" \/>\n<script type=\"application\/ld+json\" class=\"yoast-schema-graph\">{\"@context\":\"https:\\\/\\\/schema.org\",\"@graph\":[{\"@type\":\"WebPage\",\"@id\":\"https:\\\/\\\/bertolinidirect.com\\\/de\\\/products\\\/tables\\\/brisa-cocktail-folding-table\",\"url\":\"https:\\\/\\\/bertolinidirect.com\\\/de\\\/products\\\/tables\\\/brisa-cocktail-folding-table\",\"name\":\"Brisa Cocktail Folding Table | Bertolini Direct\",\"isPartOf\":{\"@id\":\"https:\\\/\\\/bertolinidirect.com\\\/de\\\/#website\"},\"primaryImageOfPage\":{\"@id\":\"https:\\\/\\\/bertolinidirect.com\\\/de\\\/products\\\/tables\\\/brisa-cocktail-folding-table#primaryimage\"},\"image\":{\"@id\":\"https:\\\/\\\/bertolinidirect.com\\\/de\\\/products\\\/tables\\\/brisa-cocktail-folding-table#primaryimage\"},\"thumbnailUrl\":\"https:\\\/\\\/bertolinidirect.com\\\/wp-content\\\/uploads\\\/2025\\\/10\\\/Brisa_RT-31.5_Round-Cocktail_Front45.jpg\",\"datePublished\":\"2025-10-13T10:32:04+00:00\",\"dateModified\":\"2026-02-09T19:44:25+00:00\",\"description\":\"The Brisa Cocktail Table is a small, bar-height table that\u2019s easy to set up and carry from room to room. ANSI\\\/BIFMA compliant.\",\"breadcrumb\":{\"@id\":\"https:\\\/\\\/bertolinidirect.com\\\/de\\\/products\\\/tables\\\/brisa-cocktail-folding-table#breadcrumb\"},\"inLanguage\":\"de\",\"potentialAction\":[{\"@type\":\"ReadAction\",\"target\":[\"https:\\\/\\\/bertolinidirect.com\\\/de\\\/products\\\/tables\\\/brisa-cocktail-folding-table\"]}]},{\"@type\":\"ImageObject\",\"inLanguage\":\"de\",\"@id\":\"https:\\\/\\\/bertolinidirect.com\\\/de\\\/products\\\/tables\\\/brisa-cocktail-folding-table#primaryimage\",\"url\":\"https:\\\/\\\/bertolinidirect.com\\\/wp-content\\\/uploads\\\/2025\\\/10\\\/Brisa_RT-31.5_Round-Cocktail_Front45.jpg\",\"contentUrl\":\"https:\\\/\\\/bertolinidirect.com\\\/wp-content\\\/uploads\\\/2025\\\/10\\\/Brisa_RT-31.5_Round-Cocktail_Front45.jpg\",\"width\":678,\"height\":678,\"caption\":\"Brisa cocktail table front 45 view\"},{\"@type\":\"BreadcrumbList\",\"@id\":\"https:\\\/\\\/bertolinidirect.com\\\/de\\\/products\\\/tables\\\/brisa-cocktail-folding-table#breadcrumb\",\"itemListElement\":[{\"@type\":\"ListItem\",\"position\":1,\"name\":\"Home\",\"item\":\"https:\\\/\\\/bertolinidirect.com\\\/\"},{\"@type\":\"ListItem\",\"position\":2,\"name\":\"Products\",\"item\":\"https:\\\/\\\/bertolinidirect.com\\\/products\"},{\"@type\":\"ListItem\",\"position\":3,\"name\":\"Tables\",\"item\":\"https:\\\/\\\/bertolinidirect.com\\\/products\\\/tables\"},{\"@type\":\"ListItem\",\"position\":4,\"name\":\"Brisa Cocktail Folding Table\"}]},{\"@type\":\"WebSite\",\"@id\":\"https:\\\/\\\/bertolinidirect.com\\\/de\\\/#website\",\"url\":\"https:\\\/\\\/bertolinidirect.com\\\/de\\\/\",\"name\":\"Bertolini\",\"description\":\"\",\"potentialAction\":[{\"@type\":\"SearchAction\",\"target\":{\"@type\":\"EntryPoint\",\"urlTemplate\":\"https:\\\/\\\/bertolinidirect.com\\\/de\\\/?s={search_term_string}\"},\"query-input\":{\"@type\":\"PropertyValueSpecification\",\"valueRequired\":true,\"valueName\":\"search_term_string\"}}],\"inLanguage\":\"de\"}]}<\/script>\n<!-- \/ Yoast SEO Premium plugin. -->","yoast_head_json":{"title":"Brisa Cocktail Klapptisch | Bertolini Direct","description":"Der Brisa Cocktailtisch ist ein kleiner Tisch in Barh\u00f6he, der sich leicht aufstellen und von Raum zu Raum tragen l\u00e4sst. ANSI\/BIFMA-konform.","robots":{"index":"index","follow":"follow","max-snippet":"max-snippet:-1","max-image-preview":"max-image-preview:large","max-video-preview":"max-video-preview:-1"},"canonical":"https:\/\/bertolinidirect.com\/de\/products\/tables\/brisa-cocktail-folding-table\/","og_locale":"de_DE","og_type":"article","og_title":"Brisa Cocktail Folding Table","og_description":"The Brisa Cocktail Table is a small, bar-height table that\u2019s easy to set up and carry from room to room. ANSI\/BIFMA compliant.","og_url":"https:\/\/bertolinidirect.com\/de\/products\/tables\/brisa-cocktail-folding-table\/","og_site_name":"Bertolini Direct","article_modified_time":"2026-02-09T19:44:25+00:00","og_image":[{"width":678,"height":678,"url":"https:\/\/bertolinidirect.com\/wp-content\/uploads\/2025\/10\/Brisa_RT-31.5_Round-Cocktail_Front45.jpg","type":"image\/jpeg"}],"twitter_card":"summary_large_image","schema":{"@context":"https:\/\/schema.org","@graph":[{"@type":"WebPage","@id":"https:\/\/bertolinidirect.com\/de\/products\/tables\/brisa-cocktail-folding-table","url":"https:\/\/bertolinidirect.com\/de\/products\/tables\/brisa-cocktail-folding-table","name":"Brisa Cocktail Klapptisch | Bertolini Direct","isPartOf":{"@id":"https:\/\/bertolinidirect.com\/de\/#website"},"primaryImageOfPage":{"@id":"https:\/\/bertolinidirect.com\/de\/products\/tables\/brisa-cocktail-folding-table#primaryimage"},"image":{"@id":"https:\/\/bertolinidirect.com\/de\/products\/tables\/brisa-cocktail-folding-table#primaryimage"},"thumbnailUrl":"https:\/\/bertolinidirect.com\/wp-content\/uploads\/2025\/10\/Brisa_RT-31.5_Round-Cocktail_Front45.jpg","datePublished":"2025-10-13T10:32:04+00:00","dateModified":"2026-02-09T19:44:25+00:00","description":"Der Brisa Cocktailtisch ist ein kleiner Tisch in Barh\u00f6he, der sich leicht aufstellen und von Raum zu Raum tragen l\u00e4sst. ANSI\/BIFMA-konform.","breadcrumb":{"@id":"https:\/\/bertolinidirect.com\/de\/products\/tables\/brisa-cocktail-folding-table#breadcrumb"},"inLanguage":"de","potentialAction":[{"@type":"ReadAction","target":["https:\/\/bertolinidirect.com\/de\/products\/tables\/brisa-cocktail-folding-table"]}]},{"@type":"ImageObject","inLanguage":"de","@id":"https:\/\/bertolinidirect.com\/de\/products\/tables\/brisa-cocktail-folding-table#primaryimage","url":"https:\/\/bertolinidirect.com\/wp-content\/uploads\/2025\/10\/Brisa_RT-31.5_Round-Cocktail_Front45.jpg","contentUrl":"https:\/\/bertolinidirect.com\/wp-content\/uploads\/2025\/10\/Brisa_RT-31.5_Round-Cocktail_Front45.jpg","width":678,"height":678,"caption":"Brisa cocktail table front 45 view"},{"@type":"BreadcrumbList","@id":"https:\/\/bertolinidirect.com\/de\/products\/tables\/brisa-cocktail-folding-table#breadcrumb","itemListElement":[{"@type":"ListItem","position":1,"name":"Home","item":"https:\/\/bertolinidirect.com\/"},{"@type":"ListItem","position":2,"name":"Products","item":"https:\/\/bertolinidirect.com\/products"},{"@type":"ListItem","position":3,"name":"Tables","item":"https:\/\/bertolinidirect.com\/products\/tables"},{"@type":"ListItem","position":4,"name":"Brisa Cocktail Folding Table"}]},{"@type":"WebSite","@id":"https:\/\/bertolinidirect.com\/de\/#website","url":"https:\/\/bertolinidirect.com\/de\/","name":"Bertolini","description":"","potentialAction":[{"@type":"SearchAction","target":{"@type":"EntryPoint","urlTemplate":"https:\/\/bertolinidirect.com\/de\/?s={search_term_string}"},"query-input":{"@type":"PropertyValueSpecification","valueRequired":true,"valueName":"search_term_string"}}],"inLanguage":"de"}]}},"_links":{"self":[{"href":"https:\/\/bertolinidirect.com\/de\/wp-json\/wp\/v2\/product\/24295","targetHints":{"allow":["GET"]}}],"collection":[{"href":"https:\/\/bertolinidirect.com\/de\/wp-json\/wp\/v2\/product"}],"about":[{"href":"https:\/\/bertolinidirect.com\/de\/wp-json\/wp\/v2\/types\/product"}],"wp:featuredmedia":[{"embeddable":true,"href":"https:\/\/bertolinidirect.com\/de\/wp-json\/wp\/v2\/media\/24302"}],"wp:attachment":[{"href":"https:\/\/bertolinidirect.com\/de\/wp-json\/wp\/v2\/media?parent=24295"}],"wp:term":[{"taxonomy":"product_brand","embeddable":true,"href":"https:\/\/bertolinidirect.com\/de\/wp-json\/wp\/v2\/product_brand?post=24295"},{"taxonomy":"product_cat","embeddable":true,"href":"https:\/\/bertolinidirect.com\/de\/wp-json\/wp\/v2\/product_cat?post=24295"},{"taxonomy":"product_tag","embeddable":true,"href":"https:\/\/bertolinidirect.com\/de\/wp-json\/wp\/v2\/product_tag?post=24295"}],"curies":[{"name":"wp","href":"https:\/\/api.w.org\/{rel}","templated":true}]}}