{"id":24276,"date":"2025-10-13T22:30:01","date_gmt":"2025-10-13T22:30:01","guid":{"rendered":"https:\/\/bertolinidirect.com\/?post_type=product&#038;p=24276"},"modified":"2026-04-30T22:51:32","modified_gmt":"2026-04-30T22:51:32","slug":"brisa-round-folding-table","status":"publish","type":"product","link":"https:\/\/bertolinidirect.com\/de\/products\/tables\/brisa-round-folding-table","title":{"rendered":"Brisa Runder Klapptisch"},"content":{"rendered":"<p>Die runden Klapptische von Brisa bieten eine kompakte und benutzerfreundliche L\u00f6sung f\u00fcr Kirchen und Gemeinder\u00e4ume. Jeder Tisch verf\u00fcgt \u00fcber eine dicke, blasgeformte, wei\u00dfe Tischplatte, die fleckenabweisend und f\u00fcr den t\u00e4glichen Gebrauch geeignet ist.<\/p>\n\n\n\n<p>Ein pulverbeschichteter Stahlrahmen mit arretierbaren Beinen sorgt f\u00fcr Stabilit\u00e4t und sicheren Stand beim Auf- und Abbau sowie bei der Benutzung. Dank seines leichten und tragbaren Designs l\u00e4sst sich der Tisch einfach bewegen, positionieren und verstauen.<\/p>\n\n\n\n<p>Dieser robuste Tisch eignet sich ideal f\u00fcr Gemeindefeste, Seminare, Pausenr\u00e4ume, Ausstellungsfl\u00e4chen, Jugendgruppen, B\u00fcros und vieles mehr. W\u00e4hlen Sie aus verschiedenen Gr\u00f6\u00dfen die passende f\u00fcr Ihre R\u00e4umlichkeiten und kombinieren Sie ihn mit anderen Tischen der Brisa-Serie f\u00fcr ein harmonisches Gesamtbild. Der runde Klapptisch ist optimal f\u00fcr den Innenbereich geeignet, kann aber auch kurzzeitig im Freien verwendet werden.*<br><br>Sitzplatzkapazit\u00e4t:<\/p>\n\n\n\n<ul class=\"wp-block-list\">\n<li>72\u2032\u2032 Runder Tisch (6-Fu\u00df-Tisch): 10 Personen<\/li>\n\n\n\n<li>60\u2032\u2032 Runder Tisch (5-Fu\u00df-Tisch): 8 Personen<\/li>\n<\/ul>","protected":false},"excerpt":{"rendered":"<p>Brisa Round Folding Tables provide a compact, easy-to-use solution for church and community spaces. Each table features a thick, blow-molded white tabletop that resists stains and stands up to everyday use. A powder-coated steel frame with locking legs keeps the table stable and secure during setup and use. You can move, position, and store the [&hellip;]<\/p>\n","protected":false},"featured_media":24283,"template":"","meta":{"_acf_changed":true},"product_brand":[90],"product_cat":[115,99],"product_tag":[],"class_list":{"0":"post-24276","1":"product","2":"type-product","3":"status-publish","4":"has-post-thumbnail","6":"product_brand-brisa","7":"product_cat-sale","8":"product_cat-tables","10":"first","11":"instock","12":"shipping-taxable","13":"purchasable","14":"product-type-simple"},"acf":[],"yoast_head":"<!-- This site is optimized with the Yoast SEO Premium plugin v24.2 (Yoast SEO v27.4) - https:\/\/yoast.com\/product\/yoast-seo-premium-wordpress\/ -->\n<title>Brisa Round Folding Table | Bertolini Direct<\/title>\n<meta name=\"description\" content=\"Brisa round folding tables make an ideal addition to events, churches, and multi-purpose spaces due to their durable plastic tops and steel frames.\" \/>\n<meta name=\"robots\" content=\"index, follow, max-snippet:-1, max-image-preview:large, max-video-preview:-1\" \/>\n<link rel=\"canonical\" href=\"https:\/\/bertolinidirect.com\/de\/products\/tables\/brisa-round-folding-table\/\" \/>\n<meta property=\"og:locale\" content=\"de_DE\" \/>\n<meta property=\"og:type\" content=\"article\" \/>\n<meta property=\"og:title\" content=\"Brisa Round Folding Table\" \/>\n<meta property=\"og:description\" content=\"Brisa round folding tables make an ideal addition to events, churches, and multi-purpose spaces due to their durable plastic tops and steel frames.\" \/>\n<meta property=\"og:url\" content=\"https:\/\/bertolinidirect.com\/de\/products\/tables\/brisa-round-folding-table\/\" \/>\n<meta property=\"og:site_name\" content=\"Bertolini Direct\" \/>\n<meta property=\"article:modified_time\" content=\"2026-04-30T22:51:32+00:00\" \/>\n<meta property=\"og:image\" content=\"https:\/\/staging.bertolinidirect.com\/wp-content\/uploads\/2025\/10\/Brisa_CT-72_Front45-e1760384319942.jpg\" \/>\n\t<meta property=\"og:image:width\" content=\"678\" \/>\n\t<meta property=\"og:image:height\" content=\"678\" \/>\n\t<meta property=\"og:image:type\" content=\"image\/jpeg\" \/>\n<meta name=\"twitter:card\" content=\"summary_large_image\" \/>\n<script type=\"application\/ld+json\" class=\"yoast-schema-graph\">{\"@context\":\"https:\\\/\\\/schema.org\",\"@graph\":[{\"@type\":\"WebPage\",\"@id\":\"https:\\\/\\\/bertolinidirect.com\\\/de\\\/products\\\/tables\\\/brisa-round-folding-table\",\"url\":\"https:\\\/\\\/bertolinidirect.com\\\/de\\\/products\\\/tables\\\/brisa-round-folding-table\",\"name\":\"Brisa Round Folding Table | Bertolini Direct\",\"isPartOf\":{\"@id\":\"https:\\\/\\\/bertolinidirect.com\\\/de\\\/#website\"},\"primaryImageOfPage\":{\"@id\":\"https:\\\/\\\/bertolinidirect.com\\\/de\\\/products\\\/tables\\\/brisa-round-folding-table#primaryimage\"},\"image\":{\"@id\":\"https:\\\/\\\/bertolinidirect.com\\\/de\\\/products\\\/tables\\\/brisa-round-folding-table#primaryimage\"},\"thumbnailUrl\":\"https:\\\/\\\/bertolinidirect.com\\\/wp-content\\\/uploads\\\/2025\\\/10\\\/Brisa_CT-72_Front45-e1760384319942.jpg\",\"datePublished\":\"2025-10-13T22:30:01+00:00\",\"dateModified\":\"2026-04-30T22:51:32+00:00\",\"description\":\"Brisa round folding tables make an ideal addition to events, churches, and multi-purpose spaces due to their durable plastic tops and steel frames.\",\"breadcrumb\":{\"@id\":\"https:\\\/\\\/bertolinidirect.com\\\/de\\\/products\\\/tables\\\/brisa-round-folding-table#breadcrumb\"},\"inLanguage\":\"de\",\"potentialAction\":[{\"@type\":\"ReadAction\",\"target\":[\"https:\\\/\\\/bertolinidirect.com\\\/de\\\/products\\\/tables\\\/brisa-round-folding-table\"]}]},{\"@type\":\"ImageObject\",\"inLanguage\":\"de\",\"@id\":\"https:\\\/\\\/bertolinidirect.com\\\/de\\\/products\\\/tables\\\/brisa-round-folding-table#primaryimage\",\"url\":\"https:\\\/\\\/bertolinidirect.com\\\/wp-content\\\/uploads\\\/2025\\\/10\\\/Brisa_CT-72_Front45-e1760384319942.jpg\",\"contentUrl\":\"https:\\\/\\\/bertolinidirect.com\\\/wp-content\\\/uploads\\\/2025\\\/10\\\/Brisa_CT-72_Front45-e1760384319942.jpg\",\"width\":678,\"height\":678,\"caption\":\"Brisa round table 72inch front45 angle\"},{\"@type\":\"BreadcrumbList\",\"@id\":\"https:\\\/\\\/bertolinidirect.com\\\/de\\\/products\\\/tables\\\/brisa-round-folding-table#breadcrumb\",\"itemListElement\":[{\"@type\":\"ListItem\",\"position\":1,\"name\":\"Home\",\"item\":\"https:\\\/\\\/bertolinidirect.com\\\/\"},{\"@type\":\"ListItem\",\"position\":2,\"name\":\"Products\",\"item\":\"https:\\\/\\\/bertolinidirect.com\\\/products\"},{\"@type\":\"ListItem\",\"position\":3,\"name\":\"Tables\",\"item\":\"https:\\\/\\\/bertolinidirect.com\\\/products\\\/tables\"},{\"@type\":\"ListItem\",\"position\":4,\"name\":\"Brisa Round Folding Table\"}]},{\"@type\":\"WebSite\",\"@id\":\"https:\\\/\\\/bertolinidirect.com\\\/de\\\/#website\",\"url\":\"https:\\\/\\\/bertolinidirect.com\\\/de\\\/\",\"name\":\"Bertolini\",\"description\":\"\",\"potentialAction\":[{\"@type\":\"SearchAction\",\"target\":{\"@type\":\"EntryPoint\",\"urlTemplate\":\"https:\\\/\\\/bertolinidirect.com\\\/de\\\/?s={search_term_string}\"},\"query-input\":{\"@type\":\"PropertyValueSpecification\",\"valueRequired\":true,\"valueName\":\"search_term_string\"}}],\"inLanguage\":\"de\"}]}<\/script>\n<!-- \/ Yoast SEO Premium plugin. -->","yoast_head_json":{"title":"Brisa Runder Klapptisch | Bertolini Direct","description":"Die runden Klapptische von Brisa eignen sich dank ihrer robusten Kunststoffplatten und Stahlrahmen ideal f\u00fcr Veranstaltungen, Kirchen und Mehrzweckr\u00e4ume.","robots":{"index":"index","follow":"follow","max-snippet":"max-snippet:-1","max-image-preview":"max-image-preview:large","max-video-preview":"max-video-preview:-1"},"canonical":"https:\/\/bertolinidirect.com\/de\/products\/tables\/brisa-round-folding-table\/","og_locale":"de_DE","og_type":"article","og_title":"Brisa Round Folding Table","og_description":"Brisa round folding tables make an ideal addition to events, churches, and multi-purpose spaces due to their durable plastic tops and steel frames.","og_url":"https:\/\/bertolinidirect.com\/de\/products\/tables\/brisa-round-folding-table\/","og_site_name":"Bertolini Direct","article_modified_time":"2026-04-30T22:51:32+00:00","og_image":[{"width":678,"height":678,"url":"https:\/\/staging.bertolinidirect.com\/wp-content\/uploads\/2025\/10\/Brisa_CT-72_Front45-e1760384319942.jpg","type":"image\/jpeg"}],"twitter_card":"summary_large_image","schema":{"@context":"https:\/\/schema.org","@graph":[{"@type":"WebPage","@id":"https:\/\/bertolinidirect.com\/de\/products\/tables\/brisa-round-folding-table","url":"https:\/\/bertolinidirect.com\/de\/products\/tables\/brisa-round-folding-table","name":"Brisa Runder Klapptisch | Bertolini Direct","isPartOf":{"@id":"https:\/\/bertolinidirect.com\/de\/#website"},"primaryImageOfPage":{"@id":"https:\/\/bertolinidirect.com\/de\/products\/tables\/brisa-round-folding-table#primaryimage"},"image":{"@id":"https:\/\/bertolinidirect.com\/de\/products\/tables\/brisa-round-folding-table#primaryimage"},"thumbnailUrl":"https:\/\/bertolinidirect.com\/wp-content\/uploads\/2025\/10\/Brisa_CT-72_Front45-e1760384319942.jpg","datePublished":"2025-10-13T22:30:01+00:00","dateModified":"2026-04-30T22:51:32+00:00","description":"Die runden Klapptische von Brisa eignen sich dank ihrer robusten Kunststoffplatten und Stahlrahmen ideal f\u00fcr Veranstaltungen, Kirchen und Mehrzweckr\u00e4ume.","breadcrumb":{"@id":"https:\/\/bertolinidirect.com\/de\/products\/tables\/brisa-round-folding-table#breadcrumb"},"inLanguage":"de","potentialAction":[{"@type":"ReadAction","target":["https:\/\/bertolinidirect.com\/de\/products\/tables\/brisa-round-folding-table"]}]},{"@type":"ImageObject","inLanguage":"de","@id":"https:\/\/bertolinidirect.com\/de\/products\/tables\/brisa-round-folding-table#primaryimage","url":"https:\/\/bertolinidirect.com\/wp-content\/uploads\/2025\/10\/Brisa_CT-72_Front45-e1760384319942.jpg","contentUrl":"https:\/\/bertolinidirect.com\/wp-content\/uploads\/2025\/10\/Brisa_CT-72_Front45-e1760384319942.jpg","width":678,"height":678,"caption":"Brisa round table 72inch front45 angle"},{"@type":"BreadcrumbList","@id":"https:\/\/bertolinidirect.com\/de\/products\/tables\/brisa-round-folding-table#breadcrumb","itemListElement":[{"@type":"ListItem","position":1,"name":"Home","item":"https:\/\/bertolinidirect.com\/"},{"@type":"ListItem","position":2,"name":"Products","item":"https:\/\/bertolinidirect.com\/products"},{"@type":"ListItem","position":3,"name":"Tables","item":"https:\/\/bertolinidirect.com\/products\/tables"},{"@type":"ListItem","position":4,"name":"Brisa Round Folding Table"}]},{"@type":"WebSite","@id":"https:\/\/bertolinidirect.com\/de\/#website","url":"https:\/\/bertolinidirect.com\/de\/","name":"Bertolini","description":"","potentialAction":[{"@type":"SearchAction","target":{"@type":"EntryPoint","urlTemplate":"https:\/\/bertolinidirect.com\/de\/?s={search_term_string}"},"query-input":{"@type":"PropertyValueSpecification","valueRequired":true,"valueName":"search_term_string"}}],"inLanguage":"de"}]}},"_links":{"self":[{"href":"https:\/\/bertolinidirect.com\/de\/wp-json\/wp\/v2\/product\/24276","targetHints":{"allow":["GET"]}}],"collection":[{"href":"https:\/\/bertolinidirect.com\/de\/wp-json\/wp\/v2\/product"}],"about":[{"href":"https:\/\/bertolinidirect.com\/de\/wp-json\/wp\/v2\/types\/product"}],"wp:featuredmedia":[{"embeddable":true,"href":"https:\/\/bertolinidirect.com\/de\/wp-json\/wp\/v2\/media\/24283"}],"wp:attachment":[{"href":"https:\/\/bertolinidirect.com\/de\/wp-json\/wp\/v2\/media?parent=24276"}],"wp:term":[{"taxonomy":"product_brand","embeddable":true,"href":"https:\/\/bertolinidirect.com\/de\/wp-json\/wp\/v2\/product_brand?post=24276"},{"taxonomy":"product_cat","embeddable":true,"href":"https:\/\/bertolinidirect.com\/de\/wp-json\/wp\/v2\/product_cat?post=24276"},{"taxonomy":"product_tag","embeddable":true,"href":"https:\/\/bertolinidirect.com\/de\/wp-json\/wp\/v2\/product_tag?post=24276"}],"curies":[{"name":"wp","href":"https:\/\/api.w.org\/{rel}","templated":true}]}}