{"id":24222,"date":"2025-10-13T16:55:12","date_gmt":"2025-10-13T16:55:12","guid":{"rendered":"https:\/\/bertolinidirect.com\/?post_type=product&#038;p=24222"},"modified":"2026-04-30T22:49:27","modified_gmt":"2026-04-30T22:49:27","slug":"brisa-rectangle-folding-table","status":"publish","type":"product","link":"https:\/\/bertolinidirect.com\/de\/products\/tables\/brisa-rectangle-folding-table","title":{"rendered":"Brisa Rechteckiger Klapptisch"},"content":{"rendered":"<p>Der rechteckige Klapptisch Brisa bietet eine attraktive und kosteng\u00fcnstige L\u00f6sung f\u00fcr Kirchen und Gemeindeeinrichtungen. Sein klares, modernes Design zeichnet sich durch eine fleckenabweisende, blasgeformte Kunststoff-Tischplatte aus, die den Anforderungen des t\u00e4glichen Gebrauchs standh\u00e4lt.<\/p>\n\n\n\n<p>Dank seines leichten Gestells und des Klappmechanismus l\u00e4sst sich dieser Tisch schnell transportieren, aufbauen und verstauen. Die arretierbaren Stahlbeine sorgen f\u00fcr einen sicheren und stabilen Stand, w\u00e4hrend die Pulverbeschichtung die Langlebigkeit erh\u00f6ht.<\/p>\n\n\n\n<p>W\u00e4hlen Sie aus verschiedenen Gr\u00f6\u00dfen die passende f\u00fcr Ihren Raum, darunter L\u00e4ngen von 1,80 m und 2,40 m, jeweils in Essbreite (76 cm) und Seminarbreite (46 cm). Dank dieser Flexibilit\u00e4t l\u00e4sst sich Ihr Setup problemlos an unterschiedliche Veranstaltungen und Raumaufteilungen anpassen.<\/p>\n\n\n\n<p>Rechteckige Klapptische eignen sich f\u00fcr Gemeindefeste, Sonntagsschule, Seminare, Ausstellungsfl\u00e4chen, Jugendgruppen, B\u00fcros und vieles mehr. Sie sind ideal f\u00fcr den Innenbereich, k\u00f6nnen aber auch gelegentlich und kurzzeitig im Freien eingesetzt werden.*<br><br>Sitzplatzkapazit\u00e4t:<\/p>\n\n\n\n<ul class=\"wp-block-list\">\n<li>30\u2032\u2032 x 72\u2032\u2032 (6 Fu\u00df langer Tisch): 8 Personen<\/li>\n\n\n\n<li>18 x 72 Zoll (6 Fu\u00df langer Seminartisch): 3 Personen<\/li>\n\n\n\n<li>30\u2032\u2032 x 96\u2032\u2032 (8 Fu\u00df langer Tisch): 10 Personen<\/li>\n\n\n\n<li>18\u2032\u2032 x 96\u2032\u2032 (8 Fu\u00df langer Seminartisch): 4 Personen<\/li>\n<\/ul>","protected":false},"excerpt":{"rendered":"<p>The Brisa Rectangle Folding Table delivers an attractive, cost-effective solution for church and community use. Its clean, modern design features a stain-resistant, blow-molded plastic tabletop that handles the practicality of everyday wear. You can move, set up, and store this table quickly thanks to its lightweight frame and folding design. Locking steel legs provide a [&hellip;]<\/p>\n","protected":false},"featured_media":24242,"template":"","meta":{"_acf_changed":true},"product_brand":[90],"product_cat":[115,99],"product_tag":[],"class_list":{"0":"post-24222","1":"product","2":"type-product","3":"status-publish","4":"has-post-thumbnail","6":"product_brand-brisa","7":"product_cat-sale","8":"product_cat-tables","10":"first","11":"instock","12":"shipping-taxable","13":"purchasable","14":"product-type-simple"},"acf":[],"yoast_head":"<!-- This site is optimized with the Yoast SEO Premium plugin v24.2 (Yoast SEO v27.4) - https:\/\/yoast.com\/product\/yoast-seo-premium-wordpress\/ -->\n<title>Brisa Rectangle Folding Table | Bertolini Direct<\/title>\n<meta name=\"description\" content=\"Brisa rectangle folding tables feature a durable plastic top and steel frame that make them ideal for events, churches, and multi-purpose spaces.\" \/>\n<meta name=\"robots\" content=\"index, follow, max-snippet:-1, max-image-preview:large, max-video-preview:-1\" \/>\n<link rel=\"canonical\" href=\"https:\/\/bertolinidirect.com\/de\/products\/tables\/brisa-rectangle-folding-table\/\" \/>\n<meta property=\"og:locale\" content=\"de_DE\" \/>\n<meta property=\"og:type\" content=\"article\" \/>\n<meta property=\"og:title\" content=\"Brisa Rectangle Folding Table\" \/>\n<meta property=\"og:description\" content=\"Brisa rectangle folding tables feature a durable plastic top and steel frame that make them ideal for events, churches, and multi-purpose spaces.\" \/>\n<meta property=\"og:url\" content=\"https:\/\/bertolinidirect.com\/de\/products\/tables\/brisa-rectangle-folding-table\/\" \/>\n<meta property=\"og:site_name\" content=\"Bertolini Direct\" \/>\n<meta property=\"article:modified_time\" content=\"2026-04-30T22:49:27+00:00\" \/>\n<meta property=\"og:image\" content=\"https:\/\/staging.bertolinidirect.com\/wp-content\/uploads\/2025\/10\/Brisa_RT-30x72_Front45-min-e1760377385165.jpg\" \/>\n\t<meta property=\"og:image:width\" content=\"678\" \/>\n\t<meta property=\"og:image:height\" content=\"678\" \/>\n\t<meta property=\"og:image:type\" content=\"image\/jpeg\" \/>\n<meta name=\"twitter:card\" content=\"summary_large_image\" \/>\n<script type=\"application\/ld+json\" class=\"yoast-schema-graph\">{\"@context\":\"https:\\\/\\\/schema.org\",\"@graph\":[{\"@type\":\"WebPage\",\"@id\":\"https:\\\/\\\/bertolinidirect.com\\\/de\\\/products\\\/tables\\\/brisa-rectangle-folding-table\",\"url\":\"https:\\\/\\\/bertolinidirect.com\\\/de\\\/products\\\/tables\\\/brisa-rectangle-folding-table\",\"name\":\"Brisa Rectangle Folding Table | Bertolini Direct\",\"isPartOf\":{\"@id\":\"https:\\\/\\\/bertolinidirect.com\\\/de\\\/#website\"},\"primaryImageOfPage\":{\"@id\":\"https:\\\/\\\/bertolinidirect.com\\\/de\\\/products\\\/tables\\\/brisa-rectangle-folding-table#primaryimage\"},\"image\":{\"@id\":\"https:\\\/\\\/bertolinidirect.com\\\/de\\\/products\\\/tables\\\/brisa-rectangle-folding-table#primaryimage\"},\"thumbnailUrl\":\"https:\\\/\\\/bertolinidirect.com\\\/wp-content\\\/uploads\\\/2025\\\/10\\\/Brisa_RT-30x72_Front45-min-e1760377385165.jpg\",\"datePublished\":\"2025-10-13T16:55:12+00:00\",\"dateModified\":\"2026-04-30T22:49:27+00:00\",\"description\":\"Brisa rectangle folding tables feature a durable plastic top and steel frame that make them ideal for events, churches, and multi-purpose spaces.\",\"breadcrumb\":{\"@id\":\"https:\\\/\\\/bertolinidirect.com\\\/de\\\/products\\\/tables\\\/brisa-rectangle-folding-table#breadcrumb\"},\"inLanguage\":\"de\",\"potentialAction\":[{\"@type\":\"ReadAction\",\"target\":[\"https:\\\/\\\/bertolinidirect.com\\\/de\\\/products\\\/tables\\\/brisa-rectangle-folding-table\"]}]},{\"@type\":\"ImageObject\",\"inLanguage\":\"de\",\"@id\":\"https:\\\/\\\/bertolinidirect.com\\\/de\\\/products\\\/tables\\\/brisa-rectangle-folding-table#primaryimage\",\"url\":\"https:\\\/\\\/bertolinidirect.com\\\/wp-content\\\/uploads\\\/2025\\\/10\\\/Brisa_RT-30x72_Front45-min-e1760377385165.jpg\",\"contentUrl\":\"https:\\\/\\\/bertolinidirect.com\\\/wp-content\\\/uploads\\\/2025\\\/10\\\/Brisa_RT-30x72_Front45-min-e1760377385165.jpg\",\"width\":678,\"height\":678,\"caption\":\"Brisa rectangle table 30x72 front 45 angle\"},{\"@type\":\"BreadcrumbList\",\"@id\":\"https:\\\/\\\/bertolinidirect.com\\\/de\\\/products\\\/tables\\\/brisa-rectangle-folding-table#breadcrumb\",\"itemListElement\":[{\"@type\":\"ListItem\",\"position\":1,\"name\":\"Home\",\"item\":\"https:\\\/\\\/bertolinidirect.com\\\/\"},{\"@type\":\"ListItem\",\"position\":2,\"name\":\"Products\",\"item\":\"https:\\\/\\\/bertolinidirect.com\\\/products\"},{\"@type\":\"ListItem\",\"position\":3,\"name\":\"Tables\",\"item\":\"https:\\\/\\\/bertolinidirect.com\\\/products\\\/tables\"},{\"@type\":\"ListItem\",\"position\":4,\"name\":\"Brisa Rectangle Folding Table\"}]},{\"@type\":\"WebSite\",\"@id\":\"https:\\\/\\\/bertolinidirect.com\\\/de\\\/#website\",\"url\":\"https:\\\/\\\/bertolinidirect.com\\\/de\\\/\",\"name\":\"Bertolini\",\"description\":\"\",\"potentialAction\":[{\"@type\":\"SearchAction\",\"target\":{\"@type\":\"EntryPoint\",\"urlTemplate\":\"https:\\\/\\\/bertolinidirect.com\\\/de\\\/?s={search_term_string}\"},\"query-input\":{\"@type\":\"PropertyValueSpecification\",\"valueRequired\":true,\"valueName\":\"search_term_string\"}}],\"inLanguage\":\"de\"}]}<\/script>\n<!-- \/ Yoast SEO Premium plugin. -->","yoast_head_json":{"title":"Brisa Rechteckiger Klapptisch | Bertolini Direct","description":"Die rechteckigen Klapptische von Brisa zeichnen sich durch eine robuste Kunststoffplatte und einen Stahlrahmen aus und eignen sich daher ideal f\u00fcr Veranstaltungen, Kirchen und Mehrzweckr\u00e4ume.","robots":{"index":"index","follow":"follow","max-snippet":"max-snippet:-1","max-image-preview":"max-image-preview:large","max-video-preview":"max-video-preview:-1"},"canonical":"https:\/\/bertolinidirect.com\/de\/products\/tables\/brisa-rectangle-folding-table\/","og_locale":"de_DE","og_type":"article","og_title":"Brisa Rectangle Folding Table","og_description":"Brisa rectangle folding tables feature a durable plastic top and steel frame that make them ideal for events, churches, and multi-purpose spaces.","og_url":"https:\/\/bertolinidirect.com\/de\/products\/tables\/brisa-rectangle-folding-table\/","og_site_name":"Bertolini Direct","article_modified_time":"2026-04-30T22:49:27+00:00","og_image":[{"width":678,"height":678,"url":"https:\/\/staging.bertolinidirect.com\/wp-content\/uploads\/2025\/10\/Brisa_RT-30x72_Front45-min-e1760377385165.jpg","type":"image\/jpeg"}],"twitter_card":"summary_large_image","schema":{"@context":"https:\/\/schema.org","@graph":[{"@type":"WebPage","@id":"https:\/\/bertolinidirect.com\/de\/products\/tables\/brisa-rectangle-folding-table","url":"https:\/\/bertolinidirect.com\/de\/products\/tables\/brisa-rectangle-folding-table","name":"Brisa Rechteckiger Klapptisch | Bertolini Direct","isPartOf":{"@id":"https:\/\/bertolinidirect.com\/de\/#website"},"primaryImageOfPage":{"@id":"https:\/\/bertolinidirect.com\/de\/products\/tables\/brisa-rectangle-folding-table#primaryimage"},"image":{"@id":"https:\/\/bertolinidirect.com\/de\/products\/tables\/brisa-rectangle-folding-table#primaryimage"},"thumbnailUrl":"https:\/\/bertolinidirect.com\/wp-content\/uploads\/2025\/10\/Brisa_RT-30x72_Front45-min-e1760377385165.jpg","datePublished":"2025-10-13T16:55:12+00:00","dateModified":"2026-04-30T22:49:27+00:00","description":"Die rechteckigen Klapptische von Brisa zeichnen sich durch eine robuste Kunststoffplatte und einen Stahlrahmen aus und eignen sich daher ideal f\u00fcr Veranstaltungen, Kirchen und Mehrzweckr\u00e4ume.","breadcrumb":{"@id":"https:\/\/bertolinidirect.com\/de\/products\/tables\/brisa-rectangle-folding-table#breadcrumb"},"inLanguage":"de","potentialAction":[{"@type":"ReadAction","target":["https:\/\/bertolinidirect.com\/de\/products\/tables\/brisa-rectangle-folding-table"]}]},{"@type":"ImageObject","inLanguage":"de","@id":"https:\/\/bertolinidirect.com\/de\/products\/tables\/brisa-rectangle-folding-table#primaryimage","url":"https:\/\/bertolinidirect.com\/wp-content\/uploads\/2025\/10\/Brisa_RT-30x72_Front45-min-e1760377385165.jpg","contentUrl":"https:\/\/bertolinidirect.com\/wp-content\/uploads\/2025\/10\/Brisa_RT-30x72_Front45-min-e1760377385165.jpg","width":678,"height":678,"caption":"Brisa rectangle table 30x72 front 45 angle"},{"@type":"BreadcrumbList","@id":"https:\/\/bertolinidirect.com\/de\/products\/tables\/brisa-rectangle-folding-table#breadcrumb","itemListElement":[{"@type":"ListItem","position":1,"name":"Home","item":"https:\/\/bertolinidirect.com\/"},{"@type":"ListItem","position":2,"name":"Products","item":"https:\/\/bertolinidirect.com\/products"},{"@type":"ListItem","position":3,"name":"Tables","item":"https:\/\/bertolinidirect.com\/products\/tables"},{"@type":"ListItem","position":4,"name":"Brisa Rectangle Folding Table"}]},{"@type":"WebSite","@id":"https:\/\/bertolinidirect.com\/de\/#website","url":"https:\/\/bertolinidirect.com\/de\/","name":"Bertolini","description":"","potentialAction":[{"@type":"SearchAction","target":{"@type":"EntryPoint","urlTemplate":"https:\/\/bertolinidirect.com\/de\/?s={search_term_string}"},"query-input":{"@type":"PropertyValueSpecification","valueRequired":true,"valueName":"search_term_string"}}],"inLanguage":"de"}]}},"_links":{"self":[{"href":"https:\/\/bertolinidirect.com\/de\/wp-json\/wp\/v2\/product\/24222","targetHints":{"allow":["GET"]}}],"collection":[{"href":"https:\/\/bertolinidirect.com\/de\/wp-json\/wp\/v2\/product"}],"about":[{"href":"https:\/\/bertolinidirect.com\/de\/wp-json\/wp\/v2\/types\/product"}],"wp:featuredmedia":[{"embeddable":true,"href":"https:\/\/bertolinidirect.com\/de\/wp-json\/wp\/v2\/media\/24242"}],"wp:attachment":[{"href":"https:\/\/bertolinidirect.com\/de\/wp-json\/wp\/v2\/media?parent=24222"}],"wp:term":[{"taxonomy":"product_brand","embeddable":true,"href":"https:\/\/bertolinidirect.com\/de\/wp-json\/wp\/v2\/product_brand?post=24222"},{"taxonomy":"product_cat","embeddable":true,"href":"https:\/\/bertolinidirect.com\/de\/wp-json\/wp\/v2\/product_cat?post=24222"},{"taxonomy":"product_tag","embeddable":true,"href":"https:\/\/bertolinidirect.com\/de\/wp-json\/wp\/v2\/product_tag?post=24222"}],"curies":[{"name":"wp","href":"https:\/\/api.w.org\/{rel}","templated":true}]}}