{"id":24202,"date":"2025-10-13T22:30:04","date_gmt":"2025-10-13T22:30:04","guid":{"rendered":"https:\/\/bertolinidirect.com\/?post_type=product&#038;p=24202"},"modified":"2026-02-09T19:44:06","modified_gmt":"2026-02-09T19:44:06","slug":"brisa-plastic-folding-chairs","status":"publish","type":"product","link":"https:\/\/bertolinidirect.com\/de\/products\/chairs\/brisa-plastic-folding-chairs","title":{"rendered":"Brisa Kunststoff-Klappst\u00fchle"},"content":{"rendered":"<p>Der Brisa Klappstuhl, benannt nach dem spanischen Wort f\u00fcr \u201eBrise\u201c, vereinfacht den Aufbau von Veranstaltungen. Er besteht aus einem grauen, pulverbeschichteten Stahlrahmen und einer Sitzfl\u00e4che sowie R\u00fcckenlehne aus dickem, geformtem Kunststoff. Stahlst\u00fctzen unter der Sitzfl\u00e4che sorgen f\u00fcr zus\u00e4tzliche Stabilit\u00e4t.<\/p>\n\n\n\n<p>Sitzfl\u00e4che und R\u00fcckenlehne bestehen aus wei\u00dfem, schmutzabweisendem Polyethylen (Kunststoff). Die Struktur verhindert ein Verrutschen. Die sanft geschwungene R\u00fcckenlehne sorgt f\u00fcr eine nat\u00fcrlichere Passform. Robuste, leichtg\u00e4ngige Beschl\u00e4ge sorgen f\u00fcr Langlebigkeit und Benutzerfreundlichkeit.<\/p>\n\n\n\n<p>Der Brisa Klappstuhl ist praktisch und robust und bietet im Handumdrehen zus\u00e4tzliche Sitzgelegenheiten. Wasserabweisend und kompakt, ist dieser robuste Klappstuhl ideal f\u00fcr flexible Sitzgelegenheiten bei kirchlichen Abendessen, Gemeindeveranstaltungen, Cafeterias, Seminaren, Jugend- und Kinderveranstaltungen, B\u00fcros und mehr. Der Brisa Klappstuhl ist f\u00fcr den Innenbereich und den kurzfristigen Au\u00dfenbereich (nur bei trockenem Wetter) geeignet.*<\/p>","protected":false},"excerpt":{"rendered":"<p>Named after the Spanish word for \u201cbreeze,\u201d the Brisa Folding Chair is designed to streamline event setup. It\u2019s built with a gray, powder-coated steel frame and a seat and backrest made of thick, molded plastic. It\u2019s engineered with steel support bars underneath the seat, which provide additional strength and stability. The seat and backrest are [&hellip;]<\/p>\n","protected":false},"featured_media":24210,"template":"","meta":{"_acf_changed":true},"product_brand":[90],"product_cat":[22,115],"product_tag":[],"class_list":{"0":"post-24202","1":"product","2":"type-product","3":"status-publish","4":"has-post-thumbnail","6":"product_brand-brisa","7":"product_cat-chairs","8":"product_cat-sale","10":"first","11":"instock","12":"shipping-taxable","13":"purchasable","14":"product-type-simple"},"acf":[],"yoast_head":"<!-- This site is optimized with the Yoast SEO Premium plugin v24.2 (Yoast SEO v27.1.1) - https:\/\/yoast.com\/product\/yoast-seo-premium-wordpress\/ -->\n<title>Brisa Plastic Folding Chairs | Bertolini Direct<\/title>\n<meta name=\"description\" content=\"Affordable and lightweight, the Brisa Plastic Folding Chair from Bertolini offers flexible extra seating for church events.\" \/>\n<meta name=\"robots\" content=\"index, follow, max-snippet:-1, max-image-preview:large, max-video-preview:-1\" \/>\n<link rel=\"canonical\" href=\"https:\/\/bertolinidirect.com\/de\/products\/chairs\/brisa-plastic-folding-chairs\/\" \/>\n<meta property=\"og:locale\" content=\"de_DE\" \/>\n<meta property=\"og:type\" content=\"article\" \/>\n<meta property=\"og:title\" content=\"Brisa Plastic Folding Chairs\" \/>\n<meta property=\"og:description\" content=\"Affordable and lightweight, the Brisa Plastic Folding Chair from Bertolini offers flexible extra seating for church events.\" \/>\n<meta property=\"og:url\" content=\"https:\/\/bertolinidirect.com\/de\/products\/chairs\/brisa-plastic-folding-chairs\/\" \/>\n<meta property=\"og:site_name\" content=\"Bertolini Direct\" \/>\n<meta property=\"article:modified_time\" content=\"2026-02-09T19:44:06+00:00\" \/>\n<meta property=\"og:image\" content=\"https:\/\/bertolinidirect.com\/wp-content\/uploads\/2025\/10\/Brisa_Folding-Chair_featured.jpg\" \/>\n\t<meta property=\"og:image:width\" content=\"1024\" \/>\n\t<meta property=\"og:image:height\" content=\"1024\" \/>\n\t<meta property=\"og:image:type\" content=\"image\/jpeg\" \/>\n<meta name=\"twitter:card\" content=\"summary_large_image\" \/>\n<script type=\"application\/ld+json\" class=\"yoast-schema-graph\">{\"@context\":\"https:\/\/schema.org\",\"@graph\":[{\"@type\":\"WebPage\",\"@id\":\"https:\/\/bertolinidirect.com\/de\/products\/chairs\/brisa-plastic-folding-chairs\",\"url\":\"https:\/\/bertolinidirect.com\/de\/products\/chairs\/brisa-plastic-folding-chairs\",\"name\":\"Brisa Plastic Folding Chairs | Bertolini Direct\",\"isPartOf\":{\"@id\":\"https:\/\/bertolinidirect.com\/de\/#website\"},\"primaryImageOfPage\":{\"@id\":\"https:\/\/bertolinidirect.com\/de\/products\/chairs\/brisa-plastic-folding-chairs#primaryimage\"},\"image\":{\"@id\":\"https:\/\/bertolinidirect.com\/de\/products\/chairs\/brisa-plastic-folding-chairs#primaryimage\"},\"thumbnailUrl\":\"https:\/\/bertolinidirect.com\/wp-content\/uploads\/2025\/10\/Brisa_Folding-Chair_featured.jpg\",\"datePublished\":\"2025-10-13T22:30:04+00:00\",\"dateModified\":\"2026-02-09T19:44:06+00:00\",\"description\":\"Affordable and lightweight, the Brisa Plastic Folding Chair from Bertolini offers flexible extra seating for church events.\",\"breadcrumb\":{\"@id\":\"https:\/\/bertolinidirect.com\/de\/products\/chairs\/brisa-plastic-folding-chairs#breadcrumb\"},\"inLanguage\":\"de\",\"potentialAction\":[{\"@type\":\"ReadAction\",\"target\":[\"https:\/\/bertolinidirect.com\/de\/products\/chairs\/brisa-plastic-folding-chairs\"]}]},{\"@type\":\"ImageObject\",\"inLanguage\":\"de\",\"@id\":\"https:\/\/bertolinidirect.com\/de\/products\/chairs\/brisa-plastic-folding-chairs#primaryimage\",\"url\":\"https:\/\/bertolinidirect.com\/wp-content\/uploads\/2025\/10\/Brisa_Folding-Chair_featured.jpg\",\"contentUrl\":\"https:\/\/bertolinidirect.com\/wp-content\/uploads\/2025\/10\/Brisa_Folding-Chair_featured.jpg\",\"width\":1024,\"height\":1024,\"caption\":\"Front and back of the Brisa Folding Chair\"},{\"@type\":\"BreadcrumbList\",\"@id\":\"https:\/\/bertolinidirect.com\/de\/products\/chairs\/brisa-plastic-folding-chairs#breadcrumb\",\"itemListElement\":[{\"@type\":\"ListItem\",\"position\":1,\"name\":\"Home\",\"item\":\"https:\/\/bertolinidirect.com\/\"},{\"@type\":\"ListItem\",\"position\":2,\"name\":\"Products\",\"item\":\"https:\/\/bertolinidirect.com\/products\"},{\"@type\":\"ListItem\",\"position\":3,\"name\":\"Chairs\",\"item\":\"https:\/\/bertolinidirect.com\/products\/chairs\"},{\"@type\":\"ListItem\",\"position\":4,\"name\":\"Brisa Plastic Folding Chairs\"}]},{\"@type\":\"WebSite\",\"@id\":\"https:\/\/bertolinidirect.com\/de\/#website\",\"url\":\"https:\/\/bertolinidirect.com\/de\/\",\"name\":\"Bertolini\",\"description\":\"\",\"potentialAction\":[{\"@type\":\"SearchAction\",\"target\":{\"@type\":\"EntryPoint\",\"urlTemplate\":\"https:\/\/bertolinidirect.com\/de\/?s={search_term_string}\"},\"query-input\":{\"@type\":\"PropertyValueSpecification\",\"valueRequired\":true,\"valueName\":\"search_term_string\"}}],\"inLanguage\":\"de\"}]}<\/script>\n<!-- \/ Yoast SEO Premium plugin. -->","yoast_head_json":{"title":"Brisa Klappst\u00fchle aus Kunststoff | Bertolini Direct","description":"Der preisg\u00fcnstige und leichte Brisa Plastic Folding Chair von Bertolini bietet flexible zus\u00e4tzliche Sitzgelegenheiten f\u00fcr kirchliche Veranstaltungen.","robots":{"index":"index","follow":"follow","max-snippet":"max-snippet:-1","max-image-preview":"max-image-preview:large","max-video-preview":"max-video-preview:-1"},"canonical":"https:\/\/bertolinidirect.com\/de\/products\/chairs\/brisa-plastic-folding-chairs\/","og_locale":"de_DE","og_type":"article","og_title":"Brisa Plastic Folding Chairs","og_description":"Affordable and lightweight, the Brisa Plastic Folding Chair from Bertolini offers flexible extra seating for church events.","og_url":"https:\/\/bertolinidirect.com\/de\/products\/chairs\/brisa-plastic-folding-chairs\/","og_site_name":"Bertolini Direct","article_modified_time":"2026-02-09T19:44:06+00:00","og_image":[{"width":1024,"height":1024,"url":"https:\/\/bertolinidirect.com\/wp-content\/uploads\/2025\/10\/Brisa_Folding-Chair_featured.jpg","type":"image\/jpeg"}],"twitter_card":"summary_large_image","schema":{"@context":"https:\/\/schema.org","@graph":[{"@type":"WebPage","@id":"https:\/\/bertolinidirect.com\/de\/products\/chairs\/brisa-plastic-folding-chairs","url":"https:\/\/bertolinidirect.com\/de\/products\/chairs\/brisa-plastic-folding-chairs","name":"Brisa Klappst\u00fchle aus Kunststoff | Bertolini Direct","isPartOf":{"@id":"https:\/\/bertolinidirect.com\/de\/#website"},"primaryImageOfPage":{"@id":"https:\/\/bertolinidirect.com\/de\/products\/chairs\/brisa-plastic-folding-chairs#primaryimage"},"image":{"@id":"https:\/\/bertolinidirect.com\/de\/products\/chairs\/brisa-plastic-folding-chairs#primaryimage"},"thumbnailUrl":"https:\/\/bertolinidirect.com\/wp-content\/uploads\/2025\/10\/Brisa_Folding-Chair_featured.jpg","datePublished":"2025-10-13T22:30:04+00:00","dateModified":"2026-02-09T19:44:06+00:00","description":"Der preisg\u00fcnstige und leichte Brisa Plastic Folding Chair von Bertolini bietet flexible zus\u00e4tzliche Sitzgelegenheiten f\u00fcr kirchliche Veranstaltungen.","breadcrumb":{"@id":"https:\/\/bertolinidirect.com\/de\/products\/chairs\/brisa-plastic-folding-chairs#breadcrumb"},"inLanguage":"de","potentialAction":[{"@type":"ReadAction","target":["https:\/\/bertolinidirect.com\/de\/products\/chairs\/brisa-plastic-folding-chairs"]}]},{"@type":"ImageObject","inLanguage":"de","@id":"https:\/\/bertolinidirect.com\/de\/products\/chairs\/brisa-plastic-folding-chairs#primaryimage","url":"https:\/\/bertolinidirect.com\/wp-content\/uploads\/2025\/10\/Brisa_Folding-Chair_featured.jpg","contentUrl":"https:\/\/bertolinidirect.com\/wp-content\/uploads\/2025\/10\/Brisa_Folding-Chair_featured.jpg","width":1024,"height":1024,"caption":"Front and back of the Brisa Folding Chair"},{"@type":"BreadcrumbList","@id":"https:\/\/bertolinidirect.com\/de\/products\/chairs\/brisa-plastic-folding-chairs#breadcrumb","itemListElement":[{"@type":"ListItem","position":1,"name":"Home","item":"https:\/\/bertolinidirect.com\/"},{"@type":"ListItem","position":2,"name":"Products","item":"https:\/\/bertolinidirect.com\/products"},{"@type":"ListItem","position":3,"name":"Chairs","item":"https:\/\/bertolinidirect.com\/products\/chairs"},{"@type":"ListItem","position":4,"name":"Brisa Plastic Folding Chairs"}]},{"@type":"WebSite","@id":"https:\/\/bertolinidirect.com\/de\/#website","url":"https:\/\/bertolinidirect.com\/de\/","name":"Bertolini","description":"","potentialAction":[{"@type":"SearchAction","target":{"@type":"EntryPoint","urlTemplate":"https:\/\/bertolinidirect.com\/de\/?s={search_term_string}"},"query-input":{"@type":"PropertyValueSpecification","valueRequired":true,"valueName":"search_term_string"}}],"inLanguage":"de"}]}},"_links":{"self":[{"href":"https:\/\/bertolinidirect.com\/de\/wp-json\/wp\/v2\/product\/24202","targetHints":{"allow":["GET"]}}],"collection":[{"href":"https:\/\/bertolinidirect.com\/de\/wp-json\/wp\/v2\/product"}],"about":[{"href":"https:\/\/bertolinidirect.com\/de\/wp-json\/wp\/v2\/types\/product"}],"wp:featuredmedia":[{"embeddable":true,"href":"https:\/\/bertolinidirect.com\/de\/wp-json\/wp\/v2\/media\/24210"}],"wp:attachment":[{"href":"https:\/\/bertolinidirect.com\/de\/wp-json\/wp\/v2\/media?parent=24202"}],"wp:term":[{"taxonomy":"product_brand","embeddable":true,"href":"https:\/\/bertolinidirect.com\/de\/wp-json\/wp\/v2\/product_brand?post=24202"},{"taxonomy":"product_cat","embeddable":true,"href":"https:\/\/bertolinidirect.com\/de\/wp-json\/wp\/v2\/product_cat?post=24202"},{"taxonomy":"product_tag","embeddable":true,"href":"https:\/\/bertolinidirect.com\/de\/wp-json\/wp\/v2\/product_tag?post=24202"}],"curies":[{"name":"wp","href":"https:\/\/api.w.org\/{rel}","templated":true}]}}