{"id":24069,"date":"2025-09-22T19:55:20","date_gmt":"2025-09-22T19:55:20","guid":{"rendered":"https:\/\/bertolinidirect.com\/?post_type=product&#038;p=24069"},"modified":"2025-10-23T19:51:25","modified_gmt":"2025-10-23T19:51:25","slug":"hd-premier-stacking-chair","status":"publish","type":"product","link":"https:\/\/bertolinidirect.com\/de\/products\/chairs\/hd-premier-stacking-chair","title":{"rendered":"HD Premier Stapelstuhl"},"content":{"rendered":"<p>Der HD Premier Stapelstuhl ist unser Spitzenmodell. Modern und minimalistisch, bietet der HD Premier Stapelstuhl dank flexibler Netzgewebeoberfl\u00e4chen, die den K\u00f6rper m\u00fchelos st\u00fctzen, h\u00f6chsten Komfort.<\/p>\n<p>Der schlanke, stapelbare Rahmen besteht aus einer soliden Stahlstange und verf\u00fcgt \u00fcber eine geschwungene R\u00fcckenlehne f\u00fcr mehr Komfort. Sitzfl\u00e4che und R\u00fcckenlehne bestehen aus atmungsaktivem, OEKO-TEX\u00ae 100-zertifiziertem Mesh-Gewebe der Klasse 2, dem Industriestandard f\u00fcr hautvertr\u00e4gliche Stoffe.<\/p>\n<p>Dieser praktische und flache Stapelstuhl verf\u00fcgt \u00fcber 2-in-1-Bodengleiter, die den Boden sch\u00fctzen, und integrierte Verbindungsclips an der Seite der Gleiter, um St\u00fchle zu Reihen zu verbinden. Der HD Premier Stapelstuhl ist ein idealer Veranstaltungsstuhl f\u00fcr alle Arten von Mehrzweckbereichen \u2013 einschlie\u00dflich Konzert- und Veranstaltungsst\u00e4tten, Schulungsr\u00e4umen, Cafeterias, Bibliotheken, Sitzgelegenheiten im Gesundheitswesen und anderen \u00f6ffentlichen Orten.<\/p>\n<p><span class=\"TextRun SCXW109362997 BCX0\" lang=\"EN-US\" xml:lang=\"EN-US\" data-contrast=\"auto\"><span class=\"NormalTextRun SCXW109362997 BCX0\">A <\/span><span class=\"NormalTextRun SCXW109362997 BCX0\">FREI<\/span><span class=\"NormalTextRun SCXW109362997 BCX0\"> Ein Wagen ist in jedem Stapel enthalten <\/span><span class=\"NormalTextRun SCXW109362997 BCX0\">3<\/span><span class=\"NormalTextRun SCXW109362997 BCX0\">0 St\u00fchle.<\/span><\/span><\/p>","protected":false},"excerpt":{"rendered":"<p>The HD Premier Stacking Chair is our highest-end model. Modern and minimalistic, the HD Premier Stacking Chair is extremely comfortable, thanks to flexible, mesh fabric surfaces that support the body with ease. The sleek, stackable frame is built with a solid steel rod and features a curved backrest, adding greater comfort. The seats and backrests [&hellip;]<\/p>\n","protected":false},"featured_media":24097,"template":"","meta":{"_acf_changed":false},"product_brand":[89],"product_cat":[22],"product_tag":[],"class_list":{"0":"post-24069","1":"product","2":"type-product","3":"status-publish","4":"has-post-thumbnail","6":"product_brand-hd-series","7":"product_cat-chairs","9":"first","10":"instock","11":"shipping-taxable","12":"purchasable","13":"product-type-simple"},"acf":[],"yoast_head":"<!-- This site is optimized with the Yoast SEO Premium plugin v24.2 (Yoast SEO v27.4) - https:\/\/yoast.com\/product\/yoast-seo-premium-wordpress\/ -->\n<title>HD Premier Stacking Chair | Mesh Event Seating | Bertolini Direct<\/title>\n<meta name=\"description\" content=\"Ergonomic mesh stacking chair with curved back, ganging clips &amp; free cart with 40 chairs. Ideal for events, offices &amp; high-traffic spaces.\" \/>\n<meta name=\"robots\" content=\"index, follow, max-snippet:-1, max-image-preview:large, max-video-preview:-1\" \/>\n<link rel=\"canonical\" href=\"https:\/\/bertolinidirect.com\/de\/products\/chairs\/hd-premier-stacking-chair\/\" \/>\n<meta property=\"og:locale\" content=\"de_DE\" \/>\n<meta property=\"og:type\" content=\"article\" \/>\n<meta property=\"og:title\" content=\"HD Premier Stacking Chair\" \/>\n<meta property=\"og:description\" content=\"Ergonomic mesh stacking chair with curved back, ganging clips &amp; free cart with 40 chairs. Ideal for events, offices &amp; high-traffic spaces.\" \/>\n<meta property=\"og:url\" content=\"https:\/\/bertolinidirect.com\/de\/products\/chairs\/hd-premier-stacking-chair\/\" \/>\n<meta property=\"og:site_name\" content=\"Bertolini Direct\" \/>\n<meta property=\"article:modified_time\" content=\"2025-10-23T19:51:25+00:00\" \/>\n<meta property=\"og:image\" content=\"https:\/\/bertolinidirect.com\/wp-content\/uploads\/2025\/09\/BERT_HD-Premier_SHADOWS.jpg\" \/>\n\t<meta property=\"og:image:width\" content=\"1024\" \/>\n\t<meta property=\"og:image:height\" content=\"1024\" \/>\n\t<meta property=\"og:image:type\" content=\"image\/jpeg\" \/>\n<meta name=\"twitter:card\" content=\"summary_large_image\" \/>\n<script type=\"application\/ld+json\" class=\"yoast-schema-graph\">{\"@context\":\"https:\\\/\\\/schema.org\",\"@graph\":[{\"@type\":\"WebPage\",\"@id\":\"https:\\\/\\\/bertolinidirect.com\\\/de\\\/products\\\/chairs\\\/hd-premier-stacking-chair\",\"url\":\"https:\\\/\\\/bertolinidirect.com\\\/de\\\/products\\\/chairs\\\/hd-premier-stacking-chair\",\"name\":\"HD Premier Stacking Chair | Mesh Event Seating | Bertolini Direct\",\"isPartOf\":{\"@id\":\"https:\\\/\\\/bertolinidirect.com\\\/de\\\/#website\"},\"primaryImageOfPage\":{\"@id\":\"https:\\\/\\\/bertolinidirect.com\\\/de\\\/products\\\/chairs\\\/hd-premier-stacking-chair#primaryimage\"},\"image\":{\"@id\":\"https:\\\/\\\/bertolinidirect.com\\\/de\\\/products\\\/chairs\\\/hd-premier-stacking-chair#primaryimage\"},\"thumbnailUrl\":\"https:\\\/\\\/bertolinidirect.com\\\/wp-content\\\/uploads\\\/2025\\\/09\\\/BERT_HD-Premier_SHADOWS.jpg\",\"datePublished\":\"2025-09-22T19:55:20+00:00\",\"dateModified\":\"2025-10-23T19:51:25+00:00\",\"description\":\"Ergonomic mesh stacking chair with curved back, ganging clips & free cart with 40 chairs. Ideal for events, offices & high-traffic spaces.\",\"breadcrumb\":{\"@id\":\"https:\\\/\\\/bertolinidirect.com\\\/de\\\/products\\\/chairs\\\/hd-premier-stacking-chair#breadcrumb\"},\"inLanguage\":\"de\",\"potentialAction\":[{\"@type\":\"ReadAction\",\"target\":[\"https:\\\/\\\/bertolinidirect.com\\\/de\\\/products\\\/chairs\\\/hd-premier-stacking-chair\"]}]},{\"@type\":\"ImageObject\",\"inLanguage\":\"de\",\"@id\":\"https:\\\/\\\/bertolinidirect.com\\\/de\\\/products\\\/chairs\\\/hd-premier-stacking-chair#primaryimage\",\"url\":\"https:\\\/\\\/bertolinidirect.com\\\/wp-content\\\/uploads\\\/2025\\\/09\\\/BERT_HD-Premier_SHADOWS.jpg\",\"contentUrl\":\"https:\\\/\\\/bertolinidirect.com\\\/wp-content\\\/uploads\\\/2025\\\/09\\\/BERT_HD-Premier_SHADOWS.jpg\",\"width\":1024,\"height\":1024,\"caption\":\"HD Premiere front and back studio image\"},{\"@type\":\"BreadcrumbList\",\"@id\":\"https:\\\/\\\/bertolinidirect.com\\\/de\\\/products\\\/chairs\\\/hd-premier-stacking-chair#breadcrumb\",\"itemListElement\":[{\"@type\":\"ListItem\",\"position\":1,\"name\":\"Home\",\"item\":\"https:\\\/\\\/bertolinidirect.com\\\/\"},{\"@type\":\"ListItem\",\"position\":2,\"name\":\"Products\",\"item\":\"https:\\\/\\\/bertolinidirect.com\\\/products\"},{\"@type\":\"ListItem\",\"position\":3,\"name\":\"Chairs\",\"item\":\"https:\\\/\\\/bertolinidirect.com\\\/products\\\/chairs\"},{\"@type\":\"ListItem\",\"position\":4,\"name\":\"HD Premier Stacking Chair\"}]},{\"@type\":\"WebSite\",\"@id\":\"https:\\\/\\\/bertolinidirect.com\\\/de\\\/#website\",\"url\":\"https:\\\/\\\/bertolinidirect.com\\\/de\\\/\",\"name\":\"Bertolini\",\"description\":\"\",\"potentialAction\":[{\"@type\":\"SearchAction\",\"target\":{\"@type\":\"EntryPoint\",\"urlTemplate\":\"https:\\\/\\\/bertolinidirect.com\\\/de\\\/?s={search_term_string}\"},\"query-input\":{\"@type\":\"PropertyValueSpecification\",\"valueRequired\":true,\"valueName\":\"search_term_string\"}}],\"inLanguage\":\"de\"}]}<\/script>\n<!-- \/ Yoast SEO Premium plugin. -->","yoast_head_json":{"title":"HD Premier Stapelstuhl | Mesh-Event-Sitzm\u00f6bel | Bertolini Direct","description":"Ergonomischer Netz-Stapelstuhl mit gebogener R\u00fcckenlehne, Verbindungsclips und kostenlosem Wagen mit 40 St\u00fchlen. Ideal f\u00fcr Veranstaltungen, B\u00fcros und stark frequentierte R\u00e4ume.","robots":{"index":"index","follow":"follow","max-snippet":"max-snippet:-1","max-image-preview":"max-image-preview:large","max-video-preview":"max-video-preview:-1"},"canonical":"https:\/\/bertolinidirect.com\/de\/products\/chairs\/hd-premier-stacking-chair\/","og_locale":"de_DE","og_type":"article","og_title":"HD Premier Stacking Chair","og_description":"Ergonomic mesh stacking chair with curved back, ganging clips & free cart with 40 chairs. Ideal for events, offices & high-traffic spaces.","og_url":"https:\/\/bertolinidirect.com\/de\/products\/chairs\/hd-premier-stacking-chair\/","og_site_name":"Bertolini Direct","article_modified_time":"2025-10-23T19:51:25+00:00","og_image":[{"width":1024,"height":1024,"url":"https:\/\/bertolinidirect.com\/wp-content\/uploads\/2025\/09\/BERT_HD-Premier_SHADOWS.jpg","type":"image\/jpeg"}],"twitter_card":"summary_large_image","schema":{"@context":"https:\/\/schema.org","@graph":[{"@type":"WebPage","@id":"https:\/\/bertolinidirect.com\/de\/products\/chairs\/hd-premier-stacking-chair","url":"https:\/\/bertolinidirect.com\/de\/products\/chairs\/hd-premier-stacking-chair","name":"HD Premier Stapelstuhl | Mesh-Event-Sitzm\u00f6bel | Bertolini Direct","isPartOf":{"@id":"https:\/\/bertolinidirect.com\/de\/#website"},"primaryImageOfPage":{"@id":"https:\/\/bertolinidirect.com\/de\/products\/chairs\/hd-premier-stacking-chair#primaryimage"},"image":{"@id":"https:\/\/bertolinidirect.com\/de\/products\/chairs\/hd-premier-stacking-chair#primaryimage"},"thumbnailUrl":"https:\/\/bertolinidirect.com\/wp-content\/uploads\/2025\/09\/BERT_HD-Premier_SHADOWS.jpg","datePublished":"2025-09-22T19:55:20+00:00","dateModified":"2025-10-23T19:51:25+00:00","description":"Ergonomischer Netz-Stapelstuhl mit gebogener R\u00fcckenlehne, Verbindungsclips und kostenlosem Wagen mit 40 St\u00fchlen. Ideal f\u00fcr Veranstaltungen, B\u00fcros und stark frequentierte R\u00e4ume.","breadcrumb":{"@id":"https:\/\/bertolinidirect.com\/de\/products\/chairs\/hd-premier-stacking-chair#breadcrumb"},"inLanguage":"de","potentialAction":[{"@type":"ReadAction","target":["https:\/\/bertolinidirect.com\/de\/products\/chairs\/hd-premier-stacking-chair"]}]},{"@type":"ImageObject","inLanguage":"de","@id":"https:\/\/bertolinidirect.com\/de\/products\/chairs\/hd-premier-stacking-chair#primaryimage","url":"https:\/\/bertolinidirect.com\/wp-content\/uploads\/2025\/09\/BERT_HD-Premier_SHADOWS.jpg","contentUrl":"https:\/\/bertolinidirect.com\/wp-content\/uploads\/2025\/09\/BERT_HD-Premier_SHADOWS.jpg","width":1024,"height":1024,"caption":"HD Premiere front and back studio image"},{"@type":"BreadcrumbList","@id":"https:\/\/bertolinidirect.com\/de\/products\/chairs\/hd-premier-stacking-chair#breadcrumb","itemListElement":[{"@type":"ListItem","position":1,"name":"Home","item":"https:\/\/bertolinidirect.com\/"},{"@type":"ListItem","position":2,"name":"Products","item":"https:\/\/bertolinidirect.com\/products"},{"@type":"ListItem","position":3,"name":"Chairs","item":"https:\/\/bertolinidirect.com\/products\/chairs"},{"@type":"ListItem","position":4,"name":"HD Premier Stacking Chair"}]},{"@type":"WebSite","@id":"https:\/\/bertolinidirect.com\/de\/#website","url":"https:\/\/bertolinidirect.com\/de\/","name":"Bertolini","description":"","potentialAction":[{"@type":"SearchAction","target":{"@type":"EntryPoint","urlTemplate":"https:\/\/bertolinidirect.com\/de\/?s={search_term_string}"},"query-input":{"@type":"PropertyValueSpecification","valueRequired":true,"valueName":"search_term_string"}}],"inLanguage":"de"}]}},"_links":{"self":[{"href":"https:\/\/bertolinidirect.com\/de\/wp-json\/wp\/v2\/product\/24069","targetHints":{"allow":["GET"]}}],"collection":[{"href":"https:\/\/bertolinidirect.com\/de\/wp-json\/wp\/v2\/product"}],"about":[{"href":"https:\/\/bertolinidirect.com\/de\/wp-json\/wp\/v2\/types\/product"}],"wp:featuredmedia":[{"embeddable":true,"href":"https:\/\/bertolinidirect.com\/de\/wp-json\/wp\/v2\/media\/24097"}],"wp:attachment":[{"href":"https:\/\/bertolinidirect.com\/de\/wp-json\/wp\/v2\/media?parent=24069"}],"wp:term":[{"taxonomy":"product_brand","embeddable":true,"href":"https:\/\/bertolinidirect.com\/de\/wp-json\/wp\/v2\/product_brand?post=24069"},{"taxonomy":"product_cat","embeddable":true,"href":"https:\/\/bertolinidirect.com\/de\/wp-json\/wp\/v2\/product_cat?post=24069"},{"taxonomy":"product_tag","embeddable":true,"href":"https:\/\/bertolinidirect.com\/de\/wp-json\/wp\/v2\/product_tag?post=24069"}],"curies":[{"name":"wp","href":"https:\/\/api.w.org\/{rel}","templated":true}]}}