{"id":24068,"date":"2025-09-22T19:49:23","date_gmt":"2025-09-22T19:49:23","guid":{"rendered":"https:\/\/bertolinidirect.com\/?post_type=product&#038;p=24068"},"modified":"2025-10-23T19:51:16","modified_gmt":"2025-10-23T19:51:16","slug":"hd-select-stacking-chair","status":"publish","type":"product","link":"https:\/\/bertolinidirect.com\/de\/products\/chairs\/hd-select-stacking-chair","title":{"rendered":"HD Select Stapelstuhl"},"content":{"rendered":"<p>Der HD Select Stapelstuhl besticht durch seine schlanke Silhouette und einen klaren, minimalistischen Stil, der Funktionalit\u00e4t mit modernem Design verbindet. Der Kufenrahmen besteht aus hohlem Stahlrohr und ist dadurch leicht, stabil und langlebig. Die flexible, leicht gepolsterte Vinylsitzfl\u00e4che sorgt f\u00fcr Komfort und l\u00e4sst sich leicht abwischen. Die geschwungene R\u00fcckenlehne besteht aus abriebfestem Polypropylen-Kunststoff.<\/p>\n<p>Praktisch und professionell: Integrierte Verbindungsclips an den Bodengleitern erm\u00f6glichen die Verbindung der St\u00fchle in ordentlichen Reihen. Nylon-Kunststoffgleiter an der Unterseite der Gleiter erleichtern das Herausziehen des Stuhls von einem Tisch auf harten B\u00f6den. Dieser Stuhl eignet sich ideal f\u00fcr stark frequentierte Umgebungen wie Schulungsr\u00e4ume, Cafeterias, Schulen, Konzerte und Veranstaltungsorte.<\/p>\n<p>Zu jedem Stapel mit 30 St\u00fchlen ist ein KOSTENLOSER Wagen im Lieferumfang enthalten.<\/p>","protected":false},"excerpt":{"rendered":"<p>Sporting a sleek silhouette, the HD Select Stacking Chair has a clean, minimalist style that blends function with modern appeal. The sled base frame is made with a hollow steel tube, which makes it lightweight, stable, and durable. It features a flexible, lightly padded vinyl seat for comfort, which is easy to wipe clean. The [&hellip;]<\/p>\n","protected":false},"featured_media":24098,"template":"","meta":{"_acf_changed":true},"product_brand":[89],"product_cat":[22],"product_tag":[],"class_list":{"0":"post-24068","1":"product","2":"type-product","3":"status-publish","4":"has-post-thumbnail","6":"product_brand-hd-series","7":"product_cat-chairs","9":"first","10":"instock","11":"shipping-taxable","12":"purchasable","13":"product-type-simple"},"acf":[],"yoast_head":"<!-- This site is optimized with the Yoast SEO Premium plugin v24.2 (Yoast SEO v27.1.1) - https:\/\/yoast.com\/product\/yoast-seo-premium-wordpress\/ -->\n<title>HD Select Stacking Chair | Sleek, Durable Stacker | Bertolini Direct<\/title>\n<meta name=\"description\" content=\"Modern black stacking chair with metal sled base, foam seat, ganging clips &amp; free cart with 40 chairs. Perfect for classrooms, events &amp; multipurpose spaces.\" \/>\n<meta name=\"robots\" content=\"index, follow, max-snippet:-1, max-image-preview:large, max-video-preview:-1\" \/>\n<link rel=\"canonical\" href=\"https:\/\/bertolinidirect.com\/de\/products\/chairs\/hd-select-stacking-chair\/\" \/>\n<meta property=\"og:locale\" content=\"de_DE\" \/>\n<meta property=\"og:type\" content=\"article\" \/>\n<meta property=\"og:title\" content=\"HD Select Stacking Chair\" \/>\n<meta property=\"og:description\" content=\"Modern black stacking chair with metal sled base, foam seat, ganging clips &amp; free cart with 40 chairs. Perfect for classrooms, events &amp; multipurpose spaces.\" \/>\n<meta property=\"og:url\" content=\"https:\/\/bertolinidirect.com\/de\/products\/chairs\/hd-select-stacking-chair\/\" \/>\n<meta property=\"og:site_name\" content=\"Bertolini Direct\" \/>\n<meta property=\"article:modified_time\" content=\"2025-10-23T19:51:16+00:00\" \/>\n<meta property=\"og:image\" content=\"https:\/\/bertolinidirect.com\/wp-content\/uploads\/2025\/09\/BERT_HD-Select_SHADOWS.jpg\" \/>\n\t<meta property=\"og:image:width\" content=\"1024\" \/>\n\t<meta property=\"og:image:height\" content=\"1024\" \/>\n\t<meta property=\"og:image:type\" content=\"image\/jpeg\" \/>\n<meta name=\"twitter:card\" content=\"summary_large_image\" \/>\n<script type=\"application\/ld+json\" class=\"yoast-schema-graph\">{\"@context\":\"https:\/\/schema.org\",\"@graph\":[{\"@type\":\"WebPage\",\"@id\":\"https:\/\/bertolinidirect.com\/de\/products\/chairs\/hd-select-stacking-chair\",\"url\":\"https:\/\/bertolinidirect.com\/de\/products\/chairs\/hd-select-stacking-chair\",\"name\":\"HD Select Stacking Chair | Sleek, Durable Stacker | Bertolini Direct\",\"isPartOf\":{\"@id\":\"https:\/\/bertolinidirect.com\/de\/#website\"},\"primaryImageOfPage\":{\"@id\":\"https:\/\/bertolinidirect.com\/de\/products\/chairs\/hd-select-stacking-chair#primaryimage\"},\"image\":{\"@id\":\"https:\/\/bertolinidirect.com\/de\/products\/chairs\/hd-select-stacking-chair#primaryimage\"},\"thumbnailUrl\":\"https:\/\/bertolinidirect.com\/wp-content\/uploads\/2025\/09\/BERT_HD-Select_SHADOWS.jpg\",\"datePublished\":\"2025-09-22T19:49:23+00:00\",\"dateModified\":\"2025-10-23T19:51:16+00:00\",\"description\":\"Modern black stacking chair with metal sled base, foam seat, ganging clips & free cart with 40 chairs. Perfect for classrooms, events & multipurpose spaces.\",\"breadcrumb\":{\"@id\":\"https:\/\/bertolinidirect.com\/de\/products\/chairs\/hd-select-stacking-chair#breadcrumb\"},\"inLanguage\":\"de\",\"potentialAction\":[{\"@type\":\"ReadAction\",\"target\":[\"https:\/\/bertolinidirect.com\/de\/products\/chairs\/hd-select-stacking-chair\"]}]},{\"@type\":\"ImageObject\",\"inLanguage\":\"de\",\"@id\":\"https:\/\/bertolinidirect.com\/de\/products\/chairs\/hd-select-stacking-chair#primaryimage\",\"url\":\"https:\/\/bertolinidirect.com\/wp-content\/uploads\/2025\/09\/BERT_HD-Select_SHADOWS.jpg\",\"contentUrl\":\"https:\/\/bertolinidirect.com\/wp-content\/uploads\/2025\/09\/BERT_HD-Select_SHADOWS.jpg\",\"width\":1024,\"height\":1024,\"caption\":\"HD Select front and back studio shot\"},{\"@type\":\"BreadcrumbList\",\"@id\":\"https:\/\/bertolinidirect.com\/de\/products\/chairs\/hd-select-stacking-chair#breadcrumb\",\"itemListElement\":[{\"@type\":\"ListItem\",\"position\":1,\"name\":\"Home\",\"item\":\"https:\/\/bertolinidirect.com\/\"},{\"@type\":\"ListItem\",\"position\":2,\"name\":\"Products\",\"item\":\"https:\/\/bertolinidirect.com\/products\"},{\"@type\":\"ListItem\",\"position\":3,\"name\":\"Chairs\",\"item\":\"https:\/\/bertolinidirect.com\/products\/chairs\"},{\"@type\":\"ListItem\",\"position\":4,\"name\":\"HD Select Stacking Chair\"}]},{\"@type\":\"WebSite\",\"@id\":\"https:\/\/bertolinidirect.com\/de\/#website\",\"url\":\"https:\/\/bertolinidirect.com\/de\/\",\"name\":\"Bertolini\",\"description\":\"\",\"potentialAction\":[{\"@type\":\"SearchAction\",\"target\":{\"@type\":\"EntryPoint\",\"urlTemplate\":\"https:\/\/bertolinidirect.com\/de\/?s={search_term_string}\"},\"query-input\":{\"@type\":\"PropertyValueSpecification\",\"valueRequired\":true,\"valueName\":\"search_term_string\"}}],\"inLanguage\":\"de\"}]}<\/script>\n<!-- \/ Yoast SEO Premium plugin. -->","yoast_head_json":{"title":"HD Select Stapelstuhl | Schlanker, langlebiger Stapelstuhl | Bertolini Direct","description":"Moderner, schwarzer Stapelstuhl mit Metallschlitten, Schaumstoffsitz, Verbindungsclips und kostenlosem Wagen mit 40 St\u00fchlen. Ideal f\u00fcr Klassenzimmer, Veranstaltungen und Mehrzweckr\u00e4ume.","robots":{"index":"index","follow":"follow","max-snippet":"max-snippet:-1","max-image-preview":"max-image-preview:large","max-video-preview":"max-video-preview:-1"},"canonical":"https:\/\/bertolinidirect.com\/de\/products\/chairs\/hd-select-stacking-chair\/","og_locale":"de_DE","og_type":"article","og_title":"HD Select Stacking Chair","og_description":"Modern black stacking chair with metal sled base, foam seat, ganging clips & free cart with 40 chairs. Perfect for classrooms, events & multipurpose spaces.","og_url":"https:\/\/bertolinidirect.com\/de\/products\/chairs\/hd-select-stacking-chair\/","og_site_name":"Bertolini Direct","article_modified_time":"2025-10-23T19:51:16+00:00","og_image":[{"width":1024,"height":1024,"url":"https:\/\/bertolinidirect.com\/wp-content\/uploads\/2025\/09\/BERT_HD-Select_SHADOWS.jpg","type":"image\/jpeg"}],"twitter_card":"summary_large_image","schema":{"@context":"https:\/\/schema.org","@graph":[{"@type":"WebPage","@id":"https:\/\/bertolinidirect.com\/de\/products\/chairs\/hd-select-stacking-chair","url":"https:\/\/bertolinidirect.com\/de\/products\/chairs\/hd-select-stacking-chair","name":"HD Select Stapelstuhl | Schlanker, langlebiger Stapelstuhl | Bertolini Direct","isPartOf":{"@id":"https:\/\/bertolinidirect.com\/de\/#website"},"primaryImageOfPage":{"@id":"https:\/\/bertolinidirect.com\/de\/products\/chairs\/hd-select-stacking-chair#primaryimage"},"image":{"@id":"https:\/\/bertolinidirect.com\/de\/products\/chairs\/hd-select-stacking-chair#primaryimage"},"thumbnailUrl":"https:\/\/bertolinidirect.com\/wp-content\/uploads\/2025\/09\/BERT_HD-Select_SHADOWS.jpg","datePublished":"2025-09-22T19:49:23+00:00","dateModified":"2025-10-23T19:51:16+00:00","description":"Moderner, schwarzer Stapelstuhl mit Metallschlitten, Schaumstoffsitz, Verbindungsclips und kostenlosem Wagen mit 40 St\u00fchlen. Ideal f\u00fcr Klassenzimmer, Veranstaltungen und Mehrzweckr\u00e4ume.","breadcrumb":{"@id":"https:\/\/bertolinidirect.com\/de\/products\/chairs\/hd-select-stacking-chair#breadcrumb"},"inLanguage":"de","potentialAction":[{"@type":"ReadAction","target":["https:\/\/bertolinidirect.com\/de\/products\/chairs\/hd-select-stacking-chair"]}]},{"@type":"ImageObject","inLanguage":"de","@id":"https:\/\/bertolinidirect.com\/de\/products\/chairs\/hd-select-stacking-chair#primaryimage","url":"https:\/\/bertolinidirect.com\/wp-content\/uploads\/2025\/09\/BERT_HD-Select_SHADOWS.jpg","contentUrl":"https:\/\/bertolinidirect.com\/wp-content\/uploads\/2025\/09\/BERT_HD-Select_SHADOWS.jpg","width":1024,"height":1024,"caption":"HD Select front and back studio shot"},{"@type":"BreadcrumbList","@id":"https:\/\/bertolinidirect.com\/de\/products\/chairs\/hd-select-stacking-chair#breadcrumb","itemListElement":[{"@type":"ListItem","position":1,"name":"Home","item":"https:\/\/bertolinidirect.com\/"},{"@type":"ListItem","position":2,"name":"Products","item":"https:\/\/bertolinidirect.com\/products"},{"@type":"ListItem","position":3,"name":"Chairs","item":"https:\/\/bertolinidirect.com\/products\/chairs"},{"@type":"ListItem","position":4,"name":"HD Select Stacking Chair"}]},{"@type":"WebSite","@id":"https:\/\/bertolinidirect.com\/de\/#website","url":"https:\/\/bertolinidirect.com\/de\/","name":"Bertolini","description":"","potentialAction":[{"@type":"SearchAction","target":{"@type":"EntryPoint","urlTemplate":"https:\/\/bertolinidirect.com\/de\/?s={search_term_string}"},"query-input":{"@type":"PropertyValueSpecification","valueRequired":true,"valueName":"search_term_string"}}],"inLanguage":"de"}]}},"_links":{"self":[{"href":"https:\/\/bertolinidirect.com\/de\/wp-json\/wp\/v2\/product\/24068","targetHints":{"allow":["GET"]}}],"collection":[{"href":"https:\/\/bertolinidirect.com\/de\/wp-json\/wp\/v2\/product"}],"about":[{"href":"https:\/\/bertolinidirect.com\/de\/wp-json\/wp\/v2\/types\/product"}],"wp:featuredmedia":[{"embeddable":true,"href":"https:\/\/bertolinidirect.com\/de\/wp-json\/wp\/v2\/media\/24098"}],"wp:attachment":[{"href":"https:\/\/bertolinidirect.com\/de\/wp-json\/wp\/v2\/media?parent=24068"}],"wp:term":[{"taxonomy":"product_brand","embeddable":true,"href":"https:\/\/bertolinidirect.com\/de\/wp-json\/wp\/v2\/product_brand?post=24068"},{"taxonomy":"product_cat","embeddable":true,"href":"https:\/\/bertolinidirect.com\/de\/wp-json\/wp\/v2\/product_cat?post=24068"},{"taxonomy":"product_tag","embeddable":true,"href":"https:\/\/bertolinidirect.com\/de\/wp-json\/wp\/v2\/product_tag?post=24068"}],"curies":[{"name":"wp","href":"https:\/\/api.w.org\/{rel}","templated":true}]}}