{"id":906,"date":"2023-12-05T21:40:00","date_gmt":"2023-12-05T21:40:00","guid":{"rendered":"https:\/\/bertolinidirect.com\/?page_id=906"},"modified":"2024-05-14T17:12:02","modified_gmt":"2024-05-14T17:12:02","slug":"new-coo-cfo","status":"publish","type":"page","link":"https:\/\/bertolinidirect.com\/de\/press\/new-coo-cfo","title":{"rendered":"MITY Inc. ernennt neuen COO und CFO"},"content":{"rendered":"<p><strong>OREM, Utah, 5. Dezember 2023<\/strong><\/p>\n\n\n\n<p>Ben Harris wurde zum Chief Operating Officer (COO) von MITY Inc. ernannt, einem in den USA ans\u00e4ssigen Hersteller langlebiger M\u00f6bel und Ausstattungen f\u00fcr Veranstaltungszentren, Hotels, Restaurants, Seniorenwohnheime und andere B2B-M\u00e4rkte. Vor seiner Ernennung war Harris CFO. Gleichzeitig gab MITY Inc. bekannt, dass Brian Keding vom VP of Finance zum Chief Finance Officer (CFO) bef\u00f6rdert wurde.<\/p>\n\n\n\n<p>Ben Harris kommentierte: \u201eIch bin in dieser Organisation gro\u00df geworden und freue mich darauf, das, was ich als CFO von Mity Inc gelernt habe, in anderen Bereichen der Organisation anzuwenden. Die Zukunft sieht rosig aus und ich freue mich auf die Gelegenheit, als Chief Operating Officer funktions\u00fcbergreifend mit den anderen F\u00fchrungskr\u00e4ften des Unternehmens zusammenzuarbeiten, um auf dem Erfolg der letzten 35 Jahre aufzubauen.\u201c<\/p>\n\n\n\n<p>Harris verf\u00fcgt \u00fcber mehr als zehn Jahre F\u00fchrungserfahrung im Bereich Unternehmensfinanzierung und Wirtschaftspr\u00fcfung, unter anderem als CFO und VP of Finance bei MITY Inc. Er engagiert sich mit gro\u00dfem Engagement f\u00fcr das Unternehmen und dessen Vision, Mission und Werte.<\/p>\n\n\n\n<p>Brian Keding wurde auf Harris\u2018 fr\u00fchere Position als CFO bef\u00f6rdert. Keding ist seit mehreren Jahren bei MITY Inc. und hat in dieser Zeit in verschiedenen Positionen gearbeitet, darunter als VP of Finance und Manufacturing Controller. \u201eWir haben hier gro\u00dfartige Leute und eine gro\u00dfartige Kultur\u201c, sagte Keding. \u201eIn meinen sieben Jahren bei MITY Inc. war ich Teil eines unglaublichen Wachstums. Das Unternehmen boomt und die Marktwachstumsprognosen sind spektakul\u00e4r. Ich freue mich darauf, MITY Inc. zum Erfolg zu verhelfen.\u201c<\/p>\n\n\n\n<p>In fr\u00fcheren Positionen bei anderen Unternehmen hatte Keding verschiedene F\u00fchrungspositionen inne, darunter Corporate Controller und CFO. Kedings Leidenschaft ist es, ein erfolgreiches und sicheres Unternehmen f\u00fcr Mitarbeiter und Investoren zu schaffen.<\/p>\n\n\n\n<p>\u201eWir freuen uns, die vereinten Kr\u00e4fte von Ben und Brian im Team von MITY Inc. zu haben\u201c, kommentierte Kevin McCoy, CEO von MITY Inc. \u201eIhre Bef\u00f6rderungen sind wohlverdient und werden dem Mity-Team enorm zugutekommen.\u201c<\/p>\n\n\n\n<p><strong>\u00dcber MITY Inc.<\/strong><\/p>\n\n\n\n<p>Zur MITY-Produktfamilie geh\u00f6ren MityLite, Holsag, Bertolini und Broda. MityLite stellt preisgekr\u00f6nte M\u00f6bel f\u00fcr den gewerblichen Markt her. Holsag baut Hartholzst\u00fchle f\u00fcr die Bereiche Seniorenwohnen, Gesundheitswesen, Bildung, Beh\u00f6rden und Gastgewerbe. Bertolini stellt bequeme und langlebige Sitzm\u00f6bel f\u00fcr den Gottesdienstmarkt her. Broda liefert eine einzigartige Produktlinie von Rollst\u00fchlen mit Neigungsfunktion f\u00fcr Seniorenwohnen und Gesundheitswesen. MITY Inc. hat seinen Sitz in Orem, Utah, und verf\u00fcgt \u00fcber Produktions- und Vertriebsstandorte in Lindsay, Ontario; Kitchener, Ontario, und St. Louis, Missouri. Weitere Informationen finden Sie unter mityinc.com.<\/p>","protected":false},"excerpt":{"rendered":"<p>OREM, Utah, December 5, 2023 Ben Harris\u202fhas been appointed Chief Operating Officer (COO) of MITY Inc, a USA-based manufacturer of durable furniture and equipment for event centers, hotels, restaurants, senior living, and other B2B markets. Prior to his appointment, Harris was the CFO. Concurrently, MITY Inc announced that Brian Keding has been promoted from VP [&hellip;]<\/p>\n","protected":false},"author":1,"featured_media":0,"parent":762,"menu_order":0,"comment_status":"closed","ping_status":"closed","template":"content-page.php","meta":{"_acf_changed":false,"footnotes":""},"class_list":["post-906","page","type-page","status-publish","hentry"],"acf":[],"yoast_head":"<!-- This site is optimized with the Yoast SEO Premium plugin v24.2 (Yoast SEO v27.1.1) - https:\/\/yoast.com\/product\/yoast-seo-premium-wordpress\/ -->\n<title>MITY Inc Announces a New COO &amp; CFO | Bertolini Direct<\/title>\n<meta name=\"description\" content=\"OREM, Utah, December 5, 2023 Ben Harris\u202fhas been appointed Chief Operating Officer (COO) of MITY Inc, a USA-based manufacturer of durable furniture and\" \/>\n<meta name=\"robots\" content=\"index, follow, max-snippet:-1, max-image-preview:large, max-video-preview:-1\" \/>\n<link rel=\"canonical\" href=\"https:\/\/bertolinidirect.com\/de\/press\/new-coo-cfo\/\" \/>\n<meta property=\"og:locale\" content=\"de_DE\" \/>\n<meta property=\"og:type\" content=\"article\" \/>\n<meta property=\"og:title\" content=\"MITY Inc Announces a New COO &amp; CFO\" \/>\n<meta property=\"og:description\" content=\"OREM, Utah, December 5, 2023 Ben Harris\u202fhas been appointed Chief Operating Officer (COO) of MITY Inc, a USA-based manufacturer of durable furniture and\" \/>\n<meta property=\"og:url\" content=\"https:\/\/bertolinidirect.com\/de\/press\/new-coo-cfo\/\" \/>\n<meta property=\"og:site_name\" content=\"Bertolini Direct\" \/>\n<meta property=\"article:modified_time\" content=\"2024-05-14T17:12:02+00:00\" \/>\n<meta name=\"twitter:card\" content=\"summary_large_image\" \/>\n<script type=\"application\/ld+json\" class=\"yoast-schema-graph\">{\"@context\":\"https:\/\/schema.org\",\"@graph\":[{\"@type\":\"WebPage\",\"@id\":\"https:\/\/bertolinidirect.com\/de\/press\/new-coo-cfo\",\"url\":\"https:\/\/bertolinidirect.com\/de\/press\/new-coo-cfo\",\"name\":\"MITY Inc Announces a New COO &amp; CFO | Bertolini Direct\",\"isPartOf\":{\"@id\":\"https:\/\/bertolinidirect.com\/de\/#website\"},\"datePublished\":\"2023-12-05T21:40:00+00:00\",\"dateModified\":\"2024-05-14T17:12:02+00:00\",\"description\":\"OREM, Utah, December 5, 2023 Ben Harris\u202fhas been appointed Chief Operating Officer (COO) of MITY Inc, a USA-based manufacturer of durable furniture and\",\"breadcrumb\":{\"@id\":\"https:\/\/bertolinidirect.com\/de\/press\/new-coo-cfo#breadcrumb\"},\"inLanguage\":\"de\",\"potentialAction\":[{\"@type\":\"ReadAction\",\"target\":[\"https:\/\/bertolinidirect.com\/de\/press\/new-coo-cfo\"]}]},{\"@type\":\"BreadcrumbList\",\"@id\":\"https:\/\/bertolinidirect.com\/de\/press\/new-coo-cfo#breadcrumb\",\"itemListElement\":[{\"@type\":\"ListItem\",\"position\":1,\"name\":\"Home\",\"item\":\"https:\/\/bertolinidirect.com\/\"},{\"@type\":\"ListItem\",\"position\":2,\"name\":\"Press &amp; News\",\"item\":\"https:\/\/bertolinidirect.com\/press\"},{\"@type\":\"ListItem\",\"position\":3,\"name\":\"MITY Inc Announces a New COO &amp; CFO\"}]},{\"@type\":\"WebSite\",\"@id\":\"https:\/\/bertolinidirect.com\/de\/#website\",\"url\":\"https:\/\/bertolinidirect.com\/de\/\",\"name\":\"Bertolini\",\"description\":\"\",\"potentialAction\":[{\"@type\":\"SearchAction\",\"target\":{\"@type\":\"EntryPoint\",\"urlTemplate\":\"https:\/\/bertolinidirect.com\/de\/?s={search_term_string}\"},\"query-input\":{\"@type\":\"PropertyValueSpecification\",\"valueRequired\":true,\"valueName\":\"search_term_string\"}}],\"inLanguage\":\"de\"}]}<\/script>\n<!-- \/ Yoast SEO Premium plugin. -->","yoast_head_json":{"title":"MITY Inc. gibt neuen COO und CFO bekannt | Bertolini Direct","description":"OREM, Utah, 5. Dezember 2023 Ben Harris wurde zum Chief Operating Officer (COO) von MITY Inc. ernannt, einem in den USA ans\u00e4ssigen Hersteller von langlebigen M\u00f6beln und","robots":{"index":"index","follow":"follow","max-snippet":"max-snippet:-1","max-image-preview":"max-image-preview:large","max-video-preview":"max-video-preview:-1"},"canonical":"https:\/\/bertolinidirect.com\/de\/press\/new-coo-cfo\/","og_locale":"de_DE","og_type":"article","og_title":"MITY Inc Announces a New COO &amp; CFO","og_description":"OREM, Utah, December 5, 2023 Ben Harris\u202fhas been appointed Chief Operating Officer (COO) of MITY Inc, a USA-based manufacturer of durable furniture and","og_url":"https:\/\/bertolinidirect.com\/de\/press\/new-coo-cfo\/","og_site_name":"Bertolini Direct","article_modified_time":"2024-05-14T17:12:02+00:00","twitter_card":"summary_large_image","schema":{"@context":"https:\/\/schema.org","@graph":[{"@type":"WebPage","@id":"https:\/\/bertolinidirect.com\/de\/press\/new-coo-cfo","url":"https:\/\/bertolinidirect.com\/de\/press\/new-coo-cfo","name":"MITY Inc. gibt neuen COO und CFO bekannt | Bertolini Direct","isPartOf":{"@id":"https:\/\/bertolinidirect.com\/de\/#website"},"datePublished":"2023-12-05T21:40:00+00:00","dateModified":"2024-05-14T17:12:02+00:00","description":"OREM, Utah, 5. Dezember 2023 Ben Harris wurde zum Chief Operating Officer (COO) von MITY Inc. ernannt, einem in den USA ans\u00e4ssigen Hersteller von langlebigen M\u00f6beln und","breadcrumb":{"@id":"https:\/\/bertolinidirect.com\/de\/press\/new-coo-cfo#breadcrumb"},"inLanguage":"de","potentialAction":[{"@type":"ReadAction","target":["https:\/\/bertolinidirect.com\/de\/press\/new-coo-cfo"]}]},{"@type":"BreadcrumbList","@id":"https:\/\/bertolinidirect.com\/de\/press\/new-coo-cfo#breadcrumb","itemListElement":[{"@type":"ListItem","position":1,"name":"Home","item":"https:\/\/bertolinidirect.com\/"},{"@type":"ListItem","position":2,"name":"Press &amp; News","item":"https:\/\/bertolinidirect.com\/press"},{"@type":"ListItem","position":3,"name":"MITY Inc Announces a New COO &amp; CFO"}]},{"@type":"WebSite","@id":"https:\/\/bertolinidirect.com\/de\/#website","url":"https:\/\/bertolinidirect.com\/de\/","name":"Bertolini","description":"","potentialAction":[{"@type":"SearchAction","target":{"@type":"EntryPoint","urlTemplate":"https:\/\/bertolinidirect.com\/de\/?s={search_term_string}"},"query-input":{"@type":"PropertyValueSpecification","valueRequired":true,"valueName":"search_term_string"}}],"inLanguage":"de"}]}},"_links":{"self":[{"href":"https:\/\/bertolinidirect.com\/de\/wp-json\/wp\/v2\/pages\/906","targetHints":{"allow":["GET"]}}],"collection":[{"href":"https:\/\/bertolinidirect.com\/de\/wp-json\/wp\/v2\/pages"}],"about":[{"href":"https:\/\/bertolinidirect.com\/de\/wp-json\/wp\/v2\/types\/page"}],"author":[{"embeddable":true,"href":"https:\/\/bertolinidirect.com\/de\/wp-json\/wp\/v2\/users\/1"}],"replies":[{"embeddable":true,"href":"https:\/\/bertolinidirect.com\/de\/wp-json\/wp\/v2\/comments?post=906"}],"version-history":[{"count":1,"href":"https:\/\/bertolinidirect.com\/de\/wp-json\/wp\/v2\/pages\/906\/revisions"}],"predecessor-version":[{"id":908,"href":"https:\/\/bertolinidirect.com\/de\/wp-json\/wp\/v2\/pages\/906\/revisions\/908"}],"up":[{"embeddable":true,"href":"https:\/\/bertolinidirect.com\/de\/wp-json\/wp\/v2\/pages\/762"}],"wp:attachment":[{"href":"https:\/\/bertolinidirect.com\/de\/wp-json\/wp\/v2\/media?parent=906"}],"curies":[{"name":"wp","href":"https:\/\/api.w.org\/{rel}","templated":true}]}}