{"id":903,"date":"2023-11-16T21:38:00","date_gmt":"2023-11-16T21:38:00","guid":{"rendered":"https:\/\/bertolinidirect.com\/?page_id=903"},"modified":"2024-05-14T17:12:02","modified_gmt":"2024-05-14T17:12:02","slug":"new-ceo","status":"publish","type":"page","link":"https:\/\/bertolinidirect.com\/de\/press\/new-ceo","title":{"rendered":"MITY Inc. begr\u00fc\u00dft einen neuen CEO"},"content":{"rendered":"<p><strong>OREM, Utah, 16. November 2023<\/strong><\/p>\n\n\n\n<p>Kevin McCoy wurde zum Chief Executive Officer (CEO) von MITY Inc. ernannt, dem weltweiten Marktf\u00fchrer f\u00fcr au\u00dfergew\u00f6hnlich langlebige M\u00f6bel und Ausstattungen f\u00fcr Veranstaltungszentren, Hotels und Restaurants, Seniorenwohnheime, Kirchen und andere B2B-M\u00e4rkte.<\/p>\n\n\n\n<p>\u201eIch bin dankbar f\u00fcr die Gelegenheit, ein Unternehmen mit einer so langen Geschichte und Erfolgsbilanz zu leiten\u201c, sagte McCoy. \u201eIn den letzten 36 Jahren hat sich MITY weltweit einen Ruf f\u00fcr langlebige M\u00f6bel f\u00fcr Gewerber\u00e4ume erarbeitet. Auch in Zukunft konzentrieren wir uns weiterhin darauf, innovative und stilvolle L\u00f6sungen anzubieten, die Funktionalit\u00e4t und \u00c4sthetik verbessern.\u201c<\/p>\n\n\n\n<p>\u201eIch bin fest davon \u00fcberzeugt, dass ein Unternehmen eine Gruppe von Menschen ist, die auf ein gemeinsames Ziel hinarbeiten, und ich freue mich, meine Erfahrung und mein Fachwissen einzubringen, um auf dem Fundament aufzubauen, das das Team von MITY Inc. gelegt hat.\u201c<\/p>\n\n\n\n<p>McCoy hat \u00fcber 25 Jahre Erfahrung und hat mit renommierten Marken in der Objektm\u00f6belbranche zusammengearbeitet. Er verf\u00fcgt \u00fcber umfangreiche Erfahrung in der Entwicklung und Implementierung von Strategien und Taktiken f\u00fcr multinationale Organisationen. Er hat Freude an der Entwicklung von Menschen, Kultur und erfolgreichen Organisationen.<\/p>\n\n\n\n<p>McCoy war \u00fcber 21 Jahre bei Kimball International, davon 16 Jahre bei der Marke National Office Furniture, und arbeitete sich vom Vertriebsmitarbeiter in New York zum Pr\u00e4sidenten des Unternehmens hoch. Als Pr\u00e4sident von National Office Furniture war McCoy ma\u00dfgeblich an der Steigerung der betrieblichen Effizienz im gesamten Unternehmen in den Bereichen Fertigung, globale Lieferkette und Multi-Channel-Vertrieb beteiligt. Er leitete die globalen Strategien des Unternehmens zur Verbesserung des Designs, Umsetzung von Nachhaltigkeit und Verbesserung der Technologie, um National als Vordenker in der Branche zu positionieren und gleichzeitig Jahr f\u00fcr Jahr Rekordums\u00e4tze und eine richtungsweisende Finanzleistung zu erzielen.<\/p>\n\n\n\n<p>Zuletzt war McCoy CEO bei Polyvision, einem f\u00fchrenden Anbieter von CeramicSteel f\u00fcr Architektur, Infrastruktur und gewerbliche B\u00fcroprodukte. Als neuer CEO von Mity Inc. wird McCoy nach Lehi, Utah, umziehen und Vollzeit vom Standort Orem aus arbeiten.<\/p>\n\n\n\n<p><strong>\u00dcber MITY Inc.<\/strong><\/p>\n\n\n\n<p>Die MITY-Produktfamilie umfasst&nbsp;<a href=\"https:\/\/mitylite.com\/\">MityLite<\/a>,&nbsp;<a href=\"https:\/\/holsag.com\/\">Holsag<\/a>,&nbsp;<a href=\"https:\/\/bertolinidirect.com\/de\/\">Bertolini<\/a>, Und&nbsp;<a href=\"https:\/\/brodaseating.com\/\">Broda<\/a>. MityLite stellt preisgekr\u00f6nte M\u00f6bel f\u00fcr den gewerblichen Markt her. Holsag baut Hartholzst\u00fchle f\u00fcr die Bereiche Seniorenwohnen, Gesundheitswesen, Bildung, Beh\u00f6rden und Gastgewerbe. Bertolini stellt bequeme und langlebige Sitzm\u00f6bel f\u00fcr den Gottesdienstmarkt her. Broda liefert eine einzigartige Produktlinie von Rollst\u00fchlen mit Neigungsfunktion f\u00fcr Seniorenwohnen und Gesundheitswesen. MITY Inc hat seinen Sitz in Orem, Utah, und verf\u00fcgt \u00fcber Produktions- und Vertriebsstandorte in Lindsay, Ontario; Kitchener, Ontario, und St. Louis, Missouri. Weitere Informationen finden Sie unter mityinc.com.<\/p>","protected":false},"excerpt":{"rendered":"<p>OREM, Utah,\u202fNovember 16, 2023 Kevin McCoy\u202fhas been appointed chief executive officer (CEO) of MITY Inc, the global market leader of exceptionally durable furnishings and equipment for event centers, hotels and restaurants, senior living centers, churches, and other B2B markets. \u201cI am grateful for the opportunity to lead an organization with such a long history and [&hellip;]<\/p>\n","protected":false},"author":1,"featured_media":0,"parent":762,"menu_order":0,"comment_status":"closed","ping_status":"closed","template":"content-page.php","meta":{"_acf_changed":false,"footnotes":""},"class_list":["post-903","page","type-page","status-publish","hentry"],"acf":[],"yoast_head":"<!-- This site is optimized with the Yoast SEO Premium plugin v24.2 (Yoast SEO v27.1.1) - https:\/\/yoast.com\/product\/yoast-seo-premium-wordpress\/ -->\n<title>MITY Inc Welcomes a New CEO | Bertolini Direct<\/title>\n<meta name=\"description\" content=\"OREM, Utah,\u202fNovember 16, 2023 Kevin McCoy\u202fhas been appointed chief executive officer (CEO) of MITY Inc, the global market leader of exceptionally durable\" \/>\n<meta name=\"robots\" content=\"index, follow, max-snippet:-1, max-image-preview:large, max-video-preview:-1\" \/>\n<link rel=\"canonical\" href=\"https:\/\/bertolinidirect.com\/de\/press\/new-ceo\/\" \/>\n<meta property=\"og:locale\" content=\"de_DE\" \/>\n<meta property=\"og:type\" content=\"article\" \/>\n<meta property=\"og:title\" content=\"MITY Inc Welcomes a New CEO\" \/>\n<meta property=\"og:description\" content=\"OREM, Utah,\u202fNovember 16, 2023 Kevin McCoy\u202fhas been appointed chief executive officer (CEO) of MITY Inc, the global market leader of exceptionally durable\" \/>\n<meta property=\"og:url\" content=\"https:\/\/bertolinidirect.com\/de\/press\/new-ceo\/\" \/>\n<meta property=\"og:site_name\" content=\"Bertolini Direct\" \/>\n<meta property=\"article:modified_time\" content=\"2024-05-14T17:12:02+00:00\" \/>\n<meta name=\"twitter:card\" content=\"summary_large_image\" \/>\n<script type=\"application\/ld+json\" class=\"yoast-schema-graph\">{\"@context\":\"https:\/\/schema.org\",\"@graph\":[{\"@type\":\"WebPage\",\"@id\":\"https:\/\/bertolinidirect.com\/de\/press\/new-ceo\",\"url\":\"https:\/\/bertolinidirect.com\/de\/press\/new-ceo\",\"name\":\"MITY Inc Welcomes a New CEO | Bertolini Direct\",\"isPartOf\":{\"@id\":\"https:\/\/bertolinidirect.com\/de\/#website\"},\"datePublished\":\"2023-11-16T21:38:00+00:00\",\"dateModified\":\"2024-05-14T17:12:02+00:00\",\"description\":\"OREM, Utah,\u202fNovember 16, 2023 Kevin McCoy\u202fhas been appointed chief executive officer (CEO) of MITY Inc, the global market leader of exceptionally durable\",\"breadcrumb\":{\"@id\":\"https:\/\/bertolinidirect.com\/de\/press\/new-ceo#breadcrumb\"},\"inLanguage\":\"de\",\"potentialAction\":[{\"@type\":\"ReadAction\",\"target\":[\"https:\/\/bertolinidirect.com\/de\/press\/new-ceo\"]}]},{\"@type\":\"BreadcrumbList\",\"@id\":\"https:\/\/bertolinidirect.com\/de\/press\/new-ceo#breadcrumb\",\"itemListElement\":[{\"@type\":\"ListItem\",\"position\":1,\"name\":\"Home\",\"item\":\"https:\/\/bertolinidirect.com\/\"},{\"@type\":\"ListItem\",\"position\":2,\"name\":\"Press &amp; News\",\"item\":\"https:\/\/bertolinidirect.com\/press\"},{\"@type\":\"ListItem\",\"position\":3,\"name\":\"MITY Inc Welcomes a New CEO\"}]},{\"@type\":\"WebSite\",\"@id\":\"https:\/\/bertolinidirect.com\/de\/#website\",\"url\":\"https:\/\/bertolinidirect.com\/de\/\",\"name\":\"Bertolini\",\"description\":\"\",\"potentialAction\":[{\"@type\":\"SearchAction\",\"target\":{\"@type\":\"EntryPoint\",\"urlTemplate\":\"https:\/\/bertolinidirect.com\/de\/?s={search_term_string}\"},\"query-input\":{\"@type\":\"PropertyValueSpecification\",\"valueRequired\":true,\"valueName\":\"search_term_string\"}}],\"inLanguage\":\"de\"}]}<\/script>\n<!-- \/ Yoast SEO Premium plugin. -->","yoast_head_json":{"title":"MITY Inc. begr\u00fc\u00dft einen neuen CEO | Bertolini Direct","description":"OREM, Utah, 16. November 2023 Kevin McCoy wurde zum Chief Executive Officer (CEO) von MITY Inc. ernannt, dem weltweiten Marktf\u00fchrer f\u00fcr au\u00dfergew\u00f6hnlich langlebige","robots":{"index":"index","follow":"follow","max-snippet":"max-snippet:-1","max-image-preview":"max-image-preview:large","max-video-preview":"max-video-preview:-1"},"canonical":"https:\/\/bertolinidirect.com\/de\/press\/new-ceo\/","og_locale":"de_DE","og_type":"article","og_title":"MITY Inc Welcomes a New CEO","og_description":"OREM, Utah,\u202fNovember 16, 2023 Kevin McCoy\u202fhas been appointed chief executive officer (CEO) of MITY Inc, the global market leader of exceptionally durable","og_url":"https:\/\/bertolinidirect.com\/de\/press\/new-ceo\/","og_site_name":"Bertolini Direct","article_modified_time":"2024-05-14T17:12:02+00:00","twitter_card":"summary_large_image","schema":{"@context":"https:\/\/schema.org","@graph":[{"@type":"WebPage","@id":"https:\/\/bertolinidirect.com\/de\/press\/new-ceo","url":"https:\/\/bertolinidirect.com\/de\/press\/new-ceo","name":"MITY Inc. begr\u00fc\u00dft einen neuen CEO | Bertolini Direct","isPartOf":{"@id":"https:\/\/bertolinidirect.com\/de\/#website"},"datePublished":"2023-11-16T21:38:00+00:00","dateModified":"2024-05-14T17:12:02+00:00","description":"OREM, Utah, 16. November 2023 Kevin McCoy wurde zum Chief Executive Officer (CEO) von MITY Inc. ernannt, dem weltweiten Marktf\u00fchrer f\u00fcr au\u00dfergew\u00f6hnlich langlebige","breadcrumb":{"@id":"https:\/\/bertolinidirect.com\/de\/press\/new-ceo#breadcrumb"},"inLanguage":"de","potentialAction":[{"@type":"ReadAction","target":["https:\/\/bertolinidirect.com\/de\/press\/new-ceo"]}]},{"@type":"BreadcrumbList","@id":"https:\/\/bertolinidirect.com\/de\/press\/new-ceo#breadcrumb","itemListElement":[{"@type":"ListItem","position":1,"name":"Home","item":"https:\/\/bertolinidirect.com\/"},{"@type":"ListItem","position":2,"name":"Press &amp; News","item":"https:\/\/bertolinidirect.com\/press"},{"@type":"ListItem","position":3,"name":"MITY Inc Welcomes a New CEO"}]},{"@type":"WebSite","@id":"https:\/\/bertolinidirect.com\/de\/#website","url":"https:\/\/bertolinidirect.com\/de\/","name":"Bertolini","description":"","potentialAction":[{"@type":"SearchAction","target":{"@type":"EntryPoint","urlTemplate":"https:\/\/bertolinidirect.com\/de\/?s={search_term_string}"},"query-input":{"@type":"PropertyValueSpecification","valueRequired":true,"valueName":"search_term_string"}}],"inLanguage":"de"}]}},"_links":{"self":[{"href":"https:\/\/bertolinidirect.com\/de\/wp-json\/wp\/v2\/pages\/903","targetHints":{"allow":["GET"]}}],"collection":[{"href":"https:\/\/bertolinidirect.com\/de\/wp-json\/wp\/v2\/pages"}],"about":[{"href":"https:\/\/bertolinidirect.com\/de\/wp-json\/wp\/v2\/types\/page"}],"author":[{"embeddable":true,"href":"https:\/\/bertolinidirect.com\/de\/wp-json\/wp\/v2\/users\/1"}],"replies":[{"embeddable":true,"href":"https:\/\/bertolinidirect.com\/de\/wp-json\/wp\/v2\/comments?post=903"}],"version-history":[{"count":2,"href":"https:\/\/bertolinidirect.com\/de\/wp-json\/wp\/v2\/pages\/903\/revisions"}],"predecessor-version":[{"id":910,"href":"https:\/\/bertolinidirect.com\/de\/wp-json\/wp\/v2\/pages\/903\/revisions\/910"}],"up":[{"embeddable":true,"href":"https:\/\/bertolinidirect.com\/de\/wp-json\/wp\/v2\/pages\/762"}],"wp:attachment":[{"href":"https:\/\/bertolinidirect.com\/de\/wp-json\/wp\/v2\/media?parent=903"}],"curies":[{"name":"wp","href":"https:\/\/api.w.org\/{rel}","templated":true}]}}