{"id":900,"date":"2019-08-28T21:37:00","date_gmt":"2019-08-28T21:37:00","guid":{"rendered":"https:\/\/bertolinidirect.com\/?page_id=900"},"modified":"2025-11-21T23:28:28","modified_gmt":"2025-11-21T23:28:28","slug":"launches-new-website","status":"publish","type":"page","link":"https:\/\/bertolinidirect.com\/de\/press\/launches-new-website","title":{"rendered":"Bertolini startet neue Website und aktualisiert Kirchenst\u00fchle"},"content":{"rendered":"<p><strong>Orem, Utah \u2013 28. August 2019<\/strong><\/p>\n\n\n\n<p>Bertolini, ein f\u00fchrender Hersteller stapelbarer Kirchenst\u00fchle, hat eine neue Website mit einer aktualisierten Produktlinie und Ressourcen gestartet: bertolinidirect.com. Bertolini bedient den Gottesdienstmarkt seit mehr als 60 Jahren und ist sehr stolz auf seine amerikanische Handwerkskunst und sein Engagement f\u00fcr Innovation. Das Unternehmen wurde im Dezember 2017 zu einer Produktmarke von MITY Inc.<\/p>\n\n\n\n<p>\u201eDiese neue Website ist ein wichtiger n\u00e4chster Schritt, um unserem Anspruch gerecht zu werden, unseren Kunden die besten Produkte und Dienstleistungen zu bieten\u201c, sagt Tony R. Smith, CEO von MITY Inc. \u201eDie Site ist einfach zu navigieren und bietet zahlreiche Tools und Ressourcen f\u00fcr Mitglieder der Gottesdienstgemeinde.\u201c<\/p>\n\n\n\n<p>Die Website enth\u00e4lt Informationen zu Updates f\u00fcr die drei beliebtesten Bertolini-Kirchenst\u00fchle: Impressions Series, Millennia Series und Essentials Series. Kunden finden auch Tools, um St\u00fchle anzupassen und Stoffe virtuell auszuw\u00e4hlen. Dar\u00fcber hinaus k\u00f6nnen Benutzer Ressourcen herunterladen, die ihnen helfen zu lernen, wie sie erfolgreich in der Gemeinde werben, Spenden sammeln, kosteng\u00fcnstige Weihnachtsdekorationen herstellen und vieles mehr.<\/p>\n\n\n\n<p>\u201eWir m\u00f6chten es unseren Kunden leicht machen, ihren Gemeinden zu dienen und gesunde Kirchengemeinschaften zu schaffen\u201c, sagte Jeff Jones, nationaler Leiter des Kirchenverkaufs bei MITY Inc. \u201eDazu m\u00fcssen wir die besten Kirchenst\u00fchle herstellen und gleichzeitig unseren eigenen Werten treu bleiben. Dazu geh\u00f6rt, dass wir unsere Produkte in den USA herstellen, um lokale Gemeinden zu bereichern, Arbeitspl\u00e4tze f\u00fcr amerikanische Arbeiter zu schaffen und einen hervorragenden Kundenservice anzubieten.\u201c<\/p>\n\n\n\n<p>Weitere Informationen finden Sie unter bertolinidirect.com.<\/p>\n\n\n\n<p><strong>\u00dcber Bertolini<\/strong><\/p>\n\n\n\n<p>Bertolini hat sich verpflichtet, langlebige St\u00fchle zu liefern, die in Lawrenceburg, Tennessee, hergestellt werden. Das Unternehmen verwendet nur die besten Materialien von amerikanischen Lieferanten, um langlebige und bequeme St\u00fchle f\u00fcr den Gottesdienstmarkt herzustellen. Bertolini ist bestrebt, seinen Kunden die besten Produkte und Garantieprogramme zu bieten und gleichzeitig an einer Reihe wichtiger Grundwerte festzuhalten: Schaffung von Arbeitspl\u00e4tzen f\u00fcr amerikanische Arbeiter, Unterst\u00fctzung der lokalen Wirtschaft und Einhaltung fairer Arbeitspraktiken. Dies macht es Bertolini leicht, hinter jedem Stuhl zu stehen, den sie in den letzten 60 Jahren gebaut haben. Das Eigentum an Bertolini ging am 30. Dezember 2017 auf die Muttergesellschaft MITY Inc. \u00fcber.<\/p>\n\n\n\n<p><strong>\u00dcber die Bertolini-Muttergesellschaft MITY Inc.<\/strong><\/p>\n\n\n\n<p>MITY Inc. verwaltet langlebige M\u00f6belmarken f\u00fcr den globalen Markt. Zu den MITY-Produktmarken geh\u00f6ren MityLite, Holsag, Bertolini und BRODA\u00ae Seating. MityLite stellt preisgekr\u00f6nte und professionell gestaltete M\u00f6belprodukte f\u00fcr den kommerziellen Markt her, darunter Branchen wie Gastgewerbe, Regierung und Bildung. Holsag baut M\u00f6bel f\u00fcr die M\u00e4rkte Seniorenwohnen, Gesundheitswesen, Bildung und Gastgewerbe. Bertolini stellt bequeme und langlebige Sitzgelegenheiten f\u00fcr den Gottesdienstmarkt her. Broda liefert eine einzigartige Linie von Rollst\u00fchlen mit Neigungsfunktion f\u00fcr Seniorenwohnen und Gesundheitswesen. Das Unternehmen hat seinen Sitz in Orem, Utah, und verf\u00fcgt \u00fcber Produktionsst\u00e4tten in Lindsay, Ontario, Kitchener, Ontario, und Lawrenceburg, Tennessee. Weitere Informationen finden Sie unter mityinc.com.<\/p>","protected":false},"excerpt":{"rendered":"<p>Orem, Utah\u2014August 28, 2019 Bertolini, a leading manufacturer of stackable church chairs, has launched a new website with an updated product line and resources, bertolinidirect.com. Bertolini has been serving the worship market for more than 60 years, and they take great pride in having American craftsmanship and a commitment to innovation. The company became a [&hellip;]<\/p>\n","protected":false},"author":1,"featured_media":0,"parent":762,"menu_order":0,"comment_status":"closed","ping_status":"closed","template":"content-page.php","meta":{"_acf_changed":false,"footnotes":""},"class_list":["post-900","page","type-page","status-publish","hentry"],"acf":[],"yoast_head":"<!-- This site is optimized with the Yoast SEO Premium plugin v24.2 (Yoast SEO v27.4) - https:\/\/yoast.com\/product\/yoast-seo-premium-wordpress\/ -->\n<title>Bertolini Launches New Website and Updates Church Chairs<\/title>\n<meta name=\"description\" content=\"Orem, Utah\u2014August 28, 2019 Bertolini, a leading manufacturer of stackable church chairs, has launched a new website with an updated product line and\" \/>\n<meta name=\"robots\" content=\"index, follow, max-snippet:-1, max-image-preview:large, max-video-preview:-1\" \/>\n<link rel=\"canonical\" href=\"https:\/\/bertolinidirect.com\/de\/press\/launches-new-website\/\" \/>\n<meta property=\"og:locale\" content=\"de_DE\" \/>\n<meta property=\"og:type\" content=\"article\" \/>\n<meta property=\"og:title\" content=\"Bertolini Launches New Website and Updates Church Chairs\" \/>\n<meta property=\"og:description\" content=\"Orem, Utah\u2014August 28, 2019 Bertolini, a leading manufacturer of stackable church chairs, has launched a new website with an updated product line and\" \/>\n<meta property=\"og:url\" content=\"https:\/\/bertolinidirect.com\/de\/press\/launches-new-website\/\" \/>\n<meta property=\"og:site_name\" content=\"Bertolini Direct\" \/>\n<meta property=\"article:modified_time\" content=\"2025-11-21T23:28:28+00:00\" \/>\n<meta name=\"twitter:card\" content=\"summary_large_image\" \/>\n<script type=\"application\/ld+json\" class=\"yoast-schema-graph\">{\"@context\":\"https:\\\/\\\/schema.org\",\"@graph\":[{\"@type\":\"WebPage\",\"@id\":\"https:\\\/\\\/bertolinidirect.com\\\/de\\\/press\\\/launches-new-website\",\"url\":\"https:\\\/\\\/bertolinidirect.com\\\/de\\\/press\\\/launches-new-website\",\"name\":\"Bertolini Launches New Website and Updates Church Chairs\",\"isPartOf\":{\"@id\":\"https:\\\/\\\/bertolinidirect.com\\\/de\\\/#website\"},\"datePublished\":\"2019-08-28T21:37:00+00:00\",\"dateModified\":\"2025-11-21T23:28:28+00:00\",\"description\":\"Orem, Utah\u2014August 28, 2019 Bertolini, a leading manufacturer of stackable church chairs, has launched a new website with an updated product line and\",\"breadcrumb\":{\"@id\":\"https:\\\/\\\/bertolinidirect.com\\\/de\\\/press\\\/launches-new-website#breadcrumb\"},\"inLanguage\":\"de\",\"potentialAction\":[{\"@type\":\"ReadAction\",\"target\":[\"https:\\\/\\\/bertolinidirect.com\\\/de\\\/press\\\/launches-new-website\"]}]},{\"@type\":\"BreadcrumbList\",\"@id\":\"https:\\\/\\\/bertolinidirect.com\\\/de\\\/press\\\/launches-new-website#breadcrumb\",\"itemListElement\":[{\"@type\":\"ListItem\",\"position\":1,\"name\":\"Home\",\"item\":\"https:\\\/\\\/bertolinidirect.com\\\/\"},{\"@type\":\"ListItem\",\"position\":2,\"name\":\"Press &amp; News\",\"item\":\"https:\\\/\\\/bertolinidirect.com\\\/press\"},{\"@type\":\"ListItem\",\"position\":3,\"name\":\"Bertolini Launches New Website and Updates Church Chairs\"}]},{\"@type\":\"WebSite\",\"@id\":\"https:\\\/\\\/bertolinidirect.com\\\/de\\\/#website\",\"url\":\"https:\\\/\\\/bertolinidirect.com\\\/de\\\/\",\"name\":\"Bertolini\",\"description\":\"\",\"potentialAction\":[{\"@type\":\"SearchAction\",\"target\":{\"@type\":\"EntryPoint\",\"urlTemplate\":\"https:\\\/\\\/bertolinidirect.com\\\/de\\\/?s={search_term_string}\"},\"query-input\":{\"@type\":\"PropertyValueSpecification\",\"valueRequired\":true,\"valueName\":\"search_term_string\"}}],\"inLanguage\":\"de\"}]}<\/script>\n<!-- \/ Yoast SEO Premium plugin. -->","yoast_head_json":{"title":"Bertolini startet neue Website und aktualisiert Kirchenst\u00fchle","description":"Orem, Utah\u201428. August 2019 Bertolini, ein f\u00fchrender Hersteller von stapelbaren Kirchenst\u00fchlen, hat eine neue Website mit einer aktualisierten Produktlinie gestartet und","robots":{"index":"index","follow":"follow","max-snippet":"max-snippet:-1","max-image-preview":"max-image-preview:large","max-video-preview":"max-video-preview:-1"},"canonical":"https:\/\/bertolinidirect.com\/de\/press\/launches-new-website\/","og_locale":"de_DE","og_type":"article","og_title":"Bertolini Launches New Website and Updates Church Chairs","og_description":"Orem, Utah\u2014August 28, 2019 Bertolini, a leading manufacturer of stackable church chairs, has launched a new website with an updated product line and","og_url":"https:\/\/bertolinidirect.com\/de\/press\/launches-new-website\/","og_site_name":"Bertolini Direct","article_modified_time":"2025-11-21T23:28:28+00:00","twitter_card":"summary_large_image","schema":{"@context":"https:\/\/schema.org","@graph":[{"@type":"WebPage","@id":"https:\/\/bertolinidirect.com\/de\/press\/launches-new-website","url":"https:\/\/bertolinidirect.com\/de\/press\/launches-new-website","name":"Bertolini startet neue Website und aktualisiert Kirchenst\u00fchle","isPartOf":{"@id":"https:\/\/bertolinidirect.com\/de\/#website"},"datePublished":"2019-08-28T21:37:00+00:00","dateModified":"2025-11-21T23:28:28+00:00","description":"Orem, Utah\u201428. August 2019 Bertolini, ein f\u00fchrender Hersteller von stapelbaren Kirchenst\u00fchlen, hat eine neue Website mit einer aktualisierten Produktlinie gestartet und","breadcrumb":{"@id":"https:\/\/bertolinidirect.com\/de\/press\/launches-new-website#breadcrumb"},"inLanguage":"de","potentialAction":[{"@type":"ReadAction","target":["https:\/\/bertolinidirect.com\/de\/press\/launches-new-website"]}]},{"@type":"BreadcrumbList","@id":"https:\/\/bertolinidirect.com\/de\/press\/launches-new-website#breadcrumb","itemListElement":[{"@type":"ListItem","position":1,"name":"Home","item":"https:\/\/bertolinidirect.com\/"},{"@type":"ListItem","position":2,"name":"Press &amp; News","item":"https:\/\/bertolinidirect.com\/press"},{"@type":"ListItem","position":3,"name":"Bertolini Launches New Website and Updates Church Chairs"}]},{"@type":"WebSite","@id":"https:\/\/bertolinidirect.com\/de\/#website","url":"https:\/\/bertolinidirect.com\/de\/","name":"Bertolini","description":"","potentialAction":[{"@type":"SearchAction","target":{"@type":"EntryPoint","urlTemplate":"https:\/\/bertolinidirect.com\/de\/?s={search_term_string}"},"query-input":{"@type":"PropertyValueSpecification","valueRequired":true,"valueName":"search_term_string"}}],"inLanguage":"de"}]}},"_links":{"self":[{"href":"https:\/\/bertolinidirect.com\/de\/wp-json\/wp\/v2\/pages\/900","targetHints":{"allow":["GET"]}}],"collection":[{"href":"https:\/\/bertolinidirect.com\/de\/wp-json\/wp\/v2\/pages"}],"about":[{"href":"https:\/\/bertolinidirect.com\/de\/wp-json\/wp\/v2\/types\/page"}],"author":[{"embeddable":true,"href":"https:\/\/bertolinidirect.com\/de\/wp-json\/wp\/v2\/users\/1"}],"replies":[{"embeddable":true,"href":"https:\/\/bertolinidirect.com\/de\/wp-json\/wp\/v2\/comments?post=900"}],"version-history":[{"count":1,"href":"https:\/\/bertolinidirect.com\/de\/wp-json\/wp\/v2\/pages\/900\/revisions"}],"predecessor-version":[{"id":901,"href":"https:\/\/bertolinidirect.com\/de\/wp-json\/wp\/v2\/pages\/900\/revisions\/901"}],"up":[{"embeddable":true,"href":"https:\/\/bertolinidirect.com\/de\/wp-json\/wp\/v2\/pages\/762"}],"wp:attachment":[{"href":"https:\/\/bertolinidirect.com\/de\/wp-json\/wp\/v2\/media?parent=900"}],"curies":[{"name":"wp","href":"https:\/\/api.w.org\/{rel}","templated":true}]}}