{"id":897,"date":"2019-03-18T21:35:00","date_gmt":"2019-03-18T21:35:00","guid":{"rendered":"https:\/\/bertolinidirect.com\/?page_id=897"},"modified":"2024-05-16T20:46:56","modified_gmt":"2024-05-16T20:46:56","slug":"donates-chairs-to-inmate-programs","status":"publish","type":"page","link":"https:\/\/bertolinidirect.com\/de\/press\/donates-chairs-to-inmate-programs","title":{"rendered":"Bertolini spendet St\u00fchle f\u00fcr H\u00e4ftlingsprogramme in Justizvollzugsanstalten in Tennessee"},"content":{"rendered":"<p><strong>Lawrenceburg, TN \u2013 18. M\u00e4rz 2019<\/strong><\/p>\n\n\n\n<p>MITY Inc., ein Hersteller preisgekr\u00f6nter Gewerbem\u00f6bel, spendete St\u00fchle aus der Bertolini-Kollektion an die Justizvollzugsanstalten des Lawrence County in Lawrenceburg, Tennessee. Die St\u00fchle werden in einem Gemeinschaftsbereich f\u00fcr m\u00e4nnliche und weibliche H\u00e4ftlinge verwendet, wo sie an verschiedenen Serviceprogrammen teilnehmen k\u00f6nnen, darunter GED-Kurse und Gottesdienste.<\/p>\n\n\n\n<p>\u201eMITY ist bestrebt, in allen Gemeinden, in denen wir Produkte herstellen und Mitarbeiter besch\u00e4ftigen, ein ehrenhafter B\u00fcrger zu sein\u201c, sagte Christopher Galbraith, Pr\u00e4sident von MITY. \u201eIch bin so froh, dass unsere Mitarbeiter im B\u00fcro in Tennessee den Bedarf in der Gemeinde erkannt und eingesprungen sind, um zu helfen.\u201c<\/p>\n\n\n\n<p>MITY-Mitarbeiterin Anna Welsh entdeckte den Bedarf an einer Stuhlspende, als sie sich ehrenamtlich als Mitglied des Vorstands der Handelskammer von Lawrence County engagierte. Ihre Vorstandskollegin Mera Lerner, die die United Church in Lawrenceburg besucht, gab den Bedarf w\u00e4hrend einer Sitzung bekannt. Die United Church besucht Justizvollzugsanstalten, um eine Reihe mit dem Titel \u201eLiving Free\u201c zu unterrichten, eine achtsame, auf der Heiligen Schrift basierende Reihe, die Menschen helfen soll, die mit verschiedenen Herausforderungen im Leben zu k\u00e4mpfen haben.<\/p>\n\n\n\n<p>\u201eIch konnte sehen, dass der schlechte Zustand der St\u00fchle sie belastete, und ich wusste, dass wir eingreifen und helfen konnten\u201c, sagte Welsh. \u201eUnsere Spende wurde von den Frauen, die jede Woche mit den Insassen arbeiten, mit Umarmungen und H\u00e4ndesch\u00fctteln begr\u00fc\u00dft. Sie waren so dankbar, dass wir die M\u00f6glichkeit hatten, ihnen ein besseres Leben zu erm\u00f6glichen.\u201c<\/p>\n\n\n\n<p>Zur MITY-Produktfamilie geh\u00f6ren die langlebigen M\u00f6belmarken MityLite, Holsag, Bertolini und BRODA\u00ae Seating. MityLite stellt preisgekr\u00f6nte und professionell gestaltete M\u00f6belprodukte f\u00fcr den globalen, kommerziellen Markt her. Holsag baut M\u00f6bel f\u00fcr die M\u00e4rkte Seniorenwohnen, Gesundheitswesen, Bildung und Gastgewerbe. Bertolini stellt bequeme und langlebige Sitzgelegenheiten f\u00fcr den Gottesdienstmarkt her. Broda liefert eine einzigartige Linie von Rollst\u00fchlen mit Neigungsfunktion f\u00fcr Seniorenwohnen und Gesundheitswesen. Das Unternehmen hat seinen Sitz in Orem, Utah, und verf\u00fcgt \u00fcber Produktionsst\u00e4tten in Lindsay, Ontario, Kitchener, Ontario, und Lawrenceburg, Tennessee.<\/p>","protected":false},"excerpt":{"rendered":"<p>Lawrenceburg, TN\u2014March 18, 2019 MITY Inc., a manufacturer of award-winning commercial furniture, donated chairs from the Bertolini Collection to Lawrence County Correctional Facilities in Lawrenceburg, Tennessee. The chairs will be used in a common area for both male and female inmates where they can participate in various service programs including GED courses and religious services. [&hellip;]<\/p>\n","protected":false},"author":1,"featured_media":0,"parent":762,"menu_order":0,"comment_status":"closed","ping_status":"closed","template":"content-page.php","meta":{"_acf_changed":false,"footnotes":""},"class_list":["post-897","page","type-page","status-publish","hentry"],"acf":[],"yoast_head":"<!-- This site is optimized with the Yoast SEO Premium plugin v24.2 (Yoast SEO v27.1.1) - https:\/\/yoast.com\/product\/yoast-seo-premium-wordpress\/ -->\n<title>Bertolini Donates Chairs To Inmate Correctional Facilities<\/title>\n<meta name=\"description\" content=\"Lawrenceburg, TN\u2014March 18, 2019 MITY Inc., a manufacturer of award-winning commercial furniture, donated chairs from the Bertolini Collection to Lawrence\" \/>\n<meta name=\"robots\" content=\"index, follow, max-snippet:-1, max-image-preview:large, max-video-preview:-1\" \/>\n<link rel=\"canonical\" href=\"https:\/\/bertolinidirect.com\/de\/press\/donates-chairs-to-inmate-programs\/\" \/>\n<meta property=\"og:locale\" content=\"de_DE\" \/>\n<meta property=\"og:type\" content=\"article\" \/>\n<meta property=\"og:title\" content=\"Bertolini Donates Chairs To Inmate Programs In Tennessee Correctional Facilities\" \/>\n<meta property=\"og:description\" content=\"Lawrenceburg, TN\u2014March 18, 2019 MITY Inc., a manufacturer of award-winning commercial furniture, donated chairs from the Bertolini Collection to Lawrence\" \/>\n<meta property=\"og:url\" content=\"https:\/\/bertolinidirect.com\/de\/press\/donates-chairs-to-inmate-programs\/\" \/>\n<meta property=\"og:site_name\" content=\"Bertolini Direct\" \/>\n<meta property=\"article:modified_time\" content=\"2024-05-16T20:46:56+00:00\" \/>\n<meta name=\"twitter:card\" content=\"summary_large_image\" \/>\n<script type=\"application\/ld+json\" class=\"yoast-schema-graph\">{\"@context\":\"https:\/\/schema.org\",\"@graph\":[{\"@type\":\"WebPage\",\"@id\":\"https:\/\/bertolinidirect.com\/de\/press\/donates-chairs-to-inmate-programs\",\"url\":\"https:\/\/bertolinidirect.com\/de\/press\/donates-chairs-to-inmate-programs\",\"name\":\"Bertolini Donates Chairs To Inmate Correctional Facilities\",\"isPartOf\":{\"@id\":\"https:\/\/bertolinidirect.com\/de\/#website\"},\"datePublished\":\"2019-03-18T21:35:00+00:00\",\"dateModified\":\"2024-05-16T20:46:56+00:00\",\"description\":\"Lawrenceburg, TN\u2014March 18, 2019 MITY Inc., a manufacturer of award-winning commercial furniture, donated chairs from the Bertolini Collection to Lawrence\",\"breadcrumb\":{\"@id\":\"https:\/\/bertolinidirect.com\/de\/press\/donates-chairs-to-inmate-programs#breadcrumb\"},\"inLanguage\":\"de\",\"potentialAction\":[{\"@type\":\"ReadAction\",\"target\":[\"https:\/\/bertolinidirect.com\/de\/press\/donates-chairs-to-inmate-programs\"]}]},{\"@type\":\"BreadcrumbList\",\"@id\":\"https:\/\/bertolinidirect.com\/de\/press\/donates-chairs-to-inmate-programs#breadcrumb\",\"itemListElement\":[{\"@type\":\"ListItem\",\"position\":1,\"name\":\"Home\",\"item\":\"https:\/\/bertolinidirect.com\/\"},{\"@type\":\"ListItem\",\"position\":2,\"name\":\"Press &amp; News\",\"item\":\"https:\/\/bertolinidirect.com\/press\"},{\"@type\":\"ListItem\",\"position\":3,\"name\":\"Bertolini Donates Chairs To Inmate Programs In Tennessee Correctional Facilities\"}]},{\"@type\":\"WebSite\",\"@id\":\"https:\/\/bertolinidirect.com\/de\/#website\",\"url\":\"https:\/\/bertolinidirect.com\/de\/\",\"name\":\"Bertolini\",\"description\":\"\",\"potentialAction\":[{\"@type\":\"SearchAction\",\"target\":{\"@type\":\"EntryPoint\",\"urlTemplate\":\"https:\/\/bertolinidirect.com\/de\/?s={search_term_string}\"},\"query-input\":{\"@type\":\"PropertyValueSpecification\",\"valueRequired\":true,\"valueName\":\"search_term_string\"}}],\"inLanguage\":\"de\"}]}<\/script>\n<!-- \/ Yoast SEO Premium plugin. -->","yoast_head_json":{"title":"Bertolini spendet St\u00fchle an Justizvollzugsanstalten","description":"Lawrenceburg, TN \u2013 18. M\u00e4rz 2019 MITY Inc., ein Hersteller preisgekr\u00f6nter Gewerbem\u00f6bel, spendete St\u00fchle aus der Bertolini-Sammlung an Lawrence","robots":{"index":"index","follow":"follow","max-snippet":"max-snippet:-1","max-image-preview":"max-image-preview:large","max-video-preview":"max-video-preview:-1"},"canonical":"https:\/\/bertolinidirect.com\/de\/press\/donates-chairs-to-inmate-programs\/","og_locale":"de_DE","og_type":"article","og_title":"Bertolini Donates Chairs To Inmate Programs In Tennessee Correctional Facilities","og_description":"Lawrenceburg, TN\u2014March 18, 2019 MITY Inc., a manufacturer of award-winning commercial furniture, donated chairs from the Bertolini Collection to Lawrence","og_url":"https:\/\/bertolinidirect.com\/de\/press\/donates-chairs-to-inmate-programs\/","og_site_name":"Bertolini Direct","article_modified_time":"2024-05-16T20:46:56+00:00","twitter_card":"summary_large_image","schema":{"@context":"https:\/\/schema.org","@graph":[{"@type":"WebPage","@id":"https:\/\/bertolinidirect.com\/de\/press\/donates-chairs-to-inmate-programs","url":"https:\/\/bertolinidirect.com\/de\/press\/donates-chairs-to-inmate-programs","name":"Bertolini spendet St\u00fchle an Justizvollzugsanstalten","isPartOf":{"@id":"https:\/\/bertolinidirect.com\/de\/#website"},"datePublished":"2019-03-18T21:35:00+00:00","dateModified":"2024-05-16T20:46:56+00:00","description":"Lawrenceburg, TN \u2013 18. M\u00e4rz 2019 MITY Inc., ein Hersteller preisgekr\u00f6nter Gewerbem\u00f6bel, spendete St\u00fchle aus der Bertolini-Sammlung an Lawrence","breadcrumb":{"@id":"https:\/\/bertolinidirect.com\/de\/press\/donates-chairs-to-inmate-programs#breadcrumb"},"inLanguage":"de","potentialAction":[{"@type":"ReadAction","target":["https:\/\/bertolinidirect.com\/de\/press\/donates-chairs-to-inmate-programs"]}]},{"@type":"BreadcrumbList","@id":"https:\/\/bertolinidirect.com\/de\/press\/donates-chairs-to-inmate-programs#breadcrumb","itemListElement":[{"@type":"ListItem","position":1,"name":"Home","item":"https:\/\/bertolinidirect.com\/"},{"@type":"ListItem","position":2,"name":"Press &amp; News","item":"https:\/\/bertolinidirect.com\/press"},{"@type":"ListItem","position":3,"name":"Bertolini Donates Chairs To Inmate Programs In Tennessee Correctional Facilities"}]},{"@type":"WebSite","@id":"https:\/\/bertolinidirect.com\/de\/#website","url":"https:\/\/bertolinidirect.com\/de\/","name":"Bertolini","description":"","potentialAction":[{"@type":"SearchAction","target":{"@type":"EntryPoint","urlTemplate":"https:\/\/bertolinidirect.com\/de\/?s={search_term_string}"},"query-input":{"@type":"PropertyValueSpecification","valueRequired":true,"valueName":"search_term_string"}}],"inLanguage":"de"}]}},"_links":{"self":[{"href":"https:\/\/bertolinidirect.com\/de\/wp-json\/wp\/v2\/pages\/897","targetHints":{"allow":["GET"]}}],"collection":[{"href":"https:\/\/bertolinidirect.com\/de\/wp-json\/wp\/v2\/pages"}],"about":[{"href":"https:\/\/bertolinidirect.com\/de\/wp-json\/wp\/v2\/types\/page"}],"author":[{"embeddable":true,"href":"https:\/\/bertolinidirect.com\/de\/wp-json\/wp\/v2\/users\/1"}],"replies":[{"embeddable":true,"href":"https:\/\/bertolinidirect.com\/de\/wp-json\/wp\/v2\/comments?post=897"}],"version-history":[{"count":1,"href":"https:\/\/bertolinidirect.com\/de\/wp-json\/wp\/v2\/pages\/897\/revisions"}],"predecessor-version":[{"id":898,"href":"https:\/\/bertolinidirect.com\/de\/wp-json\/wp\/v2\/pages\/897\/revisions\/898"}],"up":[{"embeddable":true,"href":"https:\/\/bertolinidirect.com\/de\/wp-json\/wp\/v2\/pages\/762"}],"wp:attachment":[{"href":"https:\/\/bertolinidirect.com\/de\/wp-json\/wp\/v2\/media?parent=897"}],"curies":[{"name":"wp","href":"https:\/\/api.w.org\/{rel}","templated":true}]}}