{"id":892,"date":"2018-01-02T21:33:00","date_gmt":"2018-01-02T21:33:00","guid":{"rendered":"https:\/\/bertolinidirect.com\/?page_id=892"},"modified":"2024-05-14T17:12:02","modified_gmt":"2024-05-14T17:12:02","slug":"mity-inc-aquires-bertolini","status":"publish","type":"page","link":"https:\/\/bertolinidirect.com\/de\/press\/mity-inc-aquires-bertolini","title":{"rendered":"MITY Inc. \u00fcbernimmt Bertolini"},"content":{"rendered":"<p><strong>OREM, Utah \u2013 2. Januar 2018<\/strong><\/p>\n\n\n\n<p>MITY Inc., die Muttergesellschaft \u00e4u\u00dferst langlebiger M\u00f6belmarken wie MityLite\u00ae und Holsag\u2122, hat Bertolini Inc. \u00fcbernommen, einen privaten Hersteller von Sitzprodukten mit Schwerpunkt auf den M\u00e4rkten Gastgewerbe, \u00f6ffentliche Versammlungen und Gottesdienste. Diese \u00dcbernahme baut auf dem Erbe von MITY Inc. in Bezug auf Langlebigkeit und Innovation auf und versetzt das Unternehmen in die Lage, ein breiteres Produktangebot in Schl\u00fcsselm\u00e4rkten anzubieten. Der Eigent\u00fcmerwechsel erfolgte am 30. Dezember 2017.<\/p>\n\n\n\n<p>\u201eBertolini war eine nat\u00fcrliche Erg\u00e4nzung f\u00fcr die MITY-Familie\u201c, sagte John Dudash, Pr\u00e4sident und CEO von MITY Inc. \u201eDie \u00dcbernahme von Bertolini erm\u00f6glicht Produkterweiterungen und betriebliche Synergien in Schl\u00fcsselbranchen und teilt gleichzeitig unsere Grundwerte Qualit\u00e4t, Langlebigkeit und Kundenbindung.\u201c<\/p>\n\n\n\n<p>Bertolini produziert seit fast 60 Jahren in den USA und ist eine starke Erg\u00e4nzung der MITY-Produktfamilie. Sie sind sehr stolz auf amerikanische Handwerkskunst und engagieren sich f\u00fcr Innovation, un\u00fcbertroffenen Service und erstklassiges Preis-Leistungs-Verh\u00e4ltnis.<\/p>\n\n\n\n<p>Jim Bertolini, Eigent\u00fcmer und CEO von Bertolini, sagte: \u201eWir freuen uns darauf, Teil der branchenf\u00fchrenden Familie hochwertiger Marken von MITY Inc. zu werden. Dieser Schritt erm\u00f6glicht es uns, die Betriebseffizienz zu steigern und auf zus\u00e4tzliche Ressourcen zuzugreifen, die unser langfristiges Wachstum vorantreiben werden.\u201c<\/p>\n\n\n\n<p>MITY Inc. mit Sitz in Orem, Utah, ist die Muttergesellschaft von&nbsp;<a href=\"https:\/\/mitylite.com\/\">MityLite<\/a>,&nbsp;<a href=\"https:\/\/holsag.com\/\">Holsag<\/a>,&nbsp;<a href=\"https:\/\/brodaseating.com\/\">BRODA\u00ae Sitzm\u00f6bel<\/a>, und die neu erworbene Bertolini Inc. MityLite ist ein Hersteller preisgekr\u00f6nter und professionell gestalteter M\u00f6belprodukte f\u00fcr den globalen kommerziellen Markt. Holsag stellt St\u00fchle und M\u00f6bel her, die sich auf die M\u00e4rkte f\u00fcr Seniorenwohnen, Gesundheitswesen, Bildung und Gastgewerbe konzentrieren. BRODA liefert eine einzigartige Linie von Rollst\u00fchlen mit Neigungsfunktion, die seit mehr als 35 Jahren das Leben der Menschen verbessern. XpressPort ist ein f\u00fchrender Anbieter von Lager- und Transportprodukten f\u00fcr den \u00f6ffentlichen Versammlungs- und Gastgewerbemarkt. Bertolini ist ein Hersteller eleganter, bequemer und langlebiger stapelbarer Sitzgelegenheiten.<\/p>","protected":false},"excerpt":{"rendered":"<p>OREM, Utah \u2014 January 2, 2018 MITY Inc., the parent company of highly durable furniture brands including MityLite\u00ae and Holsag\u2122, acquired Bertolini Inc., a privately owned manufacturer of seating products focused on hospitality, public assembly and worship markets. This acquisition builds on the MITY Inc. legacy of durability and innovation and positions the organization to [&hellip;]<\/p>\n","protected":false},"author":1,"featured_media":0,"parent":762,"menu_order":0,"comment_status":"closed","ping_status":"closed","template":"content-page.php","meta":{"_acf_changed":false,"footnotes":""},"class_list":["post-892","page","type-page","status-publish","hentry"],"acf":[],"yoast_head":"<!-- This site is optimized with the Yoast SEO Premium plugin v24.2 (Yoast SEO v27.1.1) - https:\/\/yoast.com\/product\/yoast-seo-premium-wordpress\/ -->\n<title>MITY Inc. Acquires Bertolini | Bertolini Direct<\/title>\n<meta name=\"description\" content=\"OREM, Utah \u2014 January 2, 2018 MITY Inc., the parent company of highly durable furniture brands including MityLite\u00ae and Holsag\u2122, acquired Bertolini Inc., a\" \/>\n<meta name=\"robots\" content=\"index, follow, max-snippet:-1, max-image-preview:large, max-video-preview:-1\" \/>\n<link rel=\"canonical\" href=\"https:\/\/bertolinidirect.com\/de\/press\/mity-inc-aquires-bertolini\/\" \/>\n<meta property=\"og:locale\" content=\"de_DE\" \/>\n<meta property=\"og:type\" content=\"article\" \/>\n<meta property=\"og:title\" content=\"MITY Inc. Acquires Bertolini\" \/>\n<meta property=\"og:description\" content=\"OREM, Utah \u2014 January 2, 2018 MITY Inc., the parent company of highly durable furniture brands including MityLite\u00ae and Holsag\u2122, acquired Bertolini Inc., a\" \/>\n<meta property=\"og:url\" content=\"https:\/\/bertolinidirect.com\/de\/press\/mity-inc-aquires-bertolini\/\" \/>\n<meta property=\"og:site_name\" content=\"Bertolini Direct\" \/>\n<meta property=\"article:modified_time\" content=\"2024-05-14T17:12:02+00:00\" \/>\n<meta name=\"twitter:card\" content=\"summary_large_image\" \/>\n<script type=\"application\/ld+json\" class=\"yoast-schema-graph\">{\"@context\":\"https:\/\/schema.org\",\"@graph\":[{\"@type\":\"WebPage\",\"@id\":\"https:\/\/bertolinidirect.com\/de\/press\/mity-inc-aquires-bertolini\",\"url\":\"https:\/\/bertolinidirect.com\/de\/press\/mity-inc-aquires-bertolini\",\"name\":\"MITY Inc. Acquires Bertolini | Bertolini Direct\",\"isPartOf\":{\"@id\":\"https:\/\/bertolinidirect.com\/de\/#website\"},\"datePublished\":\"2018-01-02T21:33:00+00:00\",\"dateModified\":\"2024-05-14T17:12:02+00:00\",\"description\":\"OREM, Utah \u2014 January 2, 2018 MITY Inc., the parent company of highly durable furniture brands including MityLite\u00ae and Holsag\u2122, acquired Bertolini Inc., a\",\"breadcrumb\":{\"@id\":\"https:\/\/bertolinidirect.com\/de\/press\/mity-inc-aquires-bertolini#breadcrumb\"},\"inLanguage\":\"de\",\"potentialAction\":[{\"@type\":\"ReadAction\",\"target\":[\"https:\/\/bertolinidirect.com\/de\/press\/mity-inc-aquires-bertolini\"]}]},{\"@type\":\"BreadcrumbList\",\"@id\":\"https:\/\/bertolinidirect.com\/de\/press\/mity-inc-aquires-bertolini#breadcrumb\",\"itemListElement\":[{\"@type\":\"ListItem\",\"position\":1,\"name\":\"Home\",\"item\":\"https:\/\/bertolinidirect.com\/\"},{\"@type\":\"ListItem\",\"position\":2,\"name\":\"Press &amp; News\",\"item\":\"https:\/\/bertolinidirect.com\/press\"},{\"@type\":\"ListItem\",\"position\":3,\"name\":\"MITY Inc. Acquires Bertolini\"}]},{\"@type\":\"WebSite\",\"@id\":\"https:\/\/bertolinidirect.com\/de\/#website\",\"url\":\"https:\/\/bertolinidirect.com\/de\/\",\"name\":\"Bertolini\",\"description\":\"\",\"potentialAction\":[{\"@type\":\"SearchAction\",\"target\":{\"@type\":\"EntryPoint\",\"urlTemplate\":\"https:\/\/bertolinidirect.com\/de\/?s={search_term_string}\"},\"query-input\":{\"@type\":\"PropertyValueSpecification\",\"valueRequired\":true,\"valueName\":\"search_term_string\"}}],\"inLanguage\":\"de\"}]}<\/script>\n<!-- \/ Yoast SEO Premium plugin. -->","yoast_head_json":{"title":"MITY Inc. \u00fcbernimmt Bertolini | Bertolini Direkt","description":"OREM, Utah \u2014 2. Januar 2018 MITY Inc., die Muttergesellschaft \u00e4u\u00dferst langlebiger M\u00f6belmarken wie MityLite\u00ae und Holsag\u2122, hat Bertolini Inc. \u00fcbernommen, ein","robots":{"index":"index","follow":"follow","max-snippet":"max-snippet:-1","max-image-preview":"max-image-preview:large","max-video-preview":"max-video-preview:-1"},"canonical":"https:\/\/bertolinidirect.com\/de\/press\/mity-inc-aquires-bertolini\/","og_locale":"de_DE","og_type":"article","og_title":"MITY Inc. Acquires Bertolini","og_description":"OREM, Utah \u2014 January 2, 2018 MITY Inc., the parent company of highly durable furniture brands including MityLite\u00ae and Holsag\u2122, acquired Bertolini Inc., a","og_url":"https:\/\/bertolinidirect.com\/de\/press\/mity-inc-aquires-bertolini\/","og_site_name":"Bertolini Direct","article_modified_time":"2024-05-14T17:12:02+00:00","twitter_card":"summary_large_image","schema":{"@context":"https:\/\/schema.org","@graph":[{"@type":"WebPage","@id":"https:\/\/bertolinidirect.com\/de\/press\/mity-inc-aquires-bertolini","url":"https:\/\/bertolinidirect.com\/de\/press\/mity-inc-aquires-bertolini","name":"MITY Inc. \u00fcbernimmt Bertolini | Bertolini Direkt","isPartOf":{"@id":"https:\/\/bertolinidirect.com\/de\/#website"},"datePublished":"2018-01-02T21:33:00+00:00","dateModified":"2024-05-14T17:12:02+00:00","description":"OREM, Utah \u2014 2. Januar 2018 MITY Inc., die Muttergesellschaft \u00e4u\u00dferst langlebiger M\u00f6belmarken wie MityLite\u00ae und Holsag\u2122, hat Bertolini Inc. \u00fcbernommen, ein","breadcrumb":{"@id":"https:\/\/bertolinidirect.com\/de\/press\/mity-inc-aquires-bertolini#breadcrumb"},"inLanguage":"de","potentialAction":[{"@type":"ReadAction","target":["https:\/\/bertolinidirect.com\/de\/press\/mity-inc-aquires-bertolini"]}]},{"@type":"BreadcrumbList","@id":"https:\/\/bertolinidirect.com\/de\/press\/mity-inc-aquires-bertolini#breadcrumb","itemListElement":[{"@type":"ListItem","position":1,"name":"Home","item":"https:\/\/bertolinidirect.com\/"},{"@type":"ListItem","position":2,"name":"Press &amp; News","item":"https:\/\/bertolinidirect.com\/press"},{"@type":"ListItem","position":3,"name":"MITY Inc. Acquires Bertolini"}]},{"@type":"WebSite","@id":"https:\/\/bertolinidirect.com\/de\/#website","url":"https:\/\/bertolinidirect.com\/de\/","name":"Bertolini","description":"","potentialAction":[{"@type":"SearchAction","target":{"@type":"EntryPoint","urlTemplate":"https:\/\/bertolinidirect.com\/de\/?s={search_term_string}"},"query-input":{"@type":"PropertyValueSpecification","valueRequired":true,"valueName":"search_term_string"}}],"inLanguage":"de"}]}},"_links":{"self":[{"href":"https:\/\/bertolinidirect.com\/de\/wp-json\/wp\/v2\/pages\/892","targetHints":{"allow":["GET"]}}],"collection":[{"href":"https:\/\/bertolinidirect.com\/de\/wp-json\/wp\/v2\/pages"}],"about":[{"href":"https:\/\/bertolinidirect.com\/de\/wp-json\/wp\/v2\/types\/page"}],"author":[{"embeddable":true,"href":"https:\/\/bertolinidirect.com\/de\/wp-json\/wp\/v2\/users\/1"}],"replies":[{"embeddable":true,"href":"https:\/\/bertolinidirect.com\/de\/wp-json\/wp\/v2\/comments?post=892"}],"version-history":[{"count":1,"href":"https:\/\/bertolinidirect.com\/de\/wp-json\/wp\/v2\/pages\/892\/revisions"}],"predecessor-version":[{"id":895,"href":"https:\/\/bertolinidirect.com\/de\/wp-json\/wp\/v2\/pages\/892\/revisions\/895"}],"up":[{"embeddable":true,"href":"https:\/\/bertolinidirect.com\/de\/wp-json\/wp\/v2\/pages\/762"}],"wp:attachment":[{"href":"https:\/\/bertolinidirect.com\/de\/wp-json\/wp\/v2\/media?parent=892"}],"curies":[{"name":"wp","href":"https:\/\/api.w.org\/{rel}","templated":true}]}}