{"id":890,"date":"2015-11-09T21:30:00","date_gmt":"2015-11-09T21:30:00","guid":{"rendered":"https:\/\/bertolinidirect.com\/?page_id=890"},"modified":"2026-01-29T15:29:19","modified_gmt":"2026-01-29T15:29:19","slug":"north-point-community","status":"publish","type":"page","link":"https:\/\/bertolinidirect.com\/de\/press\/north-point-community","title":{"rendered":"Bertolini fertigte 4.500 Kirchenst\u00fchle nach Ma\u00df f\u00fcr die North Point Community Church"},"content":{"rendered":"<p><strong>CHINO, CA \u2013 9. November 2015<\/strong><\/p>\n\n\n\n<p>Bertolini hatte die gro\u00dfartige Gelegenheit, die Millennia-St\u00fchle f\u00fcr die North Point Community Church in Alpharetta, Georgia, herzustellen und individuell anzupassen. \u201cBertolini ist stolz darauf, die North Point Community Church von Andy Stanley zu seinen zufriedenen Kunden z\u00e4hlen zu d\u00fcrfen. Sie erwarben im Winter 2014 4.500 Bertolini-St\u00fchle und bauen diese zwei- bis dreimal im Monat auf und ab. Die Kirchenst\u00fchle erf\u00fcllen ihren Zweck voll und ganz, und auch der Gwinnett-Campus hat St\u00fchle f\u00fcr sein Auditorium gekauft. Es ist uns eine Freude, Teil dieser so wichtigen und fortschrittlichen Gemeindearbeit zu sein\u201d, so Robert Wiltsey, Vertriebsleiter f\u00fcr Kirchen.<\/p>\n\n\n\n<p>North Point Ministries, Inc. wurde 1995 mit der Vision gegr\u00fcndet, Kirchen zu schaffen, die die Menschen gerne besuchen. North Point Community Church ist eine \u00fcberkonfessionelle, evangelikale christliche Megakirche in Alpharetta, Georgia. Die Kirche mit mehreren Standorten wird derzeit jede Woche von durchschnittlich mehr als 33.000 Menschen an ihren sechs Standorten besucht und ist damit die gr\u00f6\u00dfte Kirche in Metro Atlanta. Sie bietet Erwachsenengruppen, Kinderbetreuung sowie Schul- und Hochschulbetreuung. Jeden Monat werden Predigten und F\u00fchrungsbotschaften \u00fcber eine Million Mal \u00fcber die North Point-Websites aufgerufen. Bertolini hat 4.500 Kirchenst\u00fchle f\u00fcr North Point Community Church und eine ihrer Kirchen mit mehreren Standorten, Gwinnette Church, speziell angefertigt. Gwinnette Church liegt 15 Meilen von North Point Community Church entfernt.<\/p>\n\n\n\n<p>F\u00fcr die North Point Community Church wurde ein Stuhl der Millennia-Serie von Bertolini ausgew\u00e4hlt. Diese Serie vereint eine ergonomische R\u00fcckenlehne mit dem Komfort einer pflegeleichten Holzsitzfl\u00e4che. Die R\u00fcckenlehnenform passt sich jeder K\u00f6rperform und -gr\u00f6\u00dfe an, indem sie den unteren R\u00fccken st\u00fctzt und gleichzeitig die Schultern sanft umschlie\u00dft. Bertolini bietet das branchenweit stabilste Stuhlgestell aus 16-Gauge-Kaltwalzstahl 1010 mit integriertem Torsionsstab. Die Oberfl\u00e4che des Gestells ist mit einer extrem widerstandsf\u00e4higen, elektrostatisch aufgetragenen Pulverbeschichtung versehen, die bei \u00fcber 400 Grad eingebrannt und \u00fcber 800 Stunden lang salzwasserbest\u00e4ndig war.<\/p>","protected":false},"excerpt":{"rendered":"<p>CHINO, CA\u2014November 9, 2015 Bertolini had the greatest opportunity to manufacture and custom build the&nbsp;Millennia chairs&nbsp;for North Point Community Church in Alpharetta, GA. \u201cBertolini is proud to have Andy Stanley\u2019s North Point Community as part of our portfolio of satisfied customers. They purchased 4,500 Bertolini chairs in the Winter of 2014 and they set up [&hellip;]<\/p>\n","protected":false},"author":1,"featured_media":0,"parent":762,"menu_order":0,"comment_status":"closed","ping_status":"closed","template":"content-page.php","meta":{"_acf_changed":false,"footnotes":""},"class_list":["post-890","page","type-page","status-publish","hentry"],"acf":[],"yoast_head":"<!-- This site is optimized with the Yoast SEO Premium plugin v24.2 (Yoast SEO v27.1.1) - https:\/\/yoast.com\/product\/yoast-seo-premium-wordpress\/ -->\n<title>Bertolini Built 4,500 Church Chairs for North Point Community Church<\/title>\n<meta name=\"description\" content=\"CHINO, CA\u2014November 9, 2015 Bertolini had the greatest opportunity to manufacture and custom build the&nbsp;Millennia chairs&nbsp;for North Point Community\" \/>\n<meta name=\"robots\" content=\"index, follow, max-snippet:-1, max-image-preview:large, max-video-preview:-1\" \/>\n<link rel=\"canonical\" href=\"https:\/\/bertolinidirect.com\/de\/press\/north-point-community\/\" \/>\n<meta property=\"og:locale\" content=\"de_DE\" \/>\n<meta property=\"og:type\" content=\"article\" \/>\n<meta property=\"og:title\" content=\"Bertolini Custom Built 4,500 Church Chairs for North Point Community Church\" \/>\n<meta property=\"og:description\" content=\"CHINO, CA\u2014November 9, 2015 Bertolini had the greatest opportunity to manufacture and custom build the&nbsp;Millennia chairs&nbsp;for North Point Community\" \/>\n<meta property=\"og:url\" content=\"https:\/\/bertolinidirect.com\/de\/press\/north-point-community\/\" \/>\n<meta property=\"og:site_name\" content=\"Bertolini Direct\" \/>\n<meta property=\"article:modified_time\" content=\"2026-01-29T15:29:19+00:00\" \/>\n<meta name=\"twitter:card\" content=\"summary_large_image\" \/>\n<script type=\"application\/ld+json\" class=\"yoast-schema-graph\">{\"@context\":\"https:\/\/schema.org\",\"@graph\":[{\"@type\":\"WebPage\",\"@id\":\"https:\/\/bertolinidirect.com\/de\/press\/north-point-community\",\"url\":\"https:\/\/bertolinidirect.com\/de\/press\/north-point-community\",\"name\":\"Bertolini Built 4,500 Church Chairs for North Point Community Church\",\"isPartOf\":{\"@id\":\"https:\/\/bertolinidirect.com\/de\/#website\"},\"datePublished\":\"2015-11-09T21:30:00+00:00\",\"dateModified\":\"2026-01-29T15:29:19+00:00\",\"description\":\"CHINO, CA\u2014November 9, 2015 Bertolini had the greatest opportunity to manufacture and custom build the&nbsp;Millennia chairs&nbsp;for North Point Community\",\"breadcrumb\":{\"@id\":\"https:\/\/bertolinidirect.com\/de\/press\/north-point-community#breadcrumb\"},\"inLanguage\":\"de\",\"potentialAction\":[{\"@type\":\"ReadAction\",\"target\":[\"https:\/\/bertolinidirect.com\/de\/press\/north-point-community\"]}]},{\"@type\":\"BreadcrumbList\",\"@id\":\"https:\/\/bertolinidirect.com\/de\/press\/north-point-community#breadcrumb\",\"itemListElement\":[{\"@type\":\"ListItem\",\"position\":1,\"name\":\"Home\",\"item\":\"https:\/\/bertolinidirect.com\/\"},{\"@type\":\"ListItem\",\"position\":2,\"name\":\"Press &amp; News\",\"item\":\"https:\/\/bertolinidirect.com\/press\"},{\"@type\":\"ListItem\",\"position\":3,\"name\":\"Bertolini Custom Built 4,500 Church Chairs for North Point Community Church\"}]},{\"@type\":\"WebSite\",\"@id\":\"https:\/\/bertolinidirect.com\/de\/#website\",\"url\":\"https:\/\/bertolinidirect.com\/de\/\",\"name\":\"Bertolini\",\"description\":\"\",\"potentialAction\":[{\"@type\":\"SearchAction\",\"target\":{\"@type\":\"EntryPoint\",\"urlTemplate\":\"https:\/\/bertolinidirect.com\/de\/?s={search_term_string}\"},\"query-input\":{\"@type\":\"PropertyValueSpecification\",\"valueRequired\":true,\"valueName\":\"search_term_string\"}}],\"inLanguage\":\"de\"}]}<\/script>\n<!-- \/ Yoast SEO Premium plugin. -->","yoast_head_json":{"title":"Bertolini baute 4.500 Kirchenst\u00fchle f\u00fcr die North Point Community Church","description":"CHINO, CA \u2013 9. November 2015: Bertolini hatte die gro\u00dfartige Gelegenheit, die Millennia-St\u00fchle f\u00fcr die North Point Community herzustellen und individuell anzufertigen.","robots":{"index":"index","follow":"follow","max-snippet":"max-snippet:-1","max-image-preview":"max-image-preview:large","max-video-preview":"max-video-preview:-1"},"canonical":"https:\/\/bertolinidirect.com\/de\/press\/north-point-community\/","og_locale":"de_DE","og_type":"article","og_title":"Bertolini Custom Built 4,500 Church Chairs for North Point Community Church","og_description":"CHINO, CA\u2014November 9, 2015 Bertolini had the greatest opportunity to manufacture and custom build the&nbsp;Millennia chairs&nbsp;for North Point Community","og_url":"https:\/\/bertolinidirect.com\/de\/press\/north-point-community\/","og_site_name":"Bertolini Direct","article_modified_time":"2026-01-29T15:29:19+00:00","twitter_card":"summary_large_image","schema":{"@context":"https:\/\/schema.org","@graph":[{"@type":"WebPage","@id":"https:\/\/bertolinidirect.com\/de\/press\/north-point-community","url":"https:\/\/bertolinidirect.com\/de\/press\/north-point-community","name":"Bertolini baute 4.500 Kirchenst\u00fchle f\u00fcr die North Point Community Church","isPartOf":{"@id":"https:\/\/bertolinidirect.com\/de\/#website"},"datePublished":"2015-11-09T21:30:00+00:00","dateModified":"2026-01-29T15:29:19+00:00","description":"CHINO, CA \u2013 9. November 2015: Bertolini hatte die gro\u00dfartige Gelegenheit, die Millennia-St\u00fchle f\u00fcr die North Point Community herzustellen und individuell anzufertigen.","breadcrumb":{"@id":"https:\/\/bertolinidirect.com\/de\/press\/north-point-community#breadcrumb"},"inLanguage":"de","potentialAction":[{"@type":"ReadAction","target":["https:\/\/bertolinidirect.com\/de\/press\/north-point-community"]}]},{"@type":"BreadcrumbList","@id":"https:\/\/bertolinidirect.com\/de\/press\/north-point-community#breadcrumb","itemListElement":[{"@type":"ListItem","position":1,"name":"Home","item":"https:\/\/bertolinidirect.com\/"},{"@type":"ListItem","position":2,"name":"Press &amp; News","item":"https:\/\/bertolinidirect.com\/press"},{"@type":"ListItem","position":3,"name":"Bertolini Custom Built 4,500 Church Chairs for North Point Community Church"}]},{"@type":"WebSite","@id":"https:\/\/bertolinidirect.com\/de\/#website","url":"https:\/\/bertolinidirect.com\/de\/","name":"Bertolini","description":"","potentialAction":[{"@type":"SearchAction","target":{"@type":"EntryPoint","urlTemplate":"https:\/\/bertolinidirect.com\/de\/?s={search_term_string}"},"query-input":{"@type":"PropertyValueSpecification","valueRequired":true,"valueName":"search_term_string"}}],"inLanguage":"de"}]}},"_links":{"self":[{"href":"https:\/\/bertolinidirect.com\/de\/wp-json\/wp\/v2\/pages\/890","targetHints":{"allow":["GET"]}}],"collection":[{"href":"https:\/\/bertolinidirect.com\/de\/wp-json\/wp\/v2\/pages"}],"about":[{"href":"https:\/\/bertolinidirect.com\/de\/wp-json\/wp\/v2\/types\/page"}],"author":[{"embeddable":true,"href":"https:\/\/bertolinidirect.com\/de\/wp-json\/wp\/v2\/users\/1"}],"replies":[{"embeddable":true,"href":"https:\/\/bertolinidirect.com\/de\/wp-json\/wp\/v2\/comments?post=890"}],"version-history":[{"count":3,"href":"https:\/\/bertolinidirect.com\/de\/wp-json\/wp\/v2\/pages\/890\/revisions"}],"predecessor-version":[{"id":24701,"href":"https:\/\/bertolinidirect.com\/de\/wp-json\/wp\/v2\/pages\/890\/revisions\/24701"}],"up":[{"embeddable":true,"href":"https:\/\/bertolinidirect.com\/de\/wp-json\/wp\/v2\/pages\/762"}],"wp:attachment":[{"href":"https:\/\/bertolinidirect.com\/de\/wp-json\/wp\/v2\/media?parent=890"}],"curies":[{"name":"wp","href":"https:\/\/api.w.org\/{rel}","templated":true}]}}