{"id":885,"date":"2015-06-05T21:26:00","date_gmt":"2015-06-05T21:26:00","guid":{"rendered":"https:\/\/bertolinidirect.com\/?page_id=885"},"modified":"2025-11-21T23:29:02","modified_gmt":"2025-11-21T23:29:02","slug":"customer-centric-delivery","status":"publish","type":"page","link":"https:\/\/bertolinidirect.com\/de\/press\/customer-centric-delivery","title":{"rendered":"Bertolini Incorporated f\u00fchrt kundenorientiertes Lieferprogramm ein"},"content":{"rendered":"<p><strong>Chino, Kalifornien \u2013 5. Juni 2015<\/strong><\/p>\n\n\n\n<p>Bertolini Incorporated stellte einen vierten Firmen-LKW mit einem 53 Fu\u00df langen, mit Planen ausgekleideten Anh\u00e4nger vor. Zur Feier ihres Engagements f\u00fcr die Kundenzufriedenheit von 100% hei\u00dft es auf den visuell gestalteten Anh\u00e4ngergrafiken des LKWs deutlich: \u201eWir stehen hinter jedem Stuhl, den wir bauen\u201c und verwenden die echten Fotos ihrer eigenen engagierten Mitarbeiter, die in der Produktionsst\u00e4tte in Lawrenceburg, Tennessee, arbeiten.<\/p>\n\n\n\n<p>BERTOLINI&#039;S \u201eWIR STEHEN HINTER JEDEM STUHL, DEN WIR BAUEN\u201c LIEFERPROGRAMM<\/p>\n\n\n\n<p>Bertolinis kundenorientiertes Lieferprogramm bietet Kunden den Vorteil, dass sie sich nicht um das Abladen der St\u00fchle vom Anh\u00e4nger k\u00fcmmern m\u00fcssen, wie dies normalerweise bei Lieferungen per Spedition erforderlich w\u00e4re. Dar\u00fcber hinaus unterst\u00fctzt dieses kundenorientierte Lieferprogramm Bertolinis Nachhaltigkeitsprogramm; Kunden m\u00fcssen sich keine Gedanken dar\u00fcber machen, ihren M\u00fcllcontainer mit Karton zu f\u00fcllen, da der Fahrer die sch\u00fctzende Wellpappeverpackung entfernen und an die Fabrik zur\u00fcckschicken kann, um sie bei zuk\u00fcnftigen Lieferungen wiederzuverwenden.<\/p>\n\n\n\n<p>Der erste Anh\u00e4nger wird haupts\u00e4chlich f\u00fcr geplante Routenlieferungen alle zwei Wochen an den gro\u00dfen Kundenstamm in den Bundesstaaten Georgia, Florida und Texas eingesetzt. Im Gegensatz zu einem Standardlieferprozess, der von Spediteuren verwendet wird, bietet Bertolinis spezielles Lieferprogramm seinen Kunden den Vorteil, dass der Fahrer die verpackten Stuhlstapel \u00fcber die Anh\u00e4ngerrampe bis vor ihre T\u00fcr bringen kann.<\/p>\n\n\n\n<p>Zus\u00e4tzlich zu diesem neuen Sattelschlepper hat Bertolini, Inc. bereits zwei Kastenwagen f\u00fcr Lieferungen im Umkreis von 250 Meilen um das Werk in Lawrenceburg im Einsatz. \u201eBertolini plant, sein kundenorientiertes Lieferprogramm weiter auszubauen und es k\u00fcnftig mit zus\u00e4tzlichen 53-Fu\u00df-Anh\u00e4ngern mit Planenverkleidung und Lieferrouten, die Lieferungen in weitere Bundesstaaten erm\u00f6glichen, noch mehr Kunden anzubieten\u201c, sagt Gary Daniels, Werksleiter in Lawrenceburg, TN.<\/p>","protected":false},"excerpt":{"rendered":"<p>Chino, CA\u2014June 05, 2015 Bertolini Incorporated introduced a fourth company truck with a blanket-lined 53 ft. trailer. In celebration of their commitment to 100% customer satisfaction, the truck\u2019s visually designed trailer graphics clearly state, \u201cWe Stand Behind Every Chair We Build\u201d and utilize the real-life photographs of their very own dedicated employees that work in [&hellip;]<\/p>\n","protected":false},"author":1,"featured_media":0,"parent":762,"menu_order":0,"comment_status":"closed","ping_status":"closed","template":"content-page.php","meta":{"_acf_changed":false,"footnotes":""},"class_list":["post-885","page","type-page","status-publish","hentry"],"acf":[],"yoast_head":"<!-- This site is optimized with the Yoast SEO Premium plugin v24.2 (Yoast SEO v27.1.1) - https:\/\/yoast.com\/product\/yoast-seo-premium-wordpress\/ -->\n<title>Bertolini Inc. Introduces Customer Centric Delivery Program<\/title>\n<meta name=\"description\" content=\"Chino, CA\u2014June 05, 2015 Bertolini Incorporated introduced a fourth company truck with a blanket-lined 53 ft. trailer. In celebration of their commitment\" \/>\n<meta name=\"robots\" content=\"index, follow, max-snippet:-1, max-image-preview:large, max-video-preview:-1\" \/>\n<link rel=\"canonical\" href=\"https:\/\/bertolinidirect.com\/de\/press\/customer-centric-delivery\/\" \/>\n<meta property=\"og:locale\" content=\"de_DE\" \/>\n<meta property=\"og:type\" content=\"article\" \/>\n<meta property=\"og:title\" content=\"Bertolini Incorporated Introduces Customer Centric Delivery Program\" \/>\n<meta property=\"og:description\" content=\"Chino, CA\u2014June 05, 2015 Bertolini Incorporated introduced a fourth company truck with a blanket-lined 53 ft. trailer. In celebration of their commitment\" \/>\n<meta property=\"og:url\" content=\"https:\/\/bertolinidirect.com\/de\/press\/customer-centric-delivery\/\" \/>\n<meta property=\"og:site_name\" content=\"Bertolini Direct\" \/>\n<meta property=\"article:modified_time\" content=\"2025-11-21T23:29:02+00:00\" \/>\n<meta name=\"twitter:card\" content=\"summary_large_image\" \/>\n<script type=\"application\/ld+json\" class=\"yoast-schema-graph\">{\"@context\":\"https:\/\/schema.org\",\"@graph\":[{\"@type\":\"WebPage\",\"@id\":\"https:\/\/bertolinidirect.com\/de\/press\/customer-centric-delivery\",\"url\":\"https:\/\/bertolinidirect.com\/de\/press\/customer-centric-delivery\",\"name\":\"Bertolini Inc. Introduces Customer Centric Delivery Program\",\"isPartOf\":{\"@id\":\"https:\/\/bertolinidirect.com\/de\/#website\"},\"datePublished\":\"2015-06-05T21:26:00+00:00\",\"dateModified\":\"2025-11-21T23:29:02+00:00\",\"description\":\"Chino, CA\u2014June 05, 2015 Bertolini Incorporated introduced a fourth company truck with a blanket-lined 53 ft. trailer. In celebration of their commitment\",\"breadcrumb\":{\"@id\":\"https:\/\/bertolinidirect.com\/de\/press\/customer-centric-delivery#breadcrumb\"},\"inLanguage\":\"de\",\"potentialAction\":[{\"@type\":\"ReadAction\",\"target\":[\"https:\/\/bertolinidirect.com\/de\/press\/customer-centric-delivery\"]}]},{\"@type\":\"BreadcrumbList\",\"@id\":\"https:\/\/bertolinidirect.com\/de\/press\/customer-centric-delivery#breadcrumb\",\"itemListElement\":[{\"@type\":\"ListItem\",\"position\":1,\"name\":\"Home\",\"item\":\"https:\/\/bertolinidirect.com\/\"},{\"@type\":\"ListItem\",\"position\":2,\"name\":\"Press &amp; News\",\"item\":\"https:\/\/bertolinidirect.com\/press\"},{\"@type\":\"ListItem\",\"position\":3,\"name\":\"Bertolini Incorporated Introduces Customer Centric Delivery Program\"}]},{\"@type\":\"WebSite\",\"@id\":\"https:\/\/bertolinidirect.com\/de\/#website\",\"url\":\"https:\/\/bertolinidirect.com\/de\/\",\"name\":\"Bertolini\",\"description\":\"\",\"potentialAction\":[{\"@type\":\"SearchAction\",\"target\":{\"@type\":\"EntryPoint\",\"urlTemplate\":\"https:\/\/bertolinidirect.com\/de\/?s={search_term_string}\"},\"query-input\":{\"@type\":\"PropertyValueSpecification\",\"valueRequired\":true,\"valueName\":\"search_term_string\"}}],\"inLanguage\":\"de\"}]}<\/script>\n<!-- \/ Yoast SEO Premium plugin. -->","yoast_head_json":{"title":"Bertolini Inc. f\u00fchrt ein kundenorientiertes Lieferprogramm ein","description":"Chino, CA\u20145. Juni 2015 Bertolini Incorporated stellte einen vierten Firmen-LKW mit einem 53-Fu\u00df-Anh\u00e4nger mit Plane vor. Zur Feier ihres Engagements","robots":{"index":"index","follow":"follow","max-snippet":"max-snippet:-1","max-image-preview":"max-image-preview:large","max-video-preview":"max-video-preview:-1"},"canonical":"https:\/\/bertolinidirect.com\/de\/press\/customer-centric-delivery\/","og_locale":"de_DE","og_type":"article","og_title":"Bertolini Incorporated Introduces Customer Centric Delivery Program","og_description":"Chino, CA\u2014June 05, 2015 Bertolini Incorporated introduced a fourth company truck with a blanket-lined 53 ft. trailer. In celebration of their commitment","og_url":"https:\/\/bertolinidirect.com\/de\/press\/customer-centric-delivery\/","og_site_name":"Bertolini Direct","article_modified_time":"2025-11-21T23:29:02+00:00","twitter_card":"summary_large_image","schema":{"@context":"https:\/\/schema.org","@graph":[{"@type":"WebPage","@id":"https:\/\/bertolinidirect.com\/de\/press\/customer-centric-delivery","url":"https:\/\/bertolinidirect.com\/de\/press\/customer-centric-delivery","name":"Bertolini Inc. f\u00fchrt ein kundenorientiertes Lieferprogramm ein","isPartOf":{"@id":"https:\/\/bertolinidirect.com\/de\/#website"},"datePublished":"2015-06-05T21:26:00+00:00","dateModified":"2025-11-21T23:29:02+00:00","description":"Chino, CA\u20145. Juni 2015 Bertolini Incorporated stellte einen vierten Firmen-LKW mit einem 53-Fu\u00df-Anh\u00e4nger mit Plane vor. Zur Feier ihres Engagements","breadcrumb":{"@id":"https:\/\/bertolinidirect.com\/de\/press\/customer-centric-delivery#breadcrumb"},"inLanguage":"de","potentialAction":[{"@type":"ReadAction","target":["https:\/\/bertolinidirect.com\/de\/press\/customer-centric-delivery"]}]},{"@type":"BreadcrumbList","@id":"https:\/\/bertolinidirect.com\/de\/press\/customer-centric-delivery#breadcrumb","itemListElement":[{"@type":"ListItem","position":1,"name":"Home","item":"https:\/\/bertolinidirect.com\/"},{"@type":"ListItem","position":2,"name":"Press &amp; News","item":"https:\/\/bertolinidirect.com\/press"},{"@type":"ListItem","position":3,"name":"Bertolini Incorporated Introduces Customer Centric Delivery Program"}]},{"@type":"WebSite","@id":"https:\/\/bertolinidirect.com\/de\/#website","url":"https:\/\/bertolinidirect.com\/de\/","name":"Bertolini","description":"","potentialAction":[{"@type":"SearchAction","target":{"@type":"EntryPoint","urlTemplate":"https:\/\/bertolinidirect.com\/de\/?s={search_term_string}"},"query-input":{"@type":"PropertyValueSpecification","valueRequired":true,"valueName":"search_term_string"}}],"inLanguage":"de"}]}},"_links":{"self":[{"href":"https:\/\/bertolinidirect.com\/de\/wp-json\/wp\/v2\/pages\/885","targetHints":{"allow":["GET"]}}],"collection":[{"href":"https:\/\/bertolinidirect.com\/de\/wp-json\/wp\/v2\/pages"}],"about":[{"href":"https:\/\/bertolinidirect.com\/de\/wp-json\/wp\/v2\/types\/page"}],"author":[{"embeddable":true,"href":"https:\/\/bertolinidirect.com\/de\/wp-json\/wp\/v2\/users\/1"}],"replies":[{"embeddable":true,"href":"https:\/\/bertolinidirect.com\/de\/wp-json\/wp\/v2\/comments?post=885"}],"version-history":[{"count":1,"href":"https:\/\/bertolinidirect.com\/de\/wp-json\/wp\/v2\/pages\/885\/revisions"}],"predecessor-version":[{"id":888,"href":"https:\/\/bertolinidirect.com\/de\/wp-json\/wp\/v2\/pages\/885\/revisions\/888"}],"up":[{"embeddable":true,"href":"https:\/\/bertolinidirect.com\/de\/wp-json\/wp\/v2\/pages\/762"}],"wp:attachment":[{"href":"https:\/\/bertolinidirect.com\/de\/wp-json\/wp\/v2\/media?parent=885"}],"curies":[{"name":"wp","href":"https:\/\/api.w.org\/{rel}","templated":true}]}}