{"id":882,"date":"2015-05-15T21:25:00","date_gmt":"2015-05-15T21:25:00","guid":{"rendered":"https:\/\/bertolinidirect.com\/?page_id=882"},"modified":"2024-05-16T20:41:11","modified_gmt":"2024-05-16T20:41:11","slug":"millennia-chairs","status":"publish","type":"page","link":"https:\/\/bertolinidirect.com\/de\/press\/millennia-chairs","title":{"rendered":"Bertolini fertigt ma\u00dfgeschneiderte Millennia-St\u00fchle f\u00fcr die New Hope Church"},"content":{"rendered":"<p><strong>Chino, Kalifornien \u2013 15. Mai 2015<\/strong><\/p>\n\n\n\n<p>Bertolini fertigt hochwertige, in den USA hergestellte Kirchenst\u00fchle und sein Engagement f\u00fcr Spitzenqualit\u00e4t spiegelt sich in allen seinen Produkten wider. Mit \u00fcber 50 Jahren Erfahrung hat das Familienunternehmen eine Vielzahl von Kirchen und Unternehmen mit hochwertigen Premium-Kirchenst\u00fchlen ausgestattet. Dank der Qualit\u00e4t der verwendeten Materialien, der innovativen Montagetechniken und des strengen Testverfahrens gehen die besten Kirchenst\u00fchle direkt von ihnen an den Kunden.<\/p>\n\n\n\n<p>Zuletzt hatte Bertolini die gro\u00dfartige Gelegenheit, die Millennia-St\u00fchle f\u00fcr die Hope Church herzustellen und nach Ma\u00df anzufertigen. Die Geschichte der Hope Church in Grand Haven, Michigan, begann 1935. Fast 8 Jahre lang war Tim Taylor Pastor der Hope Church und gemeinsam mit seinem Leitungsteam besteht ihre Vision darin, weiterhin Missionen durchzuf\u00fchren und der Gemeinde das Beste zu bieten. Die Hope Church bietet eine Vielzahl von Bildungs- und spirituellen Angeboten, darunter Sonntagsgottesdienste, Kinder- und Studentengottesdienste, familienorientierte Veranstaltungen und Treffen in kleinen Gruppen. \u201eDank der Bertolini-St\u00fchle k\u00f6nnen wir jede Woche mehr Sitzpl\u00e4tze schaffen und mehr G\u00e4ste versorgen! F\u00fcr uns war das eine gro\u00dfartige Entscheidung\u201c, sagt Pastor Tim Taylor.<\/p>\n\n\n\n<p>Der Bertolini-Stuhl, der f\u00fcr die Hope Church ausgew\u00e4hlt wurde, ist das Modell Millennia 4015. Der Millennia-Stuhl 4015 vereint Zweckm\u00e4\u00dfigkeit und bew\u00e4hrte Konstruktion. Der grundsolide, geschlossene Rahmen besteht aus pr\u00e4zisionsgeschwei\u00dftem kaltgewalztem 16-Gauge-1010-Kohlenstoffstahl mit integriertem Torsionsstab. Die feine Anpassung einer gerollten R\u00fcckenkante, des Schaumstoffs in Handelsqualit\u00e4t, des gepolsterten passiven Lendenbereichs und eines elegant gerollten Vordersitzes sind nur einige der gro\u00dfen Vorteile dieses ma\u00dfgeschneiderten Kirchenstuhls, der Stil mit Komfort vereint. Bertolini nimmt den st\u00e4rksten Stuhlrahmen der Branche und kombiniert ihn mit einer extrem langlebigen Pulverbeschichtung. Sie wird elektrostatisch aufgetragen und bei \u00fcber 400 Grad eingebrannt und \u00fcber 800 Stunden lang salzwassergetestet.<\/p>","protected":false},"excerpt":{"rendered":"<p>Chino, CA\u2014May 15, 2015 Bertolini engineers superior USA built church chairs and their commitment to excellence shows in all of their products. With over 50 years of experience, the family-owned business has provided high-quality premium church seating to a variety of churches and companies. From the quality of the materials they use, their innovative assembly [&hellip;]<\/p>\n","protected":false},"author":1,"featured_media":0,"parent":762,"menu_order":0,"comment_status":"closed","ping_status":"closed","template":"content-page.php","meta":{"_acf_changed":false,"footnotes":""},"class_list":["post-882","page","type-page","status-publish","hentry"],"acf":[],"yoast_head":"<!-- This site is optimized with the Yoast SEO Premium plugin v24.2 (Yoast SEO v27.1.1) - https:\/\/yoast.com\/product\/yoast-seo-premium-wordpress\/ -->\n<title>Bertolini Manufactures Millennia Chairs for New Hope Church<\/title>\n<meta name=\"description\" content=\"Chino, CA\u2014May 15, 2015 Bertolini engineers superior USA built church chairs and their commitment to excellence shows in all of their products. With over\" \/>\n<meta name=\"robots\" content=\"index, follow, max-snippet:-1, max-image-preview:large, max-video-preview:-1\" \/>\n<link rel=\"canonical\" href=\"https:\/\/bertolinidirect.com\/de\/press\/millennia-chairs\/\" \/>\n<meta property=\"og:locale\" content=\"de_DE\" \/>\n<meta property=\"og:type\" content=\"article\" \/>\n<meta property=\"og:title\" content=\"Bertolini Manufactures Custom Built Millennia Chairs for New Hope Church\" \/>\n<meta property=\"og:description\" content=\"Chino, CA\u2014May 15, 2015 Bertolini engineers superior USA built church chairs and their commitment to excellence shows in all of their products. With over\" \/>\n<meta property=\"og:url\" content=\"https:\/\/bertolinidirect.com\/de\/press\/millennia-chairs\/\" \/>\n<meta property=\"og:site_name\" content=\"Bertolini Direct\" \/>\n<meta property=\"article:modified_time\" content=\"2024-05-16T20:41:11+00:00\" \/>\n<meta name=\"twitter:card\" content=\"summary_large_image\" \/>\n<script type=\"application\/ld+json\" class=\"yoast-schema-graph\">{\"@context\":\"https:\/\/schema.org\",\"@graph\":[{\"@type\":\"WebPage\",\"@id\":\"https:\/\/bertolinidirect.com\/de\/press\/millennia-chairs\",\"url\":\"https:\/\/bertolinidirect.com\/de\/press\/millennia-chairs\",\"name\":\"Bertolini Manufactures Millennia Chairs for New Hope Church\",\"isPartOf\":{\"@id\":\"https:\/\/bertolinidirect.com\/de\/#website\"},\"datePublished\":\"2015-05-15T21:25:00+00:00\",\"dateModified\":\"2024-05-16T20:41:11+00:00\",\"description\":\"Chino, CA\u2014May 15, 2015 Bertolini engineers superior USA built church chairs and their commitment to excellence shows in all of their products. With over\",\"breadcrumb\":{\"@id\":\"https:\/\/bertolinidirect.com\/de\/press\/millennia-chairs#breadcrumb\"},\"inLanguage\":\"de\",\"potentialAction\":[{\"@type\":\"ReadAction\",\"target\":[\"https:\/\/bertolinidirect.com\/de\/press\/millennia-chairs\"]}]},{\"@type\":\"BreadcrumbList\",\"@id\":\"https:\/\/bertolinidirect.com\/de\/press\/millennia-chairs#breadcrumb\",\"itemListElement\":[{\"@type\":\"ListItem\",\"position\":1,\"name\":\"Home\",\"item\":\"https:\/\/bertolinidirect.com\/\"},{\"@type\":\"ListItem\",\"position\":2,\"name\":\"Press &amp; News\",\"item\":\"https:\/\/bertolinidirect.com\/press\"},{\"@type\":\"ListItem\",\"position\":3,\"name\":\"Bertolini Manufactures Custom Built Millennia Chairs for New Hope Church\"}]},{\"@type\":\"WebSite\",\"@id\":\"https:\/\/bertolinidirect.com\/de\/#website\",\"url\":\"https:\/\/bertolinidirect.com\/de\/\",\"name\":\"Bertolini\",\"description\":\"\",\"potentialAction\":[{\"@type\":\"SearchAction\",\"target\":{\"@type\":\"EntryPoint\",\"urlTemplate\":\"https:\/\/bertolinidirect.com\/de\/?s={search_term_string}\"},\"query-input\":{\"@type\":\"PropertyValueSpecification\",\"valueRequired\":true,\"valueName\":\"search_term_string\"}}],\"inLanguage\":\"de\"}]}<\/script>\n<!-- \/ Yoast SEO Premium plugin. -->","yoast_head_json":{"title":"Bertolini fertigt Millennia-St\u00fchle f\u00fcr die New Hope Church","description":"Chino, CA\u201415. Mai 2015 Bertolini fertigt hochwertige, in den USA hergestellte Kirchenst\u00fchle und ihr Engagement f\u00fcr Spitzenqualit\u00e4t spiegelt sich in allen ihren Produkten wider. Mit \u00fcber","robots":{"index":"index","follow":"follow","max-snippet":"max-snippet:-1","max-image-preview":"max-image-preview:large","max-video-preview":"max-video-preview:-1"},"canonical":"https:\/\/bertolinidirect.com\/de\/press\/millennia-chairs\/","og_locale":"de_DE","og_type":"article","og_title":"Bertolini Manufactures Custom Built Millennia Chairs for New Hope Church","og_description":"Chino, CA\u2014May 15, 2015 Bertolini engineers superior USA built church chairs and their commitment to excellence shows in all of their products. With over","og_url":"https:\/\/bertolinidirect.com\/de\/press\/millennia-chairs\/","og_site_name":"Bertolini Direct","article_modified_time":"2024-05-16T20:41:11+00:00","twitter_card":"summary_large_image","schema":{"@context":"https:\/\/schema.org","@graph":[{"@type":"WebPage","@id":"https:\/\/bertolinidirect.com\/de\/press\/millennia-chairs","url":"https:\/\/bertolinidirect.com\/de\/press\/millennia-chairs","name":"Bertolini fertigt Millennia-St\u00fchle f\u00fcr die New Hope Church","isPartOf":{"@id":"https:\/\/bertolinidirect.com\/de\/#website"},"datePublished":"2015-05-15T21:25:00+00:00","dateModified":"2024-05-16T20:41:11+00:00","description":"Chino, CA\u201415. Mai 2015 Bertolini fertigt hochwertige, in den USA hergestellte Kirchenst\u00fchle und ihr Engagement f\u00fcr Spitzenqualit\u00e4t spiegelt sich in allen ihren Produkten wider. Mit \u00fcber","breadcrumb":{"@id":"https:\/\/bertolinidirect.com\/de\/press\/millennia-chairs#breadcrumb"},"inLanguage":"de","potentialAction":[{"@type":"ReadAction","target":["https:\/\/bertolinidirect.com\/de\/press\/millennia-chairs"]}]},{"@type":"BreadcrumbList","@id":"https:\/\/bertolinidirect.com\/de\/press\/millennia-chairs#breadcrumb","itemListElement":[{"@type":"ListItem","position":1,"name":"Home","item":"https:\/\/bertolinidirect.com\/"},{"@type":"ListItem","position":2,"name":"Press &amp; News","item":"https:\/\/bertolinidirect.com\/press"},{"@type":"ListItem","position":3,"name":"Bertolini Manufactures Custom Built Millennia Chairs for New Hope Church"}]},{"@type":"WebSite","@id":"https:\/\/bertolinidirect.com\/de\/#website","url":"https:\/\/bertolinidirect.com\/de\/","name":"Bertolini","description":"","potentialAction":[{"@type":"SearchAction","target":{"@type":"EntryPoint","urlTemplate":"https:\/\/bertolinidirect.com\/de\/?s={search_term_string}"},"query-input":{"@type":"PropertyValueSpecification","valueRequired":true,"valueName":"search_term_string"}}],"inLanguage":"de"}]}},"_links":{"self":[{"href":"https:\/\/bertolinidirect.com\/de\/wp-json\/wp\/v2\/pages\/882","targetHints":{"allow":["GET"]}}],"collection":[{"href":"https:\/\/bertolinidirect.com\/de\/wp-json\/wp\/v2\/pages"}],"about":[{"href":"https:\/\/bertolinidirect.com\/de\/wp-json\/wp\/v2\/types\/page"}],"author":[{"embeddable":true,"href":"https:\/\/bertolinidirect.com\/de\/wp-json\/wp\/v2\/users\/1"}],"replies":[{"embeddable":true,"href":"https:\/\/bertolinidirect.com\/de\/wp-json\/wp\/v2\/comments?post=882"}],"version-history":[{"count":1,"href":"https:\/\/bertolinidirect.com\/de\/wp-json\/wp\/v2\/pages\/882\/revisions"}],"predecessor-version":[{"id":883,"href":"https:\/\/bertolinidirect.com\/de\/wp-json\/wp\/v2\/pages\/882\/revisions\/883"}],"up":[{"embeddable":true,"href":"https:\/\/bertolinidirect.com\/de\/wp-json\/wp\/v2\/pages\/762"}],"wp:attachment":[{"href":"https:\/\/bertolinidirect.com\/de\/wp-json\/wp\/v2\/media?parent=882"}],"curies":[{"name":"wp","href":"https:\/\/api.w.org\/{rel}","templated":true}]}}