{"id":879,"date":"2014-11-06T21:24:00","date_gmt":"2014-11-06T21:24:00","guid":{"rendered":"https:\/\/bertolinidirect.com\/?page_id=879"},"modified":"2026-01-29T15:29:35","modified_gmt":"2026-01-29T15:29:35","slug":"2-million-impressions","status":"publish","type":"page","link":"https:\/\/bertolinidirect.com\/de\/press\/2-million-impressions","title":{"rendered":"Bertolini feiert den Verkauf von \u00fcber 2 Millionen Kirchenst\u00fchlen der Impressions\u2122-Serie"},"content":{"rendered":"<p><strong>Chino, Kalifornien \u2013 6. November 2014<\/strong><\/p>\n\n\n\n<p>Bertolini fertigt hochwertige, in den USA hergestellte Kirchenst\u00fchle und sein Engagement f\u00fcr Spitzenqualit\u00e4t spiegelt sich in allen seinen Produkten wider. Mit \u00fcber 50 Jahren Erfahrung hat das Familienunternehmen eine Vielzahl von Kirchen und Unternehmen mit hochwertigen Premium-Kirchenst\u00fchlen ausgestattet. Dank der Qualit\u00e4t der verwendeten Materialien, der innovativen Montagetechniken und des strengen Testverfahrens gehen die besten Kirchenst\u00fchle direkt von ihnen an den Kunden.<\/p>\n\n\n\n<p>Vor Kurzem feierte Bertolini den Verkauf von \u00fcber 2 Millionen Kirchenst\u00fchlen der Impressions\u2122-Serie. Der Kirchenstuhl der Impressions\u2122-Serie wurde 2004 entwickelt und nur die hochwertigsten Materialien werden f\u00fcr den Stuhl der Impressions\u2122-Serie verwendet. Er passt sich dem K\u00f6rper an und sorgt so f\u00fcr optimalen Komfort, w\u00e4hrend die solide Struktur f\u00fcr erstaunliche Haltbarkeit sorgt. Bertolinis einzigartiges Design macht den Kirchenstuhl der Impressions\u2122-Serie zum einzigen wartungsfreien, stapelbaren Kirchenstuhl auf dem Markt. Der Flex-Fit\u2122-Sitz und das Fit-Tight\u2122-Befestigungssystem mit BosScrew\u2122-Technologie zeichnen sich durch echtes ergonomisches Design f\u00fcr optimalen Sitzkomfort und unglaubliche Haltbarkeit aus.<\/p>\n\n\n\n<p>Alle Modelle der Impressions\u2122-Serie verf\u00fcgen \u00fcber eines der st\u00e4rksten und komfortabelsten R\u00fcckenst\u00fctzsysteme von Bertolini. Die konturierte R\u00fcckenlehne harmoniert perfekt mit dem ergonomisch geformten S-f\u00f6rmigen Sattel des Flex-Fit\u2122-Sitzes, der exklusiven 2-Pfund-Schaumstoffpolsterung von Bertolini und dem abgerundeten Vorderteil und sorgt so f\u00fcr ganzt\u00e4gigen Komfort. Die R\u00fcckenlehne bietet komfortable und st\u00fctzende Eigenschaften, die bei stapelbaren St\u00fchlen sonst nicht zu finden sind. Ihre mehrfach konturierte Form passt sich jeder Statur an, indem sie den unteren R\u00fccken st\u00fctzt und gleichzeitig die Schultern sanft umschlie\u00dft. Bertolini erg\u00e4nzt die R\u00fcckenlehne mit der feinen Verarbeitung und der weichen Polsterung, die f\u00fcr ein unvergleichliches Komforterlebnis sorgen.<\/p>\n\n\n\n<p>Die Kirchenst\u00fchle der Impressions\u2122-Serie von Bertolini werden in den USA hergestellt. Sie werden vor Ort hergestellt und bestehen aus Komponenten wie recycelbarem US-Stahl, Polsterschaum auf Biobasis und 30+% postindustriell recycelten Sitzpolymeren. Sie bieten den st\u00e4rksten Rahmen der Branche mit kaltgewalztem 16-Gauge-Stahl 1010 mit integriertem, solidem Torsionsstabsystem. Die Rahmenoberfl\u00e4che besteht aus einer ultra-haltbaren Pulverbeschichtung, die elektrostatisch aufgetragen und bei \u00fcber 400 Grad eingebrannt wird und \u00fcber 800 Stunden lang salzwassergetestet wurde.<\/p>\n\n\n\n<p>\u201cIch empfehle oft die Impressions\u2122-Serie; jeder ist begeistert vom Komfort, der Eleganz und der Langlebigkeit unserer Stapelst\u00fchle. Die Leute schw\u00e4rmen einfach davon, wie bequem sie sind! Das sind die Momente, die meine ganze M\u00fche wert sind; denn letztendlich geht es mir darum, Kirchen das bestm\u00f6gliche Werkzeug an die Hand zu geben, damit sie ihre Gemeinde erfolgreicher erreichen k\u00f6nnen\u201d, sagt Trevor White, Senior Produktspezialist f\u00fcr die Region Ost-USA und Kanada.<\/p>","protected":false},"excerpt":{"rendered":"<p>Chino, CA\u2014November 06, 2014 Bertolini offers a large selection of superior USA built chairs. Their commitment to excellence shows in all of their products. From the quality of the materials they use, their innovative assembly techniques and rigorous testing process, the best church seating goes directly from them to the customer. With over 50 years [&hellip;]<\/p>\n","protected":false},"author":1,"featured_media":0,"parent":762,"menu_order":0,"comment_status":"closed","ping_status":"closed","template":"content-page.php","meta":{"_acf_changed":false,"footnotes":""},"class_list":["post-879","page","type-page","status-publish","hentry"],"acf":[],"yoast_head":"<!-- This site is optimized with the Yoast SEO Premium plugin v24.2 (Yoast SEO v27.1.1) - https:\/\/yoast.com\/product\/yoast-seo-premium-wordpress\/ -->\n<title>Bertolini Celebrates Over 2 Million Impressions\u2122 Church Chairs Sold<\/title>\n<meta name=\"description\" content=\"Chino, CA\u2014November 06, 2014 Bertolini offers a large selection of superior USA built chairs. Their commitment to excellence shows in all of their\" \/>\n<meta name=\"robots\" content=\"index, follow, max-snippet:-1, max-image-preview:large, max-video-preview:-1\" \/>\n<link rel=\"canonical\" href=\"https:\/\/bertolinidirect.com\/de\/press\/2-million-impressions\/\" \/>\n<meta property=\"og:locale\" content=\"de_DE\" \/>\n<meta property=\"og:type\" content=\"article\" \/>\n<meta property=\"og:title\" content=\"Bertolini Celebrates Over 2 Million Impressions\u2122 Series Church Chairs Sold\" \/>\n<meta property=\"og:description\" content=\"Chino, CA\u2014November 06, 2014 Bertolini offers a large selection of superior USA built chairs. Their commitment to excellence shows in all of their\" \/>\n<meta property=\"og:url\" content=\"https:\/\/bertolinidirect.com\/de\/press\/2-million-impressions\/\" \/>\n<meta property=\"og:site_name\" content=\"Bertolini Direct\" \/>\n<meta property=\"article:modified_time\" content=\"2026-01-29T15:29:35+00:00\" \/>\n<meta name=\"twitter:card\" content=\"summary_large_image\" \/>\n<script type=\"application\/ld+json\" class=\"yoast-schema-graph\">{\"@context\":\"https:\/\/schema.org\",\"@graph\":[{\"@type\":\"WebPage\",\"@id\":\"https:\/\/bertolinidirect.com\/de\/press\/2-million-impressions\",\"url\":\"https:\/\/bertolinidirect.com\/de\/press\/2-million-impressions\",\"name\":\"Bertolini Celebrates Over 2 Million Impressions\u2122 Church Chairs Sold\",\"isPartOf\":{\"@id\":\"https:\/\/bertolinidirect.com\/de\/#website\"},\"datePublished\":\"2014-11-06T21:24:00+00:00\",\"dateModified\":\"2026-01-29T15:29:35+00:00\",\"description\":\"Chino, CA\u2014November 06, 2014 Bertolini offers a large selection of superior USA built chairs. Their commitment to excellence shows in all of their\",\"breadcrumb\":{\"@id\":\"https:\/\/bertolinidirect.com\/de\/press\/2-million-impressions#breadcrumb\"},\"inLanguage\":\"de\",\"potentialAction\":[{\"@type\":\"ReadAction\",\"target\":[\"https:\/\/bertolinidirect.com\/de\/press\/2-million-impressions\"]}]},{\"@type\":\"BreadcrumbList\",\"@id\":\"https:\/\/bertolinidirect.com\/de\/press\/2-million-impressions#breadcrumb\",\"itemListElement\":[{\"@type\":\"ListItem\",\"position\":1,\"name\":\"Home\",\"item\":\"https:\/\/bertolinidirect.com\/\"},{\"@type\":\"ListItem\",\"position\":2,\"name\":\"Press &amp; News\",\"item\":\"https:\/\/bertolinidirect.com\/press\"},{\"@type\":\"ListItem\",\"position\":3,\"name\":\"Bertolini Celebrates Over 2 Million Impressions\u2122 Series Church Chairs Sold\"}]},{\"@type\":\"WebSite\",\"@id\":\"https:\/\/bertolinidirect.com\/de\/#website\",\"url\":\"https:\/\/bertolinidirect.com\/de\/\",\"name\":\"Bertolini\",\"description\":\"\",\"potentialAction\":[{\"@type\":\"SearchAction\",\"target\":{\"@type\":\"EntryPoint\",\"urlTemplate\":\"https:\/\/bertolinidirect.com\/de\/?s={search_term_string}\"},\"query-input\":{\"@type\":\"PropertyValueSpecification\",\"valueRequired\":true,\"valueName\":\"search_term_string\"}}],\"inLanguage\":\"de\"}]}<\/script>\n<!-- \/ Yoast SEO Premium plugin. -->","yoast_head_json":{"title":"Bertolini feiert den Verkauf von \u00fcber 2 Millionen Kirchenst\u00fchlen der Impressions\u2122-Serie","description":"Chino, CA\u20145. September 2014 Bertolini bietet eine gro\u00dfe Auswahl an hochwertigen, in den USA hergestellten St\u00fchlen. Ihr Engagement f\u00fcr Spitzenqualit\u00e4t zeigt sich in allen","robots":{"index":"index","follow":"follow","max-snippet":"max-snippet:-1","max-image-preview":"max-image-preview:large","max-video-preview":"max-video-preview:-1"},"canonical":"https:\/\/bertolinidirect.com\/de\/press\/2-million-impressions\/","og_locale":"de_DE","og_type":"article","og_title":"Bertolini Celebrates Over 2 Million Impressions\u2122 Series Church Chairs Sold","og_description":"Chino, CA\u2014November 06, 2014 Bertolini offers a large selection of superior USA built chairs. Their commitment to excellence shows in all of their","og_url":"https:\/\/bertolinidirect.com\/de\/press\/2-million-impressions\/","og_site_name":"Bertolini Direct","article_modified_time":"2026-01-29T15:29:35+00:00","twitter_card":"summary_large_image","schema":{"@context":"https:\/\/schema.org","@graph":[{"@type":"WebPage","@id":"https:\/\/bertolinidirect.com\/de\/press\/2-million-impressions","url":"https:\/\/bertolinidirect.com\/de\/press\/2-million-impressions","name":"Bertolini feiert den Verkauf von \u00fcber 2 Millionen Kirchenst\u00fchlen der Impressions\u2122-Serie","isPartOf":{"@id":"https:\/\/bertolinidirect.com\/de\/#website"},"datePublished":"2014-11-06T21:24:00+00:00","dateModified":"2026-01-29T15:29:35+00:00","description":"Chino, CA\u20145. September 2014 Bertolini bietet eine gro\u00dfe Auswahl an hochwertigen, in den USA hergestellten St\u00fchlen. Ihr Engagement f\u00fcr Spitzenqualit\u00e4t zeigt sich in allen","breadcrumb":{"@id":"https:\/\/bertolinidirect.com\/de\/press\/2-million-impressions#breadcrumb"},"inLanguage":"de","potentialAction":[{"@type":"ReadAction","target":["https:\/\/bertolinidirect.com\/de\/press\/2-million-impressions"]}]},{"@type":"BreadcrumbList","@id":"https:\/\/bertolinidirect.com\/de\/press\/2-million-impressions#breadcrumb","itemListElement":[{"@type":"ListItem","position":1,"name":"Home","item":"https:\/\/bertolinidirect.com\/"},{"@type":"ListItem","position":2,"name":"Press &amp; News","item":"https:\/\/bertolinidirect.com\/press"},{"@type":"ListItem","position":3,"name":"Bertolini Celebrates Over 2 Million Impressions\u2122 Series Church Chairs Sold"}]},{"@type":"WebSite","@id":"https:\/\/bertolinidirect.com\/de\/#website","url":"https:\/\/bertolinidirect.com\/de\/","name":"Bertolini","description":"","potentialAction":[{"@type":"SearchAction","target":{"@type":"EntryPoint","urlTemplate":"https:\/\/bertolinidirect.com\/de\/?s={search_term_string}"},"query-input":{"@type":"PropertyValueSpecification","valueRequired":true,"valueName":"search_term_string"}}],"inLanguage":"de"}]}},"_links":{"self":[{"href":"https:\/\/bertolinidirect.com\/de\/wp-json\/wp\/v2\/pages\/879","targetHints":{"allow":["GET"]}}],"collection":[{"href":"https:\/\/bertolinidirect.com\/de\/wp-json\/wp\/v2\/pages"}],"about":[{"href":"https:\/\/bertolinidirect.com\/de\/wp-json\/wp\/v2\/types\/page"}],"author":[{"embeddable":true,"href":"https:\/\/bertolinidirect.com\/de\/wp-json\/wp\/v2\/users\/1"}],"replies":[{"embeddable":true,"href":"https:\/\/bertolinidirect.com\/de\/wp-json\/wp\/v2\/comments?post=879"}],"version-history":[{"count":2,"href":"https:\/\/bertolinidirect.com\/de\/wp-json\/wp\/v2\/pages\/879\/revisions"}],"predecessor-version":[{"id":24695,"href":"https:\/\/bertolinidirect.com\/de\/wp-json\/wp\/v2\/pages\/879\/revisions\/24695"}],"up":[{"embeddable":true,"href":"https:\/\/bertolinidirect.com\/de\/wp-json\/wp\/v2\/pages\/762"}],"wp:attachment":[{"href":"https:\/\/bertolinidirect.com\/de\/wp-json\/wp\/v2\/media?parent=879"}],"curies":[{"name":"wp","href":"https:\/\/api.w.org\/{rel}","templated":true}]}}