{"id":870,"date":"2014-06-20T21:20:00","date_gmt":"2014-06-20T21:20:00","guid":{"rendered":"https:\/\/bertolinidirect.com\/?page_id=870"},"modified":"2024-05-14T17:12:02","modified_gmt":"2024-05-14T17:12:02","slug":"high-density-stacker","status":"publish","type":"page","link":"https:\/\/bertolinidirect.com\/de\/press\/high-density-stacker","title":{"rendered":"Bertolini stellt den High Density Stacker vor"},"content":{"rendered":"<p><strong>Chino, Kalifornien \u2013 20. Juni 2014<\/strong><\/p>\n\n\n\n<p>Bertolini freut sich, eine neue Erg\u00e4nzung seiner Mehrzwecksitzkollektion vorstellen zu d\u00fcrfen: den High Density Stacker. \u201eBei Bertolini sind wir st\u00e4ndig bestrebt, unsere Produktlinie zu erweitern, um unseren Kunden die bestm\u00f6glichen Sitzl\u00f6sungen f\u00fcr ihre Einrichtungen zu bieten\u201c, sagt Chuck Horn, Pr\u00e4sident von Bertolini Inc.<\/p>\n\n\n\n<p>Als Reaktion auf den mobilen Bedarf im Markt f\u00fcr Kirchensitzm\u00f6bel hat Bertolini sein Angebot um diese kosteng\u00fcnstige und dennoch langlebige Option f\u00fcr hochdichte Sitzm\u00f6bel erweitert.<\/p>\n\n\n\n<p>Dieser High Density Stacker ist perfekt f\u00fcr mobile Kirchen und Kirchen mit starker Geb\u00e4udenutzung, die h\u00e4ufiges Aufstellen und Lagern erfordert. Er ist auch ideal f\u00fcr kirchliche Organisationen, Unternehmen, Bildungseinrichtungen und das Gesundheitswesen. Die High-Density-Stapelst\u00fchle sind leicht und verf\u00fcgen \u00fcber rautenf\u00f6rmig perforierte Sitzfl\u00e4chen und R\u00fcckenlehnen f\u00fcr au\u00dfergew\u00f6hnlichen Komfort. Die reinigbaren Polymerschalen sind so geformt, dass sie sich dem K\u00f6rper anpassen, und rautenf\u00f6rmig perforiert, um eine Luftzirkulation zu gew\u00e4hrleisten, die Sie k\u00fchl und komfortabel h\u00e4lt. Der High Density Stacker stapelt 25 St\u00fchle hoch auf dem Heavy Duty High Density Cart, l\u00e4sst sich sanft rollen und passt problemlos durch T\u00fcren.<\/p>\n\n\n\n<p>Der High Density Stacker ist ab sofort erh\u00e4ltlich. Bertolini stellt dem Kunden eine Produktbeschreibung, Spezifikationen, Lieferzeit und Garantieinformationen zur Verf\u00fcgung. Au\u00dferdem ist ein kurzes Video verf\u00fcgbar, in dem gezeigt wird, wie m\u00fchelos sich der High Density Stacker stapeln l\u00e4sst.<\/p>\n\n\n\n<p>Bertolini ist ein f\u00fchrendes Designunternehmen im Bereich ergonomisch korrekter Stuhldesigns und seiner Flex Fit-Sitzdesigntechnologie f\u00fcr Kirchen. Ihre St\u00fchle sind leicht und stabil. Ihr Fachwissen in der Herstellung hochwertiger stapelbarer Sitzm\u00f6bel und ihr Engagement f\u00fcr erstklassigen Kundenservice finden bei Gemeinden weltweit Anerkennung.<\/p>","protected":false},"excerpt":{"rendered":"<p>Chino, CA\u2014June 20, 2014 Bertolini is please to introduce a new addition to their multi-purpose seating collection, The High Density Stacker. \u201cAt Bertolini we continuously strive to expand our line of products in order to provide our clients with the best possible seating solutions for their facilities,\u201d says Chuck Horn, President of Bertolini Inc. In [&hellip;]<\/p>\n","protected":false},"author":1,"featured_media":0,"parent":762,"menu_order":0,"comment_status":"closed","ping_status":"closed","template":"content-page.php","meta":{"_acf_changed":false,"footnotes":""},"class_list":["post-870","page","type-page","status-publish","hentry"],"acf":[],"yoast_head":"<!-- This site is optimized with the Yoast SEO Premium plugin v24.2 (Yoast SEO v27.1.1) - https:\/\/yoast.com\/product\/yoast-seo-premium-wordpress\/ -->\n<title>Bertolini Introduces The High Density Stacker | Bertolini Direct<\/title>\n<meta name=\"description\" content=\"Chino, CA\u2014June 20, 2014 Bertolini is please to introduce a new addition to their multi-purpose seating collection, The High Density Stacker. \u201cAt Bertolini\" \/>\n<meta name=\"robots\" content=\"index, follow, max-snippet:-1, max-image-preview:large, max-video-preview:-1\" \/>\n<link rel=\"canonical\" href=\"https:\/\/bertolinidirect.com\/de\/press\/high-density-stacker\/\" \/>\n<meta property=\"og:locale\" content=\"de_DE\" \/>\n<meta property=\"og:type\" content=\"article\" \/>\n<meta property=\"og:title\" content=\"Bertolini Introduces The High Density Stacker\" \/>\n<meta property=\"og:description\" content=\"Chino, CA\u2014June 20, 2014 Bertolini is please to introduce a new addition to their multi-purpose seating collection, The High Density Stacker. \u201cAt Bertolini\" \/>\n<meta property=\"og:url\" content=\"https:\/\/bertolinidirect.com\/de\/press\/high-density-stacker\/\" \/>\n<meta property=\"og:site_name\" content=\"Bertolini Direct\" \/>\n<meta property=\"article:modified_time\" content=\"2024-05-14T17:12:02+00:00\" \/>\n<meta name=\"twitter:card\" content=\"summary_large_image\" \/>\n<script type=\"application\/ld+json\" class=\"yoast-schema-graph\">{\"@context\":\"https:\/\/schema.org\",\"@graph\":[{\"@type\":\"WebPage\",\"@id\":\"https:\/\/bertolinidirect.com\/de\/press\/high-density-stacker\",\"url\":\"https:\/\/bertolinidirect.com\/de\/press\/high-density-stacker\",\"name\":\"Bertolini Introduces The High Density Stacker | Bertolini Direct\",\"isPartOf\":{\"@id\":\"https:\/\/bertolinidirect.com\/de\/#website\"},\"datePublished\":\"2014-06-20T21:20:00+00:00\",\"dateModified\":\"2024-05-14T17:12:02+00:00\",\"description\":\"Chino, CA\u2014June 20, 2014 Bertolini is please to introduce a new addition to their multi-purpose seating collection, The High Density Stacker. \u201cAt Bertolini\",\"breadcrumb\":{\"@id\":\"https:\/\/bertolinidirect.com\/de\/press\/high-density-stacker#breadcrumb\"},\"inLanguage\":\"de\",\"potentialAction\":[{\"@type\":\"ReadAction\",\"target\":[\"https:\/\/bertolinidirect.com\/de\/press\/high-density-stacker\"]}]},{\"@type\":\"BreadcrumbList\",\"@id\":\"https:\/\/bertolinidirect.com\/de\/press\/high-density-stacker#breadcrumb\",\"itemListElement\":[{\"@type\":\"ListItem\",\"position\":1,\"name\":\"Home\",\"item\":\"https:\/\/bertolinidirect.com\/\"},{\"@type\":\"ListItem\",\"position\":2,\"name\":\"Press &amp; News\",\"item\":\"https:\/\/bertolinidirect.com\/press\"},{\"@type\":\"ListItem\",\"position\":3,\"name\":\"Bertolini Introduces The High Density Stacker\"}]},{\"@type\":\"WebSite\",\"@id\":\"https:\/\/bertolinidirect.com\/de\/#website\",\"url\":\"https:\/\/bertolinidirect.com\/de\/\",\"name\":\"Bertolini\",\"description\":\"\",\"potentialAction\":[{\"@type\":\"SearchAction\",\"target\":{\"@type\":\"EntryPoint\",\"urlTemplate\":\"https:\/\/bertolinidirect.com\/de\/?s={search_term_string}\"},\"query-input\":{\"@type\":\"PropertyValueSpecification\",\"valueRequired\":true,\"valueName\":\"search_term_string\"}}],\"inLanguage\":\"de\"}]}<\/script>\n<!-- \/ Yoast SEO Premium plugin. -->","yoast_head_json":{"title":"Bertolini stellt den High Density Stacker vor | Bertolini Direct","description":"Chino, CA\u201420. Juni 2014 Bertolini freut sich, eine neue Erg\u00e4nzung seiner Mehrzweck-Sitzm\u00f6belkollektion vorstellen zu d\u00fcrfen: den High Density Stacker. \u201eBei Bertolini","robots":{"index":"index","follow":"follow","max-snippet":"max-snippet:-1","max-image-preview":"max-image-preview:large","max-video-preview":"max-video-preview:-1"},"canonical":"https:\/\/bertolinidirect.com\/de\/press\/high-density-stacker\/","og_locale":"de_DE","og_type":"article","og_title":"Bertolini Introduces The High Density Stacker","og_description":"Chino, CA\u2014June 20, 2014 Bertolini is please to introduce a new addition to their multi-purpose seating collection, The High Density Stacker. \u201cAt Bertolini","og_url":"https:\/\/bertolinidirect.com\/de\/press\/high-density-stacker\/","og_site_name":"Bertolini Direct","article_modified_time":"2024-05-14T17:12:02+00:00","twitter_card":"summary_large_image","schema":{"@context":"https:\/\/schema.org","@graph":[{"@type":"WebPage","@id":"https:\/\/bertolinidirect.com\/de\/press\/high-density-stacker","url":"https:\/\/bertolinidirect.com\/de\/press\/high-density-stacker","name":"Bertolini stellt den High Density Stacker vor | Bertolini Direct","isPartOf":{"@id":"https:\/\/bertolinidirect.com\/de\/#website"},"datePublished":"2014-06-20T21:20:00+00:00","dateModified":"2024-05-14T17:12:02+00:00","description":"Chino, CA\u201420. Juni 2014 Bertolini freut sich, eine neue Erg\u00e4nzung seiner Mehrzweck-Sitzm\u00f6belkollektion vorstellen zu d\u00fcrfen: den High Density Stacker. \u201eBei Bertolini","breadcrumb":{"@id":"https:\/\/bertolinidirect.com\/de\/press\/high-density-stacker#breadcrumb"},"inLanguage":"de","potentialAction":[{"@type":"ReadAction","target":["https:\/\/bertolinidirect.com\/de\/press\/high-density-stacker"]}]},{"@type":"BreadcrumbList","@id":"https:\/\/bertolinidirect.com\/de\/press\/high-density-stacker#breadcrumb","itemListElement":[{"@type":"ListItem","position":1,"name":"Home","item":"https:\/\/bertolinidirect.com\/"},{"@type":"ListItem","position":2,"name":"Press &amp; News","item":"https:\/\/bertolinidirect.com\/press"},{"@type":"ListItem","position":3,"name":"Bertolini Introduces The High Density Stacker"}]},{"@type":"WebSite","@id":"https:\/\/bertolinidirect.com\/de\/#website","url":"https:\/\/bertolinidirect.com\/de\/","name":"Bertolini","description":"","potentialAction":[{"@type":"SearchAction","target":{"@type":"EntryPoint","urlTemplate":"https:\/\/bertolinidirect.com\/de\/?s={search_term_string}"},"query-input":{"@type":"PropertyValueSpecification","valueRequired":true,"valueName":"search_term_string"}}],"inLanguage":"de"}]}},"_links":{"self":[{"href":"https:\/\/bertolinidirect.com\/de\/wp-json\/wp\/v2\/pages\/870","targetHints":{"allow":["GET"]}}],"collection":[{"href":"https:\/\/bertolinidirect.com\/de\/wp-json\/wp\/v2\/pages"}],"about":[{"href":"https:\/\/bertolinidirect.com\/de\/wp-json\/wp\/v2\/types\/page"}],"author":[{"embeddable":true,"href":"https:\/\/bertolinidirect.com\/de\/wp-json\/wp\/v2\/users\/1"}],"replies":[{"embeddable":true,"href":"https:\/\/bertolinidirect.com\/de\/wp-json\/wp\/v2\/comments?post=870"}],"version-history":[{"count":1,"href":"https:\/\/bertolinidirect.com\/de\/wp-json\/wp\/v2\/pages\/870\/revisions"}],"predecessor-version":[{"id":872,"href":"https:\/\/bertolinidirect.com\/de\/wp-json\/wp\/v2\/pages\/870\/revisions\/872"}],"up":[{"embeddable":true,"href":"https:\/\/bertolinidirect.com\/de\/wp-json\/wp\/v2\/pages\/762"}],"wp:attachment":[{"href":"https:\/\/bertolinidirect.com\/de\/wp-json\/wp\/v2\/media?parent=870"}],"curies":[{"name":"wp","href":"https:\/\/api.w.org\/{rel}","templated":true}]}}