{"id":867,"date":"2014-06-12T21:19:00","date_gmt":"2014-06-12T21:19:00","guid":{"rendered":"https:\/\/bertolinidirect.com\/?page_id=867"},"modified":"2025-11-21T23:19:10","modified_gmt":"2025-11-21T23:19:10","slug":"card-pencil-holder","status":"publish","type":"page","link":"https:\/\/bertolinidirect.com\/de\/press\/card-pencil-holder","title":{"rendered":"Bertolini bringt einen zum Patent angemeldeten Kartenstifthalter auf den Markt"},"content":{"rendered":"<p><strong>Chino, Kalifornien \u2013 12. Juni 2014<\/strong><\/p>\n\n\n\n<p>Bertolini ist stolz darauf, seine neuesten Innovationen im Bereich Kirchenstuhlzubeh\u00f6r vorzustellen: den zum Patent angemeldeten Kartenstifthalter mit integriertem Visitenkartenspender und einziehbarem Kommunionbecherhalter. Kartenstifthalter gibt es zwar schon seit einiger Zeit, aber Bertolini hat einen neuen Ansatz gew\u00e4hlt und ein Kirchenstuhlzubeh\u00f6r geschaffen, das wirklich innovativ und \u00e4u\u00dferst funktional ist.<\/p>\n\n\n\n<p>Der Kommunionbecherhalter l\u00e4sst sich nach unten klappen, um Kommunionbecher zu halten, und nach oben klappen, um ein schlankes Profil beizubehalten, das die Stapelbarkeit des Kirchenstuhls nicht beeintr\u00e4chtigt. Gegen\u00fcber dem Kommunionbecherhalter befinden sich zwei Bleistiftf\u00e4cher f\u00fcr Standard-, Golf- und gr\u00f6\u00dfere Bleistifte oder Kugelschreiber. Das Hauptfach bietet reichlich Platz und fasst gro\u00dfe Brosch\u00fcren im Format 8,5 x 11 Zoll, kleinere Brosch\u00fcren und sogar Umschl\u00e4ge. F\u00fcr Kirchen, die Einladungen in Visitenkartengr\u00f6\u00dfe verwenden, gibt es ein spezielles Fach, um diese Einladungen ordentlich und zug\u00e4nglich aufzubewahren. \u201eBertolini hat mit seinem in den USA entworfenen und hergestellten Produkt einen weiteren erfolgreichen Kirchenstuhl entwickelt\u201c, sagt Chuck Horn, Pr\u00e4sident von Bertolini Incorporated.<\/p>\n\n\n\n<p>Der Add-On Card Pencil-Kommunionbecherhalter ist jetzt erh\u00e4ltlich. Bertolini stellt dem Kunden eine Produktbeschreibung, Spezifikationen, Lieferzeit und Garantieinformationen zur Verf\u00fcgung. Au\u00dferdem ist ein Anleitungsvideo verf\u00fcgbar, das dem Kunden Schritt f\u00fcr Schritt erkl\u00e4rt, wie er den Kartenstifthalter an der R\u00fcckseite seines Kirchenstuhls anbringt. Dieses Produkt hat eine Patentanmeldungsnummer und sollte wie folgt aussehen: Patent angemeldet US61\/904,933.<\/p>\n\n\n\n<p>Bertolini ist ein f\u00fchrendes Designunternehmen im Bereich ergonomisch korrekter Stuhldesigns und seiner Flex Fit-Sitzdesigntechnologie f\u00fcr Kirchen. Ihre St\u00fchle sind leicht und stabil. Ihr Fachwissen in der Herstellung hochwertiger stapelbarer Sitzm\u00f6bel und ihr Engagement f\u00fcr erstklassigen Kundenservice finden bei Gemeinden weltweit Anerkennung.<\/p>","protected":false},"excerpt":{"rendered":"<p>Chino, CA\u2014June 12, 2014 Bertolini is proud to introduce its latest innovative in church chair accessories, the patent pending card pencil holder with integrated business card dispenser and retractable communion cup holder. While card pencil holders have been around for a while, Bertolini has taken a fresh approach and created a church chair accessory that [&hellip;]<\/p>\n","protected":false},"author":1,"featured_media":0,"parent":762,"menu_order":0,"comment_status":"closed","ping_status":"closed","template":"content-page.php","meta":{"_acf_changed":false,"footnotes":""},"class_list":["post-867","page","type-page","status-publish","hentry"],"acf":[],"yoast_head":"<!-- This site is optimized with the Yoast SEO Premium plugin v24.2 (Yoast SEO v27.4) - https:\/\/yoast.com\/product\/yoast-seo-premium-wordpress\/ -->\n<title>Bertolini Releases a Patent Pending Card Pencil Holder<\/title>\n<meta name=\"description\" content=\"Chino, CA\u2014June 12, 2014 Bertolini is proud to introduce its latest innovative in church chair accessories, the patent pending card pencil holder with\" \/>\n<meta name=\"robots\" content=\"index, follow, max-snippet:-1, max-image-preview:large, max-video-preview:-1\" \/>\n<link rel=\"canonical\" href=\"https:\/\/bertolinidirect.com\/de\/press\/card-pencil-holder\/\" \/>\n<meta property=\"og:locale\" content=\"de_DE\" \/>\n<meta property=\"og:type\" content=\"article\" \/>\n<meta property=\"og:title\" content=\"Bertolini Releases a Patent Pending Card Pencil Holder\" \/>\n<meta property=\"og:description\" content=\"Chino, CA\u2014June 12, 2014 Bertolini is proud to introduce its latest innovative in church chair accessories, the patent pending card pencil holder with\" \/>\n<meta property=\"og:url\" content=\"https:\/\/bertolinidirect.com\/de\/press\/card-pencil-holder\/\" \/>\n<meta property=\"og:site_name\" content=\"Bertolini Direct\" \/>\n<meta property=\"article:modified_time\" content=\"2025-11-21T23:19:10+00:00\" \/>\n<meta name=\"twitter:card\" content=\"summary_large_image\" \/>\n<script type=\"application\/ld+json\" class=\"yoast-schema-graph\">{\"@context\":\"https:\\\/\\\/schema.org\",\"@graph\":[{\"@type\":\"WebPage\",\"@id\":\"https:\\\/\\\/bertolinidirect.com\\\/de\\\/press\\\/card-pencil-holder\",\"url\":\"https:\\\/\\\/bertolinidirect.com\\\/de\\\/press\\\/card-pencil-holder\",\"name\":\"Bertolini Releases a Patent Pending Card Pencil Holder\",\"isPartOf\":{\"@id\":\"https:\\\/\\\/bertolinidirect.com\\\/de\\\/#website\"},\"datePublished\":\"2014-06-12T21:19:00+00:00\",\"dateModified\":\"2025-11-21T23:19:10+00:00\",\"description\":\"Chino, CA\u2014June 12, 2014 Bertolini is proud to introduce its latest innovative in church chair accessories, the patent pending card pencil holder with\",\"breadcrumb\":{\"@id\":\"https:\\\/\\\/bertolinidirect.com\\\/de\\\/press\\\/card-pencil-holder#breadcrumb\"},\"inLanguage\":\"de\",\"potentialAction\":[{\"@type\":\"ReadAction\",\"target\":[\"https:\\\/\\\/bertolinidirect.com\\\/de\\\/press\\\/card-pencil-holder\"]}]},{\"@type\":\"BreadcrumbList\",\"@id\":\"https:\\\/\\\/bertolinidirect.com\\\/de\\\/press\\\/card-pencil-holder#breadcrumb\",\"itemListElement\":[{\"@type\":\"ListItem\",\"position\":1,\"name\":\"Home\",\"item\":\"https:\\\/\\\/bertolinidirect.com\\\/\"},{\"@type\":\"ListItem\",\"position\":2,\"name\":\"Press &amp; News\",\"item\":\"https:\\\/\\\/bertolinidirect.com\\\/press\"},{\"@type\":\"ListItem\",\"position\":3,\"name\":\"Bertolini Releases a Patent Pending Card Pencil Holder\"}]},{\"@type\":\"WebSite\",\"@id\":\"https:\\\/\\\/bertolinidirect.com\\\/de\\\/#website\",\"url\":\"https:\\\/\\\/bertolinidirect.com\\\/de\\\/\",\"name\":\"Bertolini\",\"description\":\"\",\"potentialAction\":[{\"@type\":\"SearchAction\",\"target\":{\"@type\":\"EntryPoint\",\"urlTemplate\":\"https:\\\/\\\/bertolinidirect.com\\\/de\\\/?s={search_term_string}\"},\"query-input\":{\"@type\":\"PropertyValueSpecification\",\"valueRequired\":true,\"valueName\":\"search_term_string\"}}],\"inLanguage\":\"de\"}]}<\/script>\n<!-- \/ Yoast SEO Premium plugin. -->","yoast_head_json":{"title":"Bertolini bringt einen zum Patent angemeldeten Kartenstifthalter auf den Markt","description":"Chino, CA\u201412. Juni 2014 Bertolini ist stolz, seine neueste Innovation im Bereich Kirchenstuhlzubeh\u00f6r vorzustellen, den zum Patent angemeldeten Kartenstifthalter mit","robots":{"index":"index","follow":"follow","max-snippet":"max-snippet:-1","max-image-preview":"max-image-preview:large","max-video-preview":"max-video-preview:-1"},"canonical":"https:\/\/bertolinidirect.com\/de\/press\/card-pencil-holder\/","og_locale":"de_DE","og_type":"article","og_title":"Bertolini Releases a Patent Pending Card Pencil Holder","og_description":"Chino, CA\u2014June 12, 2014 Bertolini is proud to introduce its latest innovative in church chair accessories, the patent pending card pencil holder with","og_url":"https:\/\/bertolinidirect.com\/de\/press\/card-pencil-holder\/","og_site_name":"Bertolini Direct","article_modified_time":"2025-11-21T23:19:10+00:00","twitter_card":"summary_large_image","schema":{"@context":"https:\/\/schema.org","@graph":[{"@type":"WebPage","@id":"https:\/\/bertolinidirect.com\/de\/press\/card-pencil-holder","url":"https:\/\/bertolinidirect.com\/de\/press\/card-pencil-holder","name":"Bertolini bringt einen zum Patent angemeldeten Kartenstifthalter auf den Markt","isPartOf":{"@id":"https:\/\/bertolinidirect.com\/de\/#website"},"datePublished":"2014-06-12T21:19:00+00:00","dateModified":"2025-11-21T23:19:10+00:00","description":"Chino, CA\u201412. Juni 2014 Bertolini ist stolz, seine neueste Innovation im Bereich Kirchenstuhlzubeh\u00f6r vorzustellen, den zum Patent angemeldeten Kartenstifthalter mit","breadcrumb":{"@id":"https:\/\/bertolinidirect.com\/de\/press\/card-pencil-holder#breadcrumb"},"inLanguage":"de","potentialAction":[{"@type":"ReadAction","target":["https:\/\/bertolinidirect.com\/de\/press\/card-pencil-holder"]}]},{"@type":"BreadcrumbList","@id":"https:\/\/bertolinidirect.com\/de\/press\/card-pencil-holder#breadcrumb","itemListElement":[{"@type":"ListItem","position":1,"name":"Home","item":"https:\/\/bertolinidirect.com\/"},{"@type":"ListItem","position":2,"name":"Press &amp; News","item":"https:\/\/bertolinidirect.com\/press"},{"@type":"ListItem","position":3,"name":"Bertolini Releases a Patent Pending Card Pencil Holder"}]},{"@type":"WebSite","@id":"https:\/\/bertolinidirect.com\/de\/#website","url":"https:\/\/bertolinidirect.com\/de\/","name":"Bertolini","description":"","potentialAction":[{"@type":"SearchAction","target":{"@type":"EntryPoint","urlTemplate":"https:\/\/bertolinidirect.com\/de\/?s={search_term_string}"},"query-input":{"@type":"PropertyValueSpecification","valueRequired":true,"valueName":"search_term_string"}}],"inLanguage":"de"}]}},"_links":{"self":[{"href":"https:\/\/bertolinidirect.com\/de\/wp-json\/wp\/v2\/pages\/867","targetHints":{"allow":["GET"]}}],"collection":[{"href":"https:\/\/bertolinidirect.com\/de\/wp-json\/wp\/v2\/pages"}],"about":[{"href":"https:\/\/bertolinidirect.com\/de\/wp-json\/wp\/v2\/types\/page"}],"author":[{"embeddable":true,"href":"https:\/\/bertolinidirect.com\/de\/wp-json\/wp\/v2\/users\/1"}],"replies":[{"embeddable":true,"href":"https:\/\/bertolinidirect.com\/de\/wp-json\/wp\/v2\/comments?post=867"}],"version-history":[{"count":1,"href":"https:\/\/bertolinidirect.com\/de\/wp-json\/wp\/v2\/pages\/867\/revisions"}],"predecessor-version":[{"id":868,"href":"https:\/\/bertolinidirect.com\/de\/wp-json\/wp\/v2\/pages\/867\/revisions\/868"}],"up":[{"embeddable":true,"href":"https:\/\/bertolinidirect.com\/de\/wp-json\/wp\/v2\/pages\/762"}],"wp:attachment":[{"href":"https:\/\/bertolinidirect.com\/de\/wp-json\/wp\/v2\/media?parent=867"}],"curies":[{"name":"wp","href":"https:\/\/api.w.org\/{rel}","templated":true}]}}